{"id":208636,"date":"2020-11-26T20:16:15","date_gmt":"2020-11-26T20:16:15","guid":{"rendered":"http:\/\/didacta.com.uy\/sitio\/?post_type=product&#038;p=208636"},"modified":"2024-02-19T18:19:16","modified_gmt":"2024-02-19T18:19:16","slug":"puzzle-piso-granjero-la-granja","status":"publish","type":"product","link":"https:\/\/didacta.com.uy\/sitio\/producto\/puzzle-piso-granjero-la-granja\/","title":{"rendered":"PUZZLE PISO GRANJERO LA GRANJA"},"content":{"rendered":"<p><span style=\"color: #808080;\">\u00bfTe has dado cuenta alguna vez todo lo que hay en una granja?<br \/>\nCon este incre\u00edble puzzle podr\u00e1s acercar a ni\u00f1as y ni\u00f1os al mundo de los animales, as\u00ed como a\u00a0 los distintos trabajos que se realizan en una granja.<\/span><span style=\"color: #808080;\"><br \/>\n<\/span><span style=\"color: #808080;\">El Puzzle Granjero de 35 maxipiezas, est\u00e1 realizado en cart\u00f3n resistente y atractivos colores, con ilustraciones super amigables y divertidas! Ideal para armar en familia.<\/span><\/p>\n<p><strong><span style=\"color: #ff0000;\">C\u00f3digo:<\/span><\/strong>\u00a0100\/08<br \/>\n<strong><span style=\"color: #ff0000;\">C\u00f3digo de barras:\u00a0<\/span><\/strong>7730549005305<br \/>\n<strong><span style=\"color: #ff0000;\">Edad:<\/span><\/strong>\u00a03 a\u00f1os en adelante<br \/>\n<strong><span style=\"color: #ff0000;\">Cantidad de jugadores:<\/span><\/strong> 1 o m\u00e1s jugadores<br \/>\n<strong><span style=\"color: #ff0000;\">Contenido:<\/span><\/strong> puzzle de 35 maxipiezas &#8211; 60 x 44 cm<br \/>\n<strong><span style=\"color: #ff0000;\">Medidas:<\/span><\/strong>\u00a026 x 20 x 8 cm<br \/>\n<strong><span style=\"color: #ff0000;\">Instrucciones:<\/span> <\/strong><a href=\"#\">Descargar<\/a><\/p>\n","protected":false},"excerpt":{"rendered":"<p><span style=\"color: #808080;\">\u00bfTe has dado cuenta alguna vez todo lo que hay en una granja?<br \/>\nCon este incre\u00edble puzzle podr\u00e1s acercar a ni\u00f1as y ni\u00f1os al mundo de los animales, as\u00ed como a\u00a0 los distintos trabajos que se realizan en una granja.<\/span><span style=\"color: #808080;\"><br \/>\n<\/span><span style=\"color: #808080;\">El Puzzle Granjero de 35 maxipiezas, est\u00e1 realizado en cart\u00f3n resistente y atractivos colores, con ilustraciones super amigables y divertidas! Ideal para armar en familia.<\/span><\/p>\n<p><strong><span style=\"color: #ff0000;\">C\u00f3digo:<\/span><\/strong>\u00a0100\/08<br \/>\n<strong><span style=\"color: #ff0000;\">C\u00f3digo de barras:\u00a0<\/span><\/strong>7730549005305<br \/>\n<strong><span style=\"color: #ff0000;\">Edad:<\/span><\/strong>\u00a03 a\u00f1os en adelante<br \/>\n<strong><span style=\"color: #ff0000;\">Cantidad de jugadores:<\/span><\/strong> 1 o m\u00e1s jugadores<br \/>\n<strong><span style=\"color: #ff0000;\">Contenido:<\/span><\/strong> puzzle de 35 maxipiezas &#8211; 60 x 44 cm<br \/>\n<strong><span style=\"color: #ff0000;\">Medidas:<\/span><\/strong>\u00a026 x 20 x 8 cm<br \/>\n<strong><span style=\"color: #ff0000;\">Instrucciones:<\/span> <\/strong><a href=\"#\">Descargar<\/a><\/p>\n","protected":false},"featured_media":208686,"comment_status":"closed","ping_status":"closed","template":"","meta":{"_et_pb_use_builder":"","_et_pb_old_content":"","_et_gb_content_width":"","_uf_show_specific_survey":0,"_uf_disable_surveys":false},"product_brand":[],"product_cat":[71,126],"product_tag":[],"class_list":{"0":"post-208636","1":"product","2":"type-product","3":"status-publish","4":"has-post-thumbnail","6":"product_cat-3-a-5-anos","7":"product_cat-granja","9":"first","10":"instock","11":"taxable","12":"shipping-taxable","13":"purchasable","14":"product-type-simple"},"aioseo_notices":[],"yoast_head":"<!-- This site is optimized with the Yoast SEO plugin v24.8.1 - https:\/\/yoast.com\/wordpress\/plugins\/seo\/ -->\n<title>PUZZLE PISO GRANJERO LA GRANJA - Didacta<\/title>\n<meta name=\"robots\" content=\"index, follow, max-snippet:-1, max-image-preview:large, max-video-preview:-1\" \/>\n<link rel=\"canonical\" href=\"https:\/\/didacta.com.uy\/sitio\/producto\/puzzle-piso-granjero-la-granja\/\" \/>\n<meta property=\"og:locale\" content=\"es_ES\" \/>\n<meta property=\"og:type\" content=\"article\" \/>\n<meta property=\"og:title\" content=\"PUZZLE PISO GRANJERO LA GRANJA - Didacta\" \/>\n<meta property=\"og:description\" content=\"\u00bfTe has dado cuenta alguna vez todo lo que hay en una granja? Con este incre\u00edble puzzle podr\u00e1s acercar a ni\u00f1as y ni\u00f1os al mundo de los animales, as\u00ed como a\u00a0 los distintos trabajos que se realizan en una granja. El Puzzle Granjero de 35 maxipiezas, est\u00e1 realizado en cart\u00f3n resistente y atractivos colores, con ilustraciones super amigables y divertidas! Ideal para armar en familia.  C\u00f3digo:\u00a0100\/08 C\u00f3digo de barras:\u00a07730549005305 Edad:\u00a03 a\u00f1os en adelante Cantidad de jugadores: 1 o m\u00e1s jugadores Contenido: puzzle de 35 maxipiezas - 60 x 44 cm Medidas:\u00a026 x 20 x 8 cm Instrucciones: Descargar\" \/>\n<meta property=\"og:url\" content=\"https:\/\/didacta.com.uy\/sitio\/producto\/puzzle-piso-granjero-la-granja\/\" \/>\n<meta property=\"og:site_name\" content=\"Didacta\" \/>\n<meta property=\"article:modified_time\" content=\"2024-02-19T18:19:16+00:00\" \/>\n<meta property=\"og:image\" content=\"https:\/\/didacta.com.uy\/sitio\/wp-content\/uploads\/2020\/11\/puzzlepiso_lagranja_800x600.jpg\" \/>\n\t<meta property=\"og:image:width\" content=\"800\" \/>\n\t<meta property=\"og:image:height\" content=\"600\" \/>\n\t<meta property=\"og:image:type\" content=\"image\/jpeg\" \/>\n<meta name=\"twitter:card\" content=\"summary_large_image\" \/>\n<meta name=\"twitter:label1\" content=\"Tiempo de lectura\" \/>\n\t<meta name=\"twitter:data1\" content=\"1 minuto\" \/>\n<script type=\"application\/ld+json\" class=\"yoast-schema-graph\">{\"@context\":\"https:\/\/schema.org\",\"@graph\":[{\"@type\":\"WebPage\",\"@id\":\"https:\/\/didacta.com.uy\/sitio\/producto\/puzzle-piso-granjero-la-granja\/\",\"url\":\"https:\/\/didacta.com.uy\/sitio\/producto\/puzzle-piso-granjero-la-granja\/\",\"name\":\"PUZZLE PISO GRANJERO LA GRANJA - Didacta\",\"isPartOf\":{\"@id\":\"https:\/\/didacta.com.uy\/sitio\/#website\"},\"primaryImageOfPage\":{\"@id\":\"https:\/\/didacta.com.uy\/sitio\/producto\/puzzle-piso-granjero-la-granja\/#primaryimage\"},\"image\":{\"@id\":\"https:\/\/didacta.com.uy\/sitio\/producto\/puzzle-piso-granjero-la-granja\/#primaryimage\"},\"thumbnailUrl\":\"https:\/\/didacta.com.uy\/sitio\/wp-content\/uploads\/2020\/11\/puzzlepiso_lagranja_800x600.jpg\",\"datePublished\":\"2020-11-26T20:16:15+00:00\",\"dateModified\":\"2024-02-19T18:19:16+00:00\",\"breadcrumb\":{\"@id\":\"https:\/\/didacta.com.uy\/sitio\/producto\/puzzle-piso-granjero-la-granja\/#breadcrumb\"},\"inLanguage\":\"es\",\"potentialAction\":[{\"@type\":\"ReadAction\",\"target\":[\"https:\/\/didacta.com.uy\/sitio\/producto\/puzzle-piso-granjero-la-granja\/\"]}]},{\"@type\":\"ImageObject\",\"inLanguage\":\"es\",\"@id\":\"https:\/\/didacta.com.uy\/sitio\/producto\/puzzle-piso-granjero-la-granja\/#primaryimage\",\"url\":\"https:\/\/didacta.com.uy\/sitio\/wp-content\/uploads\/2020\/11\/puzzlepiso_lagranja_800x600.jpg\",\"contentUrl\":\"https:\/\/didacta.com.uy\/sitio\/wp-content\/uploads\/2020\/11\/puzzlepiso_lagranja_800x600.jpg\",\"width\":800,\"height\":600},{\"@type\":\"BreadcrumbList\",\"@id\":\"https:\/\/didacta.com.uy\/sitio\/producto\/puzzle-piso-granjero-la-granja\/#breadcrumb\",\"itemListElement\":[{\"@type\":\"ListItem\",\"position\":1,\"name\":\"Portada\",\"item\":\"https:\/\/didacta.com.uy\/sitio\/\"},{\"@type\":\"ListItem\",\"position\":2,\"name\":\"Inicio\",\"item\":\"https:\/\/didacta.com.uy\/sitio\/\"},{\"@type\":\"ListItem\",\"position\":3,\"name\":\"PUZZLE PISO GRANJERO LA GRANJA\"}]},{\"@type\":\"WebSite\",\"@id\":\"https:\/\/didacta.com.uy\/sitio\/#website\",\"url\":\"https:\/\/didacta.com.uy\/sitio\/\",\"name\":\"Didacta\",\"description\":\"Con m\u00e1s de 20 a\u00f1os de experiencia, DIDACTA es la marca l\u00edder en el mercado uruguayo de juegos de mesa.\",\"potentialAction\":[{\"@type\":\"SearchAction\",\"target\":{\"@type\":\"EntryPoint\",\"urlTemplate\":\"https:\/\/didacta.com.uy\/sitio\/?s={search_term_string}\"},\"query-input\":{\"@type\":\"PropertyValueSpecification\",\"valueRequired\":true,\"valueName\":\"search_term_string\"}}],\"inLanguage\":\"es\"}]}<\/script>\n<!-- \/ Yoast SEO plugin. -->","yoast_head_json":{"title":"PUZZLE PISO GRANJERO LA GRANJA - Didacta","robots":{"index":"index","follow":"follow","max-snippet":"max-snippet:-1","max-image-preview":"max-image-preview:large","max-video-preview":"max-video-preview:-1"},"canonical":"https:\/\/didacta.com.uy\/sitio\/producto\/puzzle-piso-granjero-la-granja\/","og_locale":"es_ES","og_type":"article","og_title":"PUZZLE PISO GRANJERO LA GRANJA - Didacta","og_description":"\u00bfTe has dado cuenta alguna vez todo lo que hay en una granja? Con este incre\u00edble puzzle podr\u00e1s acercar a ni\u00f1as y ni\u00f1os al mundo de los animales, as\u00ed como a\u00a0 los distintos trabajos que se realizan en una granja. El Puzzle Granjero de 35 maxipiezas, est\u00e1 realizado en cart\u00f3n resistente y atractivos colores, con ilustraciones super amigables y divertidas! Ideal para armar en familia.  C\u00f3digo:\u00a0100\/08 C\u00f3digo de barras:\u00a07730549005305 Edad:\u00a03 a\u00f1os en adelante Cantidad de jugadores: 1 o m\u00e1s jugadores Contenido: puzzle de 35 maxipiezas - 60 x 44 cm Medidas:\u00a026 x 20 x 8 cm Instrucciones: Descargar","og_url":"https:\/\/didacta.com.uy\/sitio\/producto\/puzzle-piso-granjero-la-granja\/","og_site_name":"Didacta","article_modified_time":"2024-02-19T18:19:16+00:00","og_image":[{"width":800,"height":600,"url":"https:\/\/didacta.com.uy\/sitio\/wp-content\/uploads\/2020\/11\/puzzlepiso_lagranja_800x600.jpg","type":"image\/jpeg"}],"twitter_card":"summary_large_image","twitter_misc":{"Tiempo de lectura":"1 minuto"},"schema":{"@context":"https:\/\/schema.org","@graph":[{"@type":"WebPage","@id":"https:\/\/didacta.com.uy\/sitio\/producto\/puzzle-piso-granjero-la-granja\/","url":"https:\/\/didacta.com.uy\/sitio\/producto\/puzzle-piso-granjero-la-granja\/","name":"PUZZLE PISO GRANJERO LA GRANJA - Didacta","isPartOf":{"@id":"https:\/\/didacta.com.uy\/sitio\/#website"},"primaryImageOfPage":{"@id":"https:\/\/didacta.com.uy\/sitio\/producto\/puzzle-piso-granjero-la-granja\/#primaryimage"},"image":{"@id":"https:\/\/didacta.com.uy\/sitio\/producto\/puzzle-piso-granjero-la-granja\/#primaryimage"},"thumbnailUrl":"https:\/\/didacta.com.uy\/sitio\/wp-content\/uploads\/2020\/11\/puzzlepiso_lagranja_800x600.jpg","datePublished":"2020-11-26T20:16:15+00:00","dateModified":"2024-02-19T18:19:16+00:00","breadcrumb":{"@id":"https:\/\/didacta.com.uy\/sitio\/producto\/puzzle-piso-granjero-la-granja\/#breadcrumb"},"inLanguage":"es","potentialAction":[{"@type":"ReadAction","target":["https:\/\/didacta.com.uy\/sitio\/producto\/puzzle-piso-granjero-la-granja\/"]}]},{"@type":"ImageObject","inLanguage":"es","@id":"https:\/\/didacta.com.uy\/sitio\/producto\/puzzle-piso-granjero-la-granja\/#primaryimage","url":"https:\/\/didacta.com.uy\/sitio\/wp-content\/uploads\/2020\/11\/puzzlepiso_lagranja_800x600.jpg","contentUrl":"https:\/\/didacta.com.uy\/sitio\/wp-content\/uploads\/2020\/11\/puzzlepiso_lagranja_800x600.jpg","width":800,"height":600},{"@type":"BreadcrumbList","@id":"https:\/\/didacta.com.uy\/sitio\/producto\/puzzle-piso-granjero-la-granja\/#breadcrumb","itemListElement":[{"@type":"ListItem","position":1,"name":"Portada","item":"https:\/\/didacta.com.uy\/sitio\/"},{"@type":"ListItem","position":2,"name":"Inicio","item":"https:\/\/didacta.com.uy\/sitio\/"},{"@type":"ListItem","position":3,"name":"PUZZLE PISO GRANJERO LA GRANJA"}]},{"@type":"WebSite","@id":"https:\/\/didacta.com.uy\/sitio\/#website","url":"https:\/\/didacta.com.uy\/sitio\/","name":"Didacta","description":"Con m\u00e1s de 20 a\u00f1os de experiencia, DIDACTA es la marca l\u00edder en el mercado uruguayo de juegos de mesa.","potentialAction":[{"@type":"SearchAction","target":{"@type":"EntryPoint","urlTemplate":"https:\/\/didacta.com.uy\/sitio\/?s={search_term_string}"},"query-input":{"@type":"PropertyValueSpecification","valueRequired":true,"valueName":"search_term_string"}}],"inLanguage":"es"}]}},"_links":{"self":[{"href":"https:\/\/didacta.com.uy\/sitio\/wp-json\/wp\/v2\/product\/208636","targetHints":{"allow":["GET"]}}],"collection":[{"href":"https:\/\/didacta.com.uy\/sitio\/wp-json\/wp\/v2\/product"}],"about":[{"href":"https:\/\/didacta.com.uy\/sitio\/wp-json\/wp\/v2\/types\/product"}],"replies":[{"embeddable":true,"href":"https:\/\/didacta.com.uy\/sitio\/wp-json\/wp\/v2\/comments?post=208636"}],"wp:featuredmedia":[{"embeddable":true,"href":"https:\/\/didacta.com.uy\/sitio\/wp-json\/wp\/v2\/media\/208686"}],"wp:attachment":[{"href":"https:\/\/didacta.com.uy\/sitio\/wp-json\/wp\/v2\/media?parent=208636"}],"wp:term":[{"taxonomy":"product_brand","embeddable":true,"href":"https:\/\/didacta.com.uy\/sitio\/wp-json\/wp\/v2\/product_brand?post=208636"},{"taxonomy":"product_cat","embeddable":true,"href":"https:\/\/didacta.com.uy\/sitio\/wp-json\/wp\/v2\/product_cat?post=208636"},{"taxonomy":"product_tag","embeddable":true,"href":"https:\/\/didacta.com.uy\/sitio\/wp-json\/wp\/v2\/product_tag?post=208636"}],"curies":[{"name":"wp","href":"https:\/\/api.w.org\/{rel}","templated":true}]}}