{"id":208616,"date":"2020-11-25T18:29:17","date_gmt":"2020-11-25T18:29:17","guid":{"rendered":"http:\/\/didacta.com.uy\/sitio\/?post_type=product&#038;p=208616"},"modified":"2022-10-05T12:01:08","modified_gmt":"2022-10-05T12:01:08","slug":"barquitos","status":"publish","type":"product","link":"https:\/\/didacta.com.uy\/sitio\/producto\/barquitos\/","title":{"rendered":"BARQUITOS"},"content":{"rendered":"<p>\u00a1Con la l\u00ednea Topa Topa Splash disfrut\u00e1 de jugar en el agua al aire libre o en la ba\u00f1era! Divertite con estos 6 barquitos encastrables, para la playa o el ba\u00f1o.<\/p>\n<p><span style=\"color: #ff0000;\"><strong>C\u00f3digo:<\/strong><\/span> 610\/22<br \/>\n<strong><span style=\"color: #ff0000;\">C\u00f3digo de barras:<\/span><\/strong> 7730549005275<br \/>\n<strong><span style=\"color: #ff0000;\">Cantidad de jugadores:<\/span><\/strong> 1 o m\u00e1s jugadores<br \/>\n<strong><span style=\"color: #ff0000;\">Edad:<\/span><\/strong>\u00a04 meses en adelante<br \/>\n<strong><span style=\"color: #ff0000;\">Medidas:<\/span>\u00a0 12 x 17 x 12 cm<\/strong><br \/>\n<strong><span style=\"color: #ff0000;\">Instrucciones:<\/span> <\/strong><a href=\"#\">Descargar<\/a><\/p>\n","protected":false},"excerpt":{"rendered":"<p>\u00a1Con la l\u00ednea Topa Topa Splash disfrut\u00e1 de jugar en el agua al aire libre o en la ba\u00f1era! Divertite con estos 6 barquitos encastrables, para la playa o el ba\u00f1o.<\/p>\n<p><span style=\"color: #ff0000;\"><strong>C\u00f3digo:<\/strong><\/span> 610\/22<br \/>\n<strong><span style=\"color: #ff0000;\">C\u00f3digo de barras:<\/span><\/strong> 7730549005275<br \/>\n<strong><span style=\"color: #ff0000;\">Cantidad de jugadores:<\/span><\/strong> 1 o m\u00e1s jugadores<br \/>\n<strong><span style=\"color: #ff0000;\">Edad:<\/span><\/strong>\u00a04 meses en adelante<br \/>\n<strong><span style=\"color: #ff0000;\">Medidas:<\/span>\u00a0 <\/strong>12 x 17 x 12 cm<strong><br \/>\n<\/strong><strong><span style=\"color: #ff0000;\">Instrucciones:<\/span> <\/strong><a href=\"#\">Descargar<\/a><\/p>\n","protected":false},"featured_media":208692,"comment_status":"closed","ping_status":"closed","template":"","meta":{"_et_pb_use_builder":"","_et_pb_old_content":"","_et_gb_content_width":"","_uf_show_specific_survey":0,"_uf_disable_surveys":false},"product_brand":[],"product_cat":[69,89],"product_tag":[],"class_list":{"0":"post-208616","1":"product","2":"type-product","3":"status-publish","4":"has-post-thumbnail","6":"product_cat-0-a-1-ano","7":"product_cat-topa-topa-splash","9":"first","10":"instock","11":"taxable","12":"shipping-taxable","13":"purchasable","14":"product-type-simple"},"aioseo_notices":[],"yoast_head":"<!-- This site is optimized with the Yoast SEO plugin v24.8.1 - https:\/\/yoast.com\/wordpress\/plugins\/seo\/ -->\n<title>BARQUITOS - Didacta<\/title>\n<meta name=\"robots\" content=\"index, follow, max-snippet:-1, max-image-preview:large, max-video-preview:-1\" \/>\n<link rel=\"canonical\" href=\"https:\/\/didacta.com.uy\/sitio\/producto\/barquitos\/\" \/>\n<meta property=\"og:locale\" content=\"es_ES\" \/>\n<meta property=\"og:type\" content=\"article\" \/>\n<meta property=\"og:title\" content=\"BARQUITOS - Didacta\" \/>\n<meta property=\"og:description\" content=\"\u00a1Con la l\u00ednea Topa Topa Splash disfrut\u00e1 de jugar en el agua al aire libre o en la ba\u00f1era! Divertite con estos 6 barquitos encastrables, para la playa o el ba\u00f1o.  C\u00f3digo: 610\/22 C\u00f3digo de barras: 7730549005275 Cantidad de jugadores: 1 o m\u00e1s jugadores Edad:\u00a04 meses en adelante Medidas:\u00a0 12 x 17 x 12 cm Instrucciones: Descargar\" \/>\n<meta property=\"og:url\" content=\"https:\/\/didacta.com.uy\/sitio\/producto\/barquitos\/\" \/>\n<meta property=\"og:site_name\" content=\"Didacta\" \/>\n<meta property=\"article:modified_time\" content=\"2022-10-05T12:01:08+00:00\" \/>\n<meta property=\"og:image\" content=\"https:\/\/didacta.com.uy\/sitio\/wp-content\/uploads\/2020\/11\/splash_topatopa_800x600.jpg\" \/>\n\t<meta property=\"og:image:width\" content=\"800\" \/>\n\t<meta property=\"og:image:height\" content=\"600\" \/>\n\t<meta property=\"og:image:type\" content=\"image\/jpeg\" \/>\n<meta name=\"twitter:card\" content=\"summary_large_image\" \/>\n<script type=\"application\/ld+json\" class=\"yoast-schema-graph\">{\"@context\":\"https:\/\/schema.org\",\"@graph\":[{\"@type\":\"WebPage\",\"@id\":\"https:\/\/didacta.com.uy\/sitio\/producto\/barquitos\/\",\"url\":\"https:\/\/didacta.com.uy\/sitio\/producto\/barquitos\/\",\"name\":\"BARQUITOS - Didacta\",\"isPartOf\":{\"@id\":\"https:\/\/didacta.com.uy\/sitio\/#website\"},\"primaryImageOfPage\":{\"@id\":\"https:\/\/didacta.com.uy\/sitio\/producto\/barquitos\/#primaryimage\"},\"image\":{\"@id\":\"https:\/\/didacta.com.uy\/sitio\/producto\/barquitos\/#primaryimage\"},\"thumbnailUrl\":\"https:\/\/didacta.com.uy\/sitio\/wp-content\/uploads\/2020\/11\/splash_topatopa_800x600.jpg\",\"datePublished\":\"2020-11-25T18:29:17+00:00\",\"dateModified\":\"2022-10-05T12:01:08+00:00\",\"breadcrumb\":{\"@id\":\"https:\/\/didacta.com.uy\/sitio\/producto\/barquitos\/#breadcrumb\"},\"inLanguage\":\"es\",\"potentialAction\":[{\"@type\":\"ReadAction\",\"target\":[\"https:\/\/didacta.com.uy\/sitio\/producto\/barquitos\/\"]}]},{\"@type\":\"ImageObject\",\"inLanguage\":\"es\",\"@id\":\"https:\/\/didacta.com.uy\/sitio\/producto\/barquitos\/#primaryimage\",\"url\":\"https:\/\/didacta.com.uy\/sitio\/wp-content\/uploads\/2020\/11\/splash_topatopa_800x600.jpg\",\"contentUrl\":\"https:\/\/didacta.com.uy\/sitio\/wp-content\/uploads\/2020\/11\/splash_topatopa_800x600.jpg\",\"width\":800,\"height\":600},{\"@type\":\"BreadcrumbList\",\"@id\":\"https:\/\/didacta.com.uy\/sitio\/producto\/barquitos\/#breadcrumb\",\"itemListElement\":[{\"@type\":\"ListItem\",\"position\":1,\"name\":\"Portada\",\"item\":\"https:\/\/didacta.com.uy\/sitio\/\"},{\"@type\":\"ListItem\",\"position\":2,\"name\":\"Inicio\",\"item\":\"https:\/\/didacta.com.uy\/sitio\/\"},{\"@type\":\"ListItem\",\"position\":3,\"name\":\"BARQUITOS\"}]},{\"@type\":\"WebSite\",\"@id\":\"https:\/\/didacta.com.uy\/sitio\/#website\",\"url\":\"https:\/\/didacta.com.uy\/sitio\/\",\"name\":\"Didacta\",\"description\":\"Con m\u00e1s de 20 a\u00f1os de experiencia, DIDACTA es la marca l\u00edder en el mercado uruguayo de juegos de mesa.\",\"potentialAction\":[{\"@type\":\"SearchAction\",\"target\":{\"@type\":\"EntryPoint\",\"urlTemplate\":\"https:\/\/didacta.com.uy\/sitio\/?s={search_term_string}\"},\"query-input\":{\"@type\":\"PropertyValueSpecification\",\"valueRequired\":true,\"valueName\":\"search_term_string\"}}],\"inLanguage\":\"es\"}]}<\/script>\n<!-- \/ Yoast SEO plugin. -->","yoast_head_json":{"title":"BARQUITOS - Didacta","robots":{"index":"index","follow":"follow","max-snippet":"max-snippet:-1","max-image-preview":"max-image-preview:large","max-video-preview":"max-video-preview:-1"},"canonical":"https:\/\/didacta.com.uy\/sitio\/producto\/barquitos\/","og_locale":"es_ES","og_type":"article","og_title":"BARQUITOS - Didacta","og_description":"\u00a1Con la l\u00ednea Topa Topa Splash disfrut\u00e1 de jugar en el agua al aire libre o en la ba\u00f1era! Divertite con estos 6 barquitos encastrables, para la playa o el ba\u00f1o.  C\u00f3digo: 610\/22 C\u00f3digo de barras: 7730549005275 Cantidad de jugadores: 1 o m\u00e1s jugadores Edad:\u00a04 meses en adelante Medidas:\u00a0 12 x 17 x 12 cm Instrucciones: Descargar","og_url":"https:\/\/didacta.com.uy\/sitio\/producto\/barquitos\/","og_site_name":"Didacta","article_modified_time":"2022-10-05T12:01:08+00:00","og_image":[{"width":800,"height":600,"url":"https:\/\/didacta.com.uy\/sitio\/wp-content\/uploads\/2020\/11\/splash_topatopa_800x600.jpg","type":"image\/jpeg"}],"twitter_card":"summary_large_image","schema":{"@context":"https:\/\/schema.org","@graph":[{"@type":"WebPage","@id":"https:\/\/didacta.com.uy\/sitio\/producto\/barquitos\/","url":"https:\/\/didacta.com.uy\/sitio\/producto\/barquitos\/","name":"BARQUITOS - Didacta","isPartOf":{"@id":"https:\/\/didacta.com.uy\/sitio\/#website"},"primaryImageOfPage":{"@id":"https:\/\/didacta.com.uy\/sitio\/producto\/barquitos\/#primaryimage"},"image":{"@id":"https:\/\/didacta.com.uy\/sitio\/producto\/barquitos\/#primaryimage"},"thumbnailUrl":"https:\/\/didacta.com.uy\/sitio\/wp-content\/uploads\/2020\/11\/splash_topatopa_800x600.jpg","datePublished":"2020-11-25T18:29:17+00:00","dateModified":"2022-10-05T12:01:08+00:00","breadcrumb":{"@id":"https:\/\/didacta.com.uy\/sitio\/producto\/barquitos\/#breadcrumb"},"inLanguage":"es","potentialAction":[{"@type":"ReadAction","target":["https:\/\/didacta.com.uy\/sitio\/producto\/barquitos\/"]}]},{"@type":"ImageObject","inLanguage":"es","@id":"https:\/\/didacta.com.uy\/sitio\/producto\/barquitos\/#primaryimage","url":"https:\/\/didacta.com.uy\/sitio\/wp-content\/uploads\/2020\/11\/splash_topatopa_800x600.jpg","contentUrl":"https:\/\/didacta.com.uy\/sitio\/wp-content\/uploads\/2020\/11\/splash_topatopa_800x600.jpg","width":800,"height":600},{"@type":"BreadcrumbList","@id":"https:\/\/didacta.com.uy\/sitio\/producto\/barquitos\/#breadcrumb","itemListElement":[{"@type":"ListItem","position":1,"name":"Portada","item":"https:\/\/didacta.com.uy\/sitio\/"},{"@type":"ListItem","position":2,"name":"Inicio","item":"https:\/\/didacta.com.uy\/sitio\/"},{"@type":"ListItem","position":3,"name":"BARQUITOS"}]},{"@type":"WebSite","@id":"https:\/\/didacta.com.uy\/sitio\/#website","url":"https:\/\/didacta.com.uy\/sitio\/","name":"Didacta","description":"Con m\u00e1s de 20 a\u00f1os de experiencia, DIDACTA es la marca l\u00edder en el mercado uruguayo de juegos de mesa.","potentialAction":[{"@type":"SearchAction","target":{"@type":"EntryPoint","urlTemplate":"https:\/\/didacta.com.uy\/sitio\/?s={search_term_string}"},"query-input":{"@type":"PropertyValueSpecification","valueRequired":true,"valueName":"search_term_string"}}],"inLanguage":"es"}]}},"_links":{"self":[{"href":"https:\/\/didacta.com.uy\/sitio\/wp-json\/wp\/v2\/product\/208616","targetHints":{"allow":["GET"]}}],"collection":[{"href":"https:\/\/didacta.com.uy\/sitio\/wp-json\/wp\/v2\/product"}],"about":[{"href":"https:\/\/didacta.com.uy\/sitio\/wp-json\/wp\/v2\/types\/product"}],"replies":[{"embeddable":true,"href":"https:\/\/didacta.com.uy\/sitio\/wp-json\/wp\/v2\/comments?post=208616"}],"wp:featuredmedia":[{"embeddable":true,"href":"https:\/\/didacta.com.uy\/sitio\/wp-json\/wp\/v2\/media\/208692"}],"wp:attachment":[{"href":"https:\/\/didacta.com.uy\/sitio\/wp-json\/wp\/v2\/media?parent=208616"}],"wp:term":[{"taxonomy":"product_brand","embeddable":true,"href":"https:\/\/didacta.com.uy\/sitio\/wp-json\/wp\/v2\/product_brand?post=208616"},{"taxonomy":"product_cat","embeddable":true,"href":"https:\/\/didacta.com.uy\/sitio\/wp-json\/wp\/v2\/product_cat?post=208616"},{"taxonomy":"product_tag","embeddable":true,"href":"https:\/\/didacta.com.uy\/sitio\/wp-json\/wp\/v2\/product_tag?post=208616"}],"curies":[{"name":"wp","href":"https:\/\/api.w.org\/{rel}","templated":true}]}}