{"id":207217,"date":"2020-03-17T04:30:40","date_gmt":"2020-03-17T04:30:40","guid":{"rendered":"http:\/\/didacta.com.uy\/sitio\/?post_type=product&#038;p=207217"},"modified":"2022-10-05T12:00:58","modified_gmt":"2022-10-05T12:00:58","slug":"moja-coco","status":"publish","type":"product","link":"https:\/\/didacta.com.uy\/sitio\/producto\/moja-coco\/","title":{"rendered":"MOJA COCO"},"content":{"rendered":"<p>Es Moja Coco, un juego muy loco. \u00a1El juego de la ruleta de agua! Gira la ruleta y cruza los dedos \u00a1ojal\u00e1 no te mojes el coco!<\/p>\n<p><strong><span style=\"color: #ff0000;\">C\u00f3digo:<\/span> <\/strong>200\/36<br \/>\n<strong><span style=\"color: #ff0000;\">C\u00f3digo de barras:<\/span><\/strong> 7730549004049<br \/>\n<strong><span style=\"color: #ff0000;\">Edad:<\/span><\/strong> 4 a\u00f1os en adelante<br \/>\n<strong><span style=\"color: #ff0000;\">Cantidad de jugadores:<\/span> <\/strong>2 o m\u00e1s jugadores<br \/>\n<strong><span style=\"color: #ff0000;\">Contenido:<\/span><\/strong>\u00a01 ruleta, 1 casco Moja Coco, 1 contenedor de agua, 8 palitos<br \/>\n<strong><span style=\"color: #ff0000;\">Medidas:<\/span> <\/strong>20 x 25 x 11 cm<br \/>\n<strong><span style=\"color: #ff0000;\">Instrucciones:<\/span> <\/strong><a href=\"http:\/\/didacta.com.uy\/sitio\/wp-content\/uploads\/2020\/12\/mojacoco.pdf\">Descargar<\/a><\/p>\n","protected":false},"excerpt":{"rendered":"<p>Es Moja Coco, un juego muy loco. \u00a1El juego de la ruleta de agua! Gira la ruleta y cruza los dedos \u00a1ojal\u00e1 no te mojes el coco!<\/p>\n<p><strong><span style=\"color: #ff0000;\">C\u00f3digo:<\/span> <\/strong>200\/36<br \/>\n<strong><span style=\"color: #ff0000;\">C\u00f3digo de barras:<\/span><\/strong> 7730549004049<br \/>\n<strong><span style=\"color: #ff0000;\">Edad:<\/span><\/strong> 4 a\u00f1os en adelante<br \/>\n<strong><span style=\"color: #ff0000;\">Cantidad de jugadores:<\/span> <\/strong>2 o m\u00e1s jugadores<br \/>\n<strong><span style=\"color: #ff0000;\">Contenido:<\/span><\/strong>\u00a01 ruleta, 1 casco Moja Coco, 1 contenedor de agua, 8 palitos<br \/>\n<strong><span style=\"color: #ff0000;\">Medidas:<\/span> <\/strong>20 x 25 x 11 cm<br \/>\n<strong><span style=\"color: #ff0000;\">Instrucciones:<\/span> <\/strong><a href=\"http:\/\/didacta.com.uy\/sitio\/wp-content\/uploads\/2020\/12\/mojacoco.pdf\">Descargar<\/a><\/p>\n","protected":false},"featured_media":207218,"comment_status":"closed","ping_status":"closed","template":"","meta":{"_et_pb_use_builder":"","_et_pb_old_content":"","_et_gb_content_width":"","_uf_show_specific_survey":0,"_uf_disable_surveys":false},"product_brand":[],"product_cat":[73,71,72,115],"product_tag":[],"class_list":{"0":"post-207217","1":"product","2":"type-product","3":"status-publish","4":"has-post-thumbnail","6":"product_cat-10-a-mas-anos","7":"product_cat-3-a-5-anos","8":"product_cat-6-a-9-anos","9":"product_cat-versus","11":"first","12":"instock","13":"taxable","14":"shipping-taxable","15":"purchasable","16":"product-type-simple"},"aioseo_notices":[],"yoast_head":"<!-- This site is optimized with the Yoast SEO plugin v24.8.1 - https:\/\/yoast.com\/wordpress\/plugins\/seo\/ -->\n<title>MOJA COCO - Didacta<\/title>\n<meta name=\"robots\" content=\"index, follow, max-snippet:-1, max-image-preview:large, max-video-preview:-1\" \/>\n<link rel=\"canonical\" href=\"https:\/\/didacta.com.uy\/sitio\/producto\/moja-coco\/\" \/>\n<meta property=\"og:locale\" content=\"es_ES\" \/>\n<meta property=\"og:type\" content=\"article\" \/>\n<meta property=\"og:title\" content=\"MOJA COCO - Didacta\" \/>\n<meta property=\"og:description\" content=\"Es Moja Coco, un juego muy loco. \u00a1El juego de la ruleta de agua! Gira la ruleta y cruza los dedos \u00a1ojal\u00e1 no te mojes el coco!  C\u00f3digo: 200\/36 C\u00f3digo de barras: 7730549004049 Edad: 4 a\u00f1os en adelante Cantidad de jugadores: 2 o m\u00e1s jugadores Contenido:\u00a01 ruleta, 1 casco Moja Coco, 1 contenedor de agua, 8 palitos Medidas: 20 x 25 x 11 cm Instrucciones: Descargar\" \/>\n<meta property=\"og:url\" content=\"https:\/\/didacta.com.uy\/sitio\/producto\/moja-coco\/\" \/>\n<meta property=\"og:site_name\" content=\"Didacta\" \/>\n<meta property=\"article:modified_time\" content=\"2022-10-05T12:00:58+00:00\" \/>\n<meta property=\"og:image\" content=\"https:\/\/didacta.com.uy\/sitio\/wp-content\/uploads\/2020\/03\/30_moja-coco.jpg\" \/>\n\t<meta property=\"og:image:width\" content=\"800\" \/>\n\t<meta property=\"og:image:height\" content=\"668\" \/>\n\t<meta property=\"og:image:type\" content=\"image\/jpeg\" \/>\n<meta name=\"twitter:card\" content=\"summary_large_image\" \/>\n<script type=\"application\/ld+json\" class=\"yoast-schema-graph\">{\"@context\":\"https:\/\/schema.org\",\"@graph\":[{\"@type\":\"WebPage\",\"@id\":\"https:\/\/didacta.com.uy\/sitio\/producto\/moja-coco\/\",\"url\":\"https:\/\/didacta.com.uy\/sitio\/producto\/moja-coco\/\",\"name\":\"MOJA COCO - Didacta\",\"isPartOf\":{\"@id\":\"https:\/\/didacta.com.uy\/sitio\/#website\"},\"primaryImageOfPage\":{\"@id\":\"https:\/\/didacta.com.uy\/sitio\/producto\/moja-coco\/#primaryimage\"},\"image\":{\"@id\":\"https:\/\/didacta.com.uy\/sitio\/producto\/moja-coco\/#primaryimage\"},\"thumbnailUrl\":\"https:\/\/didacta.com.uy\/sitio\/wp-content\/uploads\/2020\/03\/30_moja-coco.jpg\",\"datePublished\":\"2020-03-17T04:30:40+00:00\",\"dateModified\":\"2022-10-05T12:00:58+00:00\",\"breadcrumb\":{\"@id\":\"https:\/\/didacta.com.uy\/sitio\/producto\/moja-coco\/#breadcrumb\"},\"inLanguage\":\"es\",\"potentialAction\":[{\"@type\":\"ReadAction\",\"target\":[\"https:\/\/didacta.com.uy\/sitio\/producto\/moja-coco\/\"]}]},{\"@type\":\"ImageObject\",\"inLanguage\":\"es\",\"@id\":\"https:\/\/didacta.com.uy\/sitio\/producto\/moja-coco\/#primaryimage\",\"url\":\"https:\/\/didacta.com.uy\/sitio\/wp-content\/uploads\/2020\/03\/30_moja-coco.jpg\",\"contentUrl\":\"https:\/\/didacta.com.uy\/sitio\/wp-content\/uploads\/2020\/03\/30_moja-coco.jpg\",\"width\":800,\"height\":668},{\"@type\":\"BreadcrumbList\",\"@id\":\"https:\/\/didacta.com.uy\/sitio\/producto\/moja-coco\/#breadcrumb\",\"itemListElement\":[{\"@type\":\"ListItem\",\"position\":1,\"name\":\"Portada\",\"item\":\"https:\/\/didacta.com.uy\/sitio\/\"},{\"@type\":\"ListItem\",\"position\":2,\"name\":\"Inicio\",\"item\":\"https:\/\/didacta.com.uy\/sitio\/\"},{\"@type\":\"ListItem\",\"position\":3,\"name\":\"MOJA COCO\"}]},{\"@type\":\"WebSite\",\"@id\":\"https:\/\/didacta.com.uy\/sitio\/#website\",\"url\":\"https:\/\/didacta.com.uy\/sitio\/\",\"name\":\"Didacta\",\"description\":\"Con m\u00e1s de 20 a\u00f1os de experiencia, DIDACTA es la marca l\u00edder en el mercado uruguayo de juegos de mesa.\",\"potentialAction\":[{\"@type\":\"SearchAction\",\"target\":{\"@type\":\"EntryPoint\",\"urlTemplate\":\"https:\/\/didacta.com.uy\/sitio\/?s={search_term_string}\"},\"query-input\":{\"@type\":\"PropertyValueSpecification\",\"valueRequired\":true,\"valueName\":\"search_term_string\"}}],\"inLanguage\":\"es\"}]}<\/script>\n<!-- \/ Yoast SEO plugin. -->","yoast_head_json":{"title":"MOJA COCO - Didacta","robots":{"index":"index","follow":"follow","max-snippet":"max-snippet:-1","max-image-preview":"max-image-preview:large","max-video-preview":"max-video-preview:-1"},"canonical":"https:\/\/didacta.com.uy\/sitio\/producto\/moja-coco\/","og_locale":"es_ES","og_type":"article","og_title":"MOJA COCO - Didacta","og_description":"Es Moja Coco, un juego muy loco. \u00a1El juego de la ruleta de agua! Gira la ruleta y cruza los dedos \u00a1ojal\u00e1 no te mojes el coco!  C\u00f3digo: 200\/36 C\u00f3digo de barras: 7730549004049 Edad: 4 a\u00f1os en adelante Cantidad de jugadores: 2 o m\u00e1s jugadores Contenido:\u00a01 ruleta, 1 casco Moja Coco, 1 contenedor de agua, 8 palitos Medidas: 20 x 25 x 11 cm Instrucciones: Descargar","og_url":"https:\/\/didacta.com.uy\/sitio\/producto\/moja-coco\/","og_site_name":"Didacta","article_modified_time":"2022-10-05T12:00:58+00:00","og_image":[{"width":800,"height":668,"url":"https:\/\/didacta.com.uy\/sitio\/wp-content\/uploads\/2020\/03\/30_moja-coco.jpg","type":"image\/jpeg"}],"twitter_card":"summary_large_image","schema":{"@context":"https:\/\/schema.org","@graph":[{"@type":"WebPage","@id":"https:\/\/didacta.com.uy\/sitio\/producto\/moja-coco\/","url":"https:\/\/didacta.com.uy\/sitio\/producto\/moja-coco\/","name":"MOJA COCO - Didacta","isPartOf":{"@id":"https:\/\/didacta.com.uy\/sitio\/#website"},"primaryImageOfPage":{"@id":"https:\/\/didacta.com.uy\/sitio\/producto\/moja-coco\/#primaryimage"},"image":{"@id":"https:\/\/didacta.com.uy\/sitio\/producto\/moja-coco\/#primaryimage"},"thumbnailUrl":"https:\/\/didacta.com.uy\/sitio\/wp-content\/uploads\/2020\/03\/30_moja-coco.jpg","datePublished":"2020-03-17T04:30:40+00:00","dateModified":"2022-10-05T12:00:58+00:00","breadcrumb":{"@id":"https:\/\/didacta.com.uy\/sitio\/producto\/moja-coco\/#breadcrumb"},"inLanguage":"es","potentialAction":[{"@type":"ReadAction","target":["https:\/\/didacta.com.uy\/sitio\/producto\/moja-coco\/"]}]},{"@type":"ImageObject","inLanguage":"es","@id":"https:\/\/didacta.com.uy\/sitio\/producto\/moja-coco\/#primaryimage","url":"https:\/\/didacta.com.uy\/sitio\/wp-content\/uploads\/2020\/03\/30_moja-coco.jpg","contentUrl":"https:\/\/didacta.com.uy\/sitio\/wp-content\/uploads\/2020\/03\/30_moja-coco.jpg","width":800,"height":668},{"@type":"BreadcrumbList","@id":"https:\/\/didacta.com.uy\/sitio\/producto\/moja-coco\/#breadcrumb","itemListElement":[{"@type":"ListItem","position":1,"name":"Portada","item":"https:\/\/didacta.com.uy\/sitio\/"},{"@type":"ListItem","position":2,"name":"Inicio","item":"https:\/\/didacta.com.uy\/sitio\/"},{"@type":"ListItem","position":3,"name":"MOJA COCO"}]},{"@type":"WebSite","@id":"https:\/\/didacta.com.uy\/sitio\/#website","url":"https:\/\/didacta.com.uy\/sitio\/","name":"Didacta","description":"Con m\u00e1s de 20 a\u00f1os de experiencia, DIDACTA es la marca l\u00edder en el mercado uruguayo de juegos de mesa.","potentialAction":[{"@type":"SearchAction","target":{"@type":"EntryPoint","urlTemplate":"https:\/\/didacta.com.uy\/sitio\/?s={search_term_string}"},"query-input":{"@type":"PropertyValueSpecification","valueRequired":true,"valueName":"search_term_string"}}],"inLanguage":"es"}]}},"_links":{"self":[{"href":"https:\/\/didacta.com.uy\/sitio\/wp-json\/wp\/v2\/product\/207217","targetHints":{"allow":["GET"]}}],"collection":[{"href":"https:\/\/didacta.com.uy\/sitio\/wp-json\/wp\/v2\/product"}],"about":[{"href":"https:\/\/didacta.com.uy\/sitio\/wp-json\/wp\/v2\/types\/product"}],"replies":[{"embeddable":true,"href":"https:\/\/didacta.com.uy\/sitio\/wp-json\/wp\/v2\/comments?post=207217"}],"wp:featuredmedia":[{"embeddable":true,"href":"https:\/\/didacta.com.uy\/sitio\/wp-json\/wp\/v2\/media\/207218"}],"wp:attachment":[{"href":"https:\/\/didacta.com.uy\/sitio\/wp-json\/wp\/v2\/media?parent=207217"}],"wp:term":[{"taxonomy":"product_brand","embeddable":true,"href":"https:\/\/didacta.com.uy\/sitio\/wp-json\/wp\/v2\/product_brand?post=207217"},{"taxonomy":"product_cat","embeddable":true,"href":"https:\/\/didacta.com.uy\/sitio\/wp-json\/wp\/v2\/product_cat?post=207217"},{"taxonomy":"product_tag","embeddable":true,"href":"https:\/\/didacta.com.uy\/sitio\/wp-json\/wp\/v2\/product_tag?post=207217"}],"curies":[{"name":"wp","href":"https:\/\/api.w.org\/{rel}","templated":true}]}}