{"id":207193,"date":"2020-03-17T03:00:46","date_gmt":"2020-03-17T03:00:46","guid":{"rendered":"http:\/\/didacta.com.uy\/sitio\/?post_type=product&#038;p=207193"},"modified":"2022-10-05T12:00:52","modified_gmt":"2022-10-05T12:00:52","slug":"vale-todo-junior","status":"publish","type":"product","link":"https:\/\/didacta.com.uy\/sitio\/producto\/vale-todo-junior\/","title":{"rendered":"VALE TODO JUNIOR"},"content":{"rendered":"<p>En este juego vence quien se libra primero de todas sus cartas. Para descartar es necesario que tu carta tenga el mismo n\u00famero, el mismo animal o el mismo color de la carta anterior. Existen tambi\u00e9n las cartas especiales que t\u00fa puedes utilizar para confundir a los otros jugadores y dejarlos con las manos llenas de cartas! Piensa r\u00e1pido, descarta correctamente y \u00a1buena suerte! Vale Todo Junior es as\u00ed, un juego r\u00e1pido que garantiza la m\u00e1xima diversi\u00f3n.<\/p>\n<p><strong><span style=\"color: #ff0000;\">C\u00f3digo:<\/span><\/strong> 153\/07<br \/>\n<strong><span style=\"color: #ff0000;\">C\u00f3digo de barras:<\/span><\/strong> 7730549004025<br \/>\n<strong><span style=\"color: #ff0000;\">Edad:<\/span><\/strong> 3 a\u00f1os en adelante<br \/>\n<strong><span style=\"color: #ff0000;\">Cantidad de jugadores:<\/span> <\/strong>2 a 4 jugadores<br \/>\n<strong><span style=\"color: #ff0000;\">Contenido:<\/span><\/strong>\u00a056 cartas<br \/>\n<strong><span style=\"color: #ff0000;\">Medidas:<\/span><\/strong> 18,5 x 11,5 x 4 cm<br \/>\n<strong><span style=\"color: #ff0000;\">Instrucciones:<\/span> <\/strong><a href=\"http:\/\/didacta.com.uy\/sitio\/wp-content\/uploads\/2020\/12\/vale-todo-junior.pdf\">Descargar<\/a><\/p>\n","protected":false},"excerpt":{"rendered":"<p>En este juego vence quien se libra primero de todas sus cartas. Para descartar es necesario que tu carta tenga el mismo n\u00famero, el mismo animal o el mismo color de la carta anterior. Existen tambi\u00e9n las cartas especiales que t\u00fa puedes utilizar para confundir a los otros jugadores y dejarlos con las manos llenas de cartas! Piensa r\u00e1pido, descarta correctamente y \u00a1buena suerte! Vale Todo Junior es as\u00ed, un juego r\u00e1pido que garantiza la m\u00e1xima diversi\u00f3n.<\/p>\n<p><strong><span style=\"color: #ff0000;\">C\u00f3digo:<\/span><\/strong> 153\/07<br \/>\n<strong><span style=\"color: #ff0000;\">C\u00f3digo de barras:<\/span><\/strong> 7730549004025<br \/>\n<strong><span style=\"color: #ff0000;\">Edad:<\/span><\/strong> 3 a\u00f1os en adelante<br \/>\n<strong><span style=\"color: #ff0000;\">Cantidad de jugadores:<\/span> <\/strong>2 a 4 jugadores<br \/>\n<strong><span style=\"color: #ff0000;\">Contenido:<\/span><\/strong>\u00a056 cartas<br \/>\n<strong><span style=\"color: #ff0000;\">Medidas:<\/span><\/strong> 18,5 x 11,5 x 4 cm<br \/>\n<strong><span style=\"color: #ff0000;\">Instrucciones:<\/span> <\/strong><a href=\"http:\/\/didacta.com.uy\/sitio\/wp-content\/uploads\/2020\/12\/vale-todo-junior.pdf\">Descargar<\/a><\/p>\n","protected":false},"featured_media":208989,"comment_status":"closed","ping_status":"closed","template":"","meta":{"_et_pb_use_builder":"","_et_pb_old_content":"","_et_gb_content_width":"","_uf_show_specific_survey":0,"_uf_disable_surveys":false},"product_brand":[],"product_cat":[73,71,72,79],"product_tag":[],"class_list":{"0":"post-207193","1":"product","2":"type-product","3":"status-publish","4":"has-post-thumbnail","6":"product_cat-10-a-mas-anos","7":"product_cat-3-a-5-anos","8":"product_cat-6-a-9-anos","9":"product_cat-juego-para-todos","11":"first","12":"instock","13":"taxable","14":"shipping-taxable","15":"purchasable","16":"product-type-simple"},"aioseo_notices":[],"yoast_head":"<!-- This site is optimized with the Yoast SEO plugin v24.8.1 - https:\/\/yoast.com\/wordpress\/plugins\/seo\/ -->\n<title>VALE TODO JUNIOR - Didacta<\/title>\n<meta name=\"robots\" content=\"index, follow, max-snippet:-1, max-image-preview:large, max-video-preview:-1\" \/>\n<link rel=\"canonical\" href=\"https:\/\/didacta.com.uy\/sitio\/producto\/vale-todo-junior\/\" \/>\n<meta property=\"og:locale\" content=\"es_ES\" \/>\n<meta property=\"og:type\" content=\"article\" \/>\n<meta property=\"og:title\" content=\"VALE TODO JUNIOR - Didacta\" \/>\n<meta property=\"og:description\" content=\"En este juego vence quien se libra primero de todas sus cartas. Para descartar es necesario que tu carta tenga el mismo n\u00famero, el mismo animal o el mismo color de la carta anterior. Existen tambi\u00e9n las cartas especiales que t\u00fa puedes utilizar para confundir a los otros jugadores y dejarlos con las manos llenas de cartas! Piensa r\u00e1pido, descarta correctamente y \u00a1buena suerte! Vale Todo Junior es as\u00ed, un juego r\u00e1pido que garantiza la m\u00e1xima diversi\u00f3n.  C\u00f3digo: 153\/07 C\u00f3digo de barras: 7730549004025 Edad: 3 a\u00f1os en adelante Cantidad de jugadores: 2 a 4 jugadores Contenido:\u00a056 cartas Medidas: 18,5 x 11,5 x 4 cm Instrucciones: Descargar\" \/>\n<meta property=\"og:url\" content=\"https:\/\/didacta.com.uy\/sitio\/producto\/vale-todo-junior\/\" \/>\n<meta property=\"og:site_name\" content=\"Didacta\" \/>\n<meta property=\"article:modified_time\" content=\"2022-10-05T12:00:52+00:00\" \/>\n<meta property=\"og:image\" content=\"https:\/\/didacta.com.uy\/sitio\/wp-content\/uploads\/2020\/03\/153-07_Vale_Todo_Junior_Nuevo-Formato.jpg\" \/>\n\t<meta property=\"og:image:width\" content=\"1088\" \/>\n\t<meta property=\"og:image:height\" content=\"800\" \/>\n\t<meta property=\"og:image:type\" content=\"image\/jpeg\" \/>\n<meta name=\"twitter:card\" content=\"summary_large_image\" \/>\n<meta name=\"twitter:label1\" content=\"Tiempo de lectura\" \/>\n\t<meta name=\"twitter:data1\" content=\"1 minuto\" \/>\n<script type=\"application\/ld+json\" class=\"yoast-schema-graph\">{\"@context\":\"https:\/\/schema.org\",\"@graph\":[{\"@type\":\"WebPage\",\"@id\":\"https:\/\/didacta.com.uy\/sitio\/producto\/vale-todo-junior\/\",\"url\":\"https:\/\/didacta.com.uy\/sitio\/producto\/vale-todo-junior\/\",\"name\":\"VALE TODO JUNIOR - Didacta\",\"isPartOf\":{\"@id\":\"https:\/\/didacta.com.uy\/sitio\/#website\"},\"primaryImageOfPage\":{\"@id\":\"https:\/\/didacta.com.uy\/sitio\/producto\/vale-todo-junior\/#primaryimage\"},\"image\":{\"@id\":\"https:\/\/didacta.com.uy\/sitio\/producto\/vale-todo-junior\/#primaryimage\"},\"thumbnailUrl\":\"https:\/\/didacta.com.uy\/sitio\/wp-content\/uploads\/2020\/03\/153-07_Vale_Todo_Junior_Nuevo-Formato.jpg\",\"datePublished\":\"2020-03-17T03:00:46+00:00\",\"dateModified\":\"2022-10-05T12:00:52+00:00\",\"breadcrumb\":{\"@id\":\"https:\/\/didacta.com.uy\/sitio\/producto\/vale-todo-junior\/#breadcrumb\"},\"inLanguage\":\"es\",\"potentialAction\":[{\"@type\":\"ReadAction\",\"target\":[\"https:\/\/didacta.com.uy\/sitio\/producto\/vale-todo-junior\/\"]}]},{\"@type\":\"ImageObject\",\"inLanguage\":\"es\",\"@id\":\"https:\/\/didacta.com.uy\/sitio\/producto\/vale-todo-junior\/#primaryimage\",\"url\":\"https:\/\/didacta.com.uy\/sitio\/wp-content\/uploads\/2020\/03\/153-07_Vale_Todo_Junior_Nuevo-Formato.jpg\",\"contentUrl\":\"https:\/\/didacta.com.uy\/sitio\/wp-content\/uploads\/2020\/03\/153-07_Vale_Todo_Junior_Nuevo-Formato.jpg\",\"width\":1088,\"height\":800},{\"@type\":\"BreadcrumbList\",\"@id\":\"https:\/\/didacta.com.uy\/sitio\/producto\/vale-todo-junior\/#breadcrumb\",\"itemListElement\":[{\"@type\":\"ListItem\",\"position\":1,\"name\":\"Portada\",\"item\":\"https:\/\/didacta.com.uy\/sitio\/\"},{\"@type\":\"ListItem\",\"position\":2,\"name\":\"Inicio\",\"item\":\"https:\/\/didacta.com.uy\/sitio\/\"},{\"@type\":\"ListItem\",\"position\":3,\"name\":\"VALE TODO JUNIOR\"}]},{\"@type\":\"WebSite\",\"@id\":\"https:\/\/didacta.com.uy\/sitio\/#website\",\"url\":\"https:\/\/didacta.com.uy\/sitio\/\",\"name\":\"Didacta\",\"description\":\"Con m\u00e1s de 20 a\u00f1os de experiencia, DIDACTA es la marca l\u00edder en el mercado uruguayo de juegos de mesa.\",\"potentialAction\":[{\"@type\":\"SearchAction\",\"target\":{\"@type\":\"EntryPoint\",\"urlTemplate\":\"https:\/\/didacta.com.uy\/sitio\/?s={search_term_string}\"},\"query-input\":{\"@type\":\"PropertyValueSpecification\",\"valueRequired\":true,\"valueName\":\"search_term_string\"}}],\"inLanguage\":\"es\"}]}<\/script>\n<!-- \/ Yoast SEO plugin. -->","yoast_head_json":{"title":"VALE TODO JUNIOR - Didacta","robots":{"index":"index","follow":"follow","max-snippet":"max-snippet:-1","max-image-preview":"max-image-preview:large","max-video-preview":"max-video-preview:-1"},"canonical":"https:\/\/didacta.com.uy\/sitio\/producto\/vale-todo-junior\/","og_locale":"es_ES","og_type":"article","og_title":"VALE TODO JUNIOR - Didacta","og_description":"En este juego vence quien se libra primero de todas sus cartas. Para descartar es necesario que tu carta tenga el mismo n\u00famero, el mismo animal o el mismo color de la carta anterior. Existen tambi\u00e9n las cartas especiales que t\u00fa puedes utilizar para confundir a los otros jugadores y dejarlos con las manos llenas de cartas! Piensa r\u00e1pido, descarta correctamente y \u00a1buena suerte! Vale Todo Junior es as\u00ed, un juego r\u00e1pido que garantiza la m\u00e1xima diversi\u00f3n.  C\u00f3digo: 153\/07 C\u00f3digo de barras: 7730549004025 Edad: 3 a\u00f1os en adelante Cantidad de jugadores: 2 a 4 jugadores Contenido:\u00a056 cartas Medidas: 18,5 x 11,5 x 4 cm Instrucciones: Descargar","og_url":"https:\/\/didacta.com.uy\/sitio\/producto\/vale-todo-junior\/","og_site_name":"Didacta","article_modified_time":"2022-10-05T12:00:52+00:00","og_image":[{"width":1088,"height":800,"url":"https:\/\/didacta.com.uy\/sitio\/wp-content\/uploads\/2020\/03\/153-07_Vale_Todo_Junior_Nuevo-Formato.jpg","type":"image\/jpeg"}],"twitter_card":"summary_large_image","twitter_misc":{"Tiempo de lectura":"1 minuto"},"schema":{"@context":"https:\/\/schema.org","@graph":[{"@type":"WebPage","@id":"https:\/\/didacta.com.uy\/sitio\/producto\/vale-todo-junior\/","url":"https:\/\/didacta.com.uy\/sitio\/producto\/vale-todo-junior\/","name":"VALE TODO JUNIOR - Didacta","isPartOf":{"@id":"https:\/\/didacta.com.uy\/sitio\/#website"},"primaryImageOfPage":{"@id":"https:\/\/didacta.com.uy\/sitio\/producto\/vale-todo-junior\/#primaryimage"},"image":{"@id":"https:\/\/didacta.com.uy\/sitio\/producto\/vale-todo-junior\/#primaryimage"},"thumbnailUrl":"https:\/\/didacta.com.uy\/sitio\/wp-content\/uploads\/2020\/03\/153-07_Vale_Todo_Junior_Nuevo-Formato.jpg","datePublished":"2020-03-17T03:00:46+00:00","dateModified":"2022-10-05T12:00:52+00:00","breadcrumb":{"@id":"https:\/\/didacta.com.uy\/sitio\/producto\/vale-todo-junior\/#breadcrumb"},"inLanguage":"es","potentialAction":[{"@type":"ReadAction","target":["https:\/\/didacta.com.uy\/sitio\/producto\/vale-todo-junior\/"]}]},{"@type":"ImageObject","inLanguage":"es","@id":"https:\/\/didacta.com.uy\/sitio\/producto\/vale-todo-junior\/#primaryimage","url":"https:\/\/didacta.com.uy\/sitio\/wp-content\/uploads\/2020\/03\/153-07_Vale_Todo_Junior_Nuevo-Formato.jpg","contentUrl":"https:\/\/didacta.com.uy\/sitio\/wp-content\/uploads\/2020\/03\/153-07_Vale_Todo_Junior_Nuevo-Formato.jpg","width":1088,"height":800},{"@type":"BreadcrumbList","@id":"https:\/\/didacta.com.uy\/sitio\/producto\/vale-todo-junior\/#breadcrumb","itemListElement":[{"@type":"ListItem","position":1,"name":"Portada","item":"https:\/\/didacta.com.uy\/sitio\/"},{"@type":"ListItem","position":2,"name":"Inicio","item":"https:\/\/didacta.com.uy\/sitio\/"},{"@type":"ListItem","position":3,"name":"VALE TODO JUNIOR"}]},{"@type":"WebSite","@id":"https:\/\/didacta.com.uy\/sitio\/#website","url":"https:\/\/didacta.com.uy\/sitio\/","name":"Didacta","description":"Con m\u00e1s de 20 a\u00f1os de experiencia, DIDACTA es la marca l\u00edder en el mercado uruguayo de juegos de mesa.","potentialAction":[{"@type":"SearchAction","target":{"@type":"EntryPoint","urlTemplate":"https:\/\/didacta.com.uy\/sitio\/?s={search_term_string}"},"query-input":{"@type":"PropertyValueSpecification","valueRequired":true,"valueName":"search_term_string"}}],"inLanguage":"es"}]}},"_links":{"self":[{"href":"https:\/\/didacta.com.uy\/sitio\/wp-json\/wp\/v2\/product\/207193","targetHints":{"allow":["GET"]}}],"collection":[{"href":"https:\/\/didacta.com.uy\/sitio\/wp-json\/wp\/v2\/product"}],"about":[{"href":"https:\/\/didacta.com.uy\/sitio\/wp-json\/wp\/v2\/types\/product"}],"replies":[{"embeddable":true,"href":"https:\/\/didacta.com.uy\/sitio\/wp-json\/wp\/v2\/comments?post=207193"}],"wp:featuredmedia":[{"embeddable":true,"href":"https:\/\/didacta.com.uy\/sitio\/wp-json\/wp\/v2\/media\/208989"}],"wp:attachment":[{"href":"https:\/\/didacta.com.uy\/sitio\/wp-json\/wp\/v2\/media?parent=207193"}],"wp:term":[{"taxonomy":"product_brand","embeddable":true,"href":"https:\/\/didacta.com.uy\/sitio\/wp-json\/wp\/v2\/product_brand?post=207193"},{"taxonomy":"product_cat","embeddable":true,"href":"https:\/\/didacta.com.uy\/sitio\/wp-json\/wp\/v2\/product_cat?post=207193"},{"taxonomy":"product_tag","embeddable":true,"href":"https:\/\/didacta.com.uy\/sitio\/wp-json\/wp\/v2\/product_tag?post=207193"}],"curies":[{"name":"wp","href":"https:\/\/api.w.org\/{rel}","templated":true}]}}