{"id":206981,"date":"2020-03-16T16:13:38","date_gmt":"2020-03-16T16:13:38","guid":{"rendered":"http:\/\/didacta.com.uy\/sitio\/?post_type=product&#038;p=206981"},"modified":"2022-10-05T12:01:08","modified_gmt":"2022-10-05T12:01:08","slug":"pelota-sonajero","status":"publish","type":"product","link":"https:\/\/didacta.com.uy\/sitio\/producto\/pelota-sonajero\/","title":{"rendered":"PELOTA SONAJERO"},"content":{"rendered":"<p>\u00a1Con la l\u00ednea TopaTopa Baby estimul\u00e1 y entreten\u00e9 a los m\u00e1s peque\u00f1os de la casa! Esta pelota sonajero de atractivos colores es ideal para los primeros est\u00edmulos del beb\u00e9, despertando todos sus sentidos.<\/p>\n<p><strong><span style=\"color: #ff0000;\">C\u00f3digo:<\/span><\/strong> 620\/04<br \/>\n<strong><span style=\"color: #ff0000;\">C\u00f3digo de barras:<\/span> <\/strong>7730549004292<br \/>\n<strong><span style=\"color: #ff0000;\">Cantidad de jugadores:<\/span><\/strong> 1 o m\u00e1s jugadores<br \/>\n<strong><span style=\"color: #ff0000;\">Edad:<\/span> <\/strong>0 a\u00f1o en adelante<br \/>\n<strong><span style=\"color: #ff0000;\">Medidas:<\/span><\/strong> 9,8 cms<br \/>\n<strong><span style=\"color: #ff0000;\">Instrucciones:<\/span> <\/strong><a href=\"#\">Descargar<\/a><\/p>\n","protected":false},"excerpt":{"rendered":"<p>\u00a1Con la l\u00ednea TopaTopa Baby estimul\u00e1 y entreten\u00e9 a los m\u00e1s peque\u00f1os de la casa! Esta pelota sonajero de atractivos colores es ideal para los primeros est\u00edmulos del beb\u00e9, despertando todos sus sentidos.<\/p>\n<p><strong><span style=\"color: #ff0000;\">C\u00f3digo:<\/span><\/strong> 620\/04<br \/>\n<strong><span style=\"color: #ff0000;\">C\u00f3digo de barras:<\/span> <\/strong>7730549004292<br \/>\n<strong><span style=\"color: #ff0000;\">Cantidad de jugadores:<\/span><\/strong> 1 o m\u00e1s jugadores<br \/>\n<strong><span style=\"color: #ff0000;\">Edad:<\/span> <\/strong>0 a\u00f1o en adelante<br \/>\n<strong><span style=\"color: #ff0000;\">Medidas:<\/span><\/strong> 9,8 cms<br \/>\n<strong><span style=\"color: #ff0000;\">Instrucciones:<\/span> <\/strong><a href=\"#\">Descargar<\/a><\/p>\n","protected":false},"featured_media":206982,"comment_status":"closed","ping_status":"closed","template":"","meta":{"_et_pb_use_builder":"","_et_pb_old_content":"","_et_gb_content_width":"","_uf_show_specific_survey":0,"_uf_disable_surveys":false},"product_brand":[],"product_cat":[69,70,88],"product_tag":[],"class_list":{"0":"post-206981","1":"product","2":"type-product","3":"status-publish","4":"has-post-thumbnail","6":"product_cat-0-a-1-ano","7":"product_cat-1-a-3-anos","8":"product_cat-topa-topa-baby","10":"first","11":"instock","12":"taxable","13":"shipping-taxable","14":"purchasable","15":"product-type-simple"},"aioseo_notices":[],"yoast_head":"<!-- This site is optimized with the Yoast SEO plugin v24.8.1 - https:\/\/yoast.com\/wordpress\/plugins\/seo\/ -->\n<title>PELOTA SONAJERO - Didacta<\/title>\n<meta name=\"robots\" content=\"index, follow, max-snippet:-1, max-image-preview:large, max-video-preview:-1\" \/>\n<link rel=\"canonical\" href=\"https:\/\/didacta.com.uy\/sitio\/producto\/pelota-sonajero\/\" \/>\n<meta property=\"og:locale\" content=\"es_ES\" \/>\n<meta property=\"og:type\" content=\"article\" \/>\n<meta property=\"og:title\" content=\"PELOTA SONAJERO - Didacta\" \/>\n<meta property=\"og:description\" content=\"\u00a1Con la l\u00ednea TopaTopa Baby estimul\u00e1 y entreten\u00e9 a los m\u00e1s peque\u00f1os de la casa! Esta pelota sonajero de atractivos colores es ideal para los primeros est\u00edmulos del beb\u00e9, despertando todos sus sentidos.  C\u00f3digo: 620\/04 C\u00f3digo de barras: 7730549004292 Cantidad de jugadores: 1 o m\u00e1s jugadores Edad: 0 a\u00f1o en adelante Medidas: 9,8 cms Instrucciones: Descargar\" \/>\n<meta property=\"og:url\" content=\"https:\/\/didacta.com.uy\/sitio\/producto\/pelota-sonajero\/\" \/>\n<meta property=\"og:site_name\" content=\"Didacta\" \/>\n<meta property=\"article:modified_time\" content=\"2022-10-05T12:01:08+00:00\" \/>\n<meta property=\"og:image\" content=\"https:\/\/didacta.com.uy\/sitio\/wp-content\/uploads\/2020\/03\/9-1.jpg\" \/>\n\t<meta property=\"og:image:width\" content=\"800\" \/>\n\t<meta property=\"og:image:height\" content=\"600\" \/>\n\t<meta property=\"og:image:type\" content=\"image\/jpeg\" \/>\n<meta name=\"twitter:card\" content=\"summary_large_image\" \/>\n<script type=\"application\/ld+json\" class=\"yoast-schema-graph\">{\"@context\":\"https:\/\/schema.org\",\"@graph\":[{\"@type\":\"WebPage\",\"@id\":\"https:\/\/didacta.com.uy\/sitio\/producto\/pelota-sonajero\/\",\"url\":\"https:\/\/didacta.com.uy\/sitio\/producto\/pelota-sonajero\/\",\"name\":\"PELOTA SONAJERO - Didacta\",\"isPartOf\":{\"@id\":\"https:\/\/didacta.com.uy\/sitio\/#website\"},\"primaryImageOfPage\":{\"@id\":\"https:\/\/didacta.com.uy\/sitio\/producto\/pelota-sonajero\/#primaryimage\"},\"image\":{\"@id\":\"https:\/\/didacta.com.uy\/sitio\/producto\/pelota-sonajero\/#primaryimage\"},\"thumbnailUrl\":\"https:\/\/didacta.com.uy\/sitio\/wp-content\/uploads\/2020\/03\/9-1.jpg\",\"datePublished\":\"2020-03-16T16:13:38+00:00\",\"dateModified\":\"2022-10-05T12:01:08+00:00\",\"breadcrumb\":{\"@id\":\"https:\/\/didacta.com.uy\/sitio\/producto\/pelota-sonajero\/#breadcrumb\"},\"inLanguage\":\"es\",\"potentialAction\":[{\"@type\":\"ReadAction\",\"target\":[\"https:\/\/didacta.com.uy\/sitio\/producto\/pelota-sonajero\/\"]}]},{\"@type\":\"ImageObject\",\"inLanguage\":\"es\",\"@id\":\"https:\/\/didacta.com.uy\/sitio\/producto\/pelota-sonajero\/#primaryimage\",\"url\":\"https:\/\/didacta.com.uy\/sitio\/wp-content\/uploads\/2020\/03\/9-1.jpg\",\"contentUrl\":\"https:\/\/didacta.com.uy\/sitio\/wp-content\/uploads\/2020\/03\/9-1.jpg\",\"width\":800,\"height\":600},{\"@type\":\"BreadcrumbList\",\"@id\":\"https:\/\/didacta.com.uy\/sitio\/producto\/pelota-sonajero\/#breadcrumb\",\"itemListElement\":[{\"@type\":\"ListItem\",\"position\":1,\"name\":\"Portada\",\"item\":\"https:\/\/didacta.com.uy\/sitio\/\"},{\"@type\":\"ListItem\",\"position\":2,\"name\":\"Inicio\",\"item\":\"https:\/\/didacta.com.uy\/sitio\/\"},{\"@type\":\"ListItem\",\"position\":3,\"name\":\"PELOTA SONAJERO\"}]},{\"@type\":\"WebSite\",\"@id\":\"https:\/\/didacta.com.uy\/sitio\/#website\",\"url\":\"https:\/\/didacta.com.uy\/sitio\/\",\"name\":\"Didacta\",\"description\":\"Con m\u00e1s de 20 a\u00f1os de experiencia, DIDACTA es la marca l\u00edder en el mercado uruguayo de juegos de mesa.\",\"potentialAction\":[{\"@type\":\"SearchAction\",\"target\":{\"@type\":\"EntryPoint\",\"urlTemplate\":\"https:\/\/didacta.com.uy\/sitio\/?s={search_term_string}\"},\"query-input\":{\"@type\":\"PropertyValueSpecification\",\"valueRequired\":true,\"valueName\":\"search_term_string\"}}],\"inLanguage\":\"es\"}]}<\/script>\n<!-- \/ Yoast SEO plugin. -->","yoast_head_json":{"title":"PELOTA SONAJERO - Didacta","robots":{"index":"index","follow":"follow","max-snippet":"max-snippet:-1","max-image-preview":"max-image-preview:large","max-video-preview":"max-video-preview:-1"},"canonical":"https:\/\/didacta.com.uy\/sitio\/producto\/pelota-sonajero\/","og_locale":"es_ES","og_type":"article","og_title":"PELOTA SONAJERO - Didacta","og_description":"\u00a1Con la l\u00ednea TopaTopa Baby estimul\u00e1 y entreten\u00e9 a los m\u00e1s peque\u00f1os de la casa! Esta pelota sonajero de atractivos colores es ideal para los primeros est\u00edmulos del beb\u00e9, despertando todos sus sentidos.  C\u00f3digo: 620\/04 C\u00f3digo de barras: 7730549004292 Cantidad de jugadores: 1 o m\u00e1s jugadores Edad: 0 a\u00f1o en adelante Medidas: 9,8 cms Instrucciones: Descargar","og_url":"https:\/\/didacta.com.uy\/sitio\/producto\/pelota-sonajero\/","og_site_name":"Didacta","article_modified_time":"2022-10-05T12:01:08+00:00","og_image":[{"width":800,"height":600,"url":"https:\/\/didacta.com.uy\/sitio\/wp-content\/uploads\/2020\/03\/9-1.jpg","type":"image\/jpeg"}],"twitter_card":"summary_large_image","schema":{"@context":"https:\/\/schema.org","@graph":[{"@type":"WebPage","@id":"https:\/\/didacta.com.uy\/sitio\/producto\/pelota-sonajero\/","url":"https:\/\/didacta.com.uy\/sitio\/producto\/pelota-sonajero\/","name":"PELOTA SONAJERO - Didacta","isPartOf":{"@id":"https:\/\/didacta.com.uy\/sitio\/#website"},"primaryImageOfPage":{"@id":"https:\/\/didacta.com.uy\/sitio\/producto\/pelota-sonajero\/#primaryimage"},"image":{"@id":"https:\/\/didacta.com.uy\/sitio\/producto\/pelota-sonajero\/#primaryimage"},"thumbnailUrl":"https:\/\/didacta.com.uy\/sitio\/wp-content\/uploads\/2020\/03\/9-1.jpg","datePublished":"2020-03-16T16:13:38+00:00","dateModified":"2022-10-05T12:01:08+00:00","breadcrumb":{"@id":"https:\/\/didacta.com.uy\/sitio\/producto\/pelota-sonajero\/#breadcrumb"},"inLanguage":"es","potentialAction":[{"@type":"ReadAction","target":["https:\/\/didacta.com.uy\/sitio\/producto\/pelota-sonajero\/"]}]},{"@type":"ImageObject","inLanguage":"es","@id":"https:\/\/didacta.com.uy\/sitio\/producto\/pelota-sonajero\/#primaryimage","url":"https:\/\/didacta.com.uy\/sitio\/wp-content\/uploads\/2020\/03\/9-1.jpg","contentUrl":"https:\/\/didacta.com.uy\/sitio\/wp-content\/uploads\/2020\/03\/9-1.jpg","width":800,"height":600},{"@type":"BreadcrumbList","@id":"https:\/\/didacta.com.uy\/sitio\/producto\/pelota-sonajero\/#breadcrumb","itemListElement":[{"@type":"ListItem","position":1,"name":"Portada","item":"https:\/\/didacta.com.uy\/sitio\/"},{"@type":"ListItem","position":2,"name":"Inicio","item":"https:\/\/didacta.com.uy\/sitio\/"},{"@type":"ListItem","position":3,"name":"PELOTA SONAJERO"}]},{"@type":"WebSite","@id":"https:\/\/didacta.com.uy\/sitio\/#website","url":"https:\/\/didacta.com.uy\/sitio\/","name":"Didacta","description":"Con m\u00e1s de 20 a\u00f1os de experiencia, DIDACTA es la marca l\u00edder en el mercado uruguayo de juegos de mesa.","potentialAction":[{"@type":"SearchAction","target":{"@type":"EntryPoint","urlTemplate":"https:\/\/didacta.com.uy\/sitio\/?s={search_term_string}"},"query-input":{"@type":"PropertyValueSpecification","valueRequired":true,"valueName":"search_term_string"}}],"inLanguage":"es"}]}},"_links":{"self":[{"href":"https:\/\/didacta.com.uy\/sitio\/wp-json\/wp\/v2\/product\/206981","targetHints":{"allow":["GET"]}}],"collection":[{"href":"https:\/\/didacta.com.uy\/sitio\/wp-json\/wp\/v2\/product"}],"about":[{"href":"https:\/\/didacta.com.uy\/sitio\/wp-json\/wp\/v2\/types\/product"}],"replies":[{"embeddable":true,"href":"https:\/\/didacta.com.uy\/sitio\/wp-json\/wp\/v2\/comments?post=206981"}],"wp:featuredmedia":[{"embeddable":true,"href":"https:\/\/didacta.com.uy\/sitio\/wp-json\/wp\/v2\/media\/206982"}],"wp:attachment":[{"href":"https:\/\/didacta.com.uy\/sitio\/wp-json\/wp\/v2\/media?parent=206981"}],"wp:term":[{"taxonomy":"product_brand","embeddable":true,"href":"https:\/\/didacta.com.uy\/sitio\/wp-json\/wp\/v2\/product_brand?post=206981"},{"taxonomy":"product_cat","embeddable":true,"href":"https:\/\/didacta.com.uy\/sitio\/wp-json\/wp\/v2\/product_cat?post=206981"},{"taxonomy":"product_tag","embeddable":true,"href":"https:\/\/didacta.com.uy\/sitio\/wp-json\/wp\/v2\/product_tag?post=206981"}],"curies":[{"name":"wp","href":"https:\/\/api.w.org\/{rel}","templated":true}]}}