{"id":206866,"date":"2020-02-10T13:50:25","date_gmt":"2020-02-10T13:50:25","guid":{"rendered":"http:\/\/didacta.com.uy\/sitio\/?post_type=product&#038;p=206866"},"modified":"2022-10-05T12:01:00","modified_gmt":"2022-10-05T12:01:00","slug":"volcan-en-erupcion","status":"publish","type":"product","link":"https:\/\/didacta.com.uy\/sitio\/producto\/volcan-en-erupcion\/","title":{"rendered":"VOLC\u00c1N EN ERUPCI\u00d3N"},"content":{"rendered":"<p>Descubre, experimenta, desarrolla \u00a1Convi\u00e9rtete en investigador\/a cient\u00edfico! Cuando el interior de la tierra se llena de amgma caliente y de burbujas inflamables, se genera una gran presi\u00f3n, all\u00ed es cuando el magma estalla, buscando un lugar con menor presi\u00f3n, causando la erupci\u00f3n del volc\u00e1n.<\/p>\n<p><strong><span style=\"color: #ff0000;\">C\u00f3digo:<\/span><\/strong> 350\/04<br \/>\n<strong><span style=\"color: #ff0000;\">C\u00f3digo de barras:<\/span><\/strong> 7730549004520<br \/>\n<strong><span style=\"color: #ff0000;\">Edad:<\/span> <\/strong>8 a\u00f1os en adelante<br \/>\n<strong><span style=\"color: #ff0000;\">Contenido:<\/span> <\/strong>1 Molde de Volc\u00e1n, recipientes para sustancias explosivas, 2 medidores, 1 jeringa de pl\u00e1stico, 1 cuchara para revolver, 1 cuchara vertedora y lentes de protecci\u00f3n.<br \/>\n<strong><span style=\"color: #ff0000;\">Jugadores:<\/span><\/strong> 1 o m\u00e1s jugadores<br \/>\n<strong><span style=\"color: #ff0000;\">Medidas:<\/span> <\/strong>16,5 x 22 x 4,5 cm<br \/>\n<strong><span style=\"color: #ff0000;\">Instrucciones:<\/span> <\/strong><a href=\"#\">Descargar<\/a><\/p>\n","protected":false},"excerpt":{"rendered":"<p>Descubre, experimenta, desarrolla \u00a1Convi\u00e9rtete en investigador\/a cient\u00edfico! Cuando el interior de la tierra se llena de amgma caliente y de burbujas inflamables, se genera una gran presi\u00f3n, all\u00ed es cuando el magma estalla, buscando un lugar con menor presi\u00f3n, causando la erupci\u00f3n del volc\u00e1n.<\/p>\n<p><strong><span style=\"color: #ff0000;\">C\u00f3digo:<\/span><\/strong> 350\/04<br \/>\n<strong><span style=\"color: #ff0000;\">C\u00f3digo de barras:<\/span><\/strong> 7730549004520<br \/>\n<strong><span style=\"color: #ff0000;\">Edad:<\/span> <\/strong>8 a\u00f1os en adelante<br \/>\n<strong><span style=\"color: #ff0000;\">Contenido:<\/span><\/strong> 1 Molde de Volc\u00e1n, recipientes para sustancias explosivas, 2 medidores, 1 jeringa de pl\u00e1stico, 1 cuchara para revolver, 1 cuchara vertedora y lentes de protecci\u00f3n.<br \/>\n<strong><span style=\"color: #ff0000;\">Jugadores:<\/span><\/strong> 1 o m\u00e1s jugadores<br \/>\n<strong><span style=\"color: #ff0000;\">Medidas:<\/span> <\/strong>16,5 x 22 x 4,5 cm<br \/>\n<strong><span style=\"color: #ff0000;\">Instrucciones:<\/span> <\/strong><a href=\"#\">Descargar<\/a><\/p>\n","protected":false},"featured_media":206867,"comment_status":"closed","ping_status":"closed","template":"","meta":{"_et_pb_use_builder":"","_et_pb_old_content":"","_et_gb_content_width":"","_uf_show_specific_survey":0,"_uf_disable_surveys":false},"product_brand":[],"product_cat":[73,72,114],"product_tag":[],"class_list":{"0":"post-206866","1":"product","2":"type-product","3":"status-publish","4":"has-post-thumbnail","6":"product_cat-10-a-mas-anos","7":"product_cat-6-a-9-anos","8":"product_cat-juego-eureka","10":"first","11":"instock","12":"taxable","13":"shipping-taxable","14":"purchasable","15":"product-type-simple"},"aioseo_notices":[],"yoast_head":"<!-- This site is optimized with the Yoast SEO plugin v24.8.1 - https:\/\/yoast.com\/wordpress\/plugins\/seo\/ -->\n<title>VOLC\u00c1N EN ERUPCI\u00d3N - Didacta<\/title>\n<meta name=\"robots\" content=\"index, follow, max-snippet:-1, max-image-preview:large, max-video-preview:-1\" \/>\n<link rel=\"canonical\" href=\"https:\/\/didacta.com.uy\/sitio\/producto\/volcan-en-erupcion\/\" \/>\n<meta property=\"og:locale\" content=\"es_ES\" \/>\n<meta property=\"og:type\" content=\"article\" \/>\n<meta property=\"og:title\" content=\"VOLC\u00c1N EN ERUPCI\u00d3N - Didacta\" \/>\n<meta property=\"og:description\" content=\"Descubre, experimenta, desarrolla \u00a1Convi\u00e9rtete en investigador\/a cient\u00edfico! Cuando el interior de la tierra se llena de amgma caliente y de burbujas inflamables, se genera una gran presi\u00f3n, all\u00ed es cuando el magma estalla, buscando un lugar con menor presi\u00f3n, causando la erupci\u00f3n del volc\u00e1n.  C\u00f3digo: 350\/04 C\u00f3digo de barras: 7730549004520 Edad: 8 a\u00f1os en adelante Contenido: 1 Molde de Volc\u00e1n, recipientes para sustancias explosivas, 2 medidores, 1 jeringa de pl\u00e1stico, 1 cuchara para revolver, 1 cuchara vertedora y lentes de protecci\u00f3n. Jugadores: 1 o m\u00e1s jugadores Medidas: 16,5 x 22 x 4,5 cm Instrucciones: Descargar\" \/>\n<meta property=\"og:url\" content=\"https:\/\/didacta.com.uy\/sitio\/producto\/volcan-en-erupcion\/\" \/>\n<meta property=\"og:site_name\" content=\"Didacta\" \/>\n<meta property=\"article:modified_time\" content=\"2022-10-05T12:01:00+00:00\" \/>\n<meta property=\"og:image\" content=\"https:\/\/didacta.com.uy\/sitio\/wp-content\/uploads\/2020\/02\/2-9.jpg\" \/>\n\t<meta property=\"og:image:width\" content=\"800\" \/>\n\t<meta property=\"og:image:height\" content=\"600\" \/>\n\t<meta property=\"og:image:type\" content=\"image\/jpeg\" \/>\n<meta name=\"twitter:card\" content=\"summary_large_image\" \/>\n<script type=\"application\/ld+json\" class=\"yoast-schema-graph\">{\"@context\":\"https:\/\/schema.org\",\"@graph\":[{\"@type\":\"WebPage\",\"@id\":\"https:\/\/didacta.com.uy\/sitio\/producto\/volcan-en-erupcion\/\",\"url\":\"https:\/\/didacta.com.uy\/sitio\/producto\/volcan-en-erupcion\/\",\"name\":\"VOLC\u00c1N EN ERUPCI\u00d3N - Didacta\",\"isPartOf\":{\"@id\":\"https:\/\/didacta.com.uy\/sitio\/#website\"},\"primaryImageOfPage\":{\"@id\":\"https:\/\/didacta.com.uy\/sitio\/producto\/volcan-en-erupcion\/#primaryimage\"},\"image\":{\"@id\":\"https:\/\/didacta.com.uy\/sitio\/producto\/volcan-en-erupcion\/#primaryimage\"},\"thumbnailUrl\":\"https:\/\/didacta.com.uy\/sitio\/wp-content\/uploads\/2020\/02\/2-9.jpg\",\"datePublished\":\"2020-02-10T13:50:25+00:00\",\"dateModified\":\"2022-10-05T12:01:00+00:00\",\"breadcrumb\":{\"@id\":\"https:\/\/didacta.com.uy\/sitio\/producto\/volcan-en-erupcion\/#breadcrumb\"},\"inLanguage\":\"es\",\"potentialAction\":[{\"@type\":\"ReadAction\",\"target\":[\"https:\/\/didacta.com.uy\/sitio\/producto\/volcan-en-erupcion\/\"]}]},{\"@type\":\"ImageObject\",\"inLanguage\":\"es\",\"@id\":\"https:\/\/didacta.com.uy\/sitio\/producto\/volcan-en-erupcion\/#primaryimage\",\"url\":\"https:\/\/didacta.com.uy\/sitio\/wp-content\/uploads\/2020\/02\/2-9.jpg\",\"contentUrl\":\"https:\/\/didacta.com.uy\/sitio\/wp-content\/uploads\/2020\/02\/2-9.jpg\",\"width\":800,\"height\":600},{\"@type\":\"BreadcrumbList\",\"@id\":\"https:\/\/didacta.com.uy\/sitio\/producto\/volcan-en-erupcion\/#breadcrumb\",\"itemListElement\":[{\"@type\":\"ListItem\",\"position\":1,\"name\":\"Portada\",\"item\":\"https:\/\/didacta.com.uy\/sitio\/\"},{\"@type\":\"ListItem\",\"position\":2,\"name\":\"Inicio\",\"item\":\"https:\/\/didacta.com.uy\/sitio\/\"},{\"@type\":\"ListItem\",\"position\":3,\"name\":\"VOLC\u00c1N EN ERUPCI\u00d3N\"}]},{\"@type\":\"WebSite\",\"@id\":\"https:\/\/didacta.com.uy\/sitio\/#website\",\"url\":\"https:\/\/didacta.com.uy\/sitio\/\",\"name\":\"Didacta\",\"description\":\"Con m\u00e1s de 20 a\u00f1os de experiencia, DIDACTA es la marca l\u00edder en el mercado uruguayo de juegos de mesa.\",\"potentialAction\":[{\"@type\":\"SearchAction\",\"target\":{\"@type\":\"EntryPoint\",\"urlTemplate\":\"https:\/\/didacta.com.uy\/sitio\/?s={search_term_string}\"},\"query-input\":{\"@type\":\"PropertyValueSpecification\",\"valueRequired\":true,\"valueName\":\"search_term_string\"}}],\"inLanguage\":\"es\"}]}<\/script>\n<!-- \/ Yoast SEO plugin. -->","yoast_head_json":{"title":"VOLC\u00c1N EN ERUPCI\u00d3N - Didacta","robots":{"index":"index","follow":"follow","max-snippet":"max-snippet:-1","max-image-preview":"max-image-preview:large","max-video-preview":"max-video-preview:-1"},"canonical":"https:\/\/didacta.com.uy\/sitio\/producto\/volcan-en-erupcion\/","og_locale":"es_ES","og_type":"article","og_title":"VOLC\u00c1N EN ERUPCI\u00d3N - Didacta","og_description":"Descubre, experimenta, desarrolla \u00a1Convi\u00e9rtete en investigador\/a cient\u00edfico! Cuando el interior de la tierra se llena de amgma caliente y de burbujas inflamables, se genera una gran presi\u00f3n, all\u00ed es cuando el magma estalla, buscando un lugar con menor presi\u00f3n, causando la erupci\u00f3n del volc\u00e1n.  C\u00f3digo: 350\/04 C\u00f3digo de barras: 7730549004520 Edad: 8 a\u00f1os en adelante Contenido: 1 Molde de Volc\u00e1n, recipientes para sustancias explosivas, 2 medidores, 1 jeringa de pl\u00e1stico, 1 cuchara para revolver, 1 cuchara vertedora y lentes de protecci\u00f3n. Jugadores: 1 o m\u00e1s jugadores Medidas: 16,5 x 22 x 4,5 cm Instrucciones: Descargar","og_url":"https:\/\/didacta.com.uy\/sitio\/producto\/volcan-en-erupcion\/","og_site_name":"Didacta","article_modified_time":"2022-10-05T12:01:00+00:00","og_image":[{"width":800,"height":600,"url":"https:\/\/didacta.com.uy\/sitio\/wp-content\/uploads\/2020\/02\/2-9.jpg","type":"image\/jpeg"}],"twitter_card":"summary_large_image","schema":{"@context":"https:\/\/schema.org","@graph":[{"@type":"WebPage","@id":"https:\/\/didacta.com.uy\/sitio\/producto\/volcan-en-erupcion\/","url":"https:\/\/didacta.com.uy\/sitio\/producto\/volcan-en-erupcion\/","name":"VOLC\u00c1N EN ERUPCI\u00d3N - Didacta","isPartOf":{"@id":"https:\/\/didacta.com.uy\/sitio\/#website"},"primaryImageOfPage":{"@id":"https:\/\/didacta.com.uy\/sitio\/producto\/volcan-en-erupcion\/#primaryimage"},"image":{"@id":"https:\/\/didacta.com.uy\/sitio\/producto\/volcan-en-erupcion\/#primaryimage"},"thumbnailUrl":"https:\/\/didacta.com.uy\/sitio\/wp-content\/uploads\/2020\/02\/2-9.jpg","datePublished":"2020-02-10T13:50:25+00:00","dateModified":"2022-10-05T12:01:00+00:00","breadcrumb":{"@id":"https:\/\/didacta.com.uy\/sitio\/producto\/volcan-en-erupcion\/#breadcrumb"},"inLanguage":"es","potentialAction":[{"@type":"ReadAction","target":["https:\/\/didacta.com.uy\/sitio\/producto\/volcan-en-erupcion\/"]}]},{"@type":"ImageObject","inLanguage":"es","@id":"https:\/\/didacta.com.uy\/sitio\/producto\/volcan-en-erupcion\/#primaryimage","url":"https:\/\/didacta.com.uy\/sitio\/wp-content\/uploads\/2020\/02\/2-9.jpg","contentUrl":"https:\/\/didacta.com.uy\/sitio\/wp-content\/uploads\/2020\/02\/2-9.jpg","width":800,"height":600},{"@type":"BreadcrumbList","@id":"https:\/\/didacta.com.uy\/sitio\/producto\/volcan-en-erupcion\/#breadcrumb","itemListElement":[{"@type":"ListItem","position":1,"name":"Portada","item":"https:\/\/didacta.com.uy\/sitio\/"},{"@type":"ListItem","position":2,"name":"Inicio","item":"https:\/\/didacta.com.uy\/sitio\/"},{"@type":"ListItem","position":3,"name":"VOLC\u00c1N EN ERUPCI\u00d3N"}]},{"@type":"WebSite","@id":"https:\/\/didacta.com.uy\/sitio\/#website","url":"https:\/\/didacta.com.uy\/sitio\/","name":"Didacta","description":"Con m\u00e1s de 20 a\u00f1os de experiencia, DIDACTA es la marca l\u00edder en el mercado uruguayo de juegos de mesa.","potentialAction":[{"@type":"SearchAction","target":{"@type":"EntryPoint","urlTemplate":"https:\/\/didacta.com.uy\/sitio\/?s={search_term_string}"},"query-input":{"@type":"PropertyValueSpecification","valueRequired":true,"valueName":"search_term_string"}}],"inLanguage":"es"}]}},"_links":{"self":[{"href":"https:\/\/didacta.com.uy\/sitio\/wp-json\/wp\/v2\/product\/206866","targetHints":{"allow":["GET"]}}],"collection":[{"href":"https:\/\/didacta.com.uy\/sitio\/wp-json\/wp\/v2\/product"}],"about":[{"href":"https:\/\/didacta.com.uy\/sitio\/wp-json\/wp\/v2\/types\/product"}],"replies":[{"embeddable":true,"href":"https:\/\/didacta.com.uy\/sitio\/wp-json\/wp\/v2\/comments?post=206866"}],"wp:featuredmedia":[{"embeddable":true,"href":"https:\/\/didacta.com.uy\/sitio\/wp-json\/wp\/v2\/media\/206867"}],"wp:attachment":[{"href":"https:\/\/didacta.com.uy\/sitio\/wp-json\/wp\/v2\/media?parent=206866"}],"wp:term":[{"taxonomy":"product_brand","embeddable":true,"href":"https:\/\/didacta.com.uy\/sitio\/wp-json\/wp\/v2\/product_brand?post=206866"},{"taxonomy":"product_cat","embeddable":true,"href":"https:\/\/didacta.com.uy\/sitio\/wp-json\/wp\/v2\/product_cat?post=206866"},{"taxonomy":"product_tag","embeddable":true,"href":"https:\/\/didacta.com.uy\/sitio\/wp-json\/wp\/v2\/product_tag?post=206866"}],"curies":[{"name":"wp","href":"https:\/\/api.w.org\/{rel}","templated":true}]}}