{"id":206859,"date":"2020-02-10T13:41:27","date_gmt":"2020-02-10T13:41:27","guid":{"rendered":"http:\/\/didacta.com.uy\/sitio\/?post_type=product&#038;p=206859"},"modified":"2022-10-05T12:01:00","modified_gmt":"2022-10-05T12:01:00","slug":"creciendo-en-el-laberinto","status":"publish","type":"product","link":"https:\/\/didacta.com.uy\/sitio\/producto\/creciendo-en-el-laberinto\/","title":{"rendered":"CRECIENDO EN EL LABERINTO"},"content":{"rendered":"<p>Descubre, experimenta, desarrolla \u00a1Convi\u00e9rtete en investigador\/a cient\u00edfico!<\/p>\n<p>\u00bfPuede una planta abrirse camino a trav\u00e9s de un laberinto?<br \/>\nSuena imposible, pero solo observa como las plantas buscan a trav\u00e9s de un laberinto la salida. Incluso puedes mirar las ra\u00edces que se desarrollan dentro del contenedor de suelo transparente.<\/p>\n<p><strong><span style=\"color: #ff0000;\">C\u00f3digo:<\/span><\/strong> 350\/01<br \/>\n<strong><span style=\"color: #ff0000;\">C\u00f3digo de barras:<\/span><\/strong> 7730549004490<br \/>\n<strong><span style=\"color: #ff0000;\">Edad:<\/span><\/strong>\u00a08 a\u00f1os en adelante<br \/>\n<strong><span style=\"color: #ff0000;\">Jugadores:<\/span><\/strong> 1 o m\u00e1s jugadores<br \/>\n<strong><span style=\"color: #ff0000;\">Contenido:<\/span><\/strong> 1 cubierta superior, 1 tapa frontal, 1 pared de c\u00e1mara, particiones para el laberinto, 1 cabina de pl\u00e1stico, 1 tapa frontal transparente para el contenedor de suelo, 1 contenedor de suelo, 1 maceta de agua, 8 soportes de plantas, 1 cuentagotas, 1 lupa y 2 tarjetas cobertoras.<br \/>\n<strong><span style=\"color: #ff0000;\">Medidas:<\/span> <\/strong>16,5 x 22 x 4,5 cm<br \/>\n<strong><span style=\"color: #ff0000;\">Instrucciones:<\/span> <\/strong><a href=\"#\">Descargar<\/a><\/p>\n","protected":false},"excerpt":{"rendered":"<p>Descubre, experimenta, desarrolla \u00a1Convi\u00e9rtete en investigador\/a cient\u00edfico!<\/p>\n<p>\u00bfPuede una planta abrirse camino a trav\u00e9s de un laberinto?<br \/>\nSuena imposible, pero solo observa como las plantas buscan a trav\u00e9s de un laberinto la salida. Incluso puedes mirar las ra\u00edces que se desarrollan dentro del contenedor de suelo transparente.<\/p>\n<p><strong><span style=\"color: #ff0000;\">C\u00f3digo:<\/span><\/strong> 350\/01<br \/>\n<strong><span style=\"color: #ff0000;\">C\u00f3digo de barras:<\/span><\/strong> 7730549004490<br \/>\n<strong><span style=\"color: #ff0000;\">Edad:<\/span><\/strong>\u00a08 a\u00f1os en adelante<br \/>\n<strong><span style=\"color: #ff0000;\">Jugadores:<\/span><\/strong> 1 o m\u00e1s jugadores<br \/>\n<strong><span style=\"color: #ff0000;\">Contenido:<\/span><\/strong> 1 cubierta superior, 1 tapa frontal, 1 pared de c\u00e1mara, particiones para el laberinto, 1 cabina de pl\u00e1stico, 1 tapa frontal transparente para el contenedor de suelo, 1 contenedor de suelo, 1 maceta de agua, 8 soportes de plantas, 1 cuentagotas, 1 lupa y 2 tarjetas cobertoras.<br \/>\n<strong><span style=\"color: #ff0000;\">Medidas:<\/span> <\/strong>16,5 x 22 x 4,5 cm<br \/>\n<strong><span style=\"color: #ff0000;\">Instrucciones:<\/span> <\/strong><a href=\"#\">Descargar<\/a><\/p>\n","protected":false},"featured_media":206853,"comment_status":"closed","ping_status":"closed","template":"","meta":{"_et_pb_use_builder":"","_et_pb_old_content":"","_et_gb_content_width":"","_uf_show_specific_survey":0,"_uf_disable_surveys":false},"product_brand":[],"product_cat":[73,72,114],"product_tag":[],"class_list":{"0":"post-206859","1":"product","2":"type-product","3":"status-publish","4":"has-post-thumbnail","6":"product_cat-10-a-mas-anos","7":"product_cat-6-a-9-anos","8":"product_cat-juego-eureka","10":"first","11":"instock","12":"taxable","13":"shipping-taxable","14":"purchasable","15":"product-type-simple"},"aioseo_notices":[],"yoast_head":"<!-- This site is optimized with the Yoast SEO plugin v24.8.1 - https:\/\/yoast.com\/wordpress\/plugins\/seo\/ -->\n<title>CRECIENDO EN EL LABERINTO - Didacta<\/title>\n<meta name=\"robots\" content=\"index, follow, max-snippet:-1, max-image-preview:large, max-video-preview:-1\" \/>\n<link rel=\"canonical\" href=\"https:\/\/didacta.com.uy\/sitio\/producto\/creciendo-en-el-laberinto\/\" \/>\n<meta property=\"og:locale\" content=\"es_ES\" \/>\n<meta property=\"og:type\" content=\"article\" \/>\n<meta property=\"og:title\" content=\"CRECIENDO EN EL LABERINTO - Didacta\" \/>\n<meta property=\"og:description\" content=\"Descubre, experimenta, desarrolla \u00a1Convi\u00e9rtete en investigador\/a cient\u00edfico!  \u00bfPuede una planta abrirse camino a trav\u00e9s de un laberinto? Suena imposible, pero solo observa como las plantas buscan a trav\u00e9s de un laberinto la salida. Incluso puedes mirar las ra\u00edces que se desarrollan dentro del contenedor de suelo transparente.  C\u00f3digo: 350\/01 C\u00f3digo de barras: 7730549004490 Edad:\u00a08 a\u00f1os en adelante Jugadores: 1 o m\u00e1s jugadores Contenido: 1 cubierta superior, 1 tapa frontal, 1 pared de c\u00e1mara, particiones para el laberinto, 1 cabina de pl\u00e1stico, 1 tapa frontal transparente para el contenedor de suelo, 1 contenedor de suelo, 1 maceta de agua, 8 soportes de plantas, 1 cuentagotas, 1 lupa y 2 tarjetas cobertoras. Medidas: 16,5 x 22 x 4,5 cm Instrucciones: Descargar\" \/>\n<meta property=\"og:url\" content=\"https:\/\/didacta.com.uy\/sitio\/producto\/creciendo-en-el-laberinto\/\" \/>\n<meta property=\"og:site_name\" content=\"Didacta\" \/>\n<meta property=\"article:modified_time\" content=\"2022-10-05T12:01:00+00:00\" \/>\n<meta property=\"og:image\" content=\"https:\/\/didacta.com.uy\/sitio\/wp-content\/uploads\/2020\/02\/3-8.jpg\" \/>\n\t<meta property=\"og:image:width\" content=\"800\" \/>\n\t<meta property=\"og:image:height\" content=\"600\" \/>\n\t<meta property=\"og:image:type\" content=\"image\/jpeg\" \/>\n<meta name=\"twitter:card\" content=\"summary_large_image\" \/>\n<meta name=\"twitter:label1\" content=\"Tiempo de lectura\" \/>\n\t<meta name=\"twitter:data1\" content=\"1 minuto\" \/>\n<script type=\"application\/ld+json\" class=\"yoast-schema-graph\">{\"@context\":\"https:\/\/schema.org\",\"@graph\":[{\"@type\":\"WebPage\",\"@id\":\"https:\/\/didacta.com.uy\/sitio\/producto\/creciendo-en-el-laberinto\/\",\"url\":\"https:\/\/didacta.com.uy\/sitio\/producto\/creciendo-en-el-laberinto\/\",\"name\":\"CRECIENDO EN EL LABERINTO - Didacta\",\"isPartOf\":{\"@id\":\"https:\/\/didacta.com.uy\/sitio\/#website\"},\"primaryImageOfPage\":{\"@id\":\"https:\/\/didacta.com.uy\/sitio\/producto\/creciendo-en-el-laberinto\/#primaryimage\"},\"image\":{\"@id\":\"https:\/\/didacta.com.uy\/sitio\/producto\/creciendo-en-el-laberinto\/#primaryimage\"},\"thumbnailUrl\":\"https:\/\/didacta.com.uy\/sitio\/wp-content\/uploads\/2020\/02\/3-8.jpg\",\"datePublished\":\"2020-02-10T13:41:27+00:00\",\"dateModified\":\"2022-10-05T12:01:00+00:00\",\"breadcrumb\":{\"@id\":\"https:\/\/didacta.com.uy\/sitio\/producto\/creciendo-en-el-laberinto\/#breadcrumb\"},\"inLanguage\":\"es\",\"potentialAction\":[{\"@type\":\"ReadAction\",\"target\":[\"https:\/\/didacta.com.uy\/sitio\/producto\/creciendo-en-el-laberinto\/\"]}]},{\"@type\":\"ImageObject\",\"inLanguage\":\"es\",\"@id\":\"https:\/\/didacta.com.uy\/sitio\/producto\/creciendo-en-el-laberinto\/#primaryimage\",\"url\":\"https:\/\/didacta.com.uy\/sitio\/wp-content\/uploads\/2020\/02\/3-8.jpg\",\"contentUrl\":\"https:\/\/didacta.com.uy\/sitio\/wp-content\/uploads\/2020\/02\/3-8.jpg\",\"width\":800,\"height\":600},{\"@type\":\"BreadcrumbList\",\"@id\":\"https:\/\/didacta.com.uy\/sitio\/producto\/creciendo-en-el-laberinto\/#breadcrumb\",\"itemListElement\":[{\"@type\":\"ListItem\",\"position\":1,\"name\":\"Portada\",\"item\":\"https:\/\/didacta.com.uy\/sitio\/\"},{\"@type\":\"ListItem\",\"position\":2,\"name\":\"Inicio\",\"item\":\"https:\/\/didacta.com.uy\/sitio\/\"},{\"@type\":\"ListItem\",\"position\":3,\"name\":\"CRECIENDO EN EL LABERINTO\"}]},{\"@type\":\"WebSite\",\"@id\":\"https:\/\/didacta.com.uy\/sitio\/#website\",\"url\":\"https:\/\/didacta.com.uy\/sitio\/\",\"name\":\"Didacta\",\"description\":\"Con m\u00e1s de 20 a\u00f1os de experiencia, DIDACTA es la marca l\u00edder en el mercado uruguayo de juegos de mesa.\",\"potentialAction\":[{\"@type\":\"SearchAction\",\"target\":{\"@type\":\"EntryPoint\",\"urlTemplate\":\"https:\/\/didacta.com.uy\/sitio\/?s={search_term_string}\"},\"query-input\":{\"@type\":\"PropertyValueSpecification\",\"valueRequired\":true,\"valueName\":\"search_term_string\"}}],\"inLanguage\":\"es\"}]}<\/script>\n<!-- \/ Yoast SEO plugin. -->","yoast_head_json":{"title":"CRECIENDO EN EL LABERINTO - Didacta","robots":{"index":"index","follow":"follow","max-snippet":"max-snippet:-1","max-image-preview":"max-image-preview:large","max-video-preview":"max-video-preview:-1"},"canonical":"https:\/\/didacta.com.uy\/sitio\/producto\/creciendo-en-el-laberinto\/","og_locale":"es_ES","og_type":"article","og_title":"CRECIENDO EN EL LABERINTO - Didacta","og_description":"Descubre, experimenta, desarrolla \u00a1Convi\u00e9rtete en investigador\/a cient\u00edfico!  \u00bfPuede una planta abrirse camino a trav\u00e9s de un laberinto? Suena imposible, pero solo observa como las plantas buscan a trav\u00e9s de un laberinto la salida. Incluso puedes mirar las ra\u00edces que se desarrollan dentro del contenedor de suelo transparente.  C\u00f3digo: 350\/01 C\u00f3digo de barras: 7730549004490 Edad:\u00a08 a\u00f1os en adelante Jugadores: 1 o m\u00e1s jugadores Contenido: 1 cubierta superior, 1 tapa frontal, 1 pared de c\u00e1mara, particiones para el laberinto, 1 cabina de pl\u00e1stico, 1 tapa frontal transparente para el contenedor de suelo, 1 contenedor de suelo, 1 maceta de agua, 8 soportes de plantas, 1 cuentagotas, 1 lupa y 2 tarjetas cobertoras. Medidas: 16,5 x 22 x 4,5 cm Instrucciones: Descargar","og_url":"https:\/\/didacta.com.uy\/sitio\/producto\/creciendo-en-el-laberinto\/","og_site_name":"Didacta","article_modified_time":"2022-10-05T12:01:00+00:00","og_image":[{"width":800,"height":600,"url":"https:\/\/didacta.com.uy\/sitio\/wp-content\/uploads\/2020\/02\/3-8.jpg","type":"image\/jpeg"}],"twitter_card":"summary_large_image","twitter_misc":{"Tiempo de lectura":"1 minuto"},"schema":{"@context":"https:\/\/schema.org","@graph":[{"@type":"WebPage","@id":"https:\/\/didacta.com.uy\/sitio\/producto\/creciendo-en-el-laberinto\/","url":"https:\/\/didacta.com.uy\/sitio\/producto\/creciendo-en-el-laberinto\/","name":"CRECIENDO EN EL LABERINTO - Didacta","isPartOf":{"@id":"https:\/\/didacta.com.uy\/sitio\/#website"},"primaryImageOfPage":{"@id":"https:\/\/didacta.com.uy\/sitio\/producto\/creciendo-en-el-laberinto\/#primaryimage"},"image":{"@id":"https:\/\/didacta.com.uy\/sitio\/producto\/creciendo-en-el-laberinto\/#primaryimage"},"thumbnailUrl":"https:\/\/didacta.com.uy\/sitio\/wp-content\/uploads\/2020\/02\/3-8.jpg","datePublished":"2020-02-10T13:41:27+00:00","dateModified":"2022-10-05T12:01:00+00:00","breadcrumb":{"@id":"https:\/\/didacta.com.uy\/sitio\/producto\/creciendo-en-el-laberinto\/#breadcrumb"},"inLanguage":"es","potentialAction":[{"@type":"ReadAction","target":["https:\/\/didacta.com.uy\/sitio\/producto\/creciendo-en-el-laberinto\/"]}]},{"@type":"ImageObject","inLanguage":"es","@id":"https:\/\/didacta.com.uy\/sitio\/producto\/creciendo-en-el-laberinto\/#primaryimage","url":"https:\/\/didacta.com.uy\/sitio\/wp-content\/uploads\/2020\/02\/3-8.jpg","contentUrl":"https:\/\/didacta.com.uy\/sitio\/wp-content\/uploads\/2020\/02\/3-8.jpg","width":800,"height":600},{"@type":"BreadcrumbList","@id":"https:\/\/didacta.com.uy\/sitio\/producto\/creciendo-en-el-laberinto\/#breadcrumb","itemListElement":[{"@type":"ListItem","position":1,"name":"Portada","item":"https:\/\/didacta.com.uy\/sitio\/"},{"@type":"ListItem","position":2,"name":"Inicio","item":"https:\/\/didacta.com.uy\/sitio\/"},{"@type":"ListItem","position":3,"name":"CRECIENDO EN EL LABERINTO"}]},{"@type":"WebSite","@id":"https:\/\/didacta.com.uy\/sitio\/#website","url":"https:\/\/didacta.com.uy\/sitio\/","name":"Didacta","description":"Con m\u00e1s de 20 a\u00f1os de experiencia, DIDACTA es la marca l\u00edder en el mercado uruguayo de juegos de mesa.","potentialAction":[{"@type":"SearchAction","target":{"@type":"EntryPoint","urlTemplate":"https:\/\/didacta.com.uy\/sitio\/?s={search_term_string}"},"query-input":{"@type":"PropertyValueSpecification","valueRequired":true,"valueName":"search_term_string"}}],"inLanguage":"es"}]}},"_links":{"self":[{"href":"https:\/\/didacta.com.uy\/sitio\/wp-json\/wp\/v2\/product\/206859","targetHints":{"allow":["GET"]}}],"collection":[{"href":"https:\/\/didacta.com.uy\/sitio\/wp-json\/wp\/v2\/product"}],"about":[{"href":"https:\/\/didacta.com.uy\/sitio\/wp-json\/wp\/v2\/types\/product"}],"replies":[{"embeddable":true,"href":"https:\/\/didacta.com.uy\/sitio\/wp-json\/wp\/v2\/comments?post=206859"}],"wp:featuredmedia":[{"embeddable":true,"href":"https:\/\/didacta.com.uy\/sitio\/wp-json\/wp\/v2\/media\/206853"}],"wp:attachment":[{"href":"https:\/\/didacta.com.uy\/sitio\/wp-json\/wp\/v2\/media?parent=206859"}],"wp:term":[{"taxonomy":"product_brand","embeddable":true,"href":"https:\/\/didacta.com.uy\/sitio\/wp-json\/wp\/v2\/product_brand?post=206859"},{"taxonomy":"product_cat","embeddable":true,"href":"https:\/\/didacta.com.uy\/sitio\/wp-json\/wp\/v2\/product_cat?post=206859"},{"taxonomy":"product_tag","embeddable":true,"href":"https:\/\/didacta.com.uy\/sitio\/wp-json\/wp\/v2\/product_tag?post=206859"}],"curies":[{"name":"wp","href":"https:\/\/api.w.org\/{rel}","templated":true}]}}