{"id":206850,"date":"2020-02-10T13:27:34","date_gmt":"2020-02-10T13:27:34","guid":{"rendered":"http:\/\/didacta.com.uy\/sitio\/?post_type=product&#038;p=206850"},"modified":"2022-10-05T12:01:00","modified_gmt":"2022-10-05T12:01:00","slug":"mi-primer-set-de-quimica","status":"publish","type":"product","link":"https:\/\/didacta.com.uy\/sitio\/producto\/mi-primer-set-de-quimica\/","title":{"rendered":"MI PRIMER SET DE QU\u00cdMICA"},"content":{"rendered":"<p>Descubre, experimenta, desarrolla \u00a1Convi\u00e9rtete en investigador\/a cient\u00edfico! Los experimentos son procedimientos cient\u00edficos que se realizan para probar una teor\u00eda o confirmar un hecho.<br \/>\nLos de Qu\u00edmica, particularmente, sirven para indagar sobre las caracter\u00edsticas de ciertas sustancias y como estas reaccionan entre si. A trav\u00e9s de este primer Set de Qu\u00edmica, podr\u00e1s comenzar a adentrarte en el interesante mundo de los experimentos qu\u00edmicos.<\/p>\n<p><strong><span style=\"color: #ff0000;\">C\u00f3digo:<\/span> <\/strong>350\/08<br \/>\n<strong><span style=\"color: #ff0000;\">C\u00f3digo de barras:<\/span><\/strong> 7730549004711<br \/>\n<strong><span style=\"color: #ff0000;\">Edad:<\/span> <\/strong>8 a\u00f1os en adelante<br \/>\n<strong><span style=\"color: #ff0000;\">Jugadores:<\/span><\/strong> 1 o m\u00e1s jugadores<br \/>\nContenido: 1 lentes de seguridad, 1 gradilla para tubos de ensayo, 2 cucharas dosificadoras, 2 removedores, 1 gotero, 1 pote de pega (goma)\u00a0l\u00edquida, 3 tubos de ensaye con tapones y 2 vasos dosificadores<br \/>\n<strong><span style=\"color: #ff0000;\">Medidas:<\/span> <\/strong>16,7 x 24 x 6,0 cm<br \/>\n<strong><span style=\"color: #ff0000;\">Instrucciones:<\/span> <\/strong><a href=\"#\">Descargar<\/a><\/p>\n","protected":false},"excerpt":{"rendered":"<p>Descubre, experimenta, desarrolla \u00a1Convi\u00e9rtete en investigador\/a cient\u00edfico! Los experimentos son procedimientos cient\u00edficos que se realizan para probar una teor\u00eda o confirmar un hecho.<br \/>\nLos de Qu\u00edmica, particularmente, sirven para indagar sobre las caracter\u00edsticas de ciertas sustancias y como estas reaccionan entre si. A trav\u00e9s de este primer Set de Qu\u00edmica, podr\u00e1s comenzar a adentrarte en el interesante mundo de los experimentos qu\u00edmicos.<\/p>\n<p><strong><span style=\"color: #ff0000;\">C\u00f3digo:<\/span> <\/strong>350\/08<br \/>\n<strong><span style=\"color: #ff0000;\">C\u00f3digo de barras:<\/span><\/strong> 7730549004711<br \/>\n<strong><span style=\"color: #ff0000;\">Edad:<\/span> <\/strong>8 a\u00f1os en adelante<br \/>\n<strong><span style=\"color: #ff0000;\">Jugadores:<\/span><\/strong> 1 o m\u00e1s jugadores<br \/>\nContenido: 1 lentes de seguridad, 1 gradilla para tubos de ensayo, 2 cucharas dosificadoras, 2 removedores, 1 gotero, 1 pote de pega (goma)\u00a0l\u00edquida, 3 tubos de ensaye con tapones y 2 vasos dosificadores<br \/>\n<strong><span style=\"color: #ff0000;\">Medidas:<\/span> <\/strong>16,7 x 24 x 6,0 cm<br \/>\n<strong><span style=\"color: #ff0000;\">Instrucciones:<\/span> <\/strong><a href=\"#\">Descargar<\/a><\/p>\n","protected":false},"featured_media":206851,"comment_status":"closed","ping_status":"closed","template":"","meta":{"_et_pb_use_builder":"","_et_pb_old_content":"","_et_gb_content_width":"","_uf_show_specific_survey":0,"_uf_disable_surveys":false},"product_brand":[],"product_cat":[73,72,114],"product_tag":[],"class_list":{"0":"post-206850","1":"product","2":"type-product","3":"status-publish","4":"has-post-thumbnail","6":"product_cat-10-a-mas-anos","7":"product_cat-6-a-9-anos","8":"product_cat-juego-eureka","10":"first","11":"instock","12":"taxable","13":"shipping-taxable","14":"purchasable","15":"product-type-simple"},"aioseo_notices":[],"yoast_head":"<!-- This site is optimized with the Yoast SEO plugin v24.8.1 - https:\/\/yoast.com\/wordpress\/plugins\/seo\/ -->\n<title>MI PRIMER SET DE QU\u00cdMICA - Didacta<\/title>\n<meta name=\"robots\" content=\"index, follow, max-snippet:-1, max-image-preview:large, max-video-preview:-1\" \/>\n<link rel=\"canonical\" href=\"https:\/\/didacta.com.uy\/sitio\/producto\/mi-primer-set-de-quimica\/\" \/>\n<meta property=\"og:locale\" content=\"es_ES\" \/>\n<meta property=\"og:type\" content=\"article\" \/>\n<meta property=\"og:title\" content=\"MI PRIMER SET DE QU\u00cdMICA - Didacta\" \/>\n<meta property=\"og:description\" content=\"Descubre, experimenta, desarrolla \u00a1Convi\u00e9rtete en investigador\/a cient\u00edfico! Los experimentos son procedimientos cient\u00edficos que se realizan para probar una teor\u00eda o confirmar un hecho. Los de Qu\u00edmica, particularmente, sirven para indagar sobre las caracter\u00edsticas de ciertas sustancias y como estas reaccionan entre si. A trav\u00e9s de este primer Set de Qu\u00edmica, podr\u00e1s comenzar a adentrarte en el interesante mundo de los experimentos qu\u00edmicos.  C\u00f3digo: 350\/08 C\u00f3digo de barras: 7730549004711 Edad: 8 a\u00f1os en adelante Jugadores: 1 o m\u00e1s jugadores Contenido: 1 lentes de seguridad, 1 gradilla para tubos de ensayo, 2 cucharas dosificadoras, 2 removedores, 1 gotero, 1 pote de pega (goma)\u00a0l\u00edquida, 3 tubos de ensaye con tapones y 2 vasos dosificadores Medidas: 16,7 x 24 x 6,0 cm Instrucciones: Descargar\" \/>\n<meta property=\"og:url\" content=\"https:\/\/didacta.com.uy\/sitio\/producto\/mi-primer-set-de-quimica\/\" \/>\n<meta property=\"og:site_name\" content=\"Didacta\" \/>\n<meta property=\"article:modified_time\" content=\"2022-10-05T12:01:00+00:00\" \/>\n<meta property=\"og:image\" content=\"https:\/\/didacta.com.uy\/sitio\/wp-content\/uploads\/2020\/02\/8-5.jpg\" \/>\n\t<meta property=\"og:image:width\" content=\"800\" \/>\n\t<meta property=\"og:image:height\" content=\"600\" \/>\n\t<meta property=\"og:image:type\" content=\"image\/jpeg\" \/>\n<meta name=\"twitter:card\" content=\"summary_large_image\" \/>\n<meta name=\"twitter:label1\" content=\"Tiempo de lectura\" \/>\n\t<meta name=\"twitter:data1\" content=\"1 minuto\" \/>\n<script type=\"application\/ld+json\" class=\"yoast-schema-graph\">{\"@context\":\"https:\/\/schema.org\",\"@graph\":[{\"@type\":\"WebPage\",\"@id\":\"https:\/\/didacta.com.uy\/sitio\/producto\/mi-primer-set-de-quimica\/\",\"url\":\"https:\/\/didacta.com.uy\/sitio\/producto\/mi-primer-set-de-quimica\/\",\"name\":\"MI PRIMER SET DE QU\u00cdMICA - Didacta\",\"isPartOf\":{\"@id\":\"https:\/\/didacta.com.uy\/sitio\/#website\"},\"primaryImageOfPage\":{\"@id\":\"https:\/\/didacta.com.uy\/sitio\/producto\/mi-primer-set-de-quimica\/#primaryimage\"},\"image\":{\"@id\":\"https:\/\/didacta.com.uy\/sitio\/producto\/mi-primer-set-de-quimica\/#primaryimage\"},\"thumbnailUrl\":\"https:\/\/didacta.com.uy\/sitio\/wp-content\/uploads\/2020\/02\/8-5.jpg\",\"datePublished\":\"2020-02-10T13:27:34+00:00\",\"dateModified\":\"2022-10-05T12:01:00+00:00\",\"breadcrumb\":{\"@id\":\"https:\/\/didacta.com.uy\/sitio\/producto\/mi-primer-set-de-quimica\/#breadcrumb\"},\"inLanguage\":\"es\",\"potentialAction\":[{\"@type\":\"ReadAction\",\"target\":[\"https:\/\/didacta.com.uy\/sitio\/producto\/mi-primer-set-de-quimica\/\"]}]},{\"@type\":\"ImageObject\",\"inLanguage\":\"es\",\"@id\":\"https:\/\/didacta.com.uy\/sitio\/producto\/mi-primer-set-de-quimica\/#primaryimage\",\"url\":\"https:\/\/didacta.com.uy\/sitio\/wp-content\/uploads\/2020\/02\/8-5.jpg\",\"contentUrl\":\"https:\/\/didacta.com.uy\/sitio\/wp-content\/uploads\/2020\/02\/8-5.jpg\",\"width\":800,\"height\":600},{\"@type\":\"BreadcrumbList\",\"@id\":\"https:\/\/didacta.com.uy\/sitio\/producto\/mi-primer-set-de-quimica\/#breadcrumb\",\"itemListElement\":[{\"@type\":\"ListItem\",\"position\":1,\"name\":\"Portada\",\"item\":\"https:\/\/didacta.com.uy\/sitio\/\"},{\"@type\":\"ListItem\",\"position\":2,\"name\":\"Inicio\",\"item\":\"https:\/\/didacta.com.uy\/sitio\/\"},{\"@type\":\"ListItem\",\"position\":3,\"name\":\"MI PRIMER SET DE QU\u00cdMICA\"}]},{\"@type\":\"WebSite\",\"@id\":\"https:\/\/didacta.com.uy\/sitio\/#website\",\"url\":\"https:\/\/didacta.com.uy\/sitio\/\",\"name\":\"Didacta\",\"description\":\"Con m\u00e1s de 20 a\u00f1os de experiencia, DIDACTA es la marca l\u00edder en el mercado uruguayo de juegos de mesa.\",\"potentialAction\":[{\"@type\":\"SearchAction\",\"target\":{\"@type\":\"EntryPoint\",\"urlTemplate\":\"https:\/\/didacta.com.uy\/sitio\/?s={search_term_string}\"},\"query-input\":{\"@type\":\"PropertyValueSpecification\",\"valueRequired\":true,\"valueName\":\"search_term_string\"}}],\"inLanguage\":\"es\"}]}<\/script>\n<!-- \/ Yoast SEO plugin. -->","yoast_head_json":{"title":"MI PRIMER SET DE QU\u00cdMICA - Didacta","robots":{"index":"index","follow":"follow","max-snippet":"max-snippet:-1","max-image-preview":"max-image-preview:large","max-video-preview":"max-video-preview:-1"},"canonical":"https:\/\/didacta.com.uy\/sitio\/producto\/mi-primer-set-de-quimica\/","og_locale":"es_ES","og_type":"article","og_title":"MI PRIMER SET DE QU\u00cdMICA - Didacta","og_description":"Descubre, experimenta, desarrolla \u00a1Convi\u00e9rtete en investigador\/a cient\u00edfico! Los experimentos son procedimientos cient\u00edficos que se realizan para probar una teor\u00eda o confirmar un hecho. Los de Qu\u00edmica, particularmente, sirven para indagar sobre las caracter\u00edsticas de ciertas sustancias y como estas reaccionan entre si. A trav\u00e9s de este primer Set de Qu\u00edmica, podr\u00e1s comenzar a adentrarte en el interesante mundo de los experimentos qu\u00edmicos.  C\u00f3digo: 350\/08 C\u00f3digo de barras: 7730549004711 Edad: 8 a\u00f1os en adelante Jugadores: 1 o m\u00e1s jugadores Contenido: 1 lentes de seguridad, 1 gradilla para tubos de ensayo, 2 cucharas dosificadoras, 2 removedores, 1 gotero, 1 pote de pega (goma)\u00a0l\u00edquida, 3 tubos de ensaye con tapones y 2 vasos dosificadores Medidas: 16,7 x 24 x 6,0 cm Instrucciones: Descargar","og_url":"https:\/\/didacta.com.uy\/sitio\/producto\/mi-primer-set-de-quimica\/","og_site_name":"Didacta","article_modified_time":"2022-10-05T12:01:00+00:00","og_image":[{"width":800,"height":600,"url":"https:\/\/didacta.com.uy\/sitio\/wp-content\/uploads\/2020\/02\/8-5.jpg","type":"image\/jpeg"}],"twitter_card":"summary_large_image","twitter_misc":{"Tiempo de lectura":"1 minuto"},"schema":{"@context":"https:\/\/schema.org","@graph":[{"@type":"WebPage","@id":"https:\/\/didacta.com.uy\/sitio\/producto\/mi-primer-set-de-quimica\/","url":"https:\/\/didacta.com.uy\/sitio\/producto\/mi-primer-set-de-quimica\/","name":"MI PRIMER SET DE QU\u00cdMICA - Didacta","isPartOf":{"@id":"https:\/\/didacta.com.uy\/sitio\/#website"},"primaryImageOfPage":{"@id":"https:\/\/didacta.com.uy\/sitio\/producto\/mi-primer-set-de-quimica\/#primaryimage"},"image":{"@id":"https:\/\/didacta.com.uy\/sitio\/producto\/mi-primer-set-de-quimica\/#primaryimage"},"thumbnailUrl":"https:\/\/didacta.com.uy\/sitio\/wp-content\/uploads\/2020\/02\/8-5.jpg","datePublished":"2020-02-10T13:27:34+00:00","dateModified":"2022-10-05T12:01:00+00:00","breadcrumb":{"@id":"https:\/\/didacta.com.uy\/sitio\/producto\/mi-primer-set-de-quimica\/#breadcrumb"},"inLanguage":"es","potentialAction":[{"@type":"ReadAction","target":["https:\/\/didacta.com.uy\/sitio\/producto\/mi-primer-set-de-quimica\/"]}]},{"@type":"ImageObject","inLanguage":"es","@id":"https:\/\/didacta.com.uy\/sitio\/producto\/mi-primer-set-de-quimica\/#primaryimage","url":"https:\/\/didacta.com.uy\/sitio\/wp-content\/uploads\/2020\/02\/8-5.jpg","contentUrl":"https:\/\/didacta.com.uy\/sitio\/wp-content\/uploads\/2020\/02\/8-5.jpg","width":800,"height":600},{"@type":"BreadcrumbList","@id":"https:\/\/didacta.com.uy\/sitio\/producto\/mi-primer-set-de-quimica\/#breadcrumb","itemListElement":[{"@type":"ListItem","position":1,"name":"Portada","item":"https:\/\/didacta.com.uy\/sitio\/"},{"@type":"ListItem","position":2,"name":"Inicio","item":"https:\/\/didacta.com.uy\/sitio\/"},{"@type":"ListItem","position":3,"name":"MI PRIMER SET DE QU\u00cdMICA"}]},{"@type":"WebSite","@id":"https:\/\/didacta.com.uy\/sitio\/#website","url":"https:\/\/didacta.com.uy\/sitio\/","name":"Didacta","description":"Con m\u00e1s de 20 a\u00f1os de experiencia, DIDACTA es la marca l\u00edder en el mercado uruguayo de juegos de mesa.","potentialAction":[{"@type":"SearchAction","target":{"@type":"EntryPoint","urlTemplate":"https:\/\/didacta.com.uy\/sitio\/?s={search_term_string}"},"query-input":{"@type":"PropertyValueSpecification","valueRequired":true,"valueName":"search_term_string"}}],"inLanguage":"es"}]}},"_links":{"self":[{"href":"https:\/\/didacta.com.uy\/sitio\/wp-json\/wp\/v2\/product\/206850","targetHints":{"allow":["GET"]}}],"collection":[{"href":"https:\/\/didacta.com.uy\/sitio\/wp-json\/wp\/v2\/product"}],"about":[{"href":"https:\/\/didacta.com.uy\/sitio\/wp-json\/wp\/v2\/types\/product"}],"replies":[{"embeddable":true,"href":"https:\/\/didacta.com.uy\/sitio\/wp-json\/wp\/v2\/comments?post=206850"}],"wp:featuredmedia":[{"embeddable":true,"href":"https:\/\/didacta.com.uy\/sitio\/wp-json\/wp\/v2\/media\/206851"}],"wp:attachment":[{"href":"https:\/\/didacta.com.uy\/sitio\/wp-json\/wp\/v2\/media?parent=206850"}],"wp:term":[{"taxonomy":"product_brand","embeddable":true,"href":"https:\/\/didacta.com.uy\/sitio\/wp-json\/wp\/v2\/product_brand?post=206850"},{"taxonomy":"product_cat","embeddable":true,"href":"https:\/\/didacta.com.uy\/sitio\/wp-json\/wp\/v2\/product_cat?post=206850"},{"taxonomy":"product_tag","embeddable":true,"href":"https:\/\/didacta.com.uy\/sitio\/wp-json\/wp\/v2\/product_tag?post=206850"}],"curies":[{"name":"wp","href":"https:\/\/api.w.org\/{rel}","templated":true}]}}