{"id":206828,"date":"2020-02-10T10:46:37","date_gmt":"2020-02-10T10:46:37","guid":{"rendered":"http:\/\/didacta.com.uy\/sitio\/?post_type=product&#038;p=206828"},"modified":"2024-02-14T19:37:04","modified_gmt":"2024-02-14T19:37:04","slug":"mi-comida-encastres-6-modelos","status":"publish","type":"product","link":"https:\/\/didacta.com.uy\/sitio\/producto\/mi-comida-encastres-6-modelos\/","title":{"rendered":"MI COMIDA ENCASTRES &#8211; 6 MODELOS"},"content":{"rendered":"<p>Divert\u00edte jugando con \u00abMi comida\u00bb con un men\u00fa super colorido.<br \/>\nCada juego contiene una tabla de cortar y un cuchillo.<br \/>\nHecho en madera, pensado para los m\u00e1s chiquitos.<\/p>\n<p><strong><span style=\"color: #ff0000;\">C\u00f3digo:<\/span> <\/strong>193\/41<br \/>\n<strong><span style=\"color: #ff0000;\">C\u00f3digo de barras:<\/span> <\/strong>7730549004650<br \/>\n<strong><span style=\"color: #ff0000;\">Edad:<\/span> <\/strong>21 meses en adelante<br \/>\n<strong><span style=\"color: #ff0000;\">Medidas:<\/span> <\/strong>19.5 x 19 x 2.5cm<br \/>\n<strong><span style=\"color: #ff0000;\">Instrucciones:<\/span> <\/strong><a href=\"#\">Descargar<\/a><\/p>\n","protected":false},"excerpt":{"rendered":"<p>Divert\u00edte jugando con \u00abMi comida\u00bb con un men\u00fa super colorido.<br \/>\nCada juego contiene una tabla de cortar y un cuchillo.<br \/>\nHecho en madera, pensado para los m\u00e1s chiquitos.<\/p>\n<p><strong><span style=\"color: #ff0000;\">C\u00f3digo:<\/span> <\/strong>193\/41<br \/>\n<strong><span style=\"color: #ff0000;\">C\u00f3digo de barras:<\/span> <\/strong>7730549004650<br \/>\n<strong><span style=\"color: #ff0000;\">Edad:<\/span> <\/strong>21 meses en adelante<br \/>\n<strong><span style=\"color: #ff0000;\">Medidas:<\/span> <\/strong>19.5 x 19 x 2.5cm<br \/>\n<strong><span style=\"color: #ff0000;\">Instrucciones:<\/span> <\/strong><a href=\"#\">Descargar<\/a><\/p>\n<p><strong><span style=\"color: #ff0000;\">Instrucciones:<\/span> <\/strong><a href=\"#\">Descargar<\/a><\/p>\n","protected":false},"featured_media":207600,"comment_status":"closed","ping_status":"closed","template":"","meta":{"_et_pb_use_builder":"","_et_pb_old_content":"","_et_gb_content_width":"","_uf_show_specific_survey":0,"_uf_disable_surveys":false},"product_brand":[],"product_cat":[70,71,77],"product_tag":[],"class_list":{"0":"post-206828","1":"product","2":"type-product","3":"status-publish","4":"has-post-thumbnail","6":"product_cat-1-a-3-anos","7":"product_cat-3-a-5-anos","8":"product_cat-guden","10":"first","11":"instock","12":"taxable","13":"shipping-taxable","14":"purchasable","15":"product-type-variable"},"aioseo_notices":[],"yoast_head":"<!-- This site is optimized with the Yoast SEO plugin v24.8.1 - https:\/\/yoast.com\/wordpress\/plugins\/seo\/ -->\n<title>MI COMIDA ENCASTRES - 6 MODELOS - Didacta<\/title>\n<meta name=\"robots\" content=\"index, follow, max-snippet:-1, max-image-preview:large, max-video-preview:-1\" \/>\n<link rel=\"canonical\" href=\"https:\/\/didacta.com.uy\/sitio\/producto\/mi-comida-encastres-6-modelos\/\" \/>\n<meta property=\"og:locale\" content=\"es_ES\" \/>\n<meta property=\"og:type\" content=\"article\" \/>\n<meta property=\"og:title\" content=\"MI COMIDA ENCASTRES - 6 MODELOS - Didacta\" \/>\n<meta property=\"og:description\" content=\"Divert\u00edte jugando con &quot;Mi comida&quot; con un men\u00fa super colorido. Cada juego contiene una tabla de cortar y un cuchillo. Hecho en madera, pensado para los m\u00e1s chiquitos.  C\u00f3digo: 193\/41 C\u00f3digo de barras: 7730549004650 Edad: 21 meses en adelante Medidas: 19.5 x 19 x 2.5cm Instrucciones: Descargar  Instrucciones: Descargar\" \/>\n<meta property=\"og:url\" content=\"https:\/\/didacta.com.uy\/sitio\/producto\/mi-comida-encastres-6-modelos\/\" \/>\n<meta property=\"og:site_name\" content=\"Didacta\" \/>\n<meta property=\"article:modified_time\" content=\"2024-02-14T19:37:04+00:00\" \/>\n<meta property=\"og:image\" content=\"https:\/\/didacta.com.uy\/sitio\/wp-content\/uploads\/2020\/06\/193-41_Mi-Comida-Encastres_Hongo_G\u00fcden.jpg\" \/>\n\t<meta property=\"og:image:width\" content=\"1000\" \/>\n\t<meta property=\"og:image:height\" content=\"986\" \/>\n\t<meta property=\"og:image:type\" content=\"image\/jpeg\" \/>\n<meta name=\"twitter:card\" content=\"summary_large_image\" \/>\n<meta name=\"twitter:label1\" content=\"Tiempo de lectura\" \/>\n\t<meta name=\"twitter:data1\" content=\"1 minuto\" \/>\n<script type=\"application\/ld+json\" class=\"yoast-schema-graph\">{\"@context\":\"https:\/\/schema.org\",\"@graph\":[{\"@type\":\"WebPage\",\"@id\":\"https:\/\/didacta.com.uy\/sitio\/producto\/mi-comida-encastres-6-modelos\/\",\"url\":\"https:\/\/didacta.com.uy\/sitio\/producto\/mi-comida-encastres-6-modelos\/\",\"name\":\"MI COMIDA ENCASTRES - 6 MODELOS - Didacta\",\"isPartOf\":{\"@id\":\"https:\/\/didacta.com.uy\/sitio\/#website\"},\"primaryImageOfPage\":{\"@id\":\"https:\/\/didacta.com.uy\/sitio\/producto\/mi-comida-encastres-6-modelos\/#primaryimage\"},\"image\":{\"@id\":\"https:\/\/didacta.com.uy\/sitio\/producto\/mi-comida-encastres-6-modelos\/#primaryimage\"},\"thumbnailUrl\":\"https:\/\/didacta.com.uy\/sitio\/wp-content\/uploads\/2020\/06\/193-41_Mi-Comida-Encastres_Hongo_G\u00fcden.jpg\",\"datePublished\":\"2020-02-10T10:46:37+00:00\",\"dateModified\":\"2024-02-14T19:37:04+00:00\",\"breadcrumb\":{\"@id\":\"https:\/\/didacta.com.uy\/sitio\/producto\/mi-comida-encastres-6-modelos\/#breadcrumb\"},\"inLanguage\":\"es\",\"potentialAction\":[{\"@type\":\"ReadAction\",\"target\":[\"https:\/\/didacta.com.uy\/sitio\/producto\/mi-comida-encastres-6-modelos\/\"]}]},{\"@type\":\"ImageObject\",\"inLanguage\":\"es\",\"@id\":\"https:\/\/didacta.com.uy\/sitio\/producto\/mi-comida-encastres-6-modelos\/#primaryimage\",\"url\":\"https:\/\/didacta.com.uy\/sitio\/wp-content\/uploads\/2020\/06\/193-41_Mi-Comida-Encastres_Hongo_G\u00fcden.jpg\",\"contentUrl\":\"https:\/\/didacta.com.uy\/sitio\/wp-content\/uploads\/2020\/06\/193-41_Mi-Comida-Encastres_Hongo_G\u00fcden.jpg\",\"width\":1000,\"height\":986},{\"@type\":\"BreadcrumbList\",\"@id\":\"https:\/\/didacta.com.uy\/sitio\/producto\/mi-comida-encastres-6-modelos\/#breadcrumb\",\"itemListElement\":[{\"@type\":\"ListItem\",\"position\":1,\"name\":\"Portada\",\"item\":\"https:\/\/didacta.com.uy\/sitio\/\"},{\"@type\":\"ListItem\",\"position\":2,\"name\":\"Inicio\",\"item\":\"https:\/\/didacta.com.uy\/sitio\/\"},{\"@type\":\"ListItem\",\"position\":3,\"name\":\"MI COMIDA ENCASTRES &#8211; 6 MODELOS\"}]},{\"@type\":\"WebSite\",\"@id\":\"https:\/\/didacta.com.uy\/sitio\/#website\",\"url\":\"https:\/\/didacta.com.uy\/sitio\/\",\"name\":\"Didacta\",\"description\":\"Con m\u00e1s de 20 a\u00f1os de experiencia, DIDACTA es la marca l\u00edder en el mercado uruguayo de juegos de mesa.\",\"potentialAction\":[{\"@type\":\"SearchAction\",\"target\":{\"@type\":\"EntryPoint\",\"urlTemplate\":\"https:\/\/didacta.com.uy\/sitio\/?s={search_term_string}\"},\"query-input\":{\"@type\":\"PropertyValueSpecification\",\"valueRequired\":true,\"valueName\":\"search_term_string\"}}],\"inLanguage\":\"es\"}]}<\/script>\n<!-- \/ Yoast SEO plugin. -->","yoast_head_json":{"title":"MI COMIDA ENCASTRES - 6 MODELOS - Didacta","robots":{"index":"index","follow":"follow","max-snippet":"max-snippet:-1","max-image-preview":"max-image-preview:large","max-video-preview":"max-video-preview:-1"},"canonical":"https:\/\/didacta.com.uy\/sitio\/producto\/mi-comida-encastres-6-modelos\/","og_locale":"es_ES","og_type":"article","og_title":"MI COMIDA ENCASTRES - 6 MODELOS - Didacta","og_description":"Divert\u00edte jugando con \"Mi comida\" con un men\u00fa super colorido. Cada juego contiene una tabla de cortar y un cuchillo. Hecho en madera, pensado para los m\u00e1s chiquitos.  C\u00f3digo: 193\/41 C\u00f3digo de barras: 7730549004650 Edad: 21 meses en adelante Medidas: 19.5 x 19 x 2.5cm Instrucciones: Descargar  Instrucciones: Descargar","og_url":"https:\/\/didacta.com.uy\/sitio\/producto\/mi-comida-encastres-6-modelos\/","og_site_name":"Didacta","article_modified_time":"2024-02-14T19:37:04+00:00","og_image":[{"width":1000,"height":986,"url":"https:\/\/didacta.com.uy\/sitio\/wp-content\/uploads\/2020\/06\/193-41_Mi-Comida-Encastres_Hongo_G\u00fcden.jpg","type":"image\/jpeg"}],"twitter_card":"summary_large_image","twitter_misc":{"Tiempo de lectura":"1 minuto"},"schema":{"@context":"https:\/\/schema.org","@graph":[{"@type":"WebPage","@id":"https:\/\/didacta.com.uy\/sitio\/producto\/mi-comida-encastres-6-modelos\/","url":"https:\/\/didacta.com.uy\/sitio\/producto\/mi-comida-encastres-6-modelos\/","name":"MI COMIDA ENCASTRES - 6 MODELOS - Didacta","isPartOf":{"@id":"https:\/\/didacta.com.uy\/sitio\/#website"},"primaryImageOfPage":{"@id":"https:\/\/didacta.com.uy\/sitio\/producto\/mi-comida-encastres-6-modelos\/#primaryimage"},"image":{"@id":"https:\/\/didacta.com.uy\/sitio\/producto\/mi-comida-encastres-6-modelos\/#primaryimage"},"thumbnailUrl":"https:\/\/didacta.com.uy\/sitio\/wp-content\/uploads\/2020\/06\/193-41_Mi-Comida-Encastres_Hongo_G\u00fcden.jpg","datePublished":"2020-02-10T10:46:37+00:00","dateModified":"2024-02-14T19:37:04+00:00","breadcrumb":{"@id":"https:\/\/didacta.com.uy\/sitio\/producto\/mi-comida-encastres-6-modelos\/#breadcrumb"},"inLanguage":"es","potentialAction":[{"@type":"ReadAction","target":["https:\/\/didacta.com.uy\/sitio\/producto\/mi-comida-encastres-6-modelos\/"]}]},{"@type":"ImageObject","inLanguage":"es","@id":"https:\/\/didacta.com.uy\/sitio\/producto\/mi-comida-encastres-6-modelos\/#primaryimage","url":"https:\/\/didacta.com.uy\/sitio\/wp-content\/uploads\/2020\/06\/193-41_Mi-Comida-Encastres_Hongo_G\u00fcden.jpg","contentUrl":"https:\/\/didacta.com.uy\/sitio\/wp-content\/uploads\/2020\/06\/193-41_Mi-Comida-Encastres_Hongo_G\u00fcden.jpg","width":1000,"height":986},{"@type":"BreadcrumbList","@id":"https:\/\/didacta.com.uy\/sitio\/producto\/mi-comida-encastres-6-modelos\/#breadcrumb","itemListElement":[{"@type":"ListItem","position":1,"name":"Portada","item":"https:\/\/didacta.com.uy\/sitio\/"},{"@type":"ListItem","position":2,"name":"Inicio","item":"https:\/\/didacta.com.uy\/sitio\/"},{"@type":"ListItem","position":3,"name":"MI COMIDA ENCASTRES &#8211; 6 MODELOS"}]},{"@type":"WebSite","@id":"https:\/\/didacta.com.uy\/sitio\/#website","url":"https:\/\/didacta.com.uy\/sitio\/","name":"Didacta","description":"Con m\u00e1s de 20 a\u00f1os de experiencia, DIDACTA es la marca l\u00edder en el mercado uruguayo de juegos de mesa.","potentialAction":[{"@type":"SearchAction","target":{"@type":"EntryPoint","urlTemplate":"https:\/\/didacta.com.uy\/sitio\/?s={search_term_string}"},"query-input":{"@type":"PropertyValueSpecification","valueRequired":true,"valueName":"search_term_string"}}],"inLanguage":"es"}]}},"_links":{"self":[{"href":"https:\/\/didacta.com.uy\/sitio\/wp-json\/wp\/v2\/product\/206828","targetHints":{"allow":["GET"]}}],"collection":[{"href":"https:\/\/didacta.com.uy\/sitio\/wp-json\/wp\/v2\/product"}],"about":[{"href":"https:\/\/didacta.com.uy\/sitio\/wp-json\/wp\/v2\/types\/product"}],"replies":[{"embeddable":true,"href":"https:\/\/didacta.com.uy\/sitio\/wp-json\/wp\/v2\/comments?post=206828"}],"wp:featuredmedia":[{"embeddable":true,"href":"https:\/\/didacta.com.uy\/sitio\/wp-json\/wp\/v2\/media\/207600"}],"wp:attachment":[{"href":"https:\/\/didacta.com.uy\/sitio\/wp-json\/wp\/v2\/media?parent=206828"}],"wp:term":[{"taxonomy":"product_brand","embeddable":true,"href":"https:\/\/didacta.com.uy\/sitio\/wp-json\/wp\/v2\/product_brand?post=206828"},{"taxonomy":"product_cat","embeddable":true,"href":"https:\/\/didacta.com.uy\/sitio\/wp-json\/wp\/v2\/product_cat?post=206828"},{"taxonomy":"product_tag","embeddable":true,"href":"https:\/\/didacta.com.uy\/sitio\/wp-json\/wp\/v2\/product_tag?post=206828"}],"curies":[{"name":"wp","href":"https:\/\/api.w.org\/{rel}","templated":true}]}}