{"id":206721,"date":"2020-02-10T04:04:29","date_gmt":"2020-02-10T04:04:29","guid":{"rendered":"http:\/\/didacta.com.uy\/sitio\/?post_type=product&#038;p=206721"},"modified":"2022-10-05T12:01:02","modified_gmt":"2022-10-05T12:01:02","slug":"sombreritos-voladores-mickey","status":"publish","type":"product","link":"https:\/\/didacta.com.uy\/sitio\/producto\/sombreritos-voladores-mickey\/","title":{"rendered":"SOMBRERITOS VOLADORES MICKEY"},"content":{"rendered":"<p>Divi\u00e9rtete con tus amigos con el juego de sombreritos voladores de Mickey.<\/p>\n<p><strong><span style=\"color: #ff0000;\">C\u00f3digo:<\/span><\/strong> 430\/06<br \/>\n<strong><span style=\"color: #ff0000;\">C\u00f3digo de barras:<\/span> <\/strong>7730549002236<br \/>\n<strong><span style=\"color: #ff0000;\">Edad:<\/span><\/strong> 6 a\u00f1os en adelante<br \/>\n<strong><span style=\"color: #ff0000;\">Cantidad de jugadores:<\/span><\/strong> 2 a 4 jugadores<br \/>\n<strong><span style=\"color: #ff0000;\">Contenido:<\/span><\/strong> 1 lanzador, 1 tablero con pl\u00e1stico, 16 sombreritos de 4 colores diferentes.<br \/>\n<strong><span style=\"color: #ff0000;\">Medidas:<\/span><\/strong> 33 x 23 x 4,5 cms<br \/>\n<strong><span style=\"color: #ff0000;\">Instrucciones:<\/span> <\/strong><a href=\"#\">Descargar<\/a><\/p>\n","protected":false},"excerpt":{"rendered":"<p>Divi\u00e9rtete con tus amigos con el juego de sombreritos voladores de Mickey.<\/p>\n<p><strong><span style=\"color: #ff0000;\">C\u00f3digo:<\/span><\/strong> 430\/06<br \/>\n<strong><span style=\"color: #ff0000;\">C\u00f3digo de barras:<\/span> <\/strong>7730549002236<br \/>\n<strong><span style=\"color: #ff0000;\">Edad:<\/span><\/strong> 6 a\u00f1os en adelante<br \/>\n<strong><span style=\"color: #ff0000;\">Cantidad de jugadores:<\/span><\/strong> 2 a 4 jugadores<br \/>\n<strong><span style=\"color: #ff0000;\">Contenido:<\/span><\/strong> 1 lanzador, 1 tablero con pl\u00e1stico, 16 sombreritos de 4 colores diferentes.<br \/>\n<strong><span style=\"color: #ff0000;\">Medidas:<\/span><\/strong> 33 x 23 x 4,5 cms<br \/>\n<strong><span style=\"color: #ff0000;\">Instrucciones:<\/span> <\/strong><a href=\"#\">Descargar<\/a><\/p>\n","protected":false},"featured_media":206775,"comment_status":"closed","ping_status":"closed","template":"","meta":{"_et_pb_use_builder":"","_et_pb_old_content":"","_et_gb_content_width":"","_uf_show_specific_survey":0,"_uf_disable_surveys":false},"product_brand":[],"product_cat":[72,31],"product_tag":[],"class_list":{"0":"post-206721","1":"product","2":"type-product","3":"status-publish","4":"has-post-thumbnail","6":"product_cat-6-a-9-anos","7":"product_cat-mickey","9":"first","10":"instock","11":"taxable","12":"shipping-taxable","13":"purchasable","14":"product-type-simple"},"aioseo_notices":[],"yoast_head":"<!-- This site is optimized with the Yoast SEO plugin v24.8.1 - https:\/\/yoast.com\/wordpress\/plugins\/seo\/ -->\n<title>SOMBRERITOS VOLADORES MICKEY - Didacta<\/title>\n<meta name=\"robots\" content=\"index, follow, max-snippet:-1, max-image-preview:large, max-video-preview:-1\" \/>\n<link rel=\"canonical\" href=\"https:\/\/didacta.com.uy\/sitio\/producto\/sombreritos-voladores-mickey\/\" \/>\n<meta property=\"og:locale\" content=\"es_ES\" \/>\n<meta property=\"og:type\" content=\"article\" \/>\n<meta property=\"og:title\" content=\"SOMBRERITOS VOLADORES MICKEY - Didacta\" \/>\n<meta property=\"og:description\" content=\"Divi\u00e9rtete con tus amigos con el juego de sombreritos voladores de Mickey.  C\u00f3digo: 430\/06 C\u00f3digo de barras: 7730549002236 Edad: 6 a\u00f1os en adelante Cantidad de jugadores: 2 a 4 jugadores Contenido: 1 lanzador, 1 tablero con pl\u00e1stico, 16 sombreritos de 4 colores diferentes. Medidas: 33 x 23 x 4,5 cms Instrucciones: Descargar\" \/>\n<meta property=\"og:url\" content=\"https:\/\/didacta.com.uy\/sitio\/producto\/sombreritos-voladores-mickey\/\" \/>\n<meta property=\"og:site_name\" content=\"Didacta\" \/>\n<meta property=\"article:modified_time\" content=\"2022-10-05T12:01:02+00:00\" \/>\n<meta property=\"og:image\" content=\"https:\/\/didacta.com.uy\/sitio\/wp-content\/uploads\/2020\/02\/33-1.jpg\" \/>\n\t<meta property=\"og:image:width\" content=\"800\" \/>\n\t<meta property=\"og:image:height\" content=\"600\" \/>\n\t<meta property=\"og:image:type\" content=\"image\/jpeg\" \/>\n<meta name=\"twitter:card\" content=\"summary_large_image\" \/>\n<script type=\"application\/ld+json\" class=\"yoast-schema-graph\">{\"@context\":\"https:\/\/schema.org\",\"@graph\":[{\"@type\":\"WebPage\",\"@id\":\"https:\/\/didacta.com.uy\/sitio\/producto\/sombreritos-voladores-mickey\/\",\"url\":\"https:\/\/didacta.com.uy\/sitio\/producto\/sombreritos-voladores-mickey\/\",\"name\":\"SOMBRERITOS VOLADORES MICKEY - Didacta\",\"isPartOf\":{\"@id\":\"https:\/\/didacta.com.uy\/sitio\/#website\"},\"primaryImageOfPage\":{\"@id\":\"https:\/\/didacta.com.uy\/sitio\/producto\/sombreritos-voladores-mickey\/#primaryimage\"},\"image\":{\"@id\":\"https:\/\/didacta.com.uy\/sitio\/producto\/sombreritos-voladores-mickey\/#primaryimage\"},\"thumbnailUrl\":\"https:\/\/didacta.com.uy\/sitio\/wp-content\/uploads\/2020\/02\/33-1.jpg\",\"datePublished\":\"2020-02-10T04:04:29+00:00\",\"dateModified\":\"2022-10-05T12:01:02+00:00\",\"breadcrumb\":{\"@id\":\"https:\/\/didacta.com.uy\/sitio\/producto\/sombreritos-voladores-mickey\/#breadcrumb\"},\"inLanguage\":\"es\",\"potentialAction\":[{\"@type\":\"ReadAction\",\"target\":[\"https:\/\/didacta.com.uy\/sitio\/producto\/sombreritos-voladores-mickey\/\"]}]},{\"@type\":\"ImageObject\",\"inLanguage\":\"es\",\"@id\":\"https:\/\/didacta.com.uy\/sitio\/producto\/sombreritos-voladores-mickey\/#primaryimage\",\"url\":\"https:\/\/didacta.com.uy\/sitio\/wp-content\/uploads\/2020\/02\/33-1.jpg\",\"contentUrl\":\"https:\/\/didacta.com.uy\/sitio\/wp-content\/uploads\/2020\/02\/33-1.jpg\",\"width\":800,\"height\":600},{\"@type\":\"BreadcrumbList\",\"@id\":\"https:\/\/didacta.com.uy\/sitio\/producto\/sombreritos-voladores-mickey\/#breadcrumb\",\"itemListElement\":[{\"@type\":\"ListItem\",\"position\":1,\"name\":\"Portada\",\"item\":\"https:\/\/didacta.com.uy\/sitio\/\"},{\"@type\":\"ListItem\",\"position\":2,\"name\":\"Inicio\",\"item\":\"https:\/\/didacta.com.uy\/sitio\/\"},{\"@type\":\"ListItem\",\"position\":3,\"name\":\"SOMBRERITOS VOLADORES MICKEY\"}]},{\"@type\":\"WebSite\",\"@id\":\"https:\/\/didacta.com.uy\/sitio\/#website\",\"url\":\"https:\/\/didacta.com.uy\/sitio\/\",\"name\":\"Didacta\",\"description\":\"Con m\u00e1s de 20 a\u00f1os de experiencia, DIDACTA es la marca l\u00edder en el mercado uruguayo de juegos de mesa.\",\"potentialAction\":[{\"@type\":\"SearchAction\",\"target\":{\"@type\":\"EntryPoint\",\"urlTemplate\":\"https:\/\/didacta.com.uy\/sitio\/?s={search_term_string}\"},\"query-input\":{\"@type\":\"PropertyValueSpecification\",\"valueRequired\":true,\"valueName\":\"search_term_string\"}}],\"inLanguage\":\"es\"}]}<\/script>\n<!-- \/ Yoast SEO plugin. -->","yoast_head_json":{"title":"SOMBRERITOS VOLADORES MICKEY - Didacta","robots":{"index":"index","follow":"follow","max-snippet":"max-snippet:-1","max-image-preview":"max-image-preview:large","max-video-preview":"max-video-preview:-1"},"canonical":"https:\/\/didacta.com.uy\/sitio\/producto\/sombreritos-voladores-mickey\/","og_locale":"es_ES","og_type":"article","og_title":"SOMBRERITOS VOLADORES MICKEY - Didacta","og_description":"Divi\u00e9rtete con tus amigos con el juego de sombreritos voladores de Mickey.  C\u00f3digo: 430\/06 C\u00f3digo de barras: 7730549002236 Edad: 6 a\u00f1os en adelante Cantidad de jugadores: 2 a 4 jugadores Contenido: 1 lanzador, 1 tablero con pl\u00e1stico, 16 sombreritos de 4 colores diferentes. Medidas: 33 x 23 x 4,5 cms Instrucciones: Descargar","og_url":"https:\/\/didacta.com.uy\/sitio\/producto\/sombreritos-voladores-mickey\/","og_site_name":"Didacta","article_modified_time":"2022-10-05T12:01:02+00:00","og_image":[{"width":800,"height":600,"url":"https:\/\/didacta.com.uy\/sitio\/wp-content\/uploads\/2020\/02\/33-1.jpg","type":"image\/jpeg"}],"twitter_card":"summary_large_image","schema":{"@context":"https:\/\/schema.org","@graph":[{"@type":"WebPage","@id":"https:\/\/didacta.com.uy\/sitio\/producto\/sombreritos-voladores-mickey\/","url":"https:\/\/didacta.com.uy\/sitio\/producto\/sombreritos-voladores-mickey\/","name":"SOMBRERITOS VOLADORES MICKEY - Didacta","isPartOf":{"@id":"https:\/\/didacta.com.uy\/sitio\/#website"},"primaryImageOfPage":{"@id":"https:\/\/didacta.com.uy\/sitio\/producto\/sombreritos-voladores-mickey\/#primaryimage"},"image":{"@id":"https:\/\/didacta.com.uy\/sitio\/producto\/sombreritos-voladores-mickey\/#primaryimage"},"thumbnailUrl":"https:\/\/didacta.com.uy\/sitio\/wp-content\/uploads\/2020\/02\/33-1.jpg","datePublished":"2020-02-10T04:04:29+00:00","dateModified":"2022-10-05T12:01:02+00:00","breadcrumb":{"@id":"https:\/\/didacta.com.uy\/sitio\/producto\/sombreritos-voladores-mickey\/#breadcrumb"},"inLanguage":"es","potentialAction":[{"@type":"ReadAction","target":["https:\/\/didacta.com.uy\/sitio\/producto\/sombreritos-voladores-mickey\/"]}]},{"@type":"ImageObject","inLanguage":"es","@id":"https:\/\/didacta.com.uy\/sitio\/producto\/sombreritos-voladores-mickey\/#primaryimage","url":"https:\/\/didacta.com.uy\/sitio\/wp-content\/uploads\/2020\/02\/33-1.jpg","contentUrl":"https:\/\/didacta.com.uy\/sitio\/wp-content\/uploads\/2020\/02\/33-1.jpg","width":800,"height":600},{"@type":"BreadcrumbList","@id":"https:\/\/didacta.com.uy\/sitio\/producto\/sombreritos-voladores-mickey\/#breadcrumb","itemListElement":[{"@type":"ListItem","position":1,"name":"Portada","item":"https:\/\/didacta.com.uy\/sitio\/"},{"@type":"ListItem","position":2,"name":"Inicio","item":"https:\/\/didacta.com.uy\/sitio\/"},{"@type":"ListItem","position":3,"name":"SOMBRERITOS VOLADORES MICKEY"}]},{"@type":"WebSite","@id":"https:\/\/didacta.com.uy\/sitio\/#website","url":"https:\/\/didacta.com.uy\/sitio\/","name":"Didacta","description":"Con m\u00e1s de 20 a\u00f1os de experiencia, DIDACTA es la marca l\u00edder en el mercado uruguayo de juegos de mesa.","potentialAction":[{"@type":"SearchAction","target":{"@type":"EntryPoint","urlTemplate":"https:\/\/didacta.com.uy\/sitio\/?s={search_term_string}"},"query-input":{"@type":"PropertyValueSpecification","valueRequired":true,"valueName":"search_term_string"}}],"inLanguage":"es"}]}},"_links":{"self":[{"href":"https:\/\/didacta.com.uy\/sitio\/wp-json\/wp\/v2\/product\/206721","targetHints":{"allow":["GET"]}}],"collection":[{"href":"https:\/\/didacta.com.uy\/sitio\/wp-json\/wp\/v2\/product"}],"about":[{"href":"https:\/\/didacta.com.uy\/sitio\/wp-json\/wp\/v2\/types\/product"}],"replies":[{"embeddable":true,"href":"https:\/\/didacta.com.uy\/sitio\/wp-json\/wp\/v2\/comments?post=206721"}],"wp:featuredmedia":[{"embeddable":true,"href":"https:\/\/didacta.com.uy\/sitio\/wp-json\/wp\/v2\/media\/206775"}],"wp:attachment":[{"href":"https:\/\/didacta.com.uy\/sitio\/wp-json\/wp\/v2\/media?parent=206721"}],"wp:term":[{"taxonomy":"product_brand","embeddable":true,"href":"https:\/\/didacta.com.uy\/sitio\/wp-json\/wp\/v2\/product_brand?post=206721"},{"taxonomy":"product_cat","embeddable":true,"href":"https:\/\/didacta.com.uy\/sitio\/wp-json\/wp\/v2\/product_cat?post=206721"},{"taxonomy":"product_tag","embeddable":true,"href":"https:\/\/didacta.com.uy\/sitio\/wp-json\/wp\/v2\/product_tag?post=206721"}],"curies":[{"name":"wp","href":"https:\/\/api.w.org\/{rel}","templated":true}]}}