{"id":205914,"date":"2018-10-03T18:20:04","date_gmt":"2018-10-03T18:20:04","guid":{"rendered":"http:\/\/didacta.com.uy\/sitio\/producto\/pelota-roller-inflable-con-sonido-cascabel-mickey\/"},"modified":"2022-10-05T12:01:03","modified_gmt":"2022-10-05T12:01:03","slug":"pelota-roller-inflable-con-sonido-cascabel-mickey","status":"publish","type":"product","link":"https:\/\/didacta.com.uy\/sitio\/producto\/pelota-roller-inflable-con-sonido-cascabel-mickey\/","title":{"rendered":"PELOTA ROLLER INFLABLE CON SONIDO CASCABEL MICKEY"},"content":{"rendered":"<p>Una divertida y resistente pelota inflable con los personajes de Mickey de Disney, para jugar en donde quieras!<\/p>\n<p><strong><span style=\"color: #ff0000;\">C\u00f3digo:<\/span><\/strong> 430\/14<br \/>\n<strong><span style=\"color: #ff0000;\">C\u00f3digo de barras:<\/span><\/strong> 7730549003523<br \/>\n<strong><span style=\"color: #ff0000;\">Edad:<\/span><\/strong> 1 a\u00f1o en adelante<br \/>\n<strong><span style=\"color: #ff0000;\">Cantidad:<\/span><\/strong> 1 o m\u00e1s jugadores<br \/>\n<strong><span style=\"color: #ff0000;\">Contenido:<\/span><\/strong> 1 pelota inflable<br \/>\n<strong><span style=\"color: #ff0000;\">Medidas:<\/span> <\/strong>22,2&#215;24,2 x 5,7 cm<br \/>\n<strong><span style=\"color: #ff0000;\">Instrucciones:<\/span> <\/strong><a href=\"#\">Descargar<\/a><\/p>\n","protected":false},"excerpt":{"rendered":"<p>Una divertida y resistente pelota inflable con los personajes de Mickey de Disney, para jugar en donde quieras!<\/p>\n<p><strong><span style=\"color: #ff0000;\">C\u00f3digo:<\/span><\/strong> 430\/14<br \/>\n<strong><span style=\"color: #ff0000;\">C\u00f3digo de barras:<\/span><\/strong> 7730549003523<br \/>\n<strong><span style=\"color: #ff0000;\">Edad:<\/span><\/strong> 1 a\u00f1o en adelante<br \/>\n<strong><span style=\"color: #ff0000;\">Cantidad:<\/span><\/strong> 1 o m\u00e1s jugadores<br \/>\n<strong><span style=\"color: #ff0000;\">Contenido:<\/span><\/strong> 1 pelota inflable<br \/>\n<strong><span style=\"color: #ff0000;\">Medidas:<\/span> <\/strong>22,2&#215;24,2 x 5,7 cm<br \/>\n<strong><span style=\"color: #ff0000;\">Instrucciones:<\/span> <\/strong><a href=\"#\">Descargar<\/a><\/p>\n","protected":false},"featured_media":206418,"comment_status":"closed","ping_status":"closed","template":"","meta":{"_et_pb_use_builder":"","_et_pb_old_content":"","_et_gb_content_width":"","_uf_show_specific_survey":0,"_uf_disable_surveys":false},"product_brand":[],"product_cat":[71,31],"product_tag":[],"class_list":{"0":"post-205914","1":"product","2":"type-product","3":"status-publish","4":"has-post-thumbnail","6":"product_cat-3-a-5-anos","7":"product_cat-mickey","9":"first","10":"instock","11":"purchasable","12":"product-type-simple"},"aioseo_notices":[],"yoast_head":"<!-- This site is optimized with the Yoast SEO plugin v24.8.1 - https:\/\/yoast.com\/wordpress\/plugins\/seo\/ -->\n<title>PELOTA ROLLER INFLABLE CON SONIDO CASCABEL MICKEY - Didacta<\/title>\n<meta name=\"robots\" content=\"index, follow, max-snippet:-1, max-image-preview:large, max-video-preview:-1\" \/>\n<link rel=\"canonical\" href=\"https:\/\/didacta.com.uy\/sitio\/producto\/pelota-roller-inflable-con-sonido-cascabel-mickey\/\" \/>\n<meta property=\"og:locale\" content=\"es_ES\" \/>\n<meta property=\"og:type\" content=\"article\" \/>\n<meta property=\"og:title\" content=\"PELOTA ROLLER INFLABLE CON SONIDO CASCABEL MICKEY - Didacta\" \/>\n<meta property=\"og:description\" content=\"Una divertida y resistente pelota inflable con los personajes de Mickey de Disney, para jugar en donde quieras!  C\u00f3digo: 430\/14 C\u00f3digo de barras: 7730549003523 Edad: 1 a\u00f1o en adelante Cantidad: 1 o m\u00e1s jugadores Contenido: 1 pelota inflable Medidas: 22,2x24,2 x 5,7 cm Instrucciones: Descargar\" \/>\n<meta property=\"og:url\" content=\"https:\/\/didacta.com.uy\/sitio\/producto\/pelota-roller-inflable-con-sonido-cascabel-mickey\/\" \/>\n<meta property=\"og:site_name\" content=\"Didacta\" \/>\n<meta property=\"article:modified_time\" content=\"2022-10-05T12:01:03+00:00\" \/>\n<meta property=\"og:image\" content=\"https:\/\/didacta.com.uy\/sitio\/wp-content\/uploads\/2018\/10\/11.jpg\" \/>\n\t<meta property=\"og:image:width\" content=\"800\" \/>\n\t<meta property=\"og:image:height\" content=\"600\" \/>\n\t<meta property=\"og:image:type\" content=\"image\/jpeg\" \/>\n<meta name=\"twitter:card\" content=\"summary_large_image\" \/>\n<script type=\"application\/ld+json\" class=\"yoast-schema-graph\">{\"@context\":\"https:\/\/schema.org\",\"@graph\":[{\"@type\":\"WebPage\",\"@id\":\"https:\/\/didacta.com.uy\/sitio\/producto\/pelota-roller-inflable-con-sonido-cascabel-mickey\/\",\"url\":\"https:\/\/didacta.com.uy\/sitio\/producto\/pelota-roller-inflable-con-sonido-cascabel-mickey\/\",\"name\":\"PELOTA ROLLER INFLABLE CON SONIDO CASCABEL MICKEY - Didacta\",\"isPartOf\":{\"@id\":\"https:\/\/didacta.com.uy\/sitio\/#website\"},\"primaryImageOfPage\":{\"@id\":\"https:\/\/didacta.com.uy\/sitio\/producto\/pelota-roller-inflable-con-sonido-cascabel-mickey\/#primaryimage\"},\"image\":{\"@id\":\"https:\/\/didacta.com.uy\/sitio\/producto\/pelota-roller-inflable-con-sonido-cascabel-mickey\/#primaryimage\"},\"thumbnailUrl\":\"https:\/\/didacta.com.uy\/sitio\/wp-content\/uploads\/2018\/10\/11.jpg\",\"datePublished\":\"2018-10-03T18:20:04+00:00\",\"dateModified\":\"2022-10-05T12:01:03+00:00\",\"breadcrumb\":{\"@id\":\"https:\/\/didacta.com.uy\/sitio\/producto\/pelota-roller-inflable-con-sonido-cascabel-mickey\/#breadcrumb\"},\"inLanguage\":\"es\",\"potentialAction\":[{\"@type\":\"ReadAction\",\"target\":[\"https:\/\/didacta.com.uy\/sitio\/producto\/pelota-roller-inflable-con-sonido-cascabel-mickey\/\"]}]},{\"@type\":\"ImageObject\",\"inLanguage\":\"es\",\"@id\":\"https:\/\/didacta.com.uy\/sitio\/producto\/pelota-roller-inflable-con-sonido-cascabel-mickey\/#primaryimage\",\"url\":\"https:\/\/didacta.com.uy\/sitio\/wp-content\/uploads\/2018\/10\/11.jpg\",\"contentUrl\":\"https:\/\/didacta.com.uy\/sitio\/wp-content\/uploads\/2018\/10\/11.jpg\",\"width\":800,\"height\":600},{\"@type\":\"BreadcrumbList\",\"@id\":\"https:\/\/didacta.com.uy\/sitio\/producto\/pelota-roller-inflable-con-sonido-cascabel-mickey\/#breadcrumb\",\"itemListElement\":[{\"@type\":\"ListItem\",\"position\":1,\"name\":\"Portada\",\"item\":\"https:\/\/didacta.com.uy\/sitio\/\"},{\"@type\":\"ListItem\",\"position\":2,\"name\":\"Inicio\",\"item\":\"https:\/\/didacta.com.uy\/sitio\/\"},{\"@type\":\"ListItem\",\"position\":3,\"name\":\"PELOTA ROLLER INFLABLE CON SONIDO CASCABEL MICKEY\"}]},{\"@type\":\"WebSite\",\"@id\":\"https:\/\/didacta.com.uy\/sitio\/#website\",\"url\":\"https:\/\/didacta.com.uy\/sitio\/\",\"name\":\"Didacta\",\"description\":\"Con m\u00e1s de 20 a\u00f1os de experiencia, DIDACTA es la marca l\u00edder en el mercado uruguayo de juegos de mesa.\",\"potentialAction\":[{\"@type\":\"SearchAction\",\"target\":{\"@type\":\"EntryPoint\",\"urlTemplate\":\"https:\/\/didacta.com.uy\/sitio\/?s={search_term_string}\"},\"query-input\":{\"@type\":\"PropertyValueSpecification\",\"valueRequired\":true,\"valueName\":\"search_term_string\"}}],\"inLanguage\":\"es\"}]}<\/script>\n<!-- \/ Yoast SEO plugin. -->","yoast_head_json":{"title":"PELOTA ROLLER INFLABLE CON SONIDO CASCABEL MICKEY - Didacta","robots":{"index":"index","follow":"follow","max-snippet":"max-snippet:-1","max-image-preview":"max-image-preview:large","max-video-preview":"max-video-preview:-1"},"canonical":"https:\/\/didacta.com.uy\/sitio\/producto\/pelota-roller-inflable-con-sonido-cascabel-mickey\/","og_locale":"es_ES","og_type":"article","og_title":"PELOTA ROLLER INFLABLE CON SONIDO CASCABEL MICKEY - Didacta","og_description":"Una divertida y resistente pelota inflable con los personajes de Mickey de Disney, para jugar en donde quieras!  C\u00f3digo: 430\/14 C\u00f3digo de barras: 7730549003523 Edad: 1 a\u00f1o en adelante Cantidad: 1 o m\u00e1s jugadores Contenido: 1 pelota inflable Medidas: 22,2x24,2 x 5,7 cm Instrucciones: Descargar","og_url":"https:\/\/didacta.com.uy\/sitio\/producto\/pelota-roller-inflable-con-sonido-cascabel-mickey\/","og_site_name":"Didacta","article_modified_time":"2022-10-05T12:01:03+00:00","og_image":[{"width":800,"height":600,"url":"https:\/\/didacta.com.uy\/sitio\/wp-content\/uploads\/2018\/10\/11.jpg","type":"image\/jpeg"}],"twitter_card":"summary_large_image","schema":{"@context":"https:\/\/schema.org","@graph":[{"@type":"WebPage","@id":"https:\/\/didacta.com.uy\/sitio\/producto\/pelota-roller-inflable-con-sonido-cascabel-mickey\/","url":"https:\/\/didacta.com.uy\/sitio\/producto\/pelota-roller-inflable-con-sonido-cascabel-mickey\/","name":"PELOTA ROLLER INFLABLE CON SONIDO CASCABEL MICKEY - Didacta","isPartOf":{"@id":"https:\/\/didacta.com.uy\/sitio\/#website"},"primaryImageOfPage":{"@id":"https:\/\/didacta.com.uy\/sitio\/producto\/pelota-roller-inflable-con-sonido-cascabel-mickey\/#primaryimage"},"image":{"@id":"https:\/\/didacta.com.uy\/sitio\/producto\/pelota-roller-inflable-con-sonido-cascabel-mickey\/#primaryimage"},"thumbnailUrl":"https:\/\/didacta.com.uy\/sitio\/wp-content\/uploads\/2018\/10\/11.jpg","datePublished":"2018-10-03T18:20:04+00:00","dateModified":"2022-10-05T12:01:03+00:00","breadcrumb":{"@id":"https:\/\/didacta.com.uy\/sitio\/producto\/pelota-roller-inflable-con-sonido-cascabel-mickey\/#breadcrumb"},"inLanguage":"es","potentialAction":[{"@type":"ReadAction","target":["https:\/\/didacta.com.uy\/sitio\/producto\/pelota-roller-inflable-con-sonido-cascabel-mickey\/"]}]},{"@type":"ImageObject","inLanguage":"es","@id":"https:\/\/didacta.com.uy\/sitio\/producto\/pelota-roller-inflable-con-sonido-cascabel-mickey\/#primaryimage","url":"https:\/\/didacta.com.uy\/sitio\/wp-content\/uploads\/2018\/10\/11.jpg","contentUrl":"https:\/\/didacta.com.uy\/sitio\/wp-content\/uploads\/2018\/10\/11.jpg","width":800,"height":600},{"@type":"BreadcrumbList","@id":"https:\/\/didacta.com.uy\/sitio\/producto\/pelota-roller-inflable-con-sonido-cascabel-mickey\/#breadcrumb","itemListElement":[{"@type":"ListItem","position":1,"name":"Portada","item":"https:\/\/didacta.com.uy\/sitio\/"},{"@type":"ListItem","position":2,"name":"Inicio","item":"https:\/\/didacta.com.uy\/sitio\/"},{"@type":"ListItem","position":3,"name":"PELOTA ROLLER INFLABLE CON SONIDO CASCABEL MICKEY"}]},{"@type":"WebSite","@id":"https:\/\/didacta.com.uy\/sitio\/#website","url":"https:\/\/didacta.com.uy\/sitio\/","name":"Didacta","description":"Con m\u00e1s de 20 a\u00f1os de experiencia, DIDACTA es la marca l\u00edder en el mercado uruguayo de juegos de mesa.","potentialAction":[{"@type":"SearchAction","target":{"@type":"EntryPoint","urlTemplate":"https:\/\/didacta.com.uy\/sitio\/?s={search_term_string}"},"query-input":{"@type":"PropertyValueSpecification","valueRequired":true,"valueName":"search_term_string"}}],"inLanguage":"es"}]}},"_links":{"self":[{"href":"https:\/\/didacta.com.uy\/sitio\/wp-json\/wp\/v2\/product\/205914","targetHints":{"allow":["GET"]}}],"collection":[{"href":"https:\/\/didacta.com.uy\/sitio\/wp-json\/wp\/v2\/product"}],"about":[{"href":"https:\/\/didacta.com.uy\/sitio\/wp-json\/wp\/v2\/types\/product"}],"replies":[{"embeddable":true,"href":"https:\/\/didacta.com.uy\/sitio\/wp-json\/wp\/v2\/comments?post=205914"}],"wp:featuredmedia":[{"embeddable":true,"href":"https:\/\/didacta.com.uy\/sitio\/wp-json\/wp\/v2\/media\/206418"}],"wp:attachment":[{"href":"https:\/\/didacta.com.uy\/sitio\/wp-json\/wp\/v2\/media?parent=205914"}],"wp:term":[{"taxonomy":"product_brand","embeddable":true,"href":"https:\/\/didacta.com.uy\/sitio\/wp-json\/wp\/v2\/product_brand?post=205914"},{"taxonomy":"product_cat","embeddable":true,"href":"https:\/\/didacta.com.uy\/sitio\/wp-json\/wp\/v2\/product_cat?post=205914"},{"taxonomy":"product_tag","embeddable":true,"href":"https:\/\/didacta.com.uy\/sitio\/wp-json\/wp\/v2\/product_tag?post=205914"}],"curies":[{"name":"wp","href":"https:\/\/api.w.org\/{rel}","templated":true}]}}