{"id":205893,"date":"2018-10-03T18:19:14","date_gmt":"2018-10-03T18:19:14","guid":{"rendered":"http:\/\/didacta.com.uy\/sitio\/producto\/pizarra-doble-faz-en-madera-spiderman\/"},"modified":"2022-10-05T12:01:00","modified_gmt":"2022-10-05T12:01:00","slug":"pizarra-doble-faz-en-madera-spiderman","status":"publish","type":"product","link":"https:\/\/didacta.com.uy\/sitio\/producto\/pizarra-doble-faz-en-madera-spiderman\/","title":{"rendered":"PIZARRA DOBLE FAZ EN MADERA SPIDERMAN"},"content":{"rendered":"<p>Pinta, borra y volve a pintar cuantas veces quieras con la super pizarra de Spiderman!<\/p>\n<p><strong><span style=\"color: #ff0000;\">C\u00f3digo:<\/span><\/strong> 290\/07<br \/>\n<strong><span style=\"color: #ff0000;\">C\u00f3digo de barras:<\/span><\/strong> 7730549003783<br \/>\n<strong><span style=\"color: #ff0000;\">Edad:<\/span> <\/strong>2 a\u00f1os en adelante<br \/>\n<strong><span style=\"color: #ff0000;\">Medidas:<\/span> <\/strong>44,5 x 31,5cm<br \/>\n<strong><span style=\"color: #ff0000;\">Instrucciones:<\/span> <\/strong><a href=\"#\">Descargar<\/a><\/p>\n","protected":false},"excerpt":{"rendered":"<p>Pinta, borra y volve a pintar cuantas veces quieras con la super pizarra de Spiderman!<\/p>\n<p><strong><span style=\"color: #ff0000;\">C\u00f3digo:<\/span><\/strong> 290\/07<br \/>\n<strong><span style=\"color: #ff0000;\">C\u00f3digo de barras:<\/span><\/strong> 7730549003783<br \/>\n<strong><span style=\"color: #ff0000;\">Edad:<\/span> <\/strong>2 a\u00f1os en adelante<br \/>\n<strong><span style=\"color: #ff0000;\">Medidas:<\/span> <\/strong>44,5 x 31,5cm<br \/>\n<strong><span style=\"color: #ff0000;\">Instrucciones:<\/span> <\/strong><a href=\"#\">Descargar<\/a><\/p>\n","protected":false},"featured_media":205630,"comment_status":"closed","ping_status":"closed","template":"","meta":{"_et_pb_use_builder":"","_et_pb_old_content":"","_et_gb_content_width":"","_uf_show_specific_survey":0,"_uf_disable_surveys":false},"product_brand":[],"product_cat":[71,72,97],"product_tag":[],"class_list":{"0":"post-205893","1":"product","2":"type-product","3":"status-publish","4":"has-post-thumbnail","6":"product_cat-3-a-5-anos","7":"product_cat-6-a-9-anos","8":"product_cat-spider-man","10":"first","11":"instock","12":"purchasable","13":"product-type-simple"},"aioseo_notices":[],"yoast_head":"<!-- This site is optimized with the Yoast SEO plugin v24.8.1 - https:\/\/yoast.com\/wordpress\/plugins\/seo\/ -->\n<title>PIZARRA DOBLE FAZ EN MADERA SPIDERMAN - Didacta<\/title>\n<meta name=\"robots\" content=\"index, follow, max-snippet:-1, max-image-preview:large, max-video-preview:-1\" \/>\n<link rel=\"canonical\" href=\"https:\/\/didacta.com.uy\/sitio\/producto\/pizarra-doble-faz-en-madera-spiderman\/\" \/>\n<meta property=\"og:locale\" content=\"es_ES\" \/>\n<meta property=\"og:type\" content=\"article\" \/>\n<meta property=\"og:title\" content=\"PIZARRA DOBLE FAZ EN MADERA SPIDERMAN - Didacta\" \/>\n<meta property=\"og:description\" content=\"Pinta, borra y volve a pintar cuantas veces quieras con la super pizarra de Spiderman!  C\u00f3digo: 290\/07 C\u00f3digo de barras: 7730549003783 Edad: 2 a\u00f1os en adelante Medidas: 44,5 x 31,5cm Instrucciones: Descargar\" \/>\n<meta property=\"og:url\" content=\"https:\/\/didacta.com.uy\/sitio\/producto\/pizarra-doble-faz-en-madera-spiderman\/\" \/>\n<meta property=\"og:site_name\" content=\"Didacta\" \/>\n<meta property=\"article:modified_time\" content=\"2022-10-05T12:01:00+00:00\" \/>\n<meta property=\"og:image\" content=\"https:\/\/didacta.com.uy\/sitio\/wp-content\/uploads\/2018\/10\/29007.jpg\" \/>\n\t<meta property=\"og:image:width\" content=\"800\" \/>\n\t<meta property=\"og:image:height\" content=\"600\" \/>\n\t<meta property=\"og:image:type\" content=\"image\/jpeg\" \/>\n<meta name=\"twitter:card\" content=\"summary_large_image\" \/>\n<script type=\"application\/ld+json\" class=\"yoast-schema-graph\">{\"@context\":\"https:\/\/schema.org\",\"@graph\":[{\"@type\":\"WebPage\",\"@id\":\"https:\/\/didacta.com.uy\/sitio\/producto\/pizarra-doble-faz-en-madera-spiderman\/\",\"url\":\"https:\/\/didacta.com.uy\/sitio\/producto\/pizarra-doble-faz-en-madera-spiderman\/\",\"name\":\"PIZARRA DOBLE FAZ EN MADERA SPIDERMAN - Didacta\",\"isPartOf\":{\"@id\":\"https:\/\/didacta.com.uy\/sitio\/#website\"},\"primaryImageOfPage\":{\"@id\":\"https:\/\/didacta.com.uy\/sitio\/producto\/pizarra-doble-faz-en-madera-spiderman\/#primaryimage\"},\"image\":{\"@id\":\"https:\/\/didacta.com.uy\/sitio\/producto\/pizarra-doble-faz-en-madera-spiderman\/#primaryimage\"},\"thumbnailUrl\":\"https:\/\/didacta.com.uy\/sitio\/wp-content\/uploads\/2018\/10\/29007.jpg\",\"datePublished\":\"2018-10-03T18:19:14+00:00\",\"dateModified\":\"2022-10-05T12:01:00+00:00\",\"breadcrumb\":{\"@id\":\"https:\/\/didacta.com.uy\/sitio\/producto\/pizarra-doble-faz-en-madera-spiderman\/#breadcrumb\"},\"inLanguage\":\"es\",\"potentialAction\":[{\"@type\":\"ReadAction\",\"target\":[\"https:\/\/didacta.com.uy\/sitio\/producto\/pizarra-doble-faz-en-madera-spiderman\/\"]}]},{\"@type\":\"ImageObject\",\"inLanguage\":\"es\",\"@id\":\"https:\/\/didacta.com.uy\/sitio\/producto\/pizarra-doble-faz-en-madera-spiderman\/#primaryimage\",\"url\":\"https:\/\/didacta.com.uy\/sitio\/wp-content\/uploads\/2018\/10\/29007.jpg\",\"contentUrl\":\"https:\/\/didacta.com.uy\/sitio\/wp-content\/uploads\/2018\/10\/29007.jpg\",\"width\":800,\"height\":600},{\"@type\":\"BreadcrumbList\",\"@id\":\"https:\/\/didacta.com.uy\/sitio\/producto\/pizarra-doble-faz-en-madera-spiderman\/#breadcrumb\",\"itemListElement\":[{\"@type\":\"ListItem\",\"position\":1,\"name\":\"Portada\",\"item\":\"https:\/\/didacta.com.uy\/sitio\/\"},{\"@type\":\"ListItem\",\"position\":2,\"name\":\"Inicio\",\"item\":\"https:\/\/didacta.com.uy\/sitio\/\"},{\"@type\":\"ListItem\",\"position\":3,\"name\":\"PIZARRA DOBLE FAZ EN MADERA SPIDERMAN\"}]},{\"@type\":\"WebSite\",\"@id\":\"https:\/\/didacta.com.uy\/sitio\/#website\",\"url\":\"https:\/\/didacta.com.uy\/sitio\/\",\"name\":\"Didacta\",\"description\":\"Con m\u00e1s de 20 a\u00f1os de experiencia, DIDACTA es la marca l\u00edder en el mercado uruguayo de juegos de mesa.\",\"potentialAction\":[{\"@type\":\"SearchAction\",\"target\":{\"@type\":\"EntryPoint\",\"urlTemplate\":\"https:\/\/didacta.com.uy\/sitio\/?s={search_term_string}\"},\"query-input\":{\"@type\":\"PropertyValueSpecification\",\"valueRequired\":true,\"valueName\":\"search_term_string\"}}],\"inLanguage\":\"es\"}]}<\/script>\n<!-- \/ Yoast SEO plugin. -->","yoast_head_json":{"title":"PIZARRA DOBLE FAZ EN MADERA SPIDERMAN - Didacta","robots":{"index":"index","follow":"follow","max-snippet":"max-snippet:-1","max-image-preview":"max-image-preview:large","max-video-preview":"max-video-preview:-1"},"canonical":"https:\/\/didacta.com.uy\/sitio\/producto\/pizarra-doble-faz-en-madera-spiderman\/","og_locale":"es_ES","og_type":"article","og_title":"PIZARRA DOBLE FAZ EN MADERA SPIDERMAN - Didacta","og_description":"Pinta, borra y volve a pintar cuantas veces quieras con la super pizarra de Spiderman!  C\u00f3digo: 290\/07 C\u00f3digo de barras: 7730549003783 Edad: 2 a\u00f1os en adelante Medidas: 44,5 x 31,5cm Instrucciones: Descargar","og_url":"https:\/\/didacta.com.uy\/sitio\/producto\/pizarra-doble-faz-en-madera-spiderman\/","og_site_name":"Didacta","article_modified_time":"2022-10-05T12:01:00+00:00","og_image":[{"width":800,"height":600,"url":"https:\/\/didacta.com.uy\/sitio\/wp-content\/uploads\/2018\/10\/29007.jpg","type":"image\/jpeg"}],"twitter_card":"summary_large_image","schema":{"@context":"https:\/\/schema.org","@graph":[{"@type":"WebPage","@id":"https:\/\/didacta.com.uy\/sitio\/producto\/pizarra-doble-faz-en-madera-spiderman\/","url":"https:\/\/didacta.com.uy\/sitio\/producto\/pizarra-doble-faz-en-madera-spiderman\/","name":"PIZARRA DOBLE FAZ EN MADERA SPIDERMAN - Didacta","isPartOf":{"@id":"https:\/\/didacta.com.uy\/sitio\/#website"},"primaryImageOfPage":{"@id":"https:\/\/didacta.com.uy\/sitio\/producto\/pizarra-doble-faz-en-madera-spiderman\/#primaryimage"},"image":{"@id":"https:\/\/didacta.com.uy\/sitio\/producto\/pizarra-doble-faz-en-madera-spiderman\/#primaryimage"},"thumbnailUrl":"https:\/\/didacta.com.uy\/sitio\/wp-content\/uploads\/2018\/10\/29007.jpg","datePublished":"2018-10-03T18:19:14+00:00","dateModified":"2022-10-05T12:01:00+00:00","breadcrumb":{"@id":"https:\/\/didacta.com.uy\/sitio\/producto\/pizarra-doble-faz-en-madera-spiderman\/#breadcrumb"},"inLanguage":"es","potentialAction":[{"@type":"ReadAction","target":["https:\/\/didacta.com.uy\/sitio\/producto\/pizarra-doble-faz-en-madera-spiderman\/"]}]},{"@type":"ImageObject","inLanguage":"es","@id":"https:\/\/didacta.com.uy\/sitio\/producto\/pizarra-doble-faz-en-madera-spiderman\/#primaryimage","url":"https:\/\/didacta.com.uy\/sitio\/wp-content\/uploads\/2018\/10\/29007.jpg","contentUrl":"https:\/\/didacta.com.uy\/sitio\/wp-content\/uploads\/2018\/10\/29007.jpg","width":800,"height":600},{"@type":"BreadcrumbList","@id":"https:\/\/didacta.com.uy\/sitio\/producto\/pizarra-doble-faz-en-madera-spiderman\/#breadcrumb","itemListElement":[{"@type":"ListItem","position":1,"name":"Portada","item":"https:\/\/didacta.com.uy\/sitio\/"},{"@type":"ListItem","position":2,"name":"Inicio","item":"https:\/\/didacta.com.uy\/sitio\/"},{"@type":"ListItem","position":3,"name":"PIZARRA DOBLE FAZ EN MADERA SPIDERMAN"}]},{"@type":"WebSite","@id":"https:\/\/didacta.com.uy\/sitio\/#website","url":"https:\/\/didacta.com.uy\/sitio\/","name":"Didacta","description":"Con m\u00e1s de 20 a\u00f1os de experiencia, DIDACTA es la marca l\u00edder en el mercado uruguayo de juegos de mesa.","potentialAction":[{"@type":"SearchAction","target":{"@type":"EntryPoint","urlTemplate":"https:\/\/didacta.com.uy\/sitio\/?s={search_term_string}"},"query-input":{"@type":"PropertyValueSpecification","valueRequired":true,"valueName":"search_term_string"}}],"inLanguage":"es"}]}},"_links":{"self":[{"href":"https:\/\/didacta.com.uy\/sitio\/wp-json\/wp\/v2\/product\/205893","targetHints":{"allow":["GET"]}}],"collection":[{"href":"https:\/\/didacta.com.uy\/sitio\/wp-json\/wp\/v2\/product"}],"about":[{"href":"https:\/\/didacta.com.uy\/sitio\/wp-json\/wp\/v2\/types\/product"}],"replies":[{"embeddable":true,"href":"https:\/\/didacta.com.uy\/sitio\/wp-json\/wp\/v2\/comments?post=205893"}],"wp:featuredmedia":[{"embeddable":true,"href":"https:\/\/didacta.com.uy\/sitio\/wp-json\/wp\/v2\/media\/205630"}],"wp:attachment":[{"href":"https:\/\/didacta.com.uy\/sitio\/wp-json\/wp\/v2\/media?parent=205893"}],"wp:term":[{"taxonomy":"product_brand","embeddable":true,"href":"https:\/\/didacta.com.uy\/sitio\/wp-json\/wp\/v2\/product_brand?post=205893"},{"taxonomy":"product_cat","embeddable":true,"href":"https:\/\/didacta.com.uy\/sitio\/wp-json\/wp\/v2\/product_cat?post=205893"},{"taxonomy":"product_tag","embeddable":true,"href":"https:\/\/didacta.com.uy\/sitio\/wp-json\/wp\/v2\/product_tag?post=205893"}],"curies":[{"name":"wp","href":"https:\/\/api.w.org\/{rel}","templated":true}]}}