{"id":205870,"date":"2018-10-03T18:17:46","date_gmt":"2018-10-03T18:17:46","guid":{"rendered":"http:\/\/didacta.com.uy\/sitio\/producto\/bolingenia\/"},"modified":"2024-01-09T15:17:40","modified_gmt":"2024-01-09T15:17:40","slug":"bolingenia","status":"publish","type":"product","link":"https:\/\/didacta.com.uy\/sitio\/producto\/bolingenia\/","title":{"rendered":"BOLINGENIA"},"content":{"rendered":"<p>\u00a1Con la l\u00ednea Topa Topa jug\u00e1 y aprend\u00e9! Divertite con esta pelota desarmable, creando formas ingeniosas, estimulando la creatividad, imaginaci\u00f3n, coordinaci\u00f3n y el conocimiento de los colores .<\/p>\n<p><strong><span style=\"color: #ff0000;\">C\u00f3digo:<\/span><\/strong> 600\/08<br \/>\n<strong><span style=\"color: #ff0000;\">C\u00f3digo de barras:<\/span><\/strong> 7730549600081<br \/>\n<strong><span style=\"color: #ff0000;\">Cantidad de jugadores:<\/span><\/strong> 1 o m\u00e1s jugadores<br \/>\n<strong><span style=\"color: #ff0000;\">Edad:<\/span><\/strong> 1 a\u00f1o en adelante<br \/>\n<span style=\"color: #ff0000;\"><strong>Cantidad de piezas:<\/strong><\/span> 1 pelota desarmable de 5 piezas<br \/>\n<span style=\"color: #ff0000;\"><strong>Medidas:<\/strong> <\/span>19,5 x 19,5 x 9,5 cm<br \/>\n<strong><span style=\"color: #ff0000;\">Instrucciones:<\/span> <\/strong><a href=\"#\">Descargar<\/a><\/p>\n<p><iframe loading=\"lazy\" width=\"560\" height=\"315\" src=\"https:\/\/www.youtube.com\/embed\/c9-DqN-Aazw?si=rvHuXaenQ3Rfu0UX\" title=\"YouTube video player\" frameborder=\"0\" allow=\"accelerometer; autoplay; clipboard-write; encrypted-media; gyroscope; picture-in-picture; web-share\" allowfullscreen><\/iframe><\/p>\n","protected":false},"excerpt":{"rendered":"<p>\u00a1Con la l\u00ednea Topa Topa jug\u00e1 y aprend\u00e9! Divertite con esta pelota desarmable, creando formas ingeniosas, estimulando la creatividad, imaginaci\u00f3n, coordinaci\u00f3n y el conocimiento de los colores .<\/p>\n<p><strong><span style=\"color: #ff0000;\">C\u00f3digo:<\/span><\/strong> 600\/08<br \/>\n<strong><span style=\"color: #ff0000;\">C\u00f3digo de barras:<\/span><\/strong> 7730549600081<br \/>\n<strong><span style=\"color: #ff0000;\">Cantidad de jugadores:<\/span><\/strong> 1 o m\u00e1s jugadores<br \/>\n<strong><span style=\"color: #ff0000;\">Edad:<\/span><\/strong> 1 a\u00f1o en adelante<br \/>\n<span style=\"color: #ff0000;\"><strong>Cantidad de piezas:<\/strong><\/span> 1 pelota desarmable de 5 piezas<br \/>\n<span style=\"color: #ff0000;\"><strong>Medidas:<\/strong> <\/span>19,5 x 19,5 x 9,5 cm<br \/>\n<strong><span style=\"color: #ff0000;\">Instrucciones:<\/span> <\/strong><a href=\"#\">Descargar<\/a> <\/p>\n<p><iframe loading=\"lazy\" width=\"560\" height=\"315\" src=\"https:\/\/www.youtube.com\/embed\/c9-DqN-Aazw?si=rvHuXaenQ3Rfu0UX\" title=\"YouTube video player\" frameborder=\"0\" allow=\"accelerometer; autoplay; clipboard-write; encrypted-media; gyroscope; picture-in-picture; web-share\" allowfullscreen><\/iframe><\/p>\n","protected":false},"featured_media":206965,"comment_status":"closed","ping_status":"closed","template":"","meta":{"_et_pb_use_builder":"","_et_pb_old_content":"","_et_gb_content_width":"","_uf_show_specific_survey":0,"_uf_disable_surveys":false},"product_brand":[],"product_cat":[70,27],"product_tag":[],"class_list":{"0":"post-205870","1":"product","2":"type-product","3":"status-publish","4":"has-post-thumbnail","6":"product_cat-1-a-3-anos","7":"product_cat-topa-topa","9":"first","10":"instock","11":"purchasable","12":"product-type-simple"},"aioseo_notices":[],"yoast_head":"<!-- This site is optimized with the Yoast SEO plugin v24.8.1 - https:\/\/yoast.com\/wordpress\/plugins\/seo\/ -->\n<title>BOLINGENIA - Didacta<\/title>\n<meta name=\"robots\" content=\"index, follow, max-snippet:-1, max-image-preview:large, max-video-preview:-1\" \/>\n<link rel=\"canonical\" href=\"https:\/\/didacta.com.uy\/sitio\/producto\/bolingenia\/\" \/>\n<meta property=\"og:locale\" content=\"es_ES\" \/>\n<meta property=\"og:type\" content=\"article\" \/>\n<meta property=\"og:title\" content=\"BOLINGENIA - Didacta\" \/>\n<meta property=\"og:description\" content=\"\u00a1Con la l\u00ednea Topa Topa jug\u00e1 y aprend\u00e9! Divertite con esta pelota desarmable, creando formas ingeniosas, estimulando la creatividad, imaginaci\u00f3n, coordinaci\u00f3n y el conocimiento de los colores .  C\u00f3digo: 600\/08 C\u00f3digo de barras: 7730549600081 Cantidad de jugadores: 1 o m\u00e1s jugadores Edad: 1 a\u00f1o en adelante Cantidad de piezas: 1 pelota desarmable de 5 piezas Medidas: 19,5 x 19,5 x 9,5 cm Instrucciones: Descargar\" \/>\n<meta property=\"og:url\" content=\"https:\/\/didacta.com.uy\/sitio\/producto\/bolingenia\/\" \/>\n<meta property=\"og:site_name\" content=\"Didacta\" \/>\n<meta property=\"article:modified_time\" content=\"2024-01-09T15:17:40+00:00\" \/>\n<meta property=\"og:image\" content=\"https:\/\/didacta.com.uy\/sitio\/wp-content\/uploads\/2018\/10\/bolingenia.jpg\" \/>\n\t<meta property=\"og:image:width\" content=\"800\" \/>\n\t<meta property=\"og:image:height\" content=\"600\" \/>\n\t<meta property=\"og:image:type\" content=\"image\/jpeg\" \/>\n<meta name=\"twitter:card\" content=\"summary_large_image\" \/>\n<meta name=\"twitter:label1\" content=\"Tiempo de lectura\" \/>\n\t<meta name=\"twitter:data1\" content=\"1 minuto\" \/>\n<script type=\"application\/ld+json\" class=\"yoast-schema-graph\">{\"@context\":\"https:\/\/schema.org\",\"@graph\":[{\"@type\":\"WebPage\",\"@id\":\"https:\/\/didacta.com.uy\/sitio\/producto\/bolingenia\/\",\"url\":\"https:\/\/didacta.com.uy\/sitio\/producto\/bolingenia\/\",\"name\":\"BOLINGENIA - Didacta\",\"isPartOf\":{\"@id\":\"https:\/\/didacta.com.uy\/sitio\/#website\"},\"primaryImageOfPage\":{\"@id\":\"https:\/\/didacta.com.uy\/sitio\/producto\/bolingenia\/#primaryimage\"},\"image\":{\"@id\":\"https:\/\/didacta.com.uy\/sitio\/producto\/bolingenia\/#primaryimage\"},\"thumbnailUrl\":\"https:\/\/didacta.com.uy\/sitio\/wp-content\/uploads\/2018\/10\/bolingenia.jpg\",\"datePublished\":\"2018-10-03T18:17:46+00:00\",\"dateModified\":\"2024-01-09T15:17:40+00:00\",\"breadcrumb\":{\"@id\":\"https:\/\/didacta.com.uy\/sitio\/producto\/bolingenia\/#breadcrumb\"},\"inLanguage\":\"es\",\"potentialAction\":[{\"@type\":\"ReadAction\",\"target\":[\"https:\/\/didacta.com.uy\/sitio\/producto\/bolingenia\/\"]}]},{\"@type\":\"ImageObject\",\"inLanguage\":\"es\",\"@id\":\"https:\/\/didacta.com.uy\/sitio\/producto\/bolingenia\/#primaryimage\",\"url\":\"https:\/\/didacta.com.uy\/sitio\/wp-content\/uploads\/2018\/10\/bolingenia.jpg\",\"contentUrl\":\"https:\/\/didacta.com.uy\/sitio\/wp-content\/uploads\/2018\/10\/bolingenia.jpg\",\"width\":800,\"height\":600},{\"@type\":\"BreadcrumbList\",\"@id\":\"https:\/\/didacta.com.uy\/sitio\/producto\/bolingenia\/#breadcrumb\",\"itemListElement\":[{\"@type\":\"ListItem\",\"position\":1,\"name\":\"Portada\",\"item\":\"https:\/\/didacta.com.uy\/sitio\/\"},{\"@type\":\"ListItem\",\"position\":2,\"name\":\"Inicio\",\"item\":\"https:\/\/didacta.com.uy\/sitio\/\"},{\"@type\":\"ListItem\",\"position\":3,\"name\":\"BOLINGENIA\"}]},{\"@type\":\"WebSite\",\"@id\":\"https:\/\/didacta.com.uy\/sitio\/#website\",\"url\":\"https:\/\/didacta.com.uy\/sitio\/\",\"name\":\"Didacta\",\"description\":\"Con m\u00e1s de 20 a\u00f1os de experiencia, DIDACTA es la marca l\u00edder en el mercado uruguayo de juegos de mesa.\",\"potentialAction\":[{\"@type\":\"SearchAction\",\"target\":{\"@type\":\"EntryPoint\",\"urlTemplate\":\"https:\/\/didacta.com.uy\/sitio\/?s={search_term_string}\"},\"query-input\":{\"@type\":\"PropertyValueSpecification\",\"valueRequired\":true,\"valueName\":\"search_term_string\"}}],\"inLanguage\":\"es\"}]}<\/script>\n<!-- \/ Yoast SEO plugin. -->","yoast_head_json":{"title":"BOLINGENIA - Didacta","robots":{"index":"index","follow":"follow","max-snippet":"max-snippet:-1","max-image-preview":"max-image-preview:large","max-video-preview":"max-video-preview:-1"},"canonical":"https:\/\/didacta.com.uy\/sitio\/producto\/bolingenia\/","og_locale":"es_ES","og_type":"article","og_title":"BOLINGENIA - Didacta","og_description":"\u00a1Con la l\u00ednea Topa Topa jug\u00e1 y aprend\u00e9! Divertite con esta pelota desarmable, creando formas ingeniosas, estimulando la creatividad, imaginaci\u00f3n, coordinaci\u00f3n y el conocimiento de los colores .  C\u00f3digo: 600\/08 C\u00f3digo de barras: 7730549600081 Cantidad de jugadores: 1 o m\u00e1s jugadores Edad: 1 a\u00f1o en adelante Cantidad de piezas: 1 pelota desarmable de 5 piezas Medidas: 19,5 x 19,5 x 9,5 cm Instrucciones: Descargar","og_url":"https:\/\/didacta.com.uy\/sitio\/producto\/bolingenia\/","og_site_name":"Didacta","article_modified_time":"2024-01-09T15:17:40+00:00","og_image":[{"width":800,"height":600,"url":"https:\/\/didacta.com.uy\/sitio\/wp-content\/uploads\/2018\/10\/bolingenia.jpg","type":"image\/jpeg"}],"twitter_card":"summary_large_image","twitter_misc":{"Tiempo de lectura":"1 minuto"},"schema":{"@context":"https:\/\/schema.org","@graph":[{"@type":"WebPage","@id":"https:\/\/didacta.com.uy\/sitio\/producto\/bolingenia\/","url":"https:\/\/didacta.com.uy\/sitio\/producto\/bolingenia\/","name":"BOLINGENIA - Didacta","isPartOf":{"@id":"https:\/\/didacta.com.uy\/sitio\/#website"},"primaryImageOfPage":{"@id":"https:\/\/didacta.com.uy\/sitio\/producto\/bolingenia\/#primaryimage"},"image":{"@id":"https:\/\/didacta.com.uy\/sitio\/producto\/bolingenia\/#primaryimage"},"thumbnailUrl":"https:\/\/didacta.com.uy\/sitio\/wp-content\/uploads\/2018\/10\/bolingenia.jpg","datePublished":"2018-10-03T18:17:46+00:00","dateModified":"2024-01-09T15:17:40+00:00","breadcrumb":{"@id":"https:\/\/didacta.com.uy\/sitio\/producto\/bolingenia\/#breadcrumb"},"inLanguage":"es","potentialAction":[{"@type":"ReadAction","target":["https:\/\/didacta.com.uy\/sitio\/producto\/bolingenia\/"]}]},{"@type":"ImageObject","inLanguage":"es","@id":"https:\/\/didacta.com.uy\/sitio\/producto\/bolingenia\/#primaryimage","url":"https:\/\/didacta.com.uy\/sitio\/wp-content\/uploads\/2018\/10\/bolingenia.jpg","contentUrl":"https:\/\/didacta.com.uy\/sitio\/wp-content\/uploads\/2018\/10\/bolingenia.jpg","width":800,"height":600},{"@type":"BreadcrumbList","@id":"https:\/\/didacta.com.uy\/sitio\/producto\/bolingenia\/#breadcrumb","itemListElement":[{"@type":"ListItem","position":1,"name":"Portada","item":"https:\/\/didacta.com.uy\/sitio\/"},{"@type":"ListItem","position":2,"name":"Inicio","item":"https:\/\/didacta.com.uy\/sitio\/"},{"@type":"ListItem","position":3,"name":"BOLINGENIA"}]},{"@type":"WebSite","@id":"https:\/\/didacta.com.uy\/sitio\/#website","url":"https:\/\/didacta.com.uy\/sitio\/","name":"Didacta","description":"Con m\u00e1s de 20 a\u00f1os de experiencia, DIDACTA es la marca l\u00edder en el mercado uruguayo de juegos de mesa.","potentialAction":[{"@type":"SearchAction","target":{"@type":"EntryPoint","urlTemplate":"https:\/\/didacta.com.uy\/sitio\/?s={search_term_string}"},"query-input":{"@type":"PropertyValueSpecification","valueRequired":true,"valueName":"search_term_string"}}],"inLanguage":"es"}]}},"_links":{"self":[{"href":"https:\/\/didacta.com.uy\/sitio\/wp-json\/wp\/v2\/product\/205870","targetHints":{"allow":["GET"]}}],"collection":[{"href":"https:\/\/didacta.com.uy\/sitio\/wp-json\/wp\/v2\/product"}],"about":[{"href":"https:\/\/didacta.com.uy\/sitio\/wp-json\/wp\/v2\/types\/product"}],"replies":[{"embeddable":true,"href":"https:\/\/didacta.com.uy\/sitio\/wp-json\/wp\/v2\/comments?post=205870"}],"wp:featuredmedia":[{"embeddable":true,"href":"https:\/\/didacta.com.uy\/sitio\/wp-json\/wp\/v2\/media\/206965"}],"wp:attachment":[{"href":"https:\/\/didacta.com.uy\/sitio\/wp-json\/wp\/v2\/media?parent=205870"}],"wp:term":[{"taxonomy":"product_brand","embeddable":true,"href":"https:\/\/didacta.com.uy\/sitio\/wp-json\/wp\/v2\/product_brand?post=205870"},{"taxonomy":"product_cat","embeddable":true,"href":"https:\/\/didacta.com.uy\/sitio\/wp-json\/wp\/v2\/product_cat?post=205870"},{"taxonomy":"product_tag","embeddable":true,"href":"https:\/\/didacta.com.uy\/sitio\/wp-json\/wp\/v2\/product_tag?post=205870"}],"curies":[{"name":"wp","href":"https:\/\/api.w.org\/{rel}","templated":true}]}}