{"id":205825,"date":"2018-10-03T18:17:36","date_gmt":"2018-10-03T18:17:36","guid":{"rendered":"http:\/\/didacta.com.uy\/sitio\/producto\/vasitos-apilables\/"},"modified":"2024-06-24T15:04:45","modified_gmt":"2024-06-24T15:04:45","slug":"vasitos-apilables","status":"publish","type":"product","link":"https:\/\/didacta.com.uy\/sitio\/producto\/vasitos-apilables\/","title":{"rendered":"VASITOS APILABLES"},"content":{"rendered":"<p>\u00a1Jug\u00e1 y Divertite apilando los 8 vasitos de la l\u00ednea Topa Topa; los juguetes did\u00e1cticos que introducen al ni\u00f1o en el mundo de las formas, los colores y el juego estimulando su curiosidad, habilidad manual y sus sentidos. Dise\u00f1ados con formas redondeadas y materiales de calidad y resistencia, estudiados para garantizar la seguridad del ni\u00f1o. Didacta con Topa Topa inicia a ni\u00f1os y ni\u00f1as en el mundo del juguete incentivando el desarrollo de sus capacidades.<\/p>\n<p><strong><span style=\"color: #ff0000;\">C\u00f3digo:<\/span> <\/strong>600\/04<br \/>\n<span style=\"color: #ff0000;\"><strong>C\u00f3digo de barras:<\/strong>\u00a0<span style=\"color: #808080;\">7730549002144<\/span><\/span><br \/>\n<strong><span style=\"color: #ff0000;\">Cantidad de jugadores:<\/span><\/strong> 1 o m\u00e1s jugadores<br \/>\n<strong><span style=\"color: #ff0000;\">Edad:<\/span><\/strong> 1 a\u00f1o en adelante<br \/>\n<strong><span style=\"color: #ff0000;\">Cantidad de piezas:<\/span><\/strong> 8 vasitos apilables de colores<br \/>\n<strong><span style=\"color: #ff0000;\">Medidas:<\/span><\/strong> 19,5 x 19,5 x 9,5 cm<br \/>\n<strong><span style=\"color: #ff0000;\">Instrucciones:<\/span> <\/strong><a href=\"#\">Descargar<\/a><\/p>\n","protected":false},"excerpt":{"rendered":"<p>\u00a1Jug\u00e1 y Divertite apilando los 8 vasitos de la l\u00ednea Topa Topa; los juguetes did\u00e1cticos que introducen al ni\u00f1o en el mundo de las formas, los colores y el juego estimulando su curiosidad, habilidad manual y sus sentidos. Dise\u00f1ados con formas redondeadas y materiales de calidad y resistencia, estudiados para garantizar la seguridad del ni\u00f1o. Didacta con Topa Topa inicia a ni\u00f1os y ni\u00f1as en el mundo del juguete incentivando el desarrollo de sus capacidades.<\/p>\n<p><strong><span style=\"color: #ff0000;\">C\u00f3digo:<\/span> <\/strong>600\/04<br \/>\n<span style=\"color: #ff0000;\"><strong>C\u00f3digo de barras:<\/strong>\u00a0<span style=\"color: #808080;\">7730549002144<\/span><\/span><br \/>\n<strong><span style=\"color: #ff0000;\">Cantidad de jugadores:<\/span><\/strong> 1 o m\u00e1s jugadores<br \/>\n<strong><span style=\"color: #ff0000;\">Edad:<\/span><\/strong> 1 a\u00f1o en adelante<br \/>\n<strong><span style=\"color: #ff0000;\">Cantidad de piezas:<\/span><\/strong> 8 vasitos apilables de colores<br \/>\n<strong><span style=\"color: #ff0000;\">Medidas:<\/span><\/strong> 19,5 x 19,5 x 9,5 cm<br \/>\n<strong><span style=\"color: #ff0000;\">Instrucciones:<\/span> <\/strong><a href=\"#\">Descargar<\/a><\/p>\n","protected":false},"featured_media":206957,"comment_status":"closed","ping_status":"closed","template":"","meta":{"_et_pb_use_builder":"","_et_pb_old_content":"","_et_gb_content_width":"","_uf_show_specific_survey":0,"_uf_disable_surveys":false},"product_brand":[],"product_cat":[70,27],"product_tag":[],"class_list":{"0":"post-205825","1":"product","2":"type-product","3":"status-publish","4":"has-post-thumbnail","6":"product_cat-1-a-3-anos","7":"product_cat-topa-topa","9":"first","10":"instock","11":"purchasable","12":"product-type-simple"},"aioseo_notices":[],"yoast_head":"<!-- This site is optimized with the Yoast SEO plugin v24.8.1 - https:\/\/yoast.com\/wordpress\/plugins\/seo\/ -->\n<title>VASITOS APILABLES - Didacta<\/title>\n<meta name=\"robots\" content=\"index, follow, max-snippet:-1, max-image-preview:large, max-video-preview:-1\" \/>\n<link rel=\"canonical\" href=\"https:\/\/didacta.com.uy\/sitio\/producto\/vasitos-apilables\/\" \/>\n<meta property=\"og:locale\" content=\"es_ES\" \/>\n<meta property=\"og:type\" content=\"article\" \/>\n<meta property=\"og:title\" content=\"VASITOS APILABLES - Didacta\" \/>\n<meta property=\"og:description\" content=\"\u00a1Jug\u00e1 y Divertite apilando los 8 vasitos de la l\u00ednea Topa Topa; los juguetes did\u00e1cticos que introducen al ni\u00f1o en el mundo de las formas, los colores y el juego estimulando su curiosidad, habilidad manual y sus sentidos. Dise\u00f1ados con formas redondeadas y materiales de calidad y resistencia, estudiados para garantizar la seguridad del ni\u00f1o. Didacta con Topa Topa inicia a ni\u00f1os y ni\u00f1as en el mundo del juguete incentivando el desarrollo de sus capacidades.  C\u00f3digo: 600\/04 C\u00f3digo de barras:\u00a07730549002144 Cantidad de jugadores: 1 o m\u00e1s jugadores Edad: 1 a\u00f1o en adelante Cantidad de piezas: 8 vasitos apilables de colores Medidas: 19,5 x 19,5 x 9,5 cm Instrucciones: Descargar\" \/>\n<meta property=\"og:url\" content=\"https:\/\/didacta.com.uy\/sitio\/producto\/vasitos-apilables\/\" \/>\n<meta property=\"og:site_name\" content=\"Didacta\" \/>\n<meta property=\"article:modified_time\" content=\"2024-06-24T15:04:45+00:00\" \/>\n<meta property=\"og:image\" content=\"https:\/\/didacta.com.uy\/sitio\/wp-content\/uploads\/2018\/10\/26-2.jpg\" \/>\n\t<meta property=\"og:image:width\" content=\"800\" \/>\n\t<meta property=\"og:image:height\" content=\"600\" \/>\n\t<meta property=\"og:image:type\" content=\"image\/jpeg\" \/>\n<meta name=\"twitter:card\" content=\"summary_large_image\" \/>\n<meta name=\"twitter:label1\" content=\"Tiempo de lectura\" \/>\n\t<meta name=\"twitter:data1\" content=\"1 minuto\" \/>\n<script type=\"application\/ld+json\" class=\"yoast-schema-graph\">{\"@context\":\"https:\/\/schema.org\",\"@graph\":[{\"@type\":\"WebPage\",\"@id\":\"https:\/\/didacta.com.uy\/sitio\/producto\/vasitos-apilables\/\",\"url\":\"https:\/\/didacta.com.uy\/sitio\/producto\/vasitos-apilables\/\",\"name\":\"VASITOS APILABLES - Didacta\",\"isPartOf\":{\"@id\":\"https:\/\/didacta.com.uy\/sitio\/#website\"},\"primaryImageOfPage\":{\"@id\":\"https:\/\/didacta.com.uy\/sitio\/producto\/vasitos-apilables\/#primaryimage\"},\"image\":{\"@id\":\"https:\/\/didacta.com.uy\/sitio\/producto\/vasitos-apilables\/#primaryimage\"},\"thumbnailUrl\":\"https:\/\/didacta.com.uy\/sitio\/wp-content\/uploads\/2018\/10\/26-2.jpg\",\"datePublished\":\"2018-10-03T18:17:36+00:00\",\"dateModified\":\"2024-06-24T15:04:45+00:00\",\"breadcrumb\":{\"@id\":\"https:\/\/didacta.com.uy\/sitio\/producto\/vasitos-apilables\/#breadcrumb\"},\"inLanguage\":\"es\",\"potentialAction\":[{\"@type\":\"ReadAction\",\"target\":[\"https:\/\/didacta.com.uy\/sitio\/producto\/vasitos-apilables\/\"]}]},{\"@type\":\"ImageObject\",\"inLanguage\":\"es\",\"@id\":\"https:\/\/didacta.com.uy\/sitio\/producto\/vasitos-apilables\/#primaryimage\",\"url\":\"https:\/\/didacta.com.uy\/sitio\/wp-content\/uploads\/2018\/10\/26-2.jpg\",\"contentUrl\":\"https:\/\/didacta.com.uy\/sitio\/wp-content\/uploads\/2018\/10\/26-2.jpg\",\"width\":800,\"height\":600},{\"@type\":\"BreadcrumbList\",\"@id\":\"https:\/\/didacta.com.uy\/sitio\/producto\/vasitos-apilables\/#breadcrumb\",\"itemListElement\":[{\"@type\":\"ListItem\",\"position\":1,\"name\":\"Portada\",\"item\":\"https:\/\/didacta.com.uy\/sitio\/\"},{\"@type\":\"ListItem\",\"position\":2,\"name\":\"Inicio\",\"item\":\"https:\/\/didacta.com.uy\/sitio\/\"},{\"@type\":\"ListItem\",\"position\":3,\"name\":\"VASITOS APILABLES\"}]},{\"@type\":\"WebSite\",\"@id\":\"https:\/\/didacta.com.uy\/sitio\/#website\",\"url\":\"https:\/\/didacta.com.uy\/sitio\/\",\"name\":\"Didacta\",\"description\":\"Con m\u00e1s de 20 a\u00f1os de experiencia, DIDACTA es la marca l\u00edder en el mercado uruguayo de juegos de mesa.\",\"potentialAction\":[{\"@type\":\"SearchAction\",\"target\":{\"@type\":\"EntryPoint\",\"urlTemplate\":\"https:\/\/didacta.com.uy\/sitio\/?s={search_term_string}\"},\"query-input\":{\"@type\":\"PropertyValueSpecification\",\"valueRequired\":true,\"valueName\":\"search_term_string\"}}],\"inLanguage\":\"es\"}]}<\/script>\n<!-- \/ Yoast SEO plugin. -->","yoast_head_json":{"title":"VASITOS APILABLES - Didacta","robots":{"index":"index","follow":"follow","max-snippet":"max-snippet:-1","max-image-preview":"max-image-preview:large","max-video-preview":"max-video-preview:-1"},"canonical":"https:\/\/didacta.com.uy\/sitio\/producto\/vasitos-apilables\/","og_locale":"es_ES","og_type":"article","og_title":"VASITOS APILABLES - Didacta","og_description":"\u00a1Jug\u00e1 y Divertite apilando los 8 vasitos de la l\u00ednea Topa Topa; los juguetes did\u00e1cticos que introducen al ni\u00f1o en el mundo de las formas, los colores y el juego estimulando su curiosidad, habilidad manual y sus sentidos. Dise\u00f1ados con formas redondeadas y materiales de calidad y resistencia, estudiados para garantizar la seguridad del ni\u00f1o. Didacta con Topa Topa inicia a ni\u00f1os y ni\u00f1as en el mundo del juguete incentivando el desarrollo de sus capacidades.  C\u00f3digo: 600\/04 C\u00f3digo de barras:\u00a07730549002144 Cantidad de jugadores: 1 o m\u00e1s jugadores Edad: 1 a\u00f1o en adelante Cantidad de piezas: 8 vasitos apilables de colores Medidas: 19,5 x 19,5 x 9,5 cm Instrucciones: Descargar","og_url":"https:\/\/didacta.com.uy\/sitio\/producto\/vasitos-apilables\/","og_site_name":"Didacta","article_modified_time":"2024-06-24T15:04:45+00:00","og_image":[{"width":800,"height":600,"url":"https:\/\/didacta.com.uy\/sitio\/wp-content\/uploads\/2018\/10\/26-2.jpg","type":"image\/jpeg"}],"twitter_card":"summary_large_image","twitter_misc":{"Tiempo de lectura":"1 minuto"},"schema":{"@context":"https:\/\/schema.org","@graph":[{"@type":"WebPage","@id":"https:\/\/didacta.com.uy\/sitio\/producto\/vasitos-apilables\/","url":"https:\/\/didacta.com.uy\/sitio\/producto\/vasitos-apilables\/","name":"VASITOS APILABLES - Didacta","isPartOf":{"@id":"https:\/\/didacta.com.uy\/sitio\/#website"},"primaryImageOfPage":{"@id":"https:\/\/didacta.com.uy\/sitio\/producto\/vasitos-apilables\/#primaryimage"},"image":{"@id":"https:\/\/didacta.com.uy\/sitio\/producto\/vasitos-apilables\/#primaryimage"},"thumbnailUrl":"https:\/\/didacta.com.uy\/sitio\/wp-content\/uploads\/2018\/10\/26-2.jpg","datePublished":"2018-10-03T18:17:36+00:00","dateModified":"2024-06-24T15:04:45+00:00","breadcrumb":{"@id":"https:\/\/didacta.com.uy\/sitio\/producto\/vasitos-apilables\/#breadcrumb"},"inLanguage":"es","potentialAction":[{"@type":"ReadAction","target":["https:\/\/didacta.com.uy\/sitio\/producto\/vasitos-apilables\/"]}]},{"@type":"ImageObject","inLanguage":"es","@id":"https:\/\/didacta.com.uy\/sitio\/producto\/vasitos-apilables\/#primaryimage","url":"https:\/\/didacta.com.uy\/sitio\/wp-content\/uploads\/2018\/10\/26-2.jpg","contentUrl":"https:\/\/didacta.com.uy\/sitio\/wp-content\/uploads\/2018\/10\/26-2.jpg","width":800,"height":600},{"@type":"BreadcrumbList","@id":"https:\/\/didacta.com.uy\/sitio\/producto\/vasitos-apilables\/#breadcrumb","itemListElement":[{"@type":"ListItem","position":1,"name":"Portada","item":"https:\/\/didacta.com.uy\/sitio\/"},{"@type":"ListItem","position":2,"name":"Inicio","item":"https:\/\/didacta.com.uy\/sitio\/"},{"@type":"ListItem","position":3,"name":"VASITOS APILABLES"}]},{"@type":"WebSite","@id":"https:\/\/didacta.com.uy\/sitio\/#website","url":"https:\/\/didacta.com.uy\/sitio\/","name":"Didacta","description":"Con m\u00e1s de 20 a\u00f1os de experiencia, DIDACTA es la marca l\u00edder en el mercado uruguayo de juegos de mesa.","potentialAction":[{"@type":"SearchAction","target":{"@type":"EntryPoint","urlTemplate":"https:\/\/didacta.com.uy\/sitio\/?s={search_term_string}"},"query-input":{"@type":"PropertyValueSpecification","valueRequired":true,"valueName":"search_term_string"}}],"inLanguage":"es"}]}},"_links":{"self":[{"href":"https:\/\/didacta.com.uy\/sitio\/wp-json\/wp\/v2\/product\/205825","targetHints":{"allow":["GET"]}}],"collection":[{"href":"https:\/\/didacta.com.uy\/sitio\/wp-json\/wp\/v2\/product"}],"about":[{"href":"https:\/\/didacta.com.uy\/sitio\/wp-json\/wp\/v2\/types\/product"}],"replies":[{"embeddable":true,"href":"https:\/\/didacta.com.uy\/sitio\/wp-json\/wp\/v2\/comments?post=205825"}],"wp:featuredmedia":[{"embeddable":true,"href":"https:\/\/didacta.com.uy\/sitio\/wp-json\/wp\/v2\/media\/206957"}],"wp:attachment":[{"href":"https:\/\/didacta.com.uy\/sitio\/wp-json\/wp\/v2\/media?parent=205825"}],"wp:term":[{"taxonomy":"product_brand","embeddable":true,"href":"https:\/\/didacta.com.uy\/sitio\/wp-json\/wp\/v2\/product_brand?post=205825"},{"taxonomy":"product_cat","embeddable":true,"href":"https:\/\/didacta.com.uy\/sitio\/wp-json\/wp\/v2\/product_cat?post=205825"},{"taxonomy":"product_tag","embeddable":true,"href":"https:\/\/didacta.com.uy\/sitio\/wp-json\/wp\/v2\/product_tag?post=205825"}],"curies":[{"name":"wp","href":"https:\/\/api.w.org\/{rel}","templated":true}]}}