{"id":205777,"date":"2018-10-03T18:13:53","date_gmt":"2018-10-03T18:13:53","guid":{"rendered":"http:\/\/didacta.com.uy\/sitio\/producto\/cuidado-los-monos\/"},"modified":"2022-10-05T12:00:58","modified_gmt":"2022-10-05T12:00:58","slug":"cuidado-los-monos","status":"publish","type":"product","link":"https:\/\/didacta.com.uy\/sitio\/producto\/cuidado-los-monos\/","title":{"rendered":"CUIDADO LOS MONOS!"},"content":{"rendered":"<p>\u00a1No dejes caer los monos y ganar\u00e1s! Habilidad manual, razonamiento, ingenio, rapidez y sociabilizaci\u00f3n\u0085. Todo en un divertido jugo.<\/p>\n<p><strong><span style=\"color: #ff0000;\">C\u00f3digo:<\/span><\/strong> 200\/33<br \/>\n<strong><span style=\"color: #ff0000;\">C\u00f3digo de barras:<\/span> <\/strong>7730549003097<br \/>\n<strong><span style=\"color: #ff0000;\">Edad:<\/span><\/strong> 5 a\u00f1os en adelante<br \/>\n<strong><span style=\"color: #ff0000;\">Cantidad de jugadores:<\/span><\/strong> 2 a 4 jugadores<br \/>\n<strong><span style=\"color: #ff0000;\">Contenido: <\/span><\/strong>Monos, ramas, palmera soporte, ruleta<br \/>\n<strong><span style=\"color: #ff0000;\">Medidas:<\/span> <\/strong>22 x 28 x 6,5 cm<br \/>\n<strong><span style=\"color: #ff0000;\">Instrucciones:<\/span> <\/strong><a href=\"http:\/\/didacta.com.uy\/sitio\/wp-content\/uploads\/2020\/06\/cuidado.los_.monos_.pdf\">Descargar<\/a><\/p>\n","protected":false},"excerpt":{"rendered":"<p>\u00a1No dejes caer los monos y ganar\u00e1s! Habilidad manual, razonamiento, ingenio, rapidez y sociabilizaci\u00f3n\u0085. Todo en un divertido jugo.<\/p>\n<p><strong><span style=\"color: #ff0000;\">C\u00f3digo:<\/span><\/strong> 200\/33<br \/>\n<strong><span style=\"color: #ff0000;\">C\u00f3digo de barras:<\/span> <\/strong>7730549003097<br \/>\n<strong><span style=\"color: #ff0000;\">Edad:<\/span><\/strong> 5 a\u00f1os en adelante<br \/>\n<strong><span style=\"color: #ff0000;\">Cantidad de jugadores:<\/span><\/strong> 2 a 4 jugadores<br \/>\n<strong><span style=\"color: #ff0000;\">Contenido: <\/span><\/strong>Monos, ramas, palmera soporte, ruleta<br \/>\n<strong><span style=\"color: #ff0000;\">Medidas:<\/span> <\/strong>22 x 28 x 6,5 cm<br \/>\n<strong><span style=\"color: #ff0000;\">Instrucciones:<\/span> <\/strong><a href=\"http:\/\/didacta.com.uy\/sitio\/wp-content\/uploads\/2020\/06\/cuidado.los_.monos_.pdf\">Descargar<\/a><\/p>\n","protected":false},"featured_media":207196,"comment_status":"closed","ping_status":"closed","template":"","meta":{"_et_pb_use_builder":"","_et_pb_old_content":"","_et_gb_content_width":"","_uf_show_specific_survey":0,"_uf_disable_surveys":false},"product_brand":[],"product_cat":[73,72,115],"product_tag":[],"class_list":{"0":"post-205777","1":"product","2":"type-product","3":"status-publish","4":"has-post-thumbnail","6":"product_cat-10-a-mas-anos","7":"product_cat-6-a-9-anos","8":"product_cat-versus","10":"first","11":"instock","12":"purchasable","13":"product-type-simple"},"aioseo_notices":[],"yoast_head":"<!-- This site is optimized with the Yoast SEO plugin v24.8.1 - https:\/\/yoast.com\/wordpress\/plugins\/seo\/ -->\n<title>CUIDADO LOS MONOS! - Didacta<\/title>\n<meta name=\"robots\" content=\"index, follow, max-snippet:-1, max-image-preview:large, max-video-preview:-1\" \/>\n<link rel=\"canonical\" href=\"https:\/\/didacta.com.uy\/sitio\/producto\/cuidado-los-monos\/\" \/>\n<meta property=\"og:locale\" content=\"es_ES\" \/>\n<meta property=\"og:type\" content=\"article\" \/>\n<meta property=\"og:title\" content=\"CUIDADO LOS MONOS! - Didacta\" \/>\n<meta property=\"og:description\" content=\"\u00a1No dejes caer los monos y ganar\u00e1s! Habilidad manual, razonamiento, ingenio, rapidez y sociabilizaci\u00f3n\u0085. Todo en un divertido jugo.  C\u00f3digo: 200\/33 C\u00f3digo de barras: 7730549003097 Edad: 5 a\u00f1os en adelante Cantidad de jugadores: 2 a 4 jugadores Contenido: Monos, ramas, palmera soporte, ruleta Medidas: 22 x 28 x 6,5 cm Instrucciones: Descargar\" \/>\n<meta property=\"og:url\" content=\"https:\/\/didacta.com.uy\/sitio\/producto\/cuidado-los-monos\/\" \/>\n<meta property=\"og:site_name\" content=\"Didacta\" \/>\n<meta property=\"article:modified_time\" content=\"2022-10-05T12:00:58+00:00\" \/>\n<meta property=\"og:image\" content=\"https:\/\/didacta.com.uy\/sitio\/wp-content\/uploads\/2018\/10\/18-2.jpg\" \/>\n\t<meta property=\"og:image:width\" content=\"800\" \/>\n\t<meta property=\"og:image:height\" content=\"600\" \/>\n\t<meta property=\"og:image:type\" content=\"image\/jpeg\" \/>\n<meta name=\"twitter:card\" content=\"summary_large_image\" \/>\n<script type=\"application\/ld+json\" class=\"yoast-schema-graph\">{\"@context\":\"https:\/\/schema.org\",\"@graph\":[{\"@type\":\"WebPage\",\"@id\":\"https:\/\/didacta.com.uy\/sitio\/producto\/cuidado-los-monos\/\",\"url\":\"https:\/\/didacta.com.uy\/sitio\/producto\/cuidado-los-monos\/\",\"name\":\"CUIDADO LOS MONOS! - Didacta\",\"isPartOf\":{\"@id\":\"https:\/\/didacta.com.uy\/sitio\/#website\"},\"primaryImageOfPage\":{\"@id\":\"https:\/\/didacta.com.uy\/sitio\/producto\/cuidado-los-monos\/#primaryimage\"},\"image\":{\"@id\":\"https:\/\/didacta.com.uy\/sitio\/producto\/cuidado-los-monos\/#primaryimage\"},\"thumbnailUrl\":\"https:\/\/didacta.com.uy\/sitio\/wp-content\/uploads\/2018\/10\/18-2.jpg\",\"datePublished\":\"2018-10-03T18:13:53+00:00\",\"dateModified\":\"2022-10-05T12:00:58+00:00\",\"breadcrumb\":{\"@id\":\"https:\/\/didacta.com.uy\/sitio\/producto\/cuidado-los-monos\/#breadcrumb\"},\"inLanguage\":\"es\",\"potentialAction\":[{\"@type\":\"ReadAction\",\"target\":[\"https:\/\/didacta.com.uy\/sitio\/producto\/cuidado-los-monos\/\"]}]},{\"@type\":\"ImageObject\",\"inLanguage\":\"es\",\"@id\":\"https:\/\/didacta.com.uy\/sitio\/producto\/cuidado-los-monos\/#primaryimage\",\"url\":\"https:\/\/didacta.com.uy\/sitio\/wp-content\/uploads\/2018\/10\/18-2.jpg\",\"contentUrl\":\"https:\/\/didacta.com.uy\/sitio\/wp-content\/uploads\/2018\/10\/18-2.jpg\",\"width\":800,\"height\":600},{\"@type\":\"BreadcrumbList\",\"@id\":\"https:\/\/didacta.com.uy\/sitio\/producto\/cuidado-los-monos\/#breadcrumb\",\"itemListElement\":[{\"@type\":\"ListItem\",\"position\":1,\"name\":\"Portada\",\"item\":\"https:\/\/didacta.com.uy\/sitio\/\"},{\"@type\":\"ListItem\",\"position\":2,\"name\":\"Inicio\",\"item\":\"https:\/\/didacta.com.uy\/sitio\/\"},{\"@type\":\"ListItem\",\"position\":3,\"name\":\"CUIDADO LOS MONOS!\"}]},{\"@type\":\"WebSite\",\"@id\":\"https:\/\/didacta.com.uy\/sitio\/#website\",\"url\":\"https:\/\/didacta.com.uy\/sitio\/\",\"name\":\"Didacta\",\"description\":\"Con m\u00e1s de 20 a\u00f1os de experiencia, DIDACTA es la marca l\u00edder en el mercado uruguayo de juegos de mesa.\",\"potentialAction\":[{\"@type\":\"SearchAction\",\"target\":{\"@type\":\"EntryPoint\",\"urlTemplate\":\"https:\/\/didacta.com.uy\/sitio\/?s={search_term_string}\"},\"query-input\":{\"@type\":\"PropertyValueSpecification\",\"valueRequired\":true,\"valueName\":\"search_term_string\"}}],\"inLanguage\":\"es\"}]}<\/script>\n<!-- \/ Yoast SEO plugin. -->","yoast_head_json":{"title":"CUIDADO LOS MONOS! - Didacta","robots":{"index":"index","follow":"follow","max-snippet":"max-snippet:-1","max-image-preview":"max-image-preview:large","max-video-preview":"max-video-preview:-1"},"canonical":"https:\/\/didacta.com.uy\/sitio\/producto\/cuidado-los-monos\/","og_locale":"es_ES","og_type":"article","og_title":"CUIDADO LOS MONOS! - Didacta","og_description":"\u00a1No dejes caer los monos y ganar\u00e1s! Habilidad manual, razonamiento, ingenio, rapidez y sociabilizaci\u00f3n\u0085. Todo en un divertido jugo.  C\u00f3digo: 200\/33 C\u00f3digo de barras: 7730549003097 Edad: 5 a\u00f1os en adelante Cantidad de jugadores: 2 a 4 jugadores Contenido: Monos, ramas, palmera soporte, ruleta Medidas: 22 x 28 x 6,5 cm Instrucciones: Descargar","og_url":"https:\/\/didacta.com.uy\/sitio\/producto\/cuidado-los-monos\/","og_site_name":"Didacta","article_modified_time":"2022-10-05T12:00:58+00:00","og_image":[{"width":800,"height":600,"url":"https:\/\/didacta.com.uy\/sitio\/wp-content\/uploads\/2018\/10\/18-2.jpg","type":"image\/jpeg"}],"twitter_card":"summary_large_image","schema":{"@context":"https:\/\/schema.org","@graph":[{"@type":"WebPage","@id":"https:\/\/didacta.com.uy\/sitio\/producto\/cuidado-los-monos\/","url":"https:\/\/didacta.com.uy\/sitio\/producto\/cuidado-los-monos\/","name":"CUIDADO LOS MONOS! - Didacta","isPartOf":{"@id":"https:\/\/didacta.com.uy\/sitio\/#website"},"primaryImageOfPage":{"@id":"https:\/\/didacta.com.uy\/sitio\/producto\/cuidado-los-monos\/#primaryimage"},"image":{"@id":"https:\/\/didacta.com.uy\/sitio\/producto\/cuidado-los-monos\/#primaryimage"},"thumbnailUrl":"https:\/\/didacta.com.uy\/sitio\/wp-content\/uploads\/2018\/10\/18-2.jpg","datePublished":"2018-10-03T18:13:53+00:00","dateModified":"2022-10-05T12:00:58+00:00","breadcrumb":{"@id":"https:\/\/didacta.com.uy\/sitio\/producto\/cuidado-los-monos\/#breadcrumb"},"inLanguage":"es","potentialAction":[{"@type":"ReadAction","target":["https:\/\/didacta.com.uy\/sitio\/producto\/cuidado-los-monos\/"]}]},{"@type":"ImageObject","inLanguage":"es","@id":"https:\/\/didacta.com.uy\/sitio\/producto\/cuidado-los-monos\/#primaryimage","url":"https:\/\/didacta.com.uy\/sitio\/wp-content\/uploads\/2018\/10\/18-2.jpg","contentUrl":"https:\/\/didacta.com.uy\/sitio\/wp-content\/uploads\/2018\/10\/18-2.jpg","width":800,"height":600},{"@type":"BreadcrumbList","@id":"https:\/\/didacta.com.uy\/sitio\/producto\/cuidado-los-monos\/#breadcrumb","itemListElement":[{"@type":"ListItem","position":1,"name":"Portada","item":"https:\/\/didacta.com.uy\/sitio\/"},{"@type":"ListItem","position":2,"name":"Inicio","item":"https:\/\/didacta.com.uy\/sitio\/"},{"@type":"ListItem","position":3,"name":"CUIDADO LOS MONOS!"}]},{"@type":"WebSite","@id":"https:\/\/didacta.com.uy\/sitio\/#website","url":"https:\/\/didacta.com.uy\/sitio\/","name":"Didacta","description":"Con m\u00e1s de 20 a\u00f1os de experiencia, DIDACTA es la marca l\u00edder en el mercado uruguayo de juegos de mesa.","potentialAction":[{"@type":"SearchAction","target":{"@type":"EntryPoint","urlTemplate":"https:\/\/didacta.com.uy\/sitio\/?s={search_term_string}"},"query-input":{"@type":"PropertyValueSpecification","valueRequired":true,"valueName":"search_term_string"}}],"inLanguage":"es"}]}},"_links":{"self":[{"href":"https:\/\/didacta.com.uy\/sitio\/wp-json\/wp\/v2\/product\/205777","targetHints":{"allow":["GET"]}}],"collection":[{"href":"https:\/\/didacta.com.uy\/sitio\/wp-json\/wp\/v2\/product"}],"about":[{"href":"https:\/\/didacta.com.uy\/sitio\/wp-json\/wp\/v2\/types\/product"}],"replies":[{"embeddable":true,"href":"https:\/\/didacta.com.uy\/sitio\/wp-json\/wp\/v2\/comments?post=205777"}],"wp:featuredmedia":[{"embeddable":true,"href":"https:\/\/didacta.com.uy\/sitio\/wp-json\/wp\/v2\/media\/207196"}],"wp:attachment":[{"href":"https:\/\/didacta.com.uy\/sitio\/wp-json\/wp\/v2\/media?parent=205777"}],"wp:term":[{"taxonomy":"product_brand","embeddable":true,"href":"https:\/\/didacta.com.uy\/sitio\/wp-json\/wp\/v2\/product_brand?post=205777"},{"taxonomy":"product_cat","embeddable":true,"href":"https:\/\/didacta.com.uy\/sitio\/wp-json\/wp\/v2\/product_cat?post=205777"},{"taxonomy":"product_tag","embeddable":true,"href":"https:\/\/didacta.com.uy\/sitio\/wp-json\/wp\/v2\/product_tag?post=205777"}],"curies":[{"name":"wp","href":"https:\/\/api.w.org\/{rel}","templated":true}]}}