{"id":205761,"date":"2018-10-03T18:13:12","date_gmt":"2018-10-03T18:13:12","guid":{"rendered":"http:\/\/didacta.com.uy\/sitio\/producto\/detective-cartas\/"},"modified":"2023-01-05T19:46:55","modified_gmt":"2023-01-05T19:46:55","slug":"detective-cartas","status":"publish","type":"product","link":"https:\/\/didacta.com.uy\/sitio\/producto\/detective-cartas\/","title":{"rendered":"DETECTIVE CARTAS"},"content":{"rendered":"<p>El juego m\u00e1s entretenido de ingenio y deducci\u00f3n \u00a1ahora en cartas!<\/p>\n<p><strong><span style=\"color: #ff0000;\">C\u00f3digo:<\/span><\/strong> 153\/06<br \/>\n<strong><span style=\"color: #ff0000;\">C\u00f3digo de barras:<\/span><\/strong> 7730549002670<br \/>\n<strong><span style=\"color: #ff0000;\">Edad:<\/span><\/strong> 8 a\u00f1os en adelante<br \/>\n<strong><span style=\"color: #ff0000;\">Cantidad de jugadores:<\/span><\/strong> 3 a 4 jugadores<br \/>\n<strong><span style=\"color: #ff0000;\">Cantidad de piezas:<\/span> <\/strong>78 cartas e instrucciones<br \/>\n<strong><span style=\"color: #ff0000;\">Medidas:<\/span><\/strong> 25,5 x 14,2 x 7 cm<br \/>\n<strong><span style=\"color: #ff0000;\">Instrucciones:<\/span> <\/strong><a href=\"http:\/\/didacta.com.uy\/sitio\/wp-content\/uploads\/2021\/11\/instrucciones-detective_cartas.pdf\">Descargar<\/a><\/p>\n","protected":false},"excerpt":{"rendered":"<p>El juego m\u00e1s entretenido de ingenio y deducci\u00f3n \u00a1ahora en cartas!<\/p>\n<p><strong><span style=\"color: #ff0000;\">C\u00f3digo:<\/span><\/strong> 153\/06<br \/>\n<strong><span style=\"color: #ff0000;\">C\u00f3digo de barras:<\/span><\/strong> 7730549002670<br \/>\n<strong><span style=\"color: #ff0000;\">Edad:<\/span><\/strong> 8 a\u00f1os en adelante<br \/>\n<strong><span style=\"color: #ff0000;\">Cantidad de jugadores:<\/span><\/strong> 3 a 4 jugadores<br \/>\n<strong><span style=\"color: #ff0000;\">Cantidad de piezas:<\/span> <\/strong>78 cartas e instrucciones<br \/>\n<strong><span style=\"color: #ff0000;\">Medidas:<\/span><\/strong> 25,5 x 14,2 x 7 cm<br \/>\n<strong><span style=\"color: #ff0000;\">Instrucciones:<\/span> <\/strong><a href=\"http:\/\/didacta.com.uy\/sitio\/wp-content\/uploads\/2021\/11\/instrucciones-detective_cartas.pdf\">Descargar<\/a><\/p>\n","protected":false},"featured_media":211079,"comment_status":"closed","ping_status":"closed","template":"","meta":{"_et_pb_use_builder":"","_et_pb_old_content":"","_et_gb_content_width":"","_uf_show_specific_survey":0,"_uf_disable_surveys":false},"product_brand":[],"product_cat":[72,79],"product_tag":[],"class_list":{"0":"post-205761","1":"product","2":"type-product","3":"status-publish","4":"has-post-thumbnail","6":"product_cat-6-a-9-anos","7":"product_cat-juego-para-todos","9":"first","10":"instock","11":"purchasable","12":"product-type-simple"},"aioseo_notices":[],"yoast_head":"<!-- This site is optimized with the Yoast SEO plugin v24.8.1 - https:\/\/yoast.com\/wordpress\/plugins\/seo\/ -->\n<title>DETECTIVE CARTAS - Didacta<\/title>\n<meta name=\"robots\" content=\"index, follow, max-snippet:-1, max-image-preview:large, max-video-preview:-1\" \/>\n<link rel=\"canonical\" href=\"https:\/\/didacta.com.uy\/sitio\/producto\/detective-cartas\/\" \/>\n<meta property=\"og:locale\" content=\"es_ES\" \/>\n<meta property=\"og:type\" content=\"article\" \/>\n<meta property=\"og:title\" content=\"DETECTIVE CARTAS - Didacta\" \/>\n<meta property=\"og:description\" content=\"El juego m\u00e1s entretenido de ingenio y deducci\u00f3n \u00a1ahora en cartas!  C\u00f3digo: 153\/06 C\u00f3digo de barras: 7730549002670 Edad: 8 a\u00f1os en adelante Cantidad de jugadores: 3 a 4 jugadores Cantidad de piezas: 78 cartas e instrucciones Medidas: 25,5 x 14,2 x 7 cm Instrucciones: Descargar\" \/>\n<meta property=\"og:url\" content=\"https:\/\/didacta.com.uy\/sitio\/producto\/detective-cartas\/\" \/>\n<meta property=\"og:site_name\" content=\"Didacta\" \/>\n<meta property=\"article:modified_time\" content=\"2023-01-05T19:46:55+00:00\" \/>\n<meta property=\"og:image\" content=\"https:\/\/didacta.com.uy\/sitio\/wp-content\/uploads\/2018\/10\/153-06_Detective-Cartas-21x14x55.jpg\" \/>\n\t<meta property=\"og:image:width\" content=\"800\" \/>\n\t<meta property=\"og:image:height\" content=\"578\" \/>\n\t<meta property=\"og:image:type\" content=\"image\/jpeg\" \/>\n<meta name=\"twitter:card\" content=\"summary_large_image\" \/>\n<script type=\"application\/ld+json\" class=\"yoast-schema-graph\">{\"@context\":\"https:\/\/schema.org\",\"@graph\":[{\"@type\":\"WebPage\",\"@id\":\"https:\/\/didacta.com.uy\/sitio\/producto\/detective-cartas\/\",\"url\":\"https:\/\/didacta.com.uy\/sitio\/producto\/detective-cartas\/\",\"name\":\"DETECTIVE CARTAS - Didacta\",\"isPartOf\":{\"@id\":\"https:\/\/didacta.com.uy\/sitio\/#website\"},\"primaryImageOfPage\":{\"@id\":\"https:\/\/didacta.com.uy\/sitio\/producto\/detective-cartas\/#primaryimage\"},\"image\":{\"@id\":\"https:\/\/didacta.com.uy\/sitio\/producto\/detective-cartas\/#primaryimage\"},\"thumbnailUrl\":\"https:\/\/didacta.com.uy\/sitio\/wp-content\/uploads\/2018\/10\/153-06_Detective-Cartas-21x14x55.jpg\",\"datePublished\":\"2018-10-03T18:13:12+00:00\",\"dateModified\":\"2023-01-05T19:46:55+00:00\",\"breadcrumb\":{\"@id\":\"https:\/\/didacta.com.uy\/sitio\/producto\/detective-cartas\/#breadcrumb\"},\"inLanguage\":\"es\",\"potentialAction\":[{\"@type\":\"ReadAction\",\"target\":[\"https:\/\/didacta.com.uy\/sitio\/producto\/detective-cartas\/\"]}]},{\"@type\":\"ImageObject\",\"inLanguage\":\"es\",\"@id\":\"https:\/\/didacta.com.uy\/sitio\/producto\/detective-cartas\/#primaryimage\",\"url\":\"https:\/\/didacta.com.uy\/sitio\/wp-content\/uploads\/2018\/10\/153-06_Detective-Cartas-21x14x55.jpg\",\"contentUrl\":\"https:\/\/didacta.com.uy\/sitio\/wp-content\/uploads\/2018\/10\/153-06_Detective-Cartas-21x14x55.jpg\",\"width\":800,\"height\":578},{\"@type\":\"BreadcrumbList\",\"@id\":\"https:\/\/didacta.com.uy\/sitio\/producto\/detective-cartas\/#breadcrumb\",\"itemListElement\":[{\"@type\":\"ListItem\",\"position\":1,\"name\":\"Portada\",\"item\":\"https:\/\/didacta.com.uy\/sitio\/\"},{\"@type\":\"ListItem\",\"position\":2,\"name\":\"Inicio\",\"item\":\"https:\/\/didacta.com.uy\/sitio\/\"},{\"@type\":\"ListItem\",\"position\":3,\"name\":\"DETECTIVE CARTAS\"}]},{\"@type\":\"WebSite\",\"@id\":\"https:\/\/didacta.com.uy\/sitio\/#website\",\"url\":\"https:\/\/didacta.com.uy\/sitio\/\",\"name\":\"Didacta\",\"description\":\"Con m\u00e1s de 20 a\u00f1os de experiencia, DIDACTA es la marca l\u00edder en el mercado uruguayo de juegos de mesa.\",\"potentialAction\":[{\"@type\":\"SearchAction\",\"target\":{\"@type\":\"EntryPoint\",\"urlTemplate\":\"https:\/\/didacta.com.uy\/sitio\/?s={search_term_string}\"},\"query-input\":{\"@type\":\"PropertyValueSpecification\",\"valueRequired\":true,\"valueName\":\"search_term_string\"}}],\"inLanguage\":\"es\"}]}<\/script>\n<!-- \/ Yoast SEO plugin. -->","yoast_head_json":{"title":"DETECTIVE CARTAS - Didacta","robots":{"index":"index","follow":"follow","max-snippet":"max-snippet:-1","max-image-preview":"max-image-preview:large","max-video-preview":"max-video-preview:-1"},"canonical":"https:\/\/didacta.com.uy\/sitio\/producto\/detective-cartas\/","og_locale":"es_ES","og_type":"article","og_title":"DETECTIVE CARTAS - Didacta","og_description":"El juego m\u00e1s entretenido de ingenio y deducci\u00f3n \u00a1ahora en cartas!  C\u00f3digo: 153\/06 C\u00f3digo de barras: 7730549002670 Edad: 8 a\u00f1os en adelante Cantidad de jugadores: 3 a 4 jugadores Cantidad de piezas: 78 cartas e instrucciones Medidas: 25,5 x 14,2 x 7 cm Instrucciones: Descargar","og_url":"https:\/\/didacta.com.uy\/sitio\/producto\/detective-cartas\/","og_site_name":"Didacta","article_modified_time":"2023-01-05T19:46:55+00:00","og_image":[{"width":800,"height":578,"url":"https:\/\/didacta.com.uy\/sitio\/wp-content\/uploads\/2018\/10\/153-06_Detective-Cartas-21x14x55.jpg","type":"image\/jpeg"}],"twitter_card":"summary_large_image","schema":{"@context":"https:\/\/schema.org","@graph":[{"@type":"WebPage","@id":"https:\/\/didacta.com.uy\/sitio\/producto\/detective-cartas\/","url":"https:\/\/didacta.com.uy\/sitio\/producto\/detective-cartas\/","name":"DETECTIVE CARTAS - Didacta","isPartOf":{"@id":"https:\/\/didacta.com.uy\/sitio\/#website"},"primaryImageOfPage":{"@id":"https:\/\/didacta.com.uy\/sitio\/producto\/detective-cartas\/#primaryimage"},"image":{"@id":"https:\/\/didacta.com.uy\/sitio\/producto\/detective-cartas\/#primaryimage"},"thumbnailUrl":"https:\/\/didacta.com.uy\/sitio\/wp-content\/uploads\/2018\/10\/153-06_Detective-Cartas-21x14x55.jpg","datePublished":"2018-10-03T18:13:12+00:00","dateModified":"2023-01-05T19:46:55+00:00","breadcrumb":{"@id":"https:\/\/didacta.com.uy\/sitio\/producto\/detective-cartas\/#breadcrumb"},"inLanguage":"es","potentialAction":[{"@type":"ReadAction","target":["https:\/\/didacta.com.uy\/sitio\/producto\/detective-cartas\/"]}]},{"@type":"ImageObject","inLanguage":"es","@id":"https:\/\/didacta.com.uy\/sitio\/producto\/detective-cartas\/#primaryimage","url":"https:\/\/didacta.com.uy\/sitio\/wp-content\/uploads\/2018\/10\/153-06_Detective-Cartas-21x14x55.jpg","contentUrl":"https:\/\/didacta.com.uy\/sitio\/wp-content\/uploads\/2018\/10\/153-06_Detective-Cartas-21x14x55.jpg","width":800,"height":578},{"@type":"BreadcrumbList","@id":"https:\/\/didacta.com.uy\/sitio\/producto\/detective-cartas\/#breadcrumb","itemListElement":[{"@type":"ListItem","position":1,"name":"Portada","item":"https:\/\/didacta.com.uy\/sitio\/"},{"@type":"ListItem","position":2,"name":"Inicio","item":"https:\/\/didacta.com.uy\/sitio\/"},{"@type":"ListItem","position":3,"name":"DETECTIVE CARTAS"}]},{"@type":"WebSite","@id":"https:\/\/didacta.com.uy\/sitio\/#website","url":"https:\/\/didacta.com.uy\/sitio\/","name":"Didacta","description":"Con m\u00e1s de 20 a\u00f1os de experiencia, DIDACTA es la marca l\u00edder en el mercado uruguayo de juegos de mesa.","potentialAction":[{"@type":"SearchAction","target":{"@type":"EntryPoint","urlTemplate":"https:\/\/didacta.com.uy\/sitio\/?s={search_term_string}"},"query-input":{"@type":"PropertyValueSpecification","valueRequired":true,"valueName":"search_term_string"}}],"inLanguage":"es"}]}},"_links":{"self":[{"href":"https:\/\/didacta.com.uy\/sitio\/wp-json\/wp\/v2\/product\/205761","targetHints":{"allow":["GET"]}}],"collection":[{"href":"https:\/\/didacta.com.uy\/sitio\/wp-json\/wp\/v2\/product"}],"about":[{"href":"https:\/\/didacta.com.uy\/sitio\/wp-json\/wp\/v2\/types\/product"}],"replies":[{"embeddable":true,"href":"https:\/\/didacta.com.uy\/sitio\/wp-json\/wp\/v2\/comments?post=205761"}],"wp:featuredmedia":[{"embeddable":true,"href":"https:\/\/didacta.com.uy\/sitio\/wp-json\/wp\/v2\/media\/211079"}],"wp:attachment":[{"href":"https:\/\/didacta.com.uy\/sitio\/wp-json\/wp\/v2\/media?parent=205761"}],"wp:term":[{"taxonomy":"product_brand","embeddable":true,"href":"https:\/\/didacta.com.uy\/sitio\/wp-json\/wp\/v2\/product_brand?post=205761"},{"taxonomy":"product_cat","embeddable":true,"href":"https:\/\/didacta.com.uy\/sitio\/wp-json\/wp\/v2\/product_cat?post=205761"},{"taxonomy":"product_tag","embeddable":true,"href":"https:\/\/didacta.com.uy\/sitio\/wp-json\/wp\/v2\/product_tag?post=205761"}],"curies":[{"name":"wp","href":"https:\/\/api.w.org\/{rel}","templated":true}]}}