{"id":205756,"date":"2018-10-03T18:12:59","date_gmt":"2018-10-03T18:12:59","guid":{"rendered":"http:\/\/didacta.com.uy\/sitio\/producto\/ludo-damas\/"},"modified":"2024-06-24T19:03:10","modified_gmt":"2024-06-24T19:03:10","slug":"ludo-damas","status":"publish","type":"product","link":"https:\/\/didacta.com.uy\/sitio\/producto\/ludo-damas\/","title":{"rendered":"LUDO\/DAMAS"},"content":{"rendered":"<p>Dos apasionantes y entretenidos juegos cl\u00e1sicos que no deben faltar en ning\u00fan hogar.<br \/>\nPor un lado El ludo, divertido juego en el que vence el jugador que antes consiga introducir cada una de sus fichas en su respectiva casilla final. Por otro lado, el cl\u00e1sico juego de Las Damas.<\/p>\n<p><strong><span style=\"color: #ff0000;\">C\u00f3digo:<\/span><\/strong> 151\/76<br \/>\n<strong><span style=\"color: #ff0000;\">C\u00f3digo de barras:<\/span><\/strong> 7730549151767<br \/>\n<strong><span style=\"color: #ff0000;\">Edad:<\/span><\/strong> 7 a\u00f1os en adelante<br \/>\n<strong><span style=\"color: #ff0000;\">Cantidad de jugadores:<\/span><\/strong> 2 a 4 jugadores<br \/>\n<strong><span style=\"color: #ff0000;\">Cantidad de piezas:<\/span><\/strong> Tablero, fichas, peones, dado<br \/>\n<strong><span style=\"color: #ff0000;\">Medidas:<\/span><\/strong> 33 x 23 x 3,5 cm<br \/>\n<strong><span style=\"color: #ff0000;\">Instrucciones:<\/span><\/strong> <a href=\"https:\/\/didacta.com.uy\/sitio\/wp-content\/uploads\/2018\/10\/Clasicos_151-76_Ludo-Damas_Instrucciones_APPWEB_v2021.pdf\">Descargar<\/a><\/p>\n<p><iframe loading=\"lazy\" title=\"YouTube video player\" src=\"https:\/\/www.youtube.com\/embed\/OzTAqts7jnw?si=9y48nmtpkNnmBTsH\" width=\"560\" height=\"315\" frameborder=\"0\" allowfullscreen=\"allowfullscreen\"><\/iframe><\/p>\n","protected":false},"excerpt":{"rendered":"<p>Dos apasionantes y entretenidos juegos cl\u00e1sicos que no deben faltar en ning\u00fan hogar.<br \/>\nPor un lado El ludo, divertido juego en el que vence el jugador que antes consiga introducir cada una de sus fichas en su respectiva casilla final. Por otro lado, el cl\u00e1sico juego de Las Damas.<\/p>\n<p><strong><span style=\"color: #ff0000;\">C\u00f3digo:<\/span><\/strong> 151\/76<br \/>\n<strong><span style=\"color: #ff0000;\">C\u00f3digo de barras:<\/span><\/strong> 7730549151767<br \/>\n<strong><span style=\"color: #ff0000;\">Edad:<\/span><\/strong> 7 a\u00f1os en adelante<br \/>\n<strong><span style=\"color: #ff0000;\">Cantidad de jugadores:<\/span><\/strong> 2 a 4 jugadores<br \/>\n<strong><span style=\"color: #ff0000;\">Cantidad de piezas:<\/span><\/strong> Tablero, fichas, peones, dado<br \/>\n<strong><span style=\"color: #ff0000;\">Medidas:<\/span><\/strong> 33 x 23 x 3,5 cm<br \/>\n<strong><span style=\"color: #ff0000;\">Instrucciones:<\/span><\/strong> <a href=\"https:\/\/didacta.com.uy\/sitio\/wp-content\/uploads\/2018\/10\/Clasicos_151-76_Ludo-Damas_Instrucciones_APPWEB_v2021.pdf\">Descargar<\/a><\/p>\n<p><iframe loading=\"lazy\" title=\"YouTube video player\" src=\"https:\/\/www.youtube.com\/embed\/OzTAqts7jnw?si=9y48nmtpkNnmBTsH\" width=\"560\" height=\"315\" frameborder=\"0\" allowfullscreen=\"allowfullscreen\"><\/iframe><\/p>\n","protected":false},"featured_media":208986,"comment_status":"closed","ping_status":"closed","template":"","meta":{"_et_pb_use_builder":"","_et_pb_old_content":"","_et_gb_content_width":"","_uf_show_specific_survey":0,"_uf_disable_surveys":false},"product_brand":[],"product_cat":[73,72,83],"product_tag":[],"class_list":{"0":"post-205756","1":"product","2":"type-product","3":"status-publish","4":"has-post-thumbnail","6":"product_cat-10-a-mas-anos","7":"product_cat-6-a-9-anos","8":"product_cat-juegos-clasicos","10":"first","11":"instock","12":"purchasable","13":"product-type-simple"},"aioseo_notices":[],"yoast_head":"<!-- This site is optimized with the Yoast SEO plugin v24.8.1 - https:\/\/yoast.com\/wordpress\/plugins\/seo\/ -->\n<title>LUDO\/DAMAS - Didacta<\/title>\n<meta name=\"robots\" content=\"index, follow, max-snippet:-1, max-image-preview:large, max-video-preview:-1\" \/>\n<link rel=\"canonical\" href=\"https:\/\/didacta.com.uy\/sitio\/producto\/ludo-damas\/\" \/>\n<meta property=\"og:locale\" content=\"es_ES\" \/>\n<meta property=\"og:type\" content=\"article\" \/>\n<meta property=\"og:title\" content=\"LUDO\/DAMAS - Didacta\" \/>\n<meta property=\"og:description\" content=\"Dos apasionantes y entretenidos juegos cl\u00e1sicos que no deben faltar en ning\u00fan hogar. Por un lado El ludo, divertido juego en el que vence el jugador que antes consiga introducir cada una de sus fichas en su respectiva casilla final. Por otro lado, el cl\u00e1sico juego de Las Damas.  C\u00f3digo: 151\/76 C\u00f3digo de barras: 7730549151767 Edad: 7 a\u00f1os en adelante Cantidad de jugadores: 2 a 4 jugadores Cantidad de piezas: Tablero, fichas, peones, dado Medidas: 33 x 23 x 3,5 cm Instrucciones: Descargar\" \/>\n<meta property=\"og:url\" content=\"https:\/\/didacta.com.uy\/sitio\/producto\/ludo-damas\/\" \/>\n<meta property=\"og:site_name\" content=\"Didacta\" \/>\n<meta property=\"article:modified_time\" content=\"2024-06-24T19:03:10+00:00\" \/>\n<meta property=\"og:image\" content=\"https:\/\/didacta.com.uy\/sitio\/wp-content\/uploads\/2018\/10\/Ludo-Damas_335x230x33.jpg\" \/>\n\t<meta property=\"og:image:width\" content=\"1019\" \/>\n\t<meta property=\"og:image:height\" content=\"800\" \/>\n\t<meta property=\"og:image:type\" content=\"image\/jpeg\" \/>\n<meta name=\"twitter:card\" content=\"summary_large_image\" \/>\n<meta name=\"twitter:label1\" content=\"Tiempo de lectura\" \/>\n\t<meta name=\"twitter:data1\" content=\"1 minuto\" \/>\n<script type=\"application\/ld+json\" class=\"yoast-schema-graph\">{\"@context\":\"https:\/\/schema.org\",\"@graph\":[{\"@type\":\"WebPage\",\"@id\":\"https:\/\/didacta.com.uy\/sitio\/producto\/ludo-damas\/\",\"url\":\"https:\/\/didacta.com.uy\/sitio\/producto\/ludo-damas\/\",\"name\":\"LUDO\/DAMAS - Didacta\",\"isPartOf\":{\"@id\":\"https:\/\/didacta.com.uy\/sitio\/#website\"},\"primaryImageOfPage\":{\"@id\":\"https:\/\/didacta.com.uy\/sitio\/producto\/ludo-damas\/#primaryimage\"},\"image\":{\"@id\":\"https:\/\/didacta.com.uy\/sitio\/producto\/ludo-damas\/#primaryimage\"},\"thumbnailUrl\":\"https:\/\/didacta.com.uy\/sitio\/wp-content\/uploads\/2018\/10\/Ludo-Damas_335x230x33.jpg\",\"datePublished\":\"2018-10-03T18:12:59+00:00\",\"dateModified\":\"2024-06-24T19:03:10+00:00\",\"breadcrumb\":{\"@id\":\"https:\/\/didacta.com.uy\/sitio\/producto\/ludo-damas\/#breadcrumb\"},\"inLanguage\":\"es\",\"potentialAction\":[{\"@type\":\"ReadAction\",\"target\":[\"https:\/\/didacta.com.uy\/sitio\/producto\/ludo-damas\/\"]}]},{\"@type\":\"ImageObject\",\"inLanguage\":\"es\",\"@id\":\"https:\/\/didacta.com.uy\/sitio\/producto\/ludo-damas\/#primaryimage\",\"url\":\"https:\/\/didacta.com.uy\/sitio\/wp-content\/uploads\/2018\/10\/Ludo-Damas_335x230x33.jpg\",\"contentUrl\":\"https:\/\/didacta.com.uy\/sitio\/wp-content\/uploads\/2018\/10\/Ludo-Damas_335x230x33.jpg\",\"width\":1019,\"height\":800},{\"@type\":\"BreadcrumbList\",\"@id\":\"https:\/\/didacta.com.uy\/sitio\/producto\/ludo-damas\/#breadcrumb\",\"itemListElement\":[{\"@type\":\"ListItem\",\"position\":1,\"name\":\"Portada\",\"item\":\"https:\/\/didacta.com.uy\/sitio\/\"},{\"@type\":\"ListItem\",\"position\":2,\"name\":\"Inicio\",\"item\":\"https:\/\/didacta.com.uy\/sitio\/\"},{\"@type\":\"ListItem\",\"position\":3,\"name\":\"LUDO\/DAMAS\"}]},{\"@type\":\"WebSite\",\"@id\":\"https:\/\/didacta.com.uy\/sitio\/#website\",\"url\":\"https:\/\/didacta.com.uy\/sitio\/\",\"name\":\"Didacta\",\"description\":\"Con m\u00e1s de 20 a\u00f1os de experiencia, DIDACTA es la marca l\u00edder en el mercado uruguayo de juegos de mesa.\",\"potentialAction\":[{\"@type\":\"SearchAction\",\"target\":{\"@type\":\"EntryPoint\",\"urlTemplate\":\"https:\/\/didacta.com.uy\/sitio\/?s={search_term_string}\"},\"query-input\":{\"@type\":\"PropertyValueSpecification\",\"valueRequired\":true,\"valueName\":\"search_term_string\"}}],\"inLanguage\":\"es\"}]}<\/script>\n<!-- \/ Yoast SEO plugin. -->","yoast_head_json":{"title":"LUDO\/DAMAS - Didacta","robots":{"index":"index","follow":"follow","max-snippet":"max-snippet:-1","max-image-preview":"max-image-preview:large","max-video-preview":"max-video-preview:-1"},"canonical":"https:\/\/didacta.com.uy\/sitio\/producto\/ludo-damas\/","og_locale":"es_ES","og_type":"article","og_title":"LUDO\/DAMAS - Didacta","og_description":"Dos apasionantes y entretenidos juegos cl\u00e1sicos que no deben faltar en ning\u00fan hogar. Por un lado El ludo, divertido juego en el que vence el jugador que antes consiga introducir cada una de sus fichas en su respectiva casilla final. Por otro lado, el cl\u00e1sico juego de Las Damas.  C\u00f3digo: 151\/76 C\u00f3digo de barras: 7730549151767 Edad: 7 a\u00f1os en adelante Cantidad de jugadores: 2 a 4 jugadores Cantidad de piezas: Tablero, fichas, peones, dado Medidas: 33 x 23 x 3,5 cm Instrucciones: Descargar","og_url":"https:\/\/didacta.com.uy\/sitio\/producto\/ludo-damas\/","og_site_name":"Didacta","article_modified_time":"2024-06-24T19:03:10+00:00","og_image":[{"width":1019,"height":800,"url":"https:\/\/didacta.com.uy\/sitio\/wp-content\/uploads\/2018\/10\/Ludo-Damas_335x230x33.jpg","type":"image\/jpeg"}],"twitter_card":"summary_large_image","twitter_misc":{"Tiempo de lectura":"1 minuto"},"schema":{"@context":"https:\/\/schema.org","@graph":[{"@type":"WebPage","@id":"https:\/\/didacta.com.uy\/sitio\/producto\/ludo-damas\/","url":"https:\/\/didacta.com.uy\/sitio\/producto\/ludo-damas\/","name":"LUDO\/DAMAS - Didacta","isPartOf":{"@id":"https:\/\/didacta.com.uy\/sitio\/#website"},"primaryImageOfPage":{"@id":"https:\/\/didacta.com.uy\/sitio\/producto\/ludo-damas\/#primaryimage"},"image":{"@id":"https:\/\/didacta.com.uy\/sitio\/producto\/ludo-damas\/#primaryimage"},"thumbnailUrl":"https:\/\/didacta.com.uy\/sitio\/wp-content\/uploads\/2018\/10\/Ludo-Damas_335x230x33.jpg","datePublished":"2018-10-03T18:12:59+00:00","dateModified":"2024-06-24T19:03:10+00:00","breadcrumb":{"@id":"https:\/\/didacta.com.uy\/sitio\/producto\/ludo-damas\/#breadcrumb"},"inLanguage":"es","potentialAction":[{"@type":"ReadAction","target":["https:\/\/didacta.com.uy\/sitio\/producto\/ludo-damas\/"]}]},{"@type":"ImageObject","inLanguage":"es","@id":"https:\/\/didacta.com.uy\/sitio\/producto\/ludo-damas\/#primaryimage","url":"https:\/\/didacta.com.uy\/sitio\/wp-content\/uploads\/2018\/10\/Ludo-Damas_335x230x33.jpg","contentUrl":"https:\/\/didacta.com.uy\/sitio\/wp-content\/uploads\/2018\/10\/Ludo-Damas_335x230x33.jpg","width":1019,"height":800},{"@type":"BreadcrumbList","@id":"https:\/\/didacta.com.uy\/sitio\/producto\/ludo-damas\/#breadcrumb","itemListElement":[{"@type":"ListItem","position":1,"name":"Portada","item":"https:\/\/didacta.com.uy\/sitio\/"},{"@type":"ListItem","position":2,"name":"Inicio","item":"https:\/\/didacta.com.uy\/sitio\/"},{"@type":"ListItem","position":3,"name":"LUDO\/DAMAS"}]},{"@type":"WebSite","@id":"https:\/\/didacta.com.uy\/sitio\/#website","url":"https:\/\/didacta.com.uy\/sitio\/","name":"Didacta","description":"Con m\u00e1s de 20 a\u00f1os de experiencia, DIDACTA es la marca l\u00edder en el mercado uruguayo de juegos de mesa.","potentialAction":[{"@type":"SearchAction","target":{"@type":"EntryPoint","urlTemplate":"https:\/\/didacta.com.uy\/sitio\/?s={search_term_string}"},"query-input":{"@type":"PropertyValueSpecification","valueRequired":true,"valueName":"search_term_string"}}],"inLanguage":"es"}]}},"_links":{"self":[{"href":"https:\/\/didacta.com.uy\/sitio\/wp-json\/wp\/v2\/product\/205756","targetHints":{"allow":["GET"]}}],"collection":[{"href":"https:\/\/didacta.com.uy\/sitio\/wp-json\/wp\/v2\/product"}],"about":[{"href":"https:\/\/didacta.com.uy\/sitio\/wp-json\/wp\/v2\/types\/product"}],"replies":[{"embeddable":true,"href":"https:\/\/didacta.com.uy\/sitio\/wp-json\/wp\/v2\/comments?post=205756"}],"wp:featuredmedia":[{"embeddable":true,"href":"https:\/\/didacta.com.uy\/sitio\/wp-json\/wp\/v2\/media\/208986"}],"wp:attachment":[{"href":"https:\/\/didacta.com.uy\/sitio\/wp-json\/wp\/v2\/media?parent=205756"}],"wp:term":[{"taxonomy":"product_brand","embeddable":true,"href":"https:\/\/didacta.com.uy\/sitio\/wp-json\/wp\/v2\/product_brand?post=205756"},{"taxonomy":"product_cat","embeddable":true,"href":"https:\/\/didacta.com.uy\/sitio\/wp-json\/wp\/v2\/product_cat?post=205756"},{"taxonomy":"product_tag","embeddable":true,"href":"https:\/\/didacta.com.uy\/sitio\/wp-json\/wp\/v2\/product_tag?post=205756"}],"curies":[{"name":"wp","href":"https:\/\/api.w.org\/{rel}","templated":true}]}}