{"id":205742,"date":"2018-10-03T18:12:22","date_gmt":"2018-10-03T18:12:22","guid":{"rendered":"http:\/\/didacta.com.uy\/sitio\/producto\/metropoly\/"},"modified":"2022-10-05T12:00:51","modified_gmt":"2022-10-05T12:00:51","slug":"metropoly","status":"publish","type":"product","link":"https:\/\/didacta.com.uy\/sitio\/producto\/metropoly\/","title":{"rendered":"METROPOLY"},"content":{"rendered":"<p>Compra terrenos, construye casas, hipoteca propiedades para adquirir la Compa\u00f1\u00eda de Aviaci\u00f3n con la que cobrar\u00e1s m\u00e1s dividendos que aumentar\u00e1n tu fortuna. Construye, con la habilidad de un gran financista, un imperio en dinero y propiedades. Uno de los juegos m\u00e1s divertidos que se han creado para toda la familia. Con \u00e9l, los m\u00e1s peque\u00f1os aprender\u00e1n a manejar el dinero y los j\u00f3venes sus finanzas. Junto a los adultos todos se divertir\u00e1n y disfrutar\u00e1n de momentos entretenidos. METR\u00d3POLY, el juego de los negocios inmobiliarios.<\/p>\n<p><strong><span style=\"color: #ff0000;\">C\u00f3digo:<\/span> <\/strong>150\/57<br \/>\n<strong><span style=\"color: #ff0000;\">C\u00f3digo de barras:<\/span><\/strong> 7730549150579<br \/>\n<strong><span style=\"color: #ff0000;\">Edad:<\/span> <\/strong>De 8 a\u00f1os en adelante<br \/>\n<strong><span style=\"color: #ff0000;\">Cantidad de jugadores:<\/span><\/strong> 2 a 6 jugadores<br \/>\n<strong><span style=\"color: #ff0000;\">Contenido:<\/span><\/strong> 1 tablero, 2 dados, 6 peones, 34 casas, 14 hoteles, 62 tarjetas suerte\/rev\u00e9s, 30 tarjetas de t\u00edtulo de propiedad de calle o compa\u00f1\u00eda, billetes.<br \/>\n<strong><span style=\"color: #ff0000;\">Medidas:<\/span><\/strong> 46,5 x 25 x 4,5 cm<br \/>\n<strong><span style=\"color: #ff0000;\">Instrucciones:<\/span> <\/strong><a href=\"http:\/\/didacta.com.uy\/sitio\/wp-content\/uploads\/2021\/03\/instrucciones_metropoly.pdf\" target=\"_blank\" rel=\"noopener\">Descargar<\/a><\/p>\n","protected":false},"excerpt":{"rendered":"<p>Compra terrenos, construye casas, hipoteca propiedades para adquirir la Compa\u00f1\u00eda de Aviaci\u00f3n con la que cobrar\u00e1s m\u00e1s dividendos que aumentar\u00e1n tu fortuna. Construye, con la habilidad de un gran financista, un imperio en dinero y propiedades. Uno de los juegos m\u00e1s divertidos que se han creado para toda la familia. Con \u00e9l, los m\u00e1s peque\u00f1os aprender\u00e1n a manejar el dinero y los j\u00f3venes sus finanzas. Junto a los adultos todos se divertir\u00e1n y disfrutar\u00e1n de momentos entretenidos. METR\u00d3POLY, el juego de los negocios inmobiliarios.<\/p>\n<p><strong><span style=\"color: #ff0000;\">C\u00f3digo:<\/span> <\/strong>150\/57<br \/>\n<strong><span style=\"color: #ff0000;\">C\u00f3digo de barras:<\/span><\/strong> 7730549150579<br \/>\n<strong><span style=\"color: #ff0000;\">Edad:<\/span> <\/strong>De 8 a\u00f1os en adelante<br \/>\n<strong><span style=\"color: #ff0000;\">Cantidad de jugadores:<\/span><\/strong> 2 a 6 jugadores<br \/>\n<strong><span style=\"color: #ff0000;\">Contenido:<\/span><\/strong> 1 tablero, 2 dados, 6 peones, 34 casas, 14 hoteles, 62 tarjetas suerte\/rev\u00e9s, 30 tarjetas de t\u00edtulo de propiedad de calle o compa\u00f1\u00eda, billetes.<br \/>\n<strong><span style=\"color: #ff0000;\">Medidas:<\/span><\/strong> 46,5 x 25 x 4,5 cm<br \/>\n<strong><span style=\"color: #ff0000;\">Instrucciones:<\/span> <\/strong><a href=\"http:\/\/didacta.com.uy\/sitio\/wp-content\/uploads\/2021\/03\/instrucciones_metropoly.pdf\" target=\"_blank\" rel=\"noopener\">Descargar<\/a><\/p>\n","protected":false},"featured_media":208995,"comment_status":"closed","ping_status":"closed","template":"","meta":{"_et_pb_use_builder":"","_et_pb_old_content":"","_et_gb_content_width":"","_uf_show_specific_survey":0,"_uf_disable_surveys":false},"product_brand":[],"product_cat":[72,32],"product_tag":[],"class_list":{"0":"post-205742","1":"product","2":"type-product","3":"status-publish","4":"has-post-thumbnail","6":"product_cat-6-a-9-anos","7":"product_cat-metropoly","9":"first","10":"instock","11":"purchasable","12":"product-type-simple"},"aioseo_notices":[],"yoast_head":"<!-- This site is optimized with the Yoast SEO plugin v24.8.1 - https:\/\/yoast.com\/wordpress\/plugins\/seo\/ -->\n<title>METROPOLY - Didacta<\/title>\n<meta name=\"robots\" content=\"index, follow, max-snippet:-1, max-image-preview:large, max-video-preview:-1\" \/>\n<link rel=\"canonical\" href=\"https:\/\/didacta.com.uy\/sitio\/producto\/metropoly\/\" \/>\n<meta property=\"og:locale\" content=\"es_ES\" \/>\n<meta property=\"og:type\" content=\"article\" \/>\n<meta property=\"og:title\" content=\"METROPOLY - Didacta\" \/>\n<meta property=\"og:description\" content=\"Compra terrenos, construye casas, hipoteca propiedades para adquirir la Compa\u00f1\u00eda de Aviaci\u00f3n con la que cobrar\u00e1s m\u00e1s dividendos que aumentar\u00e1n tu fortuna. Construye, con la habilidad de un gran financista, un imperio en dinero y propiedades. Uno de los juegos m\u00e1s divertidos que se han creado para toda la familia. Con \u00e9l, los m\u00e1s peque\u00f1os aprender\u00e1n a manejar el dinero y los j\u00f3venes sus finanzas. Junto a los adultos todos se divertir\u00e1n y disfrutar\u00e1n de momentos entretenidos. METR\u00d3POLY, el juego de los negocios inmobiliarios.  C\u00f3digo: 150\/57 C\u00f3digo de barras: 7730549150579 Edad: De 8 a\u00f1os en adelante Cantidad de jugadores: 2 a 6 jugadores Contenido: 1 tablero, 2 dados, 6 peones, 34 casas, 14 hoteles, 62 tarjetas suerte\/rev\u00e9s, 30 tarjetas de t\u00edtulo de propiedad de calle o compa\u00f1\u00eda, billetes. Medidas: 46,5 x 25 x 4,5 cm Instrucciones: Descargar\" \/>\n<meta property=\"og:url\" content=\"https:\/\/didacta.com.uy\/sitio\/producto\/metropoly\/\" \/>\n<meta property=\"og:site_name\" content=\"Didacta\" \/>\n<meta property=\"article:modified_time\" content=\"2022-10-05T12:00:51+00:00\" \/>\n<meta property=\"og:image\" content=\"https:\/\/didacta.com.uy\/sitio\/wp-content\/uploads\/2018\/10\/150-57_Metropoly_2021.jpg\" \/>\n\t<meta property=\"og:image:width\" content=\"1105\" \/>\n\t<meta property=\"og:image:height\" content=\"800\" \/>\n\t<meta property=\"og:image:type\" content=\"image\/jpeg\" \/>\n<meta name=\"twitter:card\" content=\"summary_large_image\" \/>\n<meta name=\"twitter:label1\" content=\"Tiempo de lectura\" \/>\n\t<meta name=\"twitter:data1\" content=\"1 minuto\" \/>\n<script type=\"application\/ld+json\" class=\"yoast-schema-graph\">{\"@context\":\"https:\/\/schema.org\",\"@graph\":[{\"@type\":\"WebPage\",\"@id\":\"https:\/\/didacta.com.uy\/sitio\/producto\/metropoly\/\",\"url\":\"https:\/\/didacta.com.uy\/sitio\/producto\/metropoly\/\",\"name\":\"METROPOLY - Didacta\",\"isPartOf\":{\"@id\":\"https:\/\/didacta.com.uy\/sitio\/#website\"},\"primaryImageOfPage\":{\"@id\":\"https:\/\/didacta.com.uy\/sitio\/producto\/metropoly\/#primaryimage\"},\"image\":{\"@id\":\"https:\/\/didacta.com.uy\/sitio\/producto\/metropoly\/#primaryimage\"},\"thumbnailUrl\":\"https:\/\/didacta.com.uy\/sitio\/wp-content\/uploads\/2018\/10\/150-57_Metropoly_2021.jpg\",\"datePublished\":\"2018-10-03T18:12:22+00:00\",\"dateModified\":\"2022-10-05T12:00:51+00:00\",\"breadcrumb\":{\"@id\":\"https:\/\/didacta.com.uy\/sitio\/producto\/metropoly\/#breadcrumb\"},\"inLanguage\":\"es\",\"potentialAction\":[{\"@type\":\"ReadAction\",\"target\":[\"https:\/\/didacta.com.uy\/sitio\/producto\/metropoly\/\"]}]},{\"@type\":\"ImageObject\",\"inLanguage\":\"es\",\"@id\":\"https:\/\/didacta.com.uy\/sitio\/producto\/metropoly\/#primaryimage\",\"url\":\"https:\/\/didacta.com.uy\/sitio\/wp-content\/uploads\/2018\/10\/150-57_Metropoly_2021.jpg\",\"contentUrl\":\"https:\/\/didacta.com.uy\/sitio\/wp-content\/uploads\/2018\/10\/150-57_Metropoly_2021.jpg\",\"width\":1105,\"height\":800},{\"@type\":\"BreadcrumbList\",\"@id\":\"https:\/\/didacta.com.uy\/sitio\/producto\/metropoly\/#breadcrumb\",\"itemListElement\":[{\"@type\":\"ListItem\",\"position\":1,\"name\":\"Portada\",\"item\":\"https:\/\/didacta.com.uy\/sitio\/\"},{\"@type\":\"ListItem\",\"position\":2,\"name\":\"Inicio\",\"item\":\"https:\/\/didacta.com.uy\/sitio\/\"},{\"@type\":\"ListItem\",\"position\":3,\"name\":\"METROPOLY\"}]},{\"@type\":\"WebSite\",\"@id\":\"https:\/\/didacta.com.uy\/sitio\/#website\",\"url\":\"https:\/\/didacta.com.uy\/sitio\/\",\"name\":\"Didacta\",\"description\":\"Con m\u00e1s de 20 a\u00f1os de experiencia, DIDACTA es la marca l\u00edder en el mercado uruguayo de juegos de mesa.\",\"potentialAction\":[{\"@type\":\"SearchAction\",\"target\":{\"@type\":\"EntryPoint\",\"urlTemplate\":\"https:\/\/didacta.com.uy\/sitio\/?s={search_term_string}\"},\"query-input\":{\"@type\":\"PropertyValueSpecification\",\"valueRequired\":true,\"valueName\":\"search_term_string\"}}],\"inLanguage\":\"es\"}]}<\/script>\n<!-- \/ Yoast SEO plugin. -->","yoast_head_json":{"title":"METROPOLY - Didacta","robots":{"index":"index","follow":"follow","max-snippet":"max-snippet:-1","max-image-preview":"max-image-preview:large","max-video-preview":"max-video-preview:-1"},"canonical":"https:\/\/didacta.com.uy\/sitio\/producto\/metropoly\/","og_locale":"es_ES","og_type":"article","og_title":"METROPOLY - Didacta","og_description":"Compra terrenos, construye casas, hipoteca propiedades para adquirir la Compa\u00f1\u00eda de Aviaci\u00f3n con la que cobrar\u00e1s m\u00e1s dividendos que aumentar\u00e1n tu fortuna. Construye, con la habilidad de un gran financista, un imperio en dinero y propiedades. Uno de los juegos m\u00e1s divertidos que se han creado para toda la familia. Con \u00e9l, los m\u00e1s peque\u00f1os aprender\u00e1n a manejar el dinero y los j\u00f3venes sus finanzas. Junto a los adultos todos se divertir\u00e1n y disfrutar\u00e1n de momentos entretenidos. METR\u00d3POLY, el juego de los negocios inmobiliarios.  C\u00f3digo: 150\/57 C\u00f3digo de barras: 7730549150579 Edad: De 8 a\u00f1os en adelante Cantidad de jugadores: 2 a 6 jugadores Contenido: 1 tablero, 2 dados, 6 peones, 34 casas, 14 hoteles, 62 tarjetas suerte\/rev\u00e9s, 30 tarjetas de t\u00edtulo de propiedad de calle o compa\u00f1\u00eda, billetes. Medidas: 46,5 x 25 x 4,5 cm Instrucciones: Descargar","og_url":"https:\/\/didacta.com.uy\/sitio\/producto\/metropoly\/","og_site_name":"Didacta","article_modified_time":"2022-10-05T12:00:51+00:00","og_image":[{"width":1105,"height":800,"url":"https:\/\/didacta.com.uy\/sitio\/wp-content\/uploads\/2018\/10\/150-57_Metropoly_2021.jpg","type":"image\/jpeg"}],"twitter_card":"summary_large_image","twitter_misc":{"Tiempo de lectura":"1 minuto"},"schema":{"@context":"https:\/\/schema.org","@graph":[{"@type":"WebPage","@id":"https:\/\/didacta.com.uy\/sitio\/producto\/metropoly\/","url":"https:\/\/didacta.com.uy\/sitio\/producto\/metropoly\/","name":"METROPOLY - Didacta","isPartOf":{"@id":"https:\/\/didacta.com.uy\/sitio\/#website"},"primaryImageOfPage":{"@id":"https:\/\/didacta.com.uy\/sitio\/producto\/metropoly\/#primaryimage"},"image":{"@id":"https:\/\/didacta.com.uy\/sitio\/producto\/metropoly\/#primaryimage"},"thumbnailUrl":"https:\/\/didacta.com.uy\/sitio\/wp-content\/uploads\/2018\/10\/150-57_Metropoly_2021.jpg","datePublished":"2018-10-03T18:12:22+00:00","dateModified":"2022-10-05T12:00:51+00:00","breadcrumb":{"@id":"https:\/\/didacta.com.uy\/sitio\/producto\/metropoly\/#breadcrumb"},"inLanguage":"es","potentialAction":[{"@type":"ReadAction","target":["https:\/\/didacta.com.uy\/sitio\/producto\/metropoly\/"]}]},{"@type":"ImageObject","inLanguage":"es","@id":"https:\/\/didacta.com.uy\/sitio\/producto\/metropoly\/#primaryimage","url":"https:\/\/didacta.com.uy\/sitio\/wp-content\/uploads\/2018\/10\/150-57_Metropoly_2021.jpg","contentUrl":"https:\/\/didacta.com.uy\/sitio\/wp-content\/uploads\/2018\/10\/150-57_Metropoly_2021.jpg","width":1105,"height":800},{"@type":"BreadcrumbList","@id":"https:\/\/didacta.com.uy\/sitio\/producto\/metropoly\/#breadcrumb","itemListElement":[{"@type":"ListItem","position":1,"name":"Portada","item":"https:\/\/didacta.com.uy\/sitio\/"},{"@type":"ListItem","position":2,"name":"Inicio","item":"https:\/\/didacta.com.uy\/sitio\/"},{"@type":"ListItem","position":3,"name":"METROPOLY"}]},{"@type":"WebSite","@id":"https:\/\/didacta.com.uy\/sitio\/#website","url":"https:\/\/didacta.com.uy\/sitio\/","name":"Didacta","description":"Con m\u00e1s de 20 a\u00f1os de experiencia, DIDACTA es la marca l\u00edder en el mercado uruguayo de juegos de mesa.","potentialAction":[{"@type":"SearchAction","target":{"@type":"EntryPoint","urlTemplate":"https:\/\/didacta.com.uy\/sitio\/?s={search_term_string}"},"query-input":{"@type":"PropertyValueSpecification","valueRequired":true,"valueName":"search_term_string"}}],"inLanguage":"es"}]}},"_links":{"self":[{"href":"https:\/\/didacta.com.uy\/sitio\/wp-json\/wp\/v2\/product\/205742","targetHints":{"allow":["GET"]}}],"collection":[{"href":"https:\/\/didacta.com.uy\/sitio\/wp-json\/wp\/v2\/product"}],"about":[{"href":"https:\/\/didacta.com.uy\/sitio\/wp-json\/wp\/v2\/types\/product"}],"replies":[{"embeddable":true,"href":"https:\/\/didacta.com.uy\/sitio\/wp-json\/wp\/v2\/comments?post=205742"}],"wp:featuredmedia":[{"embeddable":true,"href":"https:\/\/didacta.com.uy\/sitio\/wp-json\/wp\/v2\/media\/208995"}],"wp:attachment":[{"href":"https:\/\/didacta.com.uy\/sitio\/wp-json\/wp\/v2\/media?parent=205742"}],"wp:term":[{"taxonomy":"product_brand","embeddable":true,"href":"https:\/\/didacta.com.uy\/sitio\/wp-json\/wp\/v2\/product_brand?post=205742"},{"taxonomy":"product_cat","embeddable":true,"href":"https:\/\/didacta.com.uy\/sitio\/wp-json\/wp\/v2\/product_cat?post=205742"},{"taxonomy":"product_tag","embeddable":true,"href":"https:\/\/didacta.com.uy\/sitio\/wp-json\/wp\/v2\/product_tag?post=205742"}],"curies":[{"name":"wp","href":"https:\/\/api.w.org\/{rel}","templated":true}]}}