{"id":205735,"date":"2018-10-03T18:12:06","date_gmt":"2018-10-03T18:12:06","guid":{"rendered":"http:\/\/didacta.com.uy\/sitio\/producto\/super-20-juegos\/"},"modified":"2023-09-11T20:49:06","modified_gmt":"2023-09-11T20:49:06","slug":"super-20-juegos","status":"publish","type":"product","link":"https:\/\/didacta.com.uy\/sitio\/producto\/super-20-juegos\/","title":{"rendered":"SUPER 20 JUEGOS"},"content":{"rendered":"<p>La mejor colecci\u00f3n de juegos, reunidos para la diversi\u00f3n de todos. Conjugando grandes cl\u00e1sicos como Ludo, Damas y Ta-Te-Ti, con juegos novedosos y entretenidos.<br \/>\nSuper 20 Juegos es una excelente opci\u00f3n para pasarlo bien.<\/p>\n<p><strong><span style=\"color: #ff0000;\">C\u00f3digo:<\/span> <\/strong>150\/71<br \/>\n<strong><span style=\"color: #ff0000;\">C\u00f3digo de barras:<\/span> <\/strong>7730549150715<br \/>\n<strong><span style=\"color: #ff0000;\">Edad:<\/span><\/strong> 4 a\u00f1os en adelante<br \/>\n<strong><span style=\"color: #ff0000;\">Cantidad de jugadores:<\/span><\/strong> 2 a 4 jugadores<br \/>\n<strong><span style=\"color: #ff0000;\">Contenido:<\/span><\/strong> 20 tableros, 2 dados, fichas de colores<br \/>\n<strong><span style=\"color: #ff0000;\">Medidas:<\/span><\/strong> 46,5 x 25 x 4,5 cm<br \/>\n<strong><span style=\"color: #ff0000;\">Instrucciones:<\/span> <\/strong><strong><a href=\"https:\/\/didacta.com.uy\/sitio\/wp-content\/uploads\/2023\/01\/instrucciones_super20juegos-comprimido.pdf\">DESCARGAR<\/a><\/strong><\/p>\n","protected":false},"excerpt":{"rendered":"<p>La mejor colecci\u00f3n de juegos, reunidos para la diversi\u00f3n de todos. Conjugando grandes cl\u00e1sicos como Ludo, Damas y Ta-Te-Ti, con juegos novedosos y entretenidos.<br \/>\nSuper 20 Juegos es una excelente opci\u00f3n para pasarlo bien.<\/p>\n<p><strong><span style=\"color: #ff0000;\">C\u00f3digo:<\/span> <\/strong>150\/71<br \/>\n<strong><span style=\"color: #ff0000;\">C\u00f3digo de barras:<\/span> <\/strong>7730549150715<br \/>\n<strong><span style=\"color: #ff0000;\">Edad:<\/span><\/strong> 4 a\u00f1os en adelante<br \/>\n<strong><span style=\"color: #ff0000;\">Cantidad de jugadores:<\/span><\/strong> 2 a 4 jugadores<br \/>\n<strong><span style=\"color: #ff0000;\">Contenido:<\/span><\/strong> 20 tableros, 2 dados, fichas de colores<br \/>\n<strong><span style=\"color: #ff0000;\">Medidas:<\/span><\/strong> 46,5 x 25 x 4,5 cm<br \/>\n<strong><span style=\"color: #ff0000;\">Instrucciones:<\/span> <\/strong><a href=\"http:\/\/didacta.com.uy\/sitio\/wp-content\/uploads\/2021\/11\/instrucciones_super20juegos.pdf\" target=\"_blank\" rel=\"noopener\">Descargar<\/a><\/p>\n","protected":false},"featured_media":208990,"comment_status":"closed","ping_status":"closed","template":"","meta":{"_et_pb_use_builder":"","_et_pb_old_content":"","_et_gb_content_width":"","_uf_show_specific_survey":0,"_uf_disable_surveys":false},"product_brand":[],"product_cat":[73,72,79],"product_tag":[],"class_list":{"0":"post-205735","1":"product","2":"type-product","3":"status-publish","4":"has-post-thumbnail","6":"product_cat-10-a-mas-anos","7":"product_cat-6-a-9-anos","8":"product_cat-juego-para-todos","10":"first","11":"instock","12":"purchasable","13":"product-type-simple"},"aioseo_notices":[],"yoast_head":"<!-- This site is optimized with the Yoast SEO plugin v24.8.1 - https:\/\/yoast.com\/wordpress\/plugins\/seo\/ -->\n<title>SUPER 20 JUEGOS - Didacta<\/title>\n<meta name=\"robots\" content=\"index, follow, max-snippet:-1, max-image-preview:large, max-video-preview:-1\" \/>\n<link rel=\"canonical\" href=\"https:\/\/didacta.com.uy\/sitio\/producto\/super-20-juegos\/\" \/>\n<meta property=\"og:locale\" content=\"es_ES\" \/>\n<meta property=\"og:type\" content=\"article\" \/>\n<meta property=\"og:title\" content=\"SUPER 20 JUEGOS - Didacta\" \/>\n<meta property=\"og:description\" content=\"La mejor colecci\u00f3n de juegos, reunidos para la diversi\u00f3n de todos. Conjugando grandes cl\u00e1sicos como Ludo, Damas y Ta-Te-Ti, con juegos novedosos y entretenidos. Super 20 Juegos es una excelente opci\u00f3n para pasarlo bien.  C\u00f3digo: 150\/71 C\u00f3digo de barras: 7730549150715 Edad: 4 a\u00f1os en adelante Cantidad de jugadores: 2 a 4 jugadores Contenido: 20 tableros, 2 dados, fichas de colores Medidas: 46,5 x 25 x 4,5 cm Instrucciones: Descargar\" \/>\n<meta property=\"og:url\" content=\"https:\/\/didacta.com.uy\/sitio\/producto\/super-20-juegos\/\" \/>\n<meta property=\"og:site_name\" content=\"Didacta\" \/>\n<meta property=\"article:modified_time\" content=\"2023-09-11T20:49:06+00:00\" \/>\n<meta property=\"og:image\" content=\"https:\/\/didacta.com.uy\/sitio\/wp-content\/uploads\/2018\/10\/150-71_Super-20-Juegos_Nuevo-Formato.jpg\" \/>\n\t<meta property=\"og:image:width\" content=\"1019\" \/>\n\t<meta property=\"og:image:height\" content=\"800\" \/>\n\t<meta property=\"og:image:type\" content=\"image\/jpeg\" \/>\n<meta name=\"twitter:card\" content=\"summary_large_image\" \/>\n<script type=\"application\/ld+json\" class=\"yoast-schema-graph\">{\"@context\":\"https:\/\/schema.org\",\"@graph\":[{\"@type\":\"WebPage\",\"@id\":\"https:\/\/didacta.com.uy\/sitio\/producto\/super-20-juegos\/\",\"url\":\"https:\/\/didacta.com.uy\/sitio\/producto\/super-20-juegos\/\",\"name\":\"SUPER 20 JUEGOS - Didacta\",\"isPartOf\":{\"@id\":\"https:\/\/didacta.com.uy\/sitio\/#website\"},\"primaryImageOfPage\":{\"@id\":\"https:\/\/didacta.com.uy\/sitio\/producto\/super-20-juegos\/#primaryimage\"},\"image\":{\"@id\":\"https:\/\/didacta.com.uy\/sitio\/producto\/super-20-juegos\/#primaryimage\"},\"thumbnailUrl\":\"https:\/\/didacta.com.uy\/sitio\/wp-content\/uploads\/2018\/10\/150-71_Super-20-Juegos_Nuevo-Formato.jpg\",\"datePublished\":\"2018-10-03T18:12:06+00:00\",\"dateModified\":\"2023-09-11T20:49:06+00:00\",\"breadcrumb\":{\"@id\":\"https:\/\/didacta.com.uy\/sitio\/producto\/super-20-juegos\/#breadcrumb\"},\"inLanguage\":\"es\",\"potentialAction\":[{\"@type\":\"ReadAction\",\"target\":[\"https:\/\/didacta.com.uy\/sitio\/producto\/super-20-juegos\/\"]}]},{\"@type\":\"ImageObject\",\"inLanguage\":\"es\",\"@id\":\"https:\/\/didacta.com.uy\/sitio\/producto\/super-20-juegos\/#primaryimage\",\"url\":\"https:\/\/didacta.com.uy\/sitio\/wp-content\/uploads\/2018\/10\/150-71_Super-20-Juegos_Nuevo-Formato.jpg\",\"contentUrl\":\"https:\/\/didacta.com.uy\/sitio\/wp-content\/uploads\/2018\/10\/150-71_Super-20-Juegos_Nuevo-Formato.jpg\",\"width\":1019,\"height\":800},{\"@type\":\"BreadcrumbList\",\"@id\":\"https:\/\/didacta.com.uy\/sitio\/producto\/super-20-juegos\/#breadcrumb\",\"itemListElement\":[{\"@type\":\"ListItem\",\"position\":1,\"name\":\"Portada\",\"item\":\"https:\/\/didacta.com.uy\/sitio\/\"},{\"@type\":\"ListItem\",\"position\":2,\"name\":\"Inicio\",\"item\":\"https:\/\/didacta.com.uy\/sitio\/\"},{\"@type\":\"ListItem\",\"position\":3,\"name\":\"SUPER 20 JUEGOS\"}]},{\"@type\":\"WebSite\",\"@id\":\"https:\/\/didacta.com.uy\/sitio\/#website\",\"url\":\"https:\/\/didacta.com.uy\/sitio\/\",\"name\":\"Didacta\",\"description\":\"Con m\u00e1s de 20 a\u00f1os de experiencia, DIDACTA es la marca l\u00edder en el mercado uruguayo de juegos de mesa.\",\"potentialAction\":[{\"@type\":\"SearchAction\",\"target\":{\"@type\":\"EntryPoint\",\"urlTemplate\":\"https:\/\/didacta.com.uy\/sitio\/?s={search_term_string}\"},\"query-input\":{\"@type\":\"PropertyValueSpecification\",\"valueRequired\":true,\"valueName\":\"search_term_string\"}}],\"inLanguage\":\"es\"}]}<\/script>\n<!-- \/ Yoast SEO plugin. -->","yoast_head_json":{"title":"SUPER 20 JUEGOS - Didacta","robots":{"index":"index","follow":"follow","max-snippet":"max-snippet:-1","max-image-preview":"max-image-preview:large","max-video-preview":"max-video-preview:-1"},"canonical":"https:\/\/didacta.com.uy\/sitio\/producto\/super-20-juegos\/","og_locale":"es_ES","og_type":"article","og_title":"SUPER 20 JUEGOS - Didacta","og_description":"La mejor colecci\u00f3n de juegos, reunidos para la diversi\u00f3n de todos. Conjugando grandes cl\u00e1sicos como Ludo, Damas y Ta-Te-Ti, con juegos novedosos y entretenidos. Super 20 Juegos es una excelente opci\u00f3n para pasarlo bien.  C\u00f3digo: 150\/71 C\u00f3digo de barras: 7730549150715 Edad: 4 a\u00f1os en adelante Cantidad de jugadores: 2 a 4 jugadores Contenido: 20 tableros, 2 dados, fichas de colores Medidas: 46,5 x 25 x 4,5 cm Instrucciones: Descargar","og_url":"https:\/\/didacta.com.uy\/sitio\/producto\/super-20-juegos\/","og_site_name":"Didacta","article_modified_time":"2023-09-11T20:49:06+00:00","og_image":[{"width":1019,"height":800,"url":"https:\/\/didacta.com.uy\/sitio\/wp-content\/uploads\/2018\/10\/150-71_Super-20-Juegos_Nuevo-Formato.jpg","type":"image\/jpeg"}],"twitter_card":"summary_large_image","schema":{"@context":"https:\/\/schema.org","@graph":[{"@type":"WebPage","@id":"https:\/\/didacta.com.uy\/sitio\/producto\/super-20-juegos\/","url":"https:\/\/didacta.com.uy\/sitio\/producto\/super-20-juegos\/","name":"SUPER 20 JUEGOS - Didacta","isPartOf":{"@id":"https:\/\/didacta.com.uy\/sitio\/#website"},"primaryImageOfPage":{"@id":"https:\/\/didacta.com.uy\/sitio\/producto\/super-20-juegos\/#primaryimage"},"image":{"@id":"https:\/\/didacta.com.uy\/sitio\/producto\/super-20-juegos\/#primaryimage"},"thumbnailUrl":"https:\/\/didacta.com.uy\/sitio\/wp-content\/uploads\/2018\/10\/150-71_Super-20-Juegos_Nuevo-Formato.jpg","datePublished":"2018-10-03T18:12:06+00:00","dateModified":"2023-09-11T20:49:06+00:00","breadcrumb":{"@id":"https:\/\/didacta.com.uy\/sitio\/producto\/super-20-juegos\/#breadcrumb"},"inLanguage":"es","potentialAction":[{"@type":"ReadAction","target":["https:\/\/didacta.com.uy\/sitio\/producto\/super-20-juegos\/"]}]},{"@type":"ImageObject","inLanguage":"es","@id":"https:\/\/didacta.com.uy\/sitio\/producto\/super-20-juegos\/#primaryimage","url":"https:\/\/didacta.com.uy\/sitio\/wp-content\/uploads\/2018\/10\/150-71_Super-20-Juegos_Nuevo-Formato.jpg","contentUrl":"https:\/\/didacta.com.uy\/sitio\/wp-content\/uploads\/2018\/10\/150-71_Super-20-Juegos_Nuevo-Formato.jpg","width":1019,"height":800},{"@type":"BreadcrumbList","@id":"https:\/\/didacta.com.uy\/sitio\/producto\/super-20-juegos\/#breadcrumb","itemListElement":[{"@type":"ListItem","position":1,"name":"Portada","item":"https:\/\/didacta.com.uy\/sitio\/"},{"@type":"ListItem","position":2,"name":"Inicio","item":"https:\/\/didacta.com.uy\/sitio\/"},{"@type":"ListItem","position":3,"name":"SUPER 20 JUEGOS"}]},{"@type":"WebSite","@id":"https:\/\/didacta.com.uy\/sitio\/#website","url":"https:\/\/didacta.com.uy\/sitio\/","name":"Didacta","description":"Con m\u00e1s de 20 a\u00f1os de experiencia, DIDACTA es la marca l\u00edder en el mercado uruguayo de juegos de mesa.","potentialAction":[{"@type":"SearchAction","target":{"@type":"EntryPoint","urlTemplate":"https:\/\/didacta.com.uy\/sitio\/?s={search_term_string}"},"query-input":{"@type":"PropertyValueSpecification","valueRequired":true,"valueName":"search_term_string"}}],"inLanguage":"es"}]}},"_links":{"self":[{"href":"https:\/\/didacta.com.uy\/sitio\/wp-json\/wp\/v2\/product\/205735","targetHints":{"allow":["GET"]}}],"collection":[{"href":"https:\/\/didacta.com.uy\/sitio\/wp-json\/wp\/v2\/product"}],"about":[{"href":"https:\/\/didacta.com.uy\/sitio\/wp-json\/wp\/v2\/types\/product"}],"replies":[{"embeddable":true,"href":"https:\/\/didacta.com.uy\/sitio\/wp-json\/wp\/v2\/comments?post=205735"}],"wp:featuredmedia":[{"embeddable":true,"href":"https:\/\/didacta.com.uy\/sitio\/wp-json\/wp\/v2\/media\/208990"}],"wp:attachment":[{"href":"https:\/\/didacta.com.uy\/sitio\/wp-json\/wp\/v2\/media?parent=205735"}],"wp:term":[{"taxonomy":"product_brand","embeddable":true,"href":"https:\/\/didacta.com.uy\/sitio\/wp-json\/wp\/v2\/product_brand?post=205735"},{"taxonomy":"product_cat","embeddable":true,"href":"https:\/\/didacta.com.uy\/sitio\/wp-json\/wp\/v2\/product_cat?post=205735"},{"taxonomy":"product_tag","embeddable":true,"href":"https:\/\/didacta.com.uy\/sitio\/wp-json\/wp\/v2\/product_tag?post=205735"}],"curies":[{"name":"wp","href":"https:\/\/api.w.org\/{rel}","templated":true}]}}