{"id":205734,"date":"2018-10-03T18:12:05","date_gmt":"2018-10-03T18:12:05","guid":{"rendered":"http:\/\/didacta.com.uy\/sitio\/producto\/situacion-li%c2%8dmite\/"},"modified":"2024-06-24T18:29:52","modified_gmt":"2024-06-24T18:29:52","slug":"situacion-li%c2%8dmite","status":"publish","type":"product","link":"https:\/\/didacta.com.uy\/sitio\/producto\/situacion-li%c2%8dmite\/","title":{"rendered":"SITUACI\u00d3N L\u00cdMITE"},"content":{"rendered":"<p>Original y emocionante juego en el que los sentimientos y creencias de los jugadores se ponen encima de la mesa. En cada tarjeta se plantea una situaci\u00f3n ante la cual hay cuatro alternativas de respuesta, ni una m\u00e1s.<br \/>\nCada jugador deber\u00e1 responder sinceramente y escoger la alternativa que m\u00e1s se ajuste a su car\u00e1cter. No es posible mentir, ya que sus compa\u00f1eros de juego tambi\u00e9n deber\u00e1n adivinar qu\u00e9 har\u00eda cada jugador ante una Situaci\u00f3n L\u00edmite. Si aciertan, permitir\u00e1n el avance por las casillas del tablero. Ganar\u00e1 el primero que llegue al final del recorrido.<\/p>\n<p><strong><span style=\"color: #ff0000;\">C\u00f3digo:<\/span> <\/strong>150\/60<br \/>\n<strong><span style=\"color: #ff0000;\">C\u00f3digo de barras:<\/span><\/strong> 7730549150609<br \/>\n<strong><span style=\"color: #ff0000;\">Edad:<\/span><\/strong> 14 a\u00f1os en adelante<br \/>\n<strong><span style=\"color: #ff0000;\">Cantidad de jugadores:<\/span><\/strong> 2 a 6 jugadores<br \/>\n<strong><span style=\"color: #ff0000;\">Contenido:<\/span><\/strong> Tablero, 288 cartas, tarjetas, peones<br \/>\n<strong><span style=\"color: #ff0000;\">Medidas:<\/span><\/strong> 37 x 27 x 5 cm<br \/>\n<strong><span style=\"color: #ff0000;\">Instrucciones:<\/span> <\/strong><a href=\"http:\/\/didacta.com.uy\/sitio\/wp-content\/uploads\/2021\/11\/instrucciones-situacion_limite.pdf\" target=\"_blank\" rel=\"noopener\">Descargar<\/a><\/p>\n<p><iframe loading=\"lazy\" title=\"YouTube video player\" src=\"https:\/\/www.youtube.com\/embed\/YnKxryxkGWs?si=wiskRtDGv0vNLg4E\" width=\"560\" height=\"315\" frameborder=\"0\" allowfullscreen=\"allowfullscreen\"><\/iframe><\/p>\n","protected":false},"excerpt":{"rendered":"<p>Original y emocionante juego en el que los sentimientos y creencias de los jugadores se ponen encima de la mesa. En cada tarjeta se plantea una situaci\u00f3n ante la cual hay cuatro alternativas de respuesta, ni una m\u00e1s.<br \/>\nCada jugador deber\u00e1 responder sinceramente y escoger la alternativa que m\u00e1s se ajuste a su car\u00e1cter. No es posible mentir, ya que sus compa\u00f1eros de juego tambi\u00e9n deber\u00e1n adivinar qu\u00e9 har\u00eda cada jugador ante una Situaci\u00f3n L\u00edmite. Si aciertan, permitir\u00e1n el avance por las casillas del tablero. Ganar\u00e1 el primero que llegue al final del recorrido.<\/p>\n<p><strong><span style=\"color: #ff0000;\">C\u00f3digo:<\/span> <\/strong>150\/60<br \/>\n<strong><span style=\"color: #ff0000;\">C\u00f3digo de barras:<\/span><\/strong> 7730549150609<br \/>\n<strong><span style=\"color: #ff0000;\">Edad:<\/span><\/strong> 14 a\u00f1os en adelante<br \/>\n<strong><span style=\"color: #ff0000;\">Cantidad de jugadores:<\/span><\/strong> 2 a 6 jugadores<br \/>\n<strong><span style=\"color: #ff0000;\">Contenido:<\/span><\/strong> Tablero, 288 cartas, tarjetas, peones<br \/>\n<strong><span style=\"color: #ff0000;\">Medidas:<\/span><\/strong> 37 x 27 x 5 cm<br \/>\n<strong><span style=\"color: #ff0000;\">Instrucciones:<\/span> <\/strong><a href=\"http:\/\/didacta.com.uy\/sitio\/wp-content\/uploads\/2021\/11\/instrucciones-situacion_limite.pdf\" target=\"_blank\" rel=\"noopener\">Descargar<\/a><\/p>\n<p><iframe loading=\"lazy\" title=\"YouTube video player\" src=\"https:\/\/www.youtube.com\/embed\/YnKxryxkGWs?si=wiskRtDGv0vNLg4E\" width=\"560\" height=\"315\" frameborder=\"0\" allowfullscreen=\"allowfullscreen\"><\/iframe><\/p>\n","protected":false},"featured_media":208991,"comment_status":"closed","ping_status":"closed","template":"","meta":{"_et_pb_use_builder":"","_et_pb_old_content":"","_et_gb_content_width":"","_uf_show_specific_survey":0,"_uf_disable_surveys":false},"product_brand":[],"product_cat":[73,79],"product_tag":[],"class_list":{"0":"post-205734","1":"product","2":"type-product","3":"status-publish","4":"has-post-thumbnail","6":"product_cat-10-a-mas-anos","7":"product_cat-juego-para-todos","9":"first","10":"instock","11":"purchasable","12":"product-type-simple"},"aioseo_notices":[],"yoast_head":"<!-- This site is optimized with the Yoast SEO plugin v24.8.1 - https:\/\/yoast.com\/wordpress\/plugins\/seo\/ -->\n<title>SITUACI\u00d3N L\u00cdMITE - Didacta<\/title>\n<meta name=\"robots\" content=\"index, follow, max-snippet:-1, max-image-preview:large, max-video-preview:-1\" \/>\n<link rel=\"canonical\" href=\"https:\/\/didacta.com.uy\/sitio\/producto\/situacion-li\u008dmite\/\" \/>\n<meta property=\"og:locale\" content=\"es_ES\" \/>\n<meta property=\"og:type\" content=\"article\" \/>\n<meta property=\"og:title\" content=\"SITUACI\u00d3N L\u00cdMITE - Didacta\" \/>\n<meta property=\"og:description\" content=\"Original y emocionante juego en el que los sentimientos y creencias de los jugadores se ponen encima de la mesa. En cada tarjeta se plantea una situaci\u00f3n ante la cual hay cuatro alternativas de respuesta, ni una m\u00e1s. Cada jugador deber\u00e1 responder sinceramente y escoger la alternativa que m\u00e1s se ajuste a su car\u00e1cter. No es posible mentir, ya que sus compa\u00f1eros de juego tambi\u00e9n deber\u00e1n adivinar qu\u00e9 har\u00eda cada jugador ante una Situaci\u00f3n L\u00edmite. Si aciertan, permitir\u00e1n el avance por las casillas del tablero. Ganar\u00e1 el primero que llegue al final del recorrido.  C\u00f3digo: 150\/60 C\u00f3digo de barras: 7730549150609 Edad: 14 a\u00f1os en adelante Cantidad de jugadores: 2 a 6 jugadores Contenido: Tablero, 288 cartas, tarjetas, peones Medidas: 37 x 27 x 5 cm Instrucciones: Descargar\" \/>\n<meta property=\"og:url\" content=\"https:\/\/didacta.com.uy\/sitio\/producto\/situacion-li\u008dmite\/\" \/>\n<meta property=\"og:site_name\" content=\"Didacta\" \/>\n<meta property=\"article:modified_time\" content=\"2024-06-24T18:29:52+00:00\" \/>\n<meta property=\"og:image\" content=\"https:\/\/didacta.com.uy\/sitio\/wp-content\/uploads\/2018\/10\/150-60_Situacion_limite_Nuevo-Formato.jpg\" \/>\n\t<meta property=\"og:image:width\" content=\"1105\" \/>\n\t<meta property=\"og:image:height\" content=\"800\" \/>\n\t<meta property=\"og:image:type\" content=\"image\/jpeg\" \/>\n<meta name=\"twitter:card\" content=\"summary_large_image\" \/>\n<meta name=\"twitter:label1\" content=\"Tiempo de lectura\" \/>\n\t<meta name=\"twitter:data1\" content=\"1 minuto\" \/>\n<script type=\"application\/ld+json\" class=\"yoast-schema-graph\">{\"@context\":\"https:\/\/schema.org\",\"@graph\":[{\"@type\":\"WebPage\",\"@id\":\"https:\/\/didacta.com.uy\/sitio\/producto\/situacion-li%c2%8dmite\/\",\"url\":\"https:\/\/didacta.com.uy\/sitio\/producto\/situacion-li%c2%8dmite\/\",\"name\":\"SITUACI\u00d3N L\u00cdMITE - Didacta\",\"isPartOf\":{\"@id\":\"https:\/\/didacta.com.uy\/sitio\/#website\"},\"primaryImageOfPage\":{\"@id\":\"https:\/\/didacta.com.uy\/sitio\/producto\/situacion-li%c2%8dmite\/#primaryimage\"},\"image\":{\"@id\":\"https:\/\/didacta.com.uy\/sitio\/producto\/situacion-li%c2%8dmite\/#primaryimage\"},\"thumbnailUrl\":\"https:\/\/didacta.com.uy\/sitio\/wp-content\/uploads\/2018\/10\/150-60_Situacion_limite_Nuevo-Formato.jpg\",\"datePublished\":\"2018-10-03T18:12:05+00:00\",\"dateModified\":\"2024-06-24T18:29:52+00:00\",\"breadcrumb\":{\"@id\":\"https:\/\/didacta.com.uy\/sitio\/producto\/situacion-li%c2%8dmite\/#breadcrumb\"},\"inLanguage\":\"es\",\"potentialAction\":[{\"@type\":\"ReadAction\",\"target\":[\"https:\/\/didacta.com.uy\/sitio\/producto\/situacion-li%c2%8dmite\/\"]}]},{\"@type\":\"ImageObject\",\"inLanguage\":\"es\",\"@id\":\"https:\/\/didacta.com.uy\/sitio\/producto\/situacion-li%c2%8dmite\/#primaryimage\",\"url\":\"https:\/\/didacta.com.uy\/sitio\/wp-content\/uploads\/2018\/10\/150-60_Situacion_limite_Nuevo-Formato.jpg\",\"contentUrl\":\"https:\/\/didacta.com.uy\/sitio\/wp-content\/uploads\/2018\/10\/150-60_Situacion_limite_Nuevo-Formato.jpg\",\"width\":1105,\"height\":800},{\"@type\":\"BreadcrumbList\",\"@id\":\"https:\/\/didacta.com.uy\/sitio\/producto\/situacion-li%c2%8dmite\/#breadcrumb\",\"itemListElement\":[{\"@type\":\"ListItem\",\"position\":1,\"name\":\"Portada\",\"item\":\"https:\/\/didacta.com.uy\/sitio\/\"},{\"@type\":\"ListItem\",\"position\":2,\"name\":\"Inicio\",\"item\":\"https:\/\/didacta.com.uy\/sitio\/\"},{\"@type\":\"ListItem\",\"position\":3,\"name\":\"SITUACI\u00d3N L\u00cdMITE\"}]},{\"@type\":\"WebSite\",\"@id\":\"https:\/\/didacta.com.uy\/sitio\/#website\",\"url\":\"https:\/\/didacta.com.uy\/sitio\/\",\"name\":\"Didacta\",\"description\":\"Con m\u00e1s de 20 a\u00f1os de experiencia, DIDACTA es la marca l\u00edder en el mercado uruguayo de juegos de mesa.\",\"potentialAction\":[{\"@type\":\"SearchAction\",\"target\":{\"@type\":\"EntryPoint\",\"urlTemplate\":\"https:\/\/didacta.com.uy\/sitio\/?s={search_term_string}\"},\"query-input\":{\"@type\":\"PropertyValueSpecification\",\"valueRequired\":true,\"valueName\":\"search_term_string\"}}],\"inLanguage\":\"es\"}]}<\/script>\n<!-- \/ Yoast SEO plugin. -->","yoast_head_json":{"title":"SITUACI\u00d3N L\u00cdMITE - Didacta","robots":{"index":"index","follow":"follow","max-snippet":"max-snippet:-1","max-image-preview":"max-image-preview:large","max-video-preview":"max-video-preview:-1"},"canonical":"https:\/\/didacta.com.uy\/sitio\/producto\/situacion-li\u008dmite\/","og_locale":"es_ES","og_type":"article","og_title":"SITUACI\u00d3N L\u00cdMITE - Didacta","og_description":"Original y emocionante juego en el que los sentimientos y creencias de los jugadores se ponen encima de la mesa. En cada tarjeta se plantea una situaci\u00f3n ante la cual hay cuatro alternativas de respuesta, ni una m\u00e1s. Cada jugador deber\u00e1 responder sinceramente y escoger la alternativa que m\u00e1s se ajuste a su car\u00e1cter. No es posible mentir, ya que sus compa\u00f1eros de juego tambi\u00e9n deber\u00e1n adivinar qu\u00e9 har\u00eda cada jugador ante una Situaci\u00f3n L\u00edmite. Si aciertan, permitir\u00e1n el avance por las casillas del tablero. Ganar\u00e1 el primero que llegue al final del recorrido.  C\u00f3digo: 150\/60 C\u00f3digo de barras: 7730549150609 Edad: 14 a\u00f1os en adelante Cantidad de jugadores: 2 a 6 jugadores Contenido: Tablero, 288 cartas, tarjetas, peones Medidas: 37 x 27 x 5 cm Instrucciones: Descargar","og_url":"https:\/\/didacta.com.uy\/sitio\/producto\/situacion-li\u008dmite\/","og_site_name":"Didacta","article_modified_time":"2024-06-24T18:29:52+00:00","og_image":[{"width":1105,"height":800,"url":"https:\/\/didacta.com.uy\/sitio\/wp-content\/uploads\/2018\/10\/150-60_Situacion_limite_Nuevo-Formato.jpg","type":"image\/jpeg"}],"twitter_card":"summary_large_image","twitter_misc":{"Tiempo de lectura":"1 minuto"},"schema":{"@context":"https:\/\/schema.org","@graph":[{"@type":"WebPage","@id":"https:\/\/didacta.com.uy\/sitio\/producto\/situacion-li%c2%8dmite\/","url":"https:\/\/didacta.com.uy\/sitio\/producto\/situacion-li%c2%8dmite\/","name":"SITUACI\u00d3N L\u00cdMITE - Didacta","isPartOf":{"@id":"https:\/\/didacta.com.uy\/sitio\/#website"},"primaryImageOfPage":{"@id":"https:\/\/didacta.com.uy\/sitio\/producto\/situacion-li%c2%8dmite\/#primaryimage"},"image":{"@id":"https:\/\/didacta.com.uy\/sitio\/producto\/situacion-li%c2%8dmite\/#primaryimage"},"thumbnailUrl":"https:\/\/didacta.com.uy\/sitio\/wp-content\/uploads\/2018\/10\/150-60_Situacion_limite_Nuevo-Formato.jpg","datePublished":"2018-10-03T18:12:05+00:00","dateModified":"2024-06-24T18:29:52+00:00","breadcrumb":{"@id":"https:\/\/didacta.com.uy\/sitio\/producto\/situacion-li%c2%8dmite\/#breadcrumb"},"inLanguage":"es","potentialAction":[{"@type":"ReadAction","target":["https:\/\/didacta.com.uy\/sitio\/producto\/situacion-li%c2%8dmite\/"]}]},{"@type":"ImageObject","inLanguage":"es","@id":"https:\/\/didacta.com.uy\/sitio\/producto\/situacion-li%c2%8dmite\/#primaryimage","url":"https:\/\/didacta.com.uy\/sitio\/wp-content\/uploads\/2018\/10\/150-60_Situacion_limite_Nuevo-Formato.jpg","contentUrl":"https:\/\/didacta.com.uy\/sitio\/wp-content\/uploads\/2018\/10\/150-60_Situacion_limite_Nuevo-Formato.jpg","width":1105,"height":800},{"@type":"BreadcrumbList","@id":"https:\/\/didacta.com.uy\/sitio\/producto\/situacion-li%c2%8dmite\/#breadcrumb","itemListElement":[{"@type":"ListItem","position":1,"name":"Portada","item":"https:\/\/didacta.com.uy\/sitio\/"},{"@type":"ListItem","position":2,"name":"Inicio","item":"https:\/\/didacta.com.uy\/sitio\/"},{"@type":"ListItem","position":3,"name":"SITUACI\u00d3N L\u00cdMITE"}]},{"@type":"WebSite","@id":"https:\/\/didacta.com.uy\/sitio\/#website","url":"https:\/\/didacta.com.uy\/sitio\/","name":"Didacta","description":"Con m\u00e1s de 20 a\u00f1os de experiencia, DIDACTA es la marca l\u00edder en el mercado uruguayo de juegos de mesa.","potentialAction":[{"@type":"SearchAction","target":{"@type":"EntryPoint","urlTemplate":"https:\/\/didacta.com.uy\/sitio\/?s={search_term_string}"},"query-input":{"@type":"PropertyValueSpecification","valueRequired":true,"valueName":"search_term_string"}}],"inLanguage":"es"}]}},"_links":{"self":[{"href":"https:\/\/didacta.com.uy\/sitio\/wp-json\/wp\/v2\/product\/205734","targetHints":{"allow":["GET"]}}],"collection":[{"href":"https:\/\/didacta.com.uy\/sitio\/wp-json\/wp\/v2\/product"}],"about":[{"href":"https:\/\/didacta.com.uy\/sitio\/wp-json\/wp\/v2\/types\/product"}],"replies":[{"embeddable":true,"href":"https:\/\/didacta.com.uy\/sitio\/wp-json\/wp\/v2\/comments?post=205734"}],"wp:featuredmedia":[{"embeddable":true,"href":"https:\/\/didacta.com.uy\/sitio\/wp-json\/wp\/v2\/media\/208991"}],"wp:attachment":[{"href":"https:\/\/didacta.com.uy\/sitio\/wp-json\/wp\/v2\/media?parent=205734"}],"wp:term":[{"taxonomy":"product_brand","embeddable":true,"href":"https:\/\/didacta.com.uy\/sitio\/wp-json\/wp\/v2\/product_brand?post=205734"},{"taxonomy":"product_cat","embeddable":true,"href":"https:\/\/didacta.com.uy\/sitio\/wp-json\/wp\/v2\/product_cat?post=205734"},{"taxonomy":"product_tag","embeddable":true,"href":"https:\/\/didacta.com.uy\/sitio\/wp-json\/wp\/v2\/product_tag?post=205734"}],"curies":[{"name":"wp","href":"https:\/\/api.w.org\/{rel}","templated":true}]}}