{"id":205733,"date":"2018-10-03T18:12:03","date_gmt":"2018-10-03T18:12:03","guid":{"rendered":"http:\/\/didacta.com.uy\/sitio\/producto\/didactagrama\/"},"modified":"2024-01-09T13:13:47","modified_gmt":"2024-01-09T13:13:47","slug":"didactagrama","status":"publish","type":"product","link":"https:\/\/didacta.com.uy\/sitio\/producto\/didactagrama\/","title":{"rendered":"DIDACTAGRAMA"},"content":{"rendered":"<p>Didactagrama, el cl\u00e1sico juego de las palabras cruzadas en el cual se combinan el azar en la toma de letras y la habilidad en componer palabras para obtener en la partida la mayor cantidad de puntos posibles. La puntuaci\u00f3n de cada jugada depende del n\u00famero y valor de las letras utilizadas, estimulada por ciertas posiciones que multiplican el valor absoluto de las letras o palabras apoyadas en las mismas. Los puntos obtenidos por cada jugador se van acumulando hasta el final de la partida, siendo el vencedor el que obtiene la mayor puntuaci\u00f3n. Entre todos los jugadores puede lograrse hasta 600 o m\u00e1s puntos, seg\u00fan el grado de habilidad en el juego.<\/p>\n<p><strong><span style=\"color: #ff0000;\">C\u00f3digo:<\/span> <\/strong>150\/53<br \/>\n<strong><span style=\"color: #ff0000;\">C\u00f3digo de barras:<\/span> <\/strong>7730549150531<br \/>\n<strong><span style=\"color: #ff0000;\">Edad:<\/span><\/strong> 10 a\u00f1os en adelante<br \/>\n<strong><span style=\"color: #ff0000;\">Cantidad de jugadores:<\/span> <\/strong>2 a 4<br \/>\n<strong><span style=\"color: #ff0000;\">Contenido:<\/span>\u00a0<\/strong>1 tablero, 4 soportes, 106 fichas de letras, 2 fichas de repuesto, 2 fichas comod\u00edn, 1 reloj de arena<br \/>\n<strong><span style=\"color: #ff0000;\">Medidas:<\/span><\/strong> 37 x 27 x 5 cm<br \/>\n<strong><span style=\"color: #ff0000;\">Instrucciones:<\/span> <\/strong><a href=\"http:\/\/didacta.com.uy\/sitio\/wp-content\/uploads\/2020\/12\/didactagrama.pdf\" target=\"_blank\" rel=\"noopener\">Descargar<\/a><\/p>\n<p><iframe loading=\"lazy\" width=\"560\" height=\"315\" src=\"https:\/\/www.youtube.com\/embed\/_2yyBKzjX5M?si=E-SCuTbzbMff8fN2\" title=\"YouTube video player\" frameborder=\"0\" allow=\"accelerometer; autoplay; clipboard-write; encrypted-media; gyroscope; picture-in-picture; web-share\" allowfullscreen><\/iframe><\/p>\n","protected":false},"excerpt":{"rendered":"<p>Didactagrama, el cl\u00e1sico juego de las palabras cruzadas en el cual se combinan el azar en la toma de letras y la habilidad en componer palabras para obtener en la partida la mayor cantidad de puntos posibles. La puntuaci\u00f3n de cada jugada depende del n\u00famero y valor de las letras utilizadas, estimulada por ciertas posiciones que multiplican el valor absoluto de las letras o palabras apoyadas en las mismas. Los puntos obtenidos por cada jugador se van acumulando hasta el final de la partida, siendo el vencedor el que obtiene la mayor puntuaci\u00f3n. Entre todos los jugadores puede lograrse hasta 600 o m\u00e1s puntos, seg\u00fan el grado de habilidad en el juego.<\/p>\n<p><strong><span style=\"color: #ff0000;\">C\u00f3digo:<\/span> <\/strong>150\/53<br \/>\n<strong><span style=\"color: #ff0000;\">C\u00f3digo de barras:<\/span> <\/strong>7730549150531<br \/>\n<strong><span style=\"color: #ff0000;\">Edad:<\/span><\/strong> 10 a\u00f1os en adelante<br \/>\n<strong><span style=\"color: #ff0000;\">Cantidad de jugadores:<\/span> <\/strong>2 a 4 jugadores<br \/>\n<strong><span style=\"color: #ff0000;\">Contenido:<\/span>\u00a0<\/strong>1 tablero, 4 soportes, 106 fichas de letras, 2 fichas de repuesto, 2 fichas comod\u00edn, 1 reloj de arena<br \/>\n<strong><span style=\"color: #ff0000;\">Medidas:<\/span><\/strong> 37 x 27 x 5 cm<br \/>\n<strong><span style=\"color: #ff0000;\">Instrucciones:<\/span> <\/strong><a href=\"http:\/\/didacta.com.uy\/sitio\/wp-content\/uploads\/2020\/12\/didactagrama.pdf\" target=\"_blank\" rel=\"noopener\">Descargar<\/a><\/p>\n<p><iframe loading=\"lazy\" width=\"560\" height=\"315\" src=\"https:\/\/www.youtube.com\/embed\/_2yyBKzjX5M?si=E-SCuTbzbMff8fN2\" title=\"YouTube video player\" frameborder=\"0\" allow=\"accelerometer; autoplay; clipboard-write; encrypted-media; gyroscope; picture-in-picture; web-share\" allowfullscreen><\/iframe><\/p>\n","protected":false},"featured_media":208825,"comment_status":"closed","ping_status":"closed","template":"","meta":{"_et_pb_use_builder":"","_et_pb_old_content":"","_et_gb_content_width":"","_uf_show_specific_survey":0,"_uf_disable_surveys":false},"product_brand":[],"product_cat":[73,72,79],"product_tag":[],"class_list":{"0":"post-205733","1":"product","2":"type-product","3":"status-publish","4":"has-post-thumbnail","6":"product_cat-10-a-mas-anos","7":"product_cat-6-a-9-anos","8":"product_cat-juego-para-todos","10":"first","11":"instock","12":"purchasable","13":"product-type-simple"},"aioseo_notices":[],"yoast_head":"<!-- This site is optimized with the Yoast SEO plugin v24.8.1 - https:\/\/yoast.com\/wordpress\/plugins\/seo\/ -->\n<title>DIDACTAGRAMA - Didacta<\/title>\n<meta name=\"robots\" content=\"index, follow, max-snippet:-1, max-image-preview:large, max-video-preview:-1\" \/>\n<link rel=\"canonical\" href=\"https:\/\/didacta.com.uy\/sitio\/producto\/didactagrama\/\" \/>\n<meta property=\"og:locale\" content=\"es_ES\" \/>\n<meta property=\"og:type\" content=\"article\" \/>\n<meta property=\"og:title\" content=\"DIDACTAGRAMA - Didacta\" \/>\n<meta property=\"og:description\" content=\"Didactagrama, el cl\u00e1sico juego de las palabras cruzadas en el cual se combinan el azar en la toma de letras y la habilidad en componer palabras para obtener en la partida la mayor cantidad de puntos posibles. La puntuaci\u00f3n de cada jugada depende del n\u00famero y valor de las letras utilizadas, estimulada por ciertas posiciones que multiplican el valor absoluto de las letras o palabras apoyadas en las mismas. Los puntos obtenidos por cada jugador se van acumulando hasta el final de la partida, siendo el vencedor el que obtiene la mayor puntuaci\u00f3n. Entre todos los jugadores puede lograrse hasta 600 o m\u00e1s puntos, seg\u00fan el grado de habilidad en el juego.  C\u00f3digo: 150\/53 C\u00f3digo de barras: 7730549150531 Edad: 10 a\u00f1os en adelante Cantidad de jugadores: 2 a 4 jugadores Contenido:\u00a01 tablero, 4 soportes, 106 fichas de letras, 2 fichas de repuesto, 2 fichas comod\u00edn, 1 reloj de arena Medidas: 37 x 27 x 5 cm Instrucciones: Descargar\" \/>\n<meta property=\"og:url\" content=\"https:\/\/didacta.com.uy\/sitio\/producto\/didactagrama\/\" \/>\n<meta property=\"og:site_name\" content=\"Didacta\" \/>\n<meta property=\"article:modified_time\" content=\"2024-01-09T13:13:47+00:00\" \/>\n<meta property=\"og:image\" content=\"https:\/\/didacta.com.uy\/sitio\/wp-content\/uploads\/2018\/10\/DIDACTAGRAMA.jpg\" \/>\n\t<meta property=\"og:image:width\" content=\"800\" \/>\n\t<meta property=\"og:image:height\" content=\"600\" \/>\n\t<meta property=\"og:image:type\" content=\"image\/jpeg\" \/>\n<meta name=\"twitter:card\" content=\"summary_large_image\" \/>\n<meta name=\"twitter:label1\" content=\"Tiempo de lectura\" \/>\n\t<meta name=\"twitter:data1\" content=\"1 minuto\" \/>\n<script type=\"application\/ld+json\" class=\"yoast-schema-graph\">{\"@context\":\"https:\/\/schema.org\",\"@graph\":[{\"@type\":\"WebPage\",\"@id\":\"https:\/\/didacta.com.uy\/sitio\/producto\/didactagrama\/\",\"url\":\"https:\/\/didacta.com.uy\/sitio\/producto\/didactagrama\/\",\"name\":\"DIDACTAGRAMA - Didacta\",\"isPartOf\":{\"@id\":\"https:\/\/didacta.com.uy\/sitio\/#website\"},\"primaryImageOfPage\":{\"@id\":\"https:\/\/didacta.com.uy\/sitio\/producto\/didactagrama\/#primaryimage\"},\"image\":{\"@id\":\"https:\/\/didacta.com.uy\/sitio\/producto\/didactagrama\/#primaryimage\"},\"thumbnailUrl\":\"https:\/\/didacta.com.uy\/sitio\/wp-content\/uploads\/2018\/10\/DIDACTAGRAMA.jpg\",\"datePublished\":\"2018-10-03T18:12:03+00:00\",\"dateModified\":\"2024-01-09T13:13:47+00:00\",\"breadcrumb\":{\"@id\":\"https:\/\/didacta.com.uy\/sitio\/producto\/didactagrama\/#breadcrumb\"},\"inLanguage\":\"es\",\"potentialAction\":[{\"@type\":\"ReadAction\",\"target\":[\"https:\/\/didacta.com.uy\/sitio\/producto\/didactagrama\/\"]}]},{\"@type\":\"ImageObject\",\"inLanguage\":\"es\",\"@id\":\"https:\/\/didacta.com.uy\/sitio\/producto\/didactagrama\/#primaryimage\",\"url\":\"https:\/\/didacta.com.uy\/sitio\/wp-content\/uploads\/2018\/10\/DIDACTAGRAMA.jpg\",\"contentUrl\":\"https:\/\/didacta.com.uy\/sitio\/wp-content\/uploads\/2018\/10\/DIDACTAGRAMA.jpg\",\"width\":800,\"height\":600},{\"@type\":\"BreadcrumbList\",\"@id\":\"https:\/\/didacta.com.uy\/sitio\/producto\/didactagrama\/#breadcrumb\",\"itemListElement\":[{\"@type\":\"ListItem\",\"position\":1,\"name\":\"Portada\",\"item\":\"https:\/\/didacta.com.uy\/sitio\/\"},{\"@type\":\"ListItem\",\"position\":2,\"name\":\"Inicio\",\"item\":\"https:\/\/didacta.com.uy\/sitio\/\"},{\"@type\":\"ListItem\",\"position\":3,\"name\":\"DIDACTAGRAMA\"}]},{\"@type\":\"WebSite\",\"@id\":\"https:\/\/didacta.com.uy\/sitio\/#website\",\"url\":\"https:\/\/didacta.com.uy\/sitio\/\",\"name\":\"Didacta\",\"description\":\"Con m\u00e1s de 20 a\u00f1os de experiencia, DIDACTA es la marca l\u00edder en el mercado uruguayo de juegos de mesa.\",\"potentialAction\":[{\"@type\":\"SearchAction\",\"target\":{\"@type\":\"EntryPoint\",\"urlTemplate\":\"https:\/\/didacta.com.uy\/sitio\/?s={search_term_string}\"},\"query-input\":{\"@type\":\"PropertyValueSpecification\",\"valueRequired\":true,\"valueName\":\"search_term_string\"}}],\"inLanguage\":\"es\"}]}<\/script>\n<!-- \/ Yoast SEO plugin. -->","yoast_head_json":{"title":"DIDACTAGRAMA - Didacta","robots":{"index":"index","follow":"follow","max-snippet":"max-snippet:-1","max-image-preview":"max-image-preview:large","max-video-preview":"max-video-preview:-1"},"canonical":"https:\/\/didacta.com.uy\/sitio\/producto\/didactagrama\/","og_locale":"es_ES","og_type":"article","og_title":"DIDACTAGRAMA - Didacta","og_description":"Didactagrama, el cl\u00e1sico juego de las palabras cruzadas en el cual se combinan el azar en la toma de letras y la habilidad en componer palabras para obtener en la partida la mayor cantidad de puntos posibles. La puntuaci\u00f3n de cada jugada depende del n\u00famero y valor de las letras utilizadas, estimulada por ciertas posiciones que multiplican el valor absoluto de las letras o palabras apoyadas en las mismas. Los puntos obtenidos por cada jugador se van acumulando hasta el final de la partida, siendo el vencedor el que obtiene la mayor puntuaci\u00f3n. Entre todos los jugadores puede lograrse hasta 600 o m\u00e1s puntos, seg\u00fan el grado de habilidad en el juego.  C\u00f3digo: 150\/53 C\u00f3digo de barras: 7730549150531 Edad: 10 a\u00f1os en adelante Cantidad de jugadores: 2 a 4 jugadores Contenido:\u00a01 tablero, 4 soportes, 106 fichas de letras, 2 fichas de repuesto, 2 fichas comod\u00edn, 1 reloj de arena Medidas: 37 x 27 x 5 cm Instrucciones: Descargar","og_url":"https:\/\/didacta.com.uy\/sitio\/producto\/didactagrama\/","og_site_name":"Didacta","article_modified_time":"2024-01-09T13:13:47+00:00","og_image":[{"width":800,"height":600,"url":"https:\/\/didacta.com.uy\/sitio\/wp-content\/uploads\/2018\/10\/DIDACTAGRAMA.jpg","type":"image\/jpeg"}],"twitter_card":"summary_large_image","twitter_misc":{"Tiempo de lectura":"1 minuto"},"schema":{"@context":"https:\/\/schema.org","@graph":[{"@type":"WebPage","@id":"https:\/\/didacta.com.uy\/sitio\/producto\/didactagrama\/","url":"https:\/\/didacta.com.uy\/sitio\/producto\/didactagrama\/","name":"DIDACTAGRAMA - Didacta","isPartOf":{"@id":"https:\/\/didacta.com.uy\/sitio\/#website"},"primaryImageOfPage":{"@id":"https:\/\/didacta.com.uy\/sitio\/producto\/didactagrama\/#primaryimage"},"image":{"@id":"https:\/\/didacta.com.uy\/sitio\/producto\/didactagrama\/#primaryimage"},"thumbnailUrl":"https:\/\/didacta.com.uy\/sitio\/wp-content\/uploads\/2018\/10\/DIDACTAGRAMA.jpg","datePublished":"2018-10-03T18:12:03+00:00","dateModified":"2024-01-09T13:13:47+00:00","breadcrumb":{"@id":"https:\/\/didacta.com.uy\/sitio\/producto\/didactagrama\/#breadcrumb"},"inLanguage":"es","potentialAction":[{"@type":"ReadAction","target":["https:\/\/didacta.com.uy\/sitio\/producto\/didactagrama\/"]}]},{"@type":"ImageObject","inLanguage":"es","@id":"https:\/\/didacta.com.uy\/sitio\/producto\/didactagrama\/#primaryimage","url":"https:\/\/didacta.com.uy\/sitio\/wp-content\/uploads\/2018\/10\/DIDACTAGRAMA.jpg","contentUrl":"https:\/\/didacta.com.uy\/sitio\/wp-content\/uploads\/2018\/10\/DIDACTAGRAMA.jpg","width":800,"height":600},{"@type":"BreadcrumbList","@id":"https:\/\/didacta.com.uy\/sitio\/producto\/didactagrama\/#breadcrumb","itemListElement":[{"@type":"ListItem","position":1,"name":"Portada","item":"https:\/\/didacta.com.uy\/sitio\/"},{"@type":"ListItem","position":2,"name":"Inicio","item":"https:\/\/didacta.com.uy\/sitio\/"},{"@type":"ListItem","position":3,"name":"DIDACTAGRAMA"}]},{"@type":"WebSite","@id":"https:\/\/didacta.com.uy\/sitio\/#website","url":"https:\/\/didacta.com.uy\/sitio\/","name":"Didacta","description":"Con m\u00e1s de 20 a\u00f1os de experiencia, DIDACTA es la marca l\u00edder en el mercado uruguayo de juegos de mesa.","potentialAction":[{"@type":"SearchAction","target":{"@type":"EntryPoint","urlTemplate":"https:\/\/didacta.com.uy\/sitio\/?s={search_term_string}"},"query-input":{"@type":"PropertyValueSpecification","valueRequired":true,"valueName":"search_term_string"}}],"inLanguage":"es"}]}},"_links":{"self":[{"href":"https:\/\/didacta.com.uy\/sitio\/wp-json\/wp\/v2\/product\/205733","targetHints":{"allow":["GET"]}}],"collection":[{"href":"https:\/\/didacta.com.uy\/sitio\/wp-json\/wp\/v2\/product"}],"about":[{"href":"https:\/\/didacta.com.uy\/sitio\/wp-json\/wp\/v2\/types\/product"}],"replies":[{"embeddable":true,"href":"https:\/\/didacta.com.uy\/sitio\/wp-json\/wp\/v2\/comments?post=205733"}],"wp:featuredmedia":[{"embeddable":true,"href":"https:\/\/didacta.com.uy\/sitio\/wp-json\/wp\/v2\/media\/208825"}],"wp:attachment":[{"href":"https:\/\/didacta.com.uy\/sitio\/wp-json\/wp\/v2\/media?parent=205733"}],"wp:term":[{"taxonomy":"product_brand","embeddable":true,"href":"https:\/\/didacta.com.uy\/sitio\/wp-json\/wp\/v2\/product_brand?post=205733"},{"taxonomy":"product_cat","embeddable":true,"href":"https:\/\/didacta.com.uy\/sitio\/wp-json\/wp\/v2\/product_cat?post=205733"},{"taxonomy":"product_tag","embeddable":true,"href":"https:\/\/didacta.com.uy\/sitio\/wp-json\/wp\/v2\/product_tag?post=205733"}],"curies":[{"name":"wp","href":"https:\/\/api.w.org\/{rel}","templated":true}]}}