{"id":205732,"date":"2018-10-03T18:12:01","date_gmt":"2018-10-03T18:12:01","guid":{"rendered":"http:\/\/didacta.com.uy\/sitio\/producto\/buen-viaje\/"},"modified":"2024-01-29T13:42:39","modified_gmt":"2024-01-29T13:42:39","slug":"buen-viaje","status":"publish","type":"product","link":"https:\/\/didacta.com.uy\/sitio\/producto\/buen-viaje\/","title":{"rendered":"BUEN VIAJE"},"content":{"rendered":"<p>Un juego de viajes a trav\u00e9s de este gran tablero que representa el completo Mapamundi. La variedad de itinerarios por tierra, mar o aire, aumenta el atractivo de este juego de competici\u00f3n y conocimientos geogr\u00e1ficos. Con el carn\u00e9 de viaje, los jugadores recorrer\u00e1n el mundo de punta a punta, conociendo aspectos importantes de sus diferentes ciudades.<\/p>\n<p><strong><span style=\"color: #ff0000;\">C\u00f3digo:<\/span><\/strong> 150\/51<br \/>\n<strong><span style=\"color: #ff0000;\">C\u00f3digo de barras:<\/span><\/strong> 7730549150517<br \/>\n<strong><span style=\"color: #ff0000;\">Edad:<\/span><\/strong> De 7 a\u00f1os en adelante<br \/>\n<strong><span style=\"color: #ff0000;\">Cantidad de jugadores:<\/span><\/strong> 2 a 6 jugadores<br \/>\n<strong><span style=\"color: #ff0000;\">Contenido:<\/span> <\/strong>Tablero, 6 peones, 2 dados, 12 carnets de viaje, 48 tarjetas billetes<br \/>\n<strong><span style=\"color: #ff0000;\">Medidas:<\/span> <\/strong>33 x 23 x 4,5 cm<br \/>\n<strong><span style=\"color: #ff0000;\">Instrucciones:<\/span> <\/strong><a href=\"http:\/\/didacta.com.uy\/sitio\/wp-content\/uploads\/2020\/07\/buen.viaje_.pdf\" target=\"_blank\" rel=\"noopener\">Descargar<\/a><\/p>\n<p><iframe loading=\"lazy\" width=\"560\" height=\"315\" src=\"https:\/\/www.youtube.com\/embed\/05FlTyf-inc?si=W6uPp-lFGUJp0gWs\" title=\"YouTube video player\" frameborder=\"0\" allow=\"accelerometer; autoplay; clipboard-write; encrypted-media; gyroscope; picture-in-picture; web-share\" allowfullscreen><\/iframe><\/p>\n","protected":false},"excerpt":{"rendered":"<p>Un juego de viajes a trav\u00e9s de este gran tablero que representa el completo Mapamundi. La variedad de itinerarios por tierra, mar o aire, aumenta el atractivo de este juego de competici\u00f3n y conocimientos geogr\u00e1ficos. Con el carn\u00e9 de viaje, los jugadores recorrer\u00e1n el mundo de punta a punta, conociendo aspectos importantes de sus diferentes ciudades.<\/p>\n<p><strong><span style=\"color: #ff0000;\">C\u00f3digo:<\/span><\/strong> 150\/51<br \/>\n<strong><span style=\"color: #ff0000;\">C\u00f3digo de barras:<\/span><\/strong> 7730549150517<br \/>\n<strong><span style=\"color: #ff0000;\">Edad:<\/span><\/strong> De 7 a\u00f1os en adelante<br \/>\n<strong><span style=\"color: #ff0000;\">Cantidad de jugadores:<\/span><\/strong> 2 a 6 jugadores<br \/>\n<strong><span style=\"color: #ff0000;\">Contenido:<\/span> <\/strong>Tablero, 6 peones, 2 dados, 12 carnets de viaje, 48 tarjetas billetes<br \/>\n<strong><span style=\"color: #ff0000;\">Medidas:<\/span> <\/strong>33 x 23 x 4,5 cm<br \/>\n<strong><span style=\"color: #ff0000;\">Instrucciones:<\/span> <\/strong><a href=\"http:\/\/didacta.com.uy\/sitio\/wp-content\/uploads\/2020\/07\/buen.viaje_.pdf\" target=\"_blank\" rel=\"noopener\">Descargar<\/a><\/p>\n<p><iframe loading=\"lazy\" width=\"560\" height=\"315\" src=\"https:\/\/www.youtube.com\/embed\/05FlTyf-inc?si=W6uPp-lFGUJp0gWs\" title=\"YouTube video player\" frameborder=\"0\" allow=\"accelerometer; autoplay; clipboard-write; encrypted-media; gyroscope; picture-in-picture; web-share\" allowfullscreen><\/iframe><\/p>\n","protected":false},"featured_media":208824,"comment_status":"closed","ping_status":"closed","template":"","meta":{"_et_pb_use_builder":"","_et_pb_old_content":"","_et_gb_content_width":"","_uf_show_specific_survey":0,"_uf_disable_surveys":false},"product_brand":[],"product_cat":[73,72,79],"product_tag":[],"class_list":{"0":"post-205732","1":"product","2":"type-product","3":"status-publish","4":"has-post-thumbnail","6":"product_cat-10-a-mas-anos","7":"product_cat-6-a-9-anos","8":"product_cat-juego-para-todos","10":"first","11":"instock","12":"purchasable","13":"product-type-simple"},"aioseo_notices":[],"yoast_head":"<!-- This site is optimized with the Yoast SEO plugin v24.8.1 - https:\/\/yoast.com\/wordpress\/plugins\/seo\/ -->\n<title>BUEN VIAJE - Didacta<\/title>\n<meta name=\"robots\" content=\"index, follow, max-snippet:-1, max-image-preview:large, max-video-preview:-1\" \/>\n<link rel=\"canonical\" href=\"https:\/\/didacta.com.uy\/sitio\/producto\/buen-viaje\/\" \/>\n<meta property=\"og:locale\" content=\"es_ES\" \/>\n<meta property=\"og:type\" content=\"article\" \/>\n<meta property=\"og:title\" content=\"BUEN VIAJE - Didacta\" \/>\n<meta property=\"og:description\" content=\"Un juego de viajes a trav\u00e9s de este gran tablero que representa el completo Mapamundi. La variedad de itinerarios por tierra, mar o aire, aumenta el atractivo de este juego de competici\u00f3n y conocimientos geogr\u00e1ficos. Con el carn\u00e9 de viaje, los jugadores recorrer\u00e1n el mundo de punta a punta, conociendo aspectos importantes de sus diferentes ciudades.  C\u00f3digo: 150\/51 C\u00f3digo de barras: 7730549150517 Edad: De 7 a\u00f1os en adelante Cantidad de jugadores: 2 a 6 jugadores Contenido: Tablero, 6 peones, 2 dados, 12 carnets de viaje, 48 tarjetas billetes Medidas: 33 x 23 x 4,5 cm Instrucciones: Descargar\" \/>\n<meta property=\"og:url\" content=\"https:\/\/didacta.com.uy\/sitio\/producto\/buen-viaje\/\" \/>\n<meta property=\"og:site_name\" content=\"Didacta\" \/>\n<meta property=\"article:modified_time\" content=\"2024-01-29T13:42:39+00:00\" \/>\n<meta property=\"og:image\" content=\"https:\/\/didacta.com.uy\/sitio\/wp-content\/uploads\/2018\/10\/buen-viaje.jpg\" \/>\n\t<meta property=\"og:image:width\" content=\"800\" \/>\n\t<meta property=\"og:image:height\" content=\"628\" \/>\n\t<meta property=\"og:image:type\" content=\"image\/jpeg\" \/>\n<meta name=\"twitter:card\" content=\"summary_large_image\" \/>\n<meta name=\"twitter:label1\" content=\"Tiempo de lectura\" \/>\n\t<meta name=\"twitter:data1\" content=\"1 minuto\" \/>\n<script type=\"application\/ld+json\" class=\"yoast-schema-graph\">{\"@context\":\"https:\/\/schema.org\",\"@graph\":[{\"@type\":\"WebPage\",\"@id\":\"https:\/\/didacta.com.uy\/sitio\/producto\/buen-viaje\/\",\"url\":\"https:\/\/didacta.com.uy\/sitio\/producto\/buen-viaje\/\",\"name\":\"BUEN VIAJE - Didacta\",\"isPartOf\":{\"@id\":\"https:\/\/didacta.com.uy\/sitio\/#website\"},\"primaryImageOfPage\":{\"@id\":\"https:\/\/didacta.com.uy\/sitio\/producto\/buen-viaje\/#primaryimage\"},\"image\":{\"@id\":\"https:\/\/didacta.com.uy\/sitio\/producto\/buen-viaje\/#primaryimage\"},\"thumbnailUrl\":\"https:\/\/didacta.com.uy\/sitio\/wp-content\/uploads\/2018\/10\/buen-viaje.jpg\",\"datePublished\":\"2018-10-03T18:12:01+00:00\",\"dateModified\":\"2024-01-29T13:42:39+00:00\",\"breadcrumb\":{\"@id\":\"https:\/\/didacta.com.uy\/sitio\/producto\/buen-viaje\/#breadcrumb\"},\"inLanguage\":\"es\",\"potentialAction\":[{\"@type\":\"ReadAction\",\"target\":[\"https:\/\/didacta.com.uy\/sitio\/producto\/buen-viaje\/\"]}]},{\"@type\":\"ImageObject\",\"inLanguage\":\"es\",\"@id\":\"https:\/\/didacta.com.uy\/sitio\/producto\/buen-viaje\/#primaryimage\",\"url\":\"https:\/\/didacta.com.uy\/sitio\/wp-content\/uploads\/2018\/10\/buen-viaje.jpg\",\"contentUrl\":\"https:\/\/didacta.com.uy\/sitio\/wp-content\/uploads\/2018\/10\/buen-viaje.jpg\",\"width\":800,\"height\":628},{\"@type\":\"BreadcrumbList\",\"@id\":\"https:\/\/didacta.com.uy\/sitio\/producto\/buen-viaje\/#breadcrumb\",\"itemListElement\":[{\"@type\":\"ListItem\",\"position\":1,\"name\":\"Portada\",\"item\":\"https:\/\/didacta.com.uy\/sitio\/\"},{\"@type\":\"ListItem\",\"position\":2,\"name\":\"Inicio\",\"item\":\"https:\/\/didacta.com.uy\/sitio\/\"},{\"@type\":\"ListItem\",\"position\":3,\"name\":\"BUEN VIAJE\"}]},{\"@type\":\"WebSite\",\"@id\":\"https:\/\/didacta.com.uy\/sitio\/#website\",\"url\":\"https:\/\/didacta.com.uy\/sitio\/\",\"name\":\"Didacta\",\"description\":\"Con m\u00e1s de 20 a\u00f1os de experiencia, DIDACTA es la marca l\u00edder en el mercado uruguayo de juegos de mesa.\",\"potentialAction\":[{\"@type\":\"SearchAction\",\"target\":{\"@type\":\"EntryPoint\",\"urlTemplate\":\"https:\/\/didacta.com.uy\/sitio\/?s={search_term_string}\"},\"query-input\":{\"@type\":\"PropertyValueSpecification\",\"valueRequired\":true,\"valueName\":\"search_term_string\"}}],\"inLanguage\":\"es\"}]}<\/script>\n<!-- \/ Yoast SEO plugin. -->","yoast_head_json":{"title":"BUEN VIAJE - Didacta","robots":{"index":"index","follow":"follow","max-snippet":"max-snippet:-1","max-image-preview":"max-image-preview:large","max-video-preview":"max-video-preview:-1"},"canonical":"https:\/\/didacta.com.uy\/sitio\/producto\/buen-viaje\/","og_locale":"es_ES","og_type":"article","og_title":"BUEN VIAJE - Didacta","og_description":"Un juego de viajes a trav\u00e9s de este gran tablero que representa el completo Mapamundi. La variedad de itinerarios por tierra, mar o aire, aumenta el atractivo de este juego de competici\u00f3n y conocimientos geogr\u00e1ficos. Con el carn\u00e9 de viaje, los jugadores recorrer\u00e1n el mundo de punta a punta, conociendo aspectos importantes de sus diferentes ciudades.  C\u00f3digo: 150\/51 C\u00f3digo de barras: 7730549150517 Edad: De 7 a\u00f1os en adelante Cantidad de jugadores: 2 a 6 jugadores Contenido: Tablero, 6 peones, 2 dados, 12 carnets de viaje, 48 tarjetas billetes Medidas: 33 x 23 x 4,5 cm Instrucciones: Descargar","og_url":"https:\/\/didacta.com.uy\/sitio\/producto\/buen-viaje\/","og_site_name":"Didacta","article_modified_time":"2024-01-29T13:42:39+00:00","og_image":[{"width":800,"height":628,"url":"https:\/\/didacta.com.uy\/sitio\/wp-content\/uploads\/2018\/10\/buen-viaje.jpg","type":"image\/jpeg"}],"twitter_card":"summary_large_image","twitter_misc":{"Tiempo de lectura":"1 minuto"},"schema":{"@context":"https:\/\/schema.org","@graph":[{"@type":"WebPage","@id":"https:\/\/didacta.com.uy\/sitio\/producto\/buen-viaje\/","url":"https:\/\/didacta.com.uy\/sitio\/producto\/buen-viaje\/","name":"BUEN VIAJE - Didacta","isPartOf":{"@id":"https:\/\/didacta.com.uy\/sitio\/#website"},"primaryImageOfPage":{"@id":"https:\/\/didacta.com.uy\/sitio\/producto\/buen-viaje\/#primaryimage"},"image":{"@id":"https:\/\/didacta.com.uy\/sitio\/producto\/buen-viaje\/#primaryimage"},"thumbnailUrl":"https:\/\/didacta.com.uy\/sitio\/wp-content\/uploads\/2018\/10\/buen-viaje.jpg","datePublished":"2018-10-03T18:12:01+00:00","dateModified":"2024-01-29T13:42:39+00:00","breadcrumb":{"@id":"https:\/\/didacta.com.uy\/sitio\/producto\/buen-viaje\/#breadcrumb"},"inLanguage":"es","potentialAction":[{"@type":"ReadAction","target":["https:\/\/didacta.com.uy\/sitio\/producto\/buen-viaje\/"]}]},{"@type":"ImageObject","inLanguage":"es","@id":"https:\/\/didacta.com.uy\/sitio\/producto\/buen-viaje\/#primaryimage","url":"https:\/\/didacta.com.uy\/sitio\/wp-content\/uploads\/2018\/10\/buen-viaje.jpg","contentUrl":"https:\/\/didacta.com.uy\/sitio\/wp-content\/uploads\/2018\/10\/buen-viaje.jpg","width":800,"height":628},{"@type":"BreadcrumbList","@id":"https:\/\/didacta.com.uy\/sitio\/producto\/buen-viaje\/#breadcrumb","itemListElement":[{"@type":"ListItem","position":1,"name":"Portada","item":"https:\/\/didacta.com.uy\/sitio\/"},{"@type":"ListItem","position":2,"name":"Inicio","item":"https:\/\/didacta.com.uy\/sitio\/"},{"@type":"ListItem","position":3,"name":"BUEN VIAJE"}]},{"@type":"WebSite","@id":"https:\/\/didacta.com.uy\/sitio\/#website","url":"https:\/\/didacta.com.uy\/sitio\/","name":"Didacta","description":"Con m\u00e1s de 20 a\u00f1os de experiencia, DIDACTA es la marca l\u00edder en el mercado uruguayo de juegos de mesa.","potentialAction":[{"@type":"SearchAction","target":{"@type":"EntryPoint","urlTemplate":"https:\/\/didacta.com.uy\/sitio\/?s={search_term_string}"},"query-input":{"@type":"PropertyValueSpecification","valueRequired":true,"valueName":"search_term_string"}}],"inLanguage":"es"}]}},"_links":{"self":[{"href":"https:\/\/didacta.com.uy\/sitio\/wp-json\/wp\/v2\/product\/205732","targetHints":{"allow":["GET"]}}],"collection":[{"href":"https:\/\/didacta.com.uy\/sitio\/wp-json\/wp\/v2\/product"}],"about":[{"href":"https:\/\/didacta.com.uy\/sitio\/wp-json\/wp\/v2\/types\/product"}],"replies":[{"embeddable":true,"href":"https:\/\/didacta.com.uy\/sitio\/wp-json\/wp\/v2\/comments?post=205732"}],"wp:featuredmedia":[{"embeddable":true,"href":"https:\/\/didacta.com.uy\/sitio\/wp-json\/wp\/v2\/media\/208824"}],"wp:attachment":[{"href":"https:\/\/didacta.com.uy\/sitio\/wp-json\/wp\/v2\/media?parent=205732"}],"wp:term":[{"taxonomy":"product_brand","embeddable":true,"href":"https:\/\/didacta.com.uy\/sitio\/wp-json\/wp\/v2\/product_brand?post=205732"},{"taxonomy":"product_cat","embeddable":true,"href":"https:\/\/didacta.com.uy\/sitio\/wp-json\/wp\/v2\/product_cat?post=205732"},{"taxonomy":"product_tag","embeddable":true,"href":"https:\/\/didacta.com.uy\/sitio\/wp-json\/wp\/v2\/product_tag?post=205732"}],"curies":[{"name":"wp","href":"https:\/\/api.w.org\/{rel}","templated":true}]}}