{"id":205731,"date":"2018-10-03T18:11:59","date_gmt":"2018-10-03T18:11:59","guid":{"rendered":"http:\/\/didacta.com.uy\/sitio\/producto\/detective\/"},"modified":"2024-06-24T18:37:26","modified_gmt":"2024-06-24T18:37:26","slug":"detective","status":"publish","type":"product","link":"https:\/\/didacta.com.uy\/sitio\/producto\/detective\/","title":{"rendered":"DETECTIVE"},"content":{"rendered":"<p>En las tinieblas de la noche, el malvado Peter Nash ha cometido un crimen. El temible criminal ha escondido las pistas que lo incriminan tras las puertas de uno de los edificios de la ciudad. Mientras Peter Nash se escabulle de la policia, movi\u00e9ndose por las alcantarillas entre las sombras de la noche, el detective m\u00e1s sagaz est\u00e1 a punto de descubrir el edificio donde se cometi\u00f3 el crimen y las pruebas del mismo. El ganador ser\u00e1 aquel jugador que, usando el ingenio y la deducci\u00f3n, logre encontrar la combinaci\u00f3n de pistas que incriminan a Peter Nash.<\/p>\n<p><strong><span style=\"color: #ff0000;\">C\u00f3digo:<\/span><\/strong> 150\/47<br \/>\n<strong><span style=\"color: #ff0000;\">C\u00f3digo de barras:<\/span><\/strong> 7730549000997<br \/>\n<strong><span style=\"color: #ff0000;\">Edad:<\/span> <\/strong>8\u00a0a\u00f1os en adelante<br \/>\n<strong><span style=\"color: #ff0000;\">Cantidad de jugadores:<\/span> <\/strong>3 a 6 jugadores<br \/>\n<strong><span style=\"color: #ff0000;\">Contenido:<\/span><\/strong> Tablero, 6 fichas, 1 block de notas, cartas, dados<br \/>\n<strong><span style=\"color: #ff0000;\">Medidas:<\/span><\/strong> 37 x 27 x 5 cm<br \/>\n<strong><span style=\"color: #ff0000;\">Instrucciones:<\/span><\/strong> <a href=\"http:\/\/didacta.com.uy\/sitio\/wp-content\/uploads\/2021\/11\/instrucciones-detective.pdf\" target=\"_blank\" rel=\"noopener\">Descargar<\/a><\/p>\n<p><iframe loading=\"lazy\" title=\"YouTube video player\" src=\"https:\/\/www.youtube.com\/embed\/-_hZjWQLv-s?si=k4fZWnBFtT_hp9Ru\" width=\"560\" height=\"315\" frameborder=\"0\" allowfullscreen=\"allowfullscreen\"><\/iframe><\/p>\n","protected":false},"excerpt":{"rendered":"<p>En las tinieblas de la noche, el malvado Peter Nash ha cometido un crimen. El temible criminal ha escondido las pistas que lo incriminan tras las puertas de uno de los edificios de la ciudad. Mientras Peter Nash se escabulle de la policia, movi\u00e9ndose por las alcantarillas entre las sombras de la noche, el detective m\u00e1s sagaz est\u00e1 a punto de descubrir el edificio donde se cometi\u00f3 el crimen y las pruebas del mismo. El ganador ser\u00e1 aquel jugador que, usando el ingenio y la deducci\u00f3n, logre encontrar la combinaci\u00f3n de pistas que incriminan a Peter Nash.<\/p>\n<p><strong><span style=\"color: #ff0000;\">C\u00f3digo:<\/span><\/strong> 150\/47<br \/>\n<strong><span style=\"color: #ff0000;\">C\u00f3digo de barras:<\/span><\/strong> 7730549000997<br \/>\n<strong><span style=\"color: #ff0000;\">Edad:<\/span> <\/strong>8\u00a0a\u00f1os en adelante<br \/>\n<strong><span style=\"color: #ff0000;\">Cantidad de jugadores:<\/span> <\/strong>3 a 6 jugadores<br \/>\n<strong><span style=\"color: #ff0000;\">Contenido:<\/span><\/strong> Tablero, 6 fichas, 1 block de notas, cartas, dados<br \/>\n<strong><span style=\"color: #ff0000;\">Medidas:<\/span><\/strong> 37 x 27 x 5 cm<br \/>\n<strong><span style=\"color: #ff0000;\">Instrucciones:<\/span><\/strong> <a href=\"http:\/\/didacta.com.uy\/sitio\/wp-content\/uploads\/2021\/11\/instrucciones-detective.pdf\" target=\"_blank\" rel=\"noopener\">Descargar<\/a><\/p>\n<p><iframe loading=\"lazy\" title=\"YouTube video player\" src=\"https:\/\/www.youtube.com\/embed\/-_hZjWQLv-s?si=k4fZWnBFtT_hp9Ru\" width=\"560\" height=\"315\" frameborder=\"0\" allowfullscreen=\"allowfullscreen\"><\/iframe><\/p>\n","protected":false},"featured_media":208992,"comment_status":"closed","ping_status":"closed","template":"","meta":{"_et_pb_use_builder":"","_et_pb_old_content":"","_et_gb_content_width":"","_uf_show_specific_survey":0,"_uf_disable_surveys":false},"product_brand":[],"product_cat":[73,72,79],"product_tag":[],"class_list":{"0":"post-205731","1":"product","2":"type-product","3":"status-publish","4":"has-post-thumbnail","6":"product_cat-10-a-mas-anos","7":"product_cat-6-a-9-anos","8":"product_cat-juego-para-todos","10":"first","11":"instock","12":"purchasable","13":"product-type-simple"},"aioseo_notices":[],"yoast_head":"<!-- This site is optimized with the Yoast SEO plugin v24.8.1 - https:\/\/yoast.com\/wordpress\/plugins\/seo\/ -->\n<title>DETECTIVE - Didacta<\/title>\n<meta name=\"robots\" content=\"index, follow, max-snippet:-1, max-image-preview:large, max-video-preview:-1\" \/>\n<link rel=\"canonical\" href=\"https:\/\/didacta.com.uy\/sitio\/producto\/detective\/\" \/>\n<meta property=\"og:locale\" content=\"es_ES\" \/>\n<meta property=\"og:type\" content=\"article\" \/>\n<meta property=\"og:title\" content=\"DETECTIVE - Didacta\" \/>\n<meta property=\"og:description\" content=\"En las tinieblas de la noche, el malvado Peter Nash ha cometido un crimen. El temible criminal ha escondido las pistas que lo incriminan tras las puertas de uno de los edificios de la ciudad. Mientras Peter Nash se escabulle de la policia, movi\u00e9ndose por las alcantarillas entre las sombras de la noche, el detective m\u00e1s sagaz est\u00e1 a punto de descubrir el edificio donde se cometi\u00f3 el crimen y las pruebas del mismo. El ganador ser\u00e1 aquel jugador que, usando el ingenio y la deducci\u00f3n, logre encontrar la combinaci\u00f3n de pistas que incriminan a Peter Nash.  C\u00f3digo: 150\/47 C\u00f3digo de barras: 7730549000997 Edad: 8\u00a0a\u00f1os en adelante Cantidad de jugadores: 3 a 6 jugadores Contenido: Tablero, 6 fichas, 1 block de notas, cartas, dados Medidas: 37 x 27 x 5 cm Instrucciones: Descargar\" \/>\n<meta property=\"og:url\" content=\"https:\/\/didacta.com.uy\/sitio\/producto\/detective\/\" \/>\n<meta property=\"og:site_name\" content=\"Didacta\" \/>\n<meta property=\"article:modified_time\" content=\"2024-06-24T18:37:26+00:00\" \/>\n<meta property=\"og:image\" content=\"https:\/\/didacta.com.uy\/sitio\/wp-content\/uploads\/2018\/10\/150-47_Detective_NuevoFormato-2021.jpg\" \/>\n\t<meta property=\"og:image:width\" content=\"1105\" \/>\n\t<meta property=\"og:image:height\" content=\"800\" \/>\n\t<meta property=\"og:image:type\" content=\"image\/jpeg\" \/>\n<meta name=\"twitter:card\" content=\"summary_large_image\" \/>\n<meta name=\"twitter:label1\" content=\"Tiempo de lectura\" \/>\n\t<meta name=\"twitter:data1\" content=\"1 minuto\" \/>\n<script type=\"application\/ld+json\" class=\"yoast-schema-graph\">{\"@context\":\"https:\/\/schema.org\",\"@graph\":[{\"@type\":\"WebPage\",\"@id\":\"https:\/\/didacta.com.uy\/sitio\/producto\/detective\/\",\"url\":\"https:\/\/didacta.com.uy\/sitio\/producto\/detective\/\",\"name\":\"DETECTIVE - Didacta\",\"isPartOf\":{\"@id\":\"https:\/\/didacta.com.uy\/sitio\/#website\"},\"primaryImageOfPage\":{\"@id\":\"https:\/\/didacta.com.uy\/sitio\/producto\/detective\/#primaryimage\"},\"image\":{\"@id\":\"https:\/\/didacta.com.uy\/sitio\/producto\/detective\/#primaryimage\"},\"thumbnailUrl\":\"https:\/\/didacta.com.uy\/sitio\/wp-content\/uploads\/2018\/10\/150-47_Detective_NuevoFormato-2021.jpg\",\"datePublished\":\"2018-10-03T18:11:59+00:00\",\"dateModified\":\"2024-06-24T18:37:26+00:00\",\"breadcrumb\":{\"@id\":\"https:\/\/didacta.com.uy\/sitio\/producto\/detective\/#breadcrumb\"},\"inLanguage\":\"es\",\"potentialAction\":[{\"@type\":\"ReadAction\",\"target\":[\"https:\/\/didacta.com.uy\/sitio\/producto\/detective\/\"]}]},{\"@type\":\"ImageObject\",\"inLanguage\":\"es\",\"@id\":\"https:\/\/didacta.com.uy\/sitio\/producto\/detective\/#primaryimage\",\"url\":\"https:\/\/didacta.com.uy\/sitio\/wp-content\/uploads\/2018\/10\/150-47_Detective_NuevoFormato-2021.jpg\",\"contentUrl\":\"https:\/\/didacta.com.uy\/sitio\/wp-content\/uploads\/2018\/10\/150-47_Detective_NuevoFormato-2021.jpg\",\"width\":1105,\"height\":800},{\"@type\":\"BreadcrumbList\",\"@id\":\"https:\/\/didacta.com.uy\/sitio\/producto\/detective\/#breadcrumb\",\"itemListElement\":[{\"@type\":\"ListItem\",\"position\":1,\"name\":\"Portada\",\"item\":\"https:\/\/didacta.com.uy\/sitio\/\"},{\"@type\":\"ListItem\",\"position\":2,\"name\":\"Inicio\",\"item\":\"https:\/\/didacta.com.uy\/sitio\/\"},{\"@type\":\"ListItem\",\"position\":3,\"name\":\"DETECTIVE\"}]},{\"@type\":\"WebSite\",\"@id\":\"https:\/\/didacta.com.uy\/sitio\/#website\",\"url\":\"https:\/\/didacta.com.uy\/sitio\/\",\"name\":\"Didacta\",\"description\":\"Con m\u00e1s de 20 a\u00f1os de experiencia, DIDACTA es la marca l\u00edder en el mercado uruguayo de juegos de mesa.\",\"potentialAction\":[{\"@type\":\"SearchAction\",\"target\":{\"@type\":\"EntryPoint\",\"urlTemplate\":\"https:\/\/didacta.com.uy\/sitio\/?s={search_term_string}\"},\"query-input\":{\"@type\":\"PropertyValueSpecification\",\"valueRequired\":true,\"valueName\":\"search_term_string\"}}],\"inLanguage\":\"es\"}]}<\/script>\n<!-- \/ Yoast SEO plugin. -->","yoast_head_json":{"title":"DETECTIVE - Didacta","robots":{"index":"index","follow":"follow","max-snippet":"max-snippet:-1","max-image-preview":"max-image-preview:large","max-video-preview":"max-video-preview:-1"},"canonical":"https:\/\/didacta.com.uy\/sitio\/producto\/detective\/","og_locale":"es_ES","og_type":"article","og_title":"DETECTIVE - Didacta","og_description":"En las tinieblas de la noche, el malvado Peter Nash ha cometido un crimen. El temible criminal ha escondido las pistas que lo incriminan tras las puertas de uno de los edificios de la ciudad. Mientras Peter Nash se escabulle de la policia, movi\u00e9ndose por las alcantarillas entre las sombras de la noche, el detective m\u00e1s sagaz est\u00e1 a punto de descubrir el edificio donde se cometi\u00f3 el crimen y las pruebas del mismo. El ganador ser\u00e1 aquel jugador que, usando el ingenio y la deducci\u00f3n, logre encontrar la combinaci\u00f3n de pistas que incriminan a Peter Nash.  C\u00f3digo: 150\/47 C\u00f3digo de barras: 7730549000997 Edad: 8\u00a0a\u00f1os en adelante Cantidad de jugadores: 3 a 6 jugadores Contenido: Tablero, 6 fichas, 1 block de notas, cartas, dados Medidas: 37 x 27 x 5 cm Instrucciones: Descargar","og_url":"https:\/\/didacta.com.uy\/sitio\/producto\/detective\/","og_site_name":"Didacta","article_modified_time":"2024-06-24T18:37:26+00:00","og_image":[{"width":1105,"height":800,"url":"https:\/\/didacta.com.uy\/sitio\/wp-content\/uploads\/2018\/10\/150-47_Detective_NuevoFormato-2021.jpg","type":"image\/jpeg"}],"twitter_card":"summary_large_image","twitter_misc":{"Tiempo de lectura":"1 minuto"},"schema":{"@context":"https:\/\/schema.org","@graph":[{"@type":"WebPage","@id":"https:\/\/didacta.com.uy\/sitio\/producto\/detective\/","url":"https:\/\/didacta.com.uy\/sitio\/producto\/detective\/","name":"DETECTIVE - Didacta","isPartOf":{"@id":"https:\/\/didacta.com.uy\/sitio\/#website"},"primaryImageOfPage":{"@id":"https:\/\/didacta.com.uy\/sitio\/producto\/detective\/#primaryimage"},"image":{"@id":"https:\/\/didacta.com.uy\/sitio\/producto\/detective\/#primaryimage"},"thumbnailUrl":"https:\/\/didacta.com.uy\/sitio\/wp-content\/uploads\/2018\/10\/150-47_Detective_NuevoFormato-2021.jpg","datePublished":"2018-10-03T18:11:59+00:00","dateModified":"2024-06-24T18:37:26+00:00","breadcrumb":{"@id":"https:\/\/didacta.com.uy\/sitio\/producto\/detective\/#breadcrumb"},"inLanguage":"es","potentialAction":[{"@type":"ReadAction","target":["https:\/\/didacta.com.uy\/sitio\/producto\/detective\/"]}]},{"@type":"ImageObject","inLanguage":"es","@id":"https:\/\/didacta.com.uy\/sitio\/producto\/detective\/#primaryimage","url":"https:\/\/didacta.com.uy\/sitio\/wp-content\/uploads\/2018\/10\/150-47_Detective_NuevoFormato-2021.jpg","contentUrl":"https:\/\/didacta.com.uy\/sitio\/wp-content\/uploads\/2018\/10\/150-47_Detective_NuevoFormato-2021.jpg","width":1105,"height":800},{"@type":"BreadcrumbList","@id":"https:\/\/didacta.com.uy\/sitio\/producto\/detective\/#breadcrumb","itemListElement":[{"@type":"ListItem","position":1,"name":"Portada","item":"https:\/\/didacta.com.uy\/sitio\/"},{"@type":"ListItem","position":2,"name":"Inicio","item":"https:\/\/didacta.com.uy\/sitio\/"},{"@type":"ListItem","position":3,"name":"DETECTIVE"}]},{"@type":"WebSite","@id":"https:\/\/didacta.com.uy\/sitio\/#website","url":"https:\/\/didacta.com.uy\/sitio\/","name":"Didacta","description":"Con m\u00e1s de 20 a\u00f1os de experiencia, DIDACTA es la marca l\u00edder en el mercado uruguayo de juegos de mesa.","potentialAction":[{"@type":"SearchAction","target":{"@type":"EntryPoint","urlTemplate":"https:\/\/didacta.com.uy\/sitio\/?s={search_term_string}"},"query-input":{"@type":"PropertyValueSpecification","valueRequired":true,"valueName":"search_term_string"}}],"inLanguage":"es"}]}},"_links":{"self":[{"href":"https:\/\/didacta.com.uy\/sitio\/wp-json\/wp\/v2\/product\/205731","targetHints":{"allow":["GET"]}}],"collection":[{"href":"https:\/\/didacta.com.uy\/sitio\/wp-json\/wp\/v2\/product"}],"about":[{"href":"https:\/\/didacta.com.uy\/sitio\/wp-json\/wp\/v2\/types\/product"}],"replies":[{"embeddable":true,"href":"https:\/\/didacta.com.uy\/sitio\/wp-json\/wp\/v2\/comments?post=205731"}],"wp:featuredmedia":[{"embeddable":true,"href":"https:\/\/didacta.com.uy\/sitio\/wp-json\/wp\/v2\/media\/208992"}],"wp:attachment":[{"href":"https:\/\/didacta.com.uy\/sitio\/wp-json\/wp\/v2\/media?parent=205731"}],"wp:term":[{"taxonomy":"product_brand","embeddable":true,"href":"https:\/\/didacta.com.uy\/sitio\/wp-json\/wp\/v2\/product_brand?post=205731"},{"taxonomy":"product_cat","embeddable":true,"href":"https:\/\/didacta.com.uy\/sitio\/wp-json\/wp\/v2\/product_cat?post=205731"},{"taxonomy":"product_tag","embeddable":true,"href":"https:\/\/didacta.com.uy\/sitio\/wp-json\/wp\/v2\/product_tag?post=205731"}],"curies":[{"name":"wp","href":"https:\/\/api.w.org\/{rel}","templated":true}]}}