{"id":205727,"date":"2018-10-03T18:11:54","date_gmt":"2018-10-03T18:11:54","guid":{"rendered":"http:\/\/didacta.com.uy\/sitio\/producto\/magia-30-trucos\/"},"modified":"2022-10-05T12:00:53","modified_gmt":"2022-10-05T12:00:53","slug":"magia-30-trucos","status":"publish","type":"product","link":"https:\/\/didacta.com.uy\/sitio\/producto\/magia-30-trucos\/","title":{"rendered":"MAGIA 30 TRUCOS"},"content":{"rendered":"<p>Juego de magia con 30 trucos alucinantes, sorprendentes, originales y divertidos. Los futuros magos encontrar\u00e1n un manual con todos los trucos explicados paso a paso, con el cual podr\u00e1n convertirse en los mejores magos del mundo.<\/p>\n<p><strong><span style=\"color: #ff0000;\">C\u00f3digo:<\/span><\/strong> 155\/52<br \/>\n<strong><span style=\"color: #ff0000;\">C\u00f3digo de barras:<\/span><\/strong> 7730549000782<br \/>\n<strong><span style=\"color: #ff0000;\">Edad:<\/span><\/strong> De 7 a\u00f1os en adelante<br \/>\n<strong><span style=\"color: #ff0000;\">Cantidad de jugadores:<\/span><\/strong> 1 o m\u00e1s jugadores<br \/>\n<strong><span style=\"color: #ff0000;\">Contenido:<\/span><\/strong> Libro instructivo y elementos para realizar 30 trucos<br \/>\n<strong><span style=\"color: #ff0000;\">Medidas:<\/span><\/strong> 26 x 19 x 4 cm<br \/>\n<strong><span style=\"color: #ff0000;\">Instrucciones:<\/span><\/strong> <a href=\"http:\/\/didacta.com.uy\/didacta\/images\/productos\/349_producto_instrucciones.pdf\" target=\"_blank\" rel=\"noopener\">Descargar<\/a><\/p>\n","protected":false},"excerpt":{"rendered":"<p>Juego de magia con 30 trucos alucinantes, sorprendentes, originales y divertidos. Los futuros magos encontrar\u00e1n un manual con todos los trucos explicados paso a paso, con el cual podr\u00e1n convertirse en los mejores magos del mundo.<\/p>\n<p><strong><span style=\"color: #ff0000;\">C\u00f3digo:<\/span><\/strong> 155\/52<br \/>\n<strong><span style=\"color: #ff0000;\">C\u00f3digo de barras:<\/span><\/strong> 7730549000782<br \/>\n<strong><span style=\"color: #ff0000;\">Edad:<\/span><\/strong> De 7 a\u00f1os en adelante<br \/>\n<strong><span style=\"color: #ff0000;\">Cantidad de jugadores:<\/span><\/strong> 1 o m\u00e1s jugadores<br \/>\n<strong><span style=\"color: #ff0000;\">Contenido:<\/span><\/strong> Libro instructivo y elementos para realizar 30 trucos<br \/>\n<strong><span style=\"color: #ff0000;\">Medidas:<\/span><\/strong> 26 x 19 x 4 cm<br \/>\n<strong><span style=\"color: #ff0000;\">Instrucciones:<\/span><\/strong> <a href=\"http:\/\/didacta.com.uy\/didacta\/images\/productos\/349_producto_instrucciones.pdf\" target=\"_blank\" rel=\"noopener\">Descargar<\/a><\/p>\n","protected":false},"featured_media":208952,"comment_status":"closed","ping_status":"closed","template":"","meta":{"_et_pb_use_builder":"","_et_pb_old_content":"","_et_gb_content_width":"","_uf_show_specific_survey":0,"_uf_disable_surveys":false},"product_brand":[],"product_cat":[72,82],"product_tag":[],"class_list":{"0":"post-205727","1":"product","2":"type-product","3":"status-publish","4":"has-post-thumbnail","6":"product_cat-6-a-9-anos","7":"product_cat-magia","9":"first","10":"instock","11":"purchasable","12":"product-type-simple"},"aioseo_notices":[],"yoast_head":"<!-- This site is optimized with the Yoast SEO plugin v24.8.1 - https:\/\/yoast.com\/wordpress\/plugins\/seo\/ -->\n<title>MAGIA 30 TRUCOS - Didacta<\/title>\n<meta name=\"robots\" content=\"index, follow, max-snippet:-1, max-image-preview:large, max-video-preview:-1\" \/>\n<link rel=\"canonical\" href=\"https:\/\/didacta.com.uy\/sitio\/producto\/magia-30-trucos\/\" \/>\n<meta property=\"og:locale\" content=\"es_ES\" \/>\n<meta property=\"og:type\" content=\"article\" \/>\n<meta property=\"og:title\" content=\"MAGIA 30 TRUCOS - Didacta\" \/>\n<meta property=\"og:description\" content=\"Juego de magia con 30 trucos alucinantes, sorprendentes, originales y divertidos. Los futuros magos encontrar\u00e1n un manual con todos los trucos explicados paso a paso, con el cual podr\u00e1n convertirse en los mejores magos del mundo.  C\u00f3digo: 155\/52 C\u00f3digo de barras: 7730549000782 Edad: De 7 a\u00f1os en adelante Cantidad de jugadores: 1 o m\u00e1s jugadores Contenido: Libro instructivo y elementos para realizar 30 trucos Medidas: 26 x 19 x 4 cm Instrucciones: Descargar\" \/>\n<meta property=\"og:url\" content=\"https:\/\/didacta.com.uy\/sitio\/producto\/magia-30-trucos\/\" \/>\n<meta property=\"og:site_name\" content=\"Didacta\" \/>\n<meta property=\"article:modified_time\" content=\"2022-10-05T12:00:53+00:00\" \/>\n<meta property=\"og:image\" content=\"https:\/\/didacta.com.uy\/sitio\/wp-content\/uploads\/2018\/10\/Ologo_puzzle.jpg\" \/>\n\t<meta property=\"og:image:width\" content=\"1446\" \/>\n\t<meta property=\"og:image:height\" content=\"928\" \/>\n\t<meta property=\"og:image:type\" content=\"image\/jpeg\" \/>\n<meta name=\"twitter:card\" content=\"summary_large_image\" \/>\n<script type=\"application\/ld+json\" class=\"yoast-schema-graph\">{\"@context\":\"https:\/\/schema.org\",\"@graph\":[{\"@type\":\"WebPage\",\"@id\":\"https:\/\/didacta.com.uy\/sitio\/producto\/magia-30-trucos\/\",\"url\":\"https:\/\/didacta.com.uy\/sitio\/producto\/magia-30-trucos\/\",\"name\":\"MAGIA 30 TRUCOS - Didacta\",\"isPartOf\":{\"@id\":\"https:\/\/didacta.com.uy\/sitio\/#website\"},\"primaryImageOfPage\":{\"@id\":\"https:\/\/didacta.com.uy\/sitio\/producto\/magia-30-trucos\/#primaryimage\"},\"image\":{\"@id\":\"https:\/\/didacta.com.uy\/sitio\/producto\/magia-30-trucos\/#primaryimage\"},\"thumbnailUrl\":\"https:\/\/didacta.com.uy\/sitio\/wp-content\/uploads\/2018\/10\/Ologo_puzzle.jpg\",\"datePublished\":\"2018-10-03T18:11:54+00:00\",\"dateModified\":\"2022-10-05T12:00:53+00:00\",\"breadcrumb\":{\"@id\":\"https:\/\/didacta.com.uy\/sitio\/producto\/magia-30-trucos\/#breadcrumb\"},\"inLanguage\":\"es\",\"potentialAction\":[{\"@type\":\"ReadAction\",\"target\":[\"https:\/\/didacta.com.uy\/sitio\/producto\/magia-30-trucos\/\"]}]},{\"@type\":\"ImageObject\",\"inLanguage\":\"es\",\"@id\":\"https:\/\/didacta.com.uy\/sitio\/producto\/magia-30-trucos\/#primaryimage\",\"url\":\"https:\/\/didacta.com.uy\/sitio\/wp-content\/uploads\/2018\/10\/Ologo_puzzle.jpg\",\"contentUrl\":\"https:\/\/didacta.com.uy\/sitio\/wp-content\/uploads\/2018\/10\/Ologo_puzzle.jpg\",\"width\":1446,\"height\":928},{\"@type\":\"BreadcrumbList\",\"@id\":\"https:\/\/didacta.com.uy\/sitio\/producto\/magia-30-trucos\/#breadcrumb\",\"itemListElement\":[{\"@type\":\"ListItem\",\"position\":1,\"name\":\"Portada\",\"item\":\"https:\/\/didacta.com.uy\/sitio\/\"},{\"@type\":\"ListItem\",\"position\":2,\"name\":\"Inicio\",\"item\":\"https:\/\/didacta.com.uy\/sitio\/\"},{\"@type\":\"ListItem\",\"position\":3,\"name\":\"MAGIA 30 TRUCOS\"}]},{\"@type\":\"WebSite\",\"@id\":\"https:\/\/didacta.com.uy\/sitio\/#website\",\"url\":\"https:\/\/didacta.com.uy\/sitio\/\",\"name\":\"Didacta\",\"description\":\"Con m\u00e1s de 20 a\u00f1os de experiencia, DIDACTA es la marca l\u00edder en el mercado uruguayo de juegos de mesa.\",\"potentialAction\":[{\"@type\":\"SearchAction\",\"target\":{\"@type\":\"EntryPoint\",\"urlTemplate\":\"https:\/\/didacta.com.uy\/sitio\/?s={search_term_string}\"},\"query-input\":{\"@type\":\"PropertyValueSpecification\",\"valueRequired\":true,\"valueName\":\"search_term_string\"}}],\"inLanguage\":\"es\"}]}<\/script>\n<!-- \/ Yoast SEO plugin. -->","yoast_head_json":{"title":"MAGIA 30 TRUCOS - Didacta","robots":{"index":"index","follow":"follow","max-snippet":"max-snippet:-1","max-image-preview":"max-image-preview:large","max-video-preview":"max-video-preview:-1"},"canonical":"https:\/\/didacta.com.uy\/sitio\/producto\/magia-30-trucos\/","og_locale":"es_ES","og_type":"article","og_title":"MAGIA 30 TRUCOS - Didacta","og_description":"Juego de magia con 30 trucos alucinantes, sorprendentes, originales y divertidos. Los futuros magos encontrar\u00e1n un manual con todos los trucos explicados paso a paso, con el cual podr\u00e1n convertirse en los mejores magos del mundo.  C\u00f3digo: 155\/52 C\u00f3digo de barras: 7730549000782 Edad: De 7 a\u00f1os en adelante Cantidad de jugadores: 1 o m\u00e1s jugadores Contenido: Libro instructivo y elementos para realizar 30 trucos Medidas: 26 x 19 x 4 cm Instrucciones: Descargar","og_url":"https:\/\/didacta.com.uy\/sitio\/producto\/magia-30-trucos\/","og_site_name":"Didacta","article_modified_time":"2022-10-05T12:00:53+00:00","og_image":[{"width":1446,"height":928,"url":"https:\/\/didacta.com.uy\/sitio\/wp-content\/uploads\/2018\/10\/Ologo_puzzle.jpg","type":"image\/jpeg"}],"twitter_card":"summary_large_image","schema":{"@context":"https:\/\/schema.org","@graph":[{"@type":"WebPage","@id":"https:\/\/didacta.com.uy\/sitio\/producto\/magia-30-trucos\/","url":"https:\/\/didacta.com.uy\/sitio\/producto\/magia-30-trucos\/","name":"MAGIA 30 TRUCOS - Didacta","isPartOf":{"@id":"https:\/\/didacta.com.uy\/sitio\/#website"},"primaryImageOfPage":{"@id":"https:\/\/didacta.com.uy\/sitio\/producto\/magia-30-trucos\/#primaryimage"},"image":{"@id":"https:\/\/didacta.com.uy\/sitio\/producto\/magia-30-trucos\/#primaryimage"},"thumbnailUrl":"https:\/\/didacta.com.uy\/sitio\/wp-content\/uploads\/2018\/10\/Ologo_puzzle.jpg","datePublished":"2018-10-03T18:11:54+00:00","dateModified":"2022-10-05T12:00:53+00:00","breadcrumb":{"@id":"https:\/\/didacta.com.uy\/sitio\/producto\/magia-30-trucos\/#breadcrumb"},"inLanguage":"es","potentialAction":[{"@type":"ReadAction","target":["https:\/\/didacta.com.uy\/sitio\/producto\/magia-30-trucos\/"]}]},{"@type":"ImageObject","inLanguage":"es","@id":"https:\/\/didacta.com.uy\/sitio\/producto\/magia-30-trucos\/#primaryimage","url":"https:\/\/didacta.com.uy\/sitio\/wp-content\/uploads\/2018\/10\/Ologo_puzzle.jpg","contentUrl":"https:\/\/didacta.com.uy\/sitio\/wp-content\/uploads\/2018\/10\/Ologo_puzzle.jpg","width":1446,"height":928},{"@type":"BreadcrumbList","@id":"https:\/\/didacta.com.uy\/sitio\/producto\/magia-30-trucos\/#breadcrumb","itemListElement":[{"@type":"ListItem","position":1,"name":"Portada","item":"https:\/\/didacta.com.uy\/sitio\/"},{"@type":"ListItem","position":2,"name":"Inicio","item":"https:\/\/didacta.com.uy\/sitio\/"},{"@type":"ListItem","position":3,"name":"MAGIA 30 TRUCOS"}]},{"@type":"WebSite","@id":"https:\/\/didacta.com.uy\/sitio\/#website","url":"https:\/\/didacta.com.uy\/sitio\/","name":"Didacta","description":"Con m\u00e1s de 20 a\u00f1os de experiencia, DIDACTA es la marca l\u00edder en el mercado uruguayo de juegos de mesa.","potentialAction":[{"@type":"SearchAction","target":{"@type":"EntryPoint","urlTemplate":"https:\/\/didacta.com.uy\/sitio\/?s={search_term_string}"},"query-input":{"@type":"PropertyValueSpecification","valueRequired":true,"valueName":"search_term_string"}}],"inLanguage":"es"}]}},"_links":{"self":[{"href":"https:\/\/didacta.com.uy\/sitio\/wp-json\/wp\/v2\/product\/205727","targetHints":{"allow":["GET"]}}],"collection":[{"href":"https:\/\/didacta.com.uy\/sitio\/wp-json\/wp\/v2\/product"}],"about":[{"href":"https:\/\/didacta.com.uy\/sitio\/wp-json\/wp\/v2\/types\/product"}],"replies":[{"embeddable":true,"href":"https:\/\/didacta.com.uy\/sitio\/wp-json\/wp\/v2\/comments?post=205727"}],"wp:featuredmedia":[{"embeddable":true,"href":"https:\/\/didacta.com.uy\/sitio\/wp-json\/wp\/v2\/media\/208952"}],"wp:attachment":[{"href":"https:\/\/didacta.com.uy\/sitio\/wp-json\/wp\/v2\/media?parent=205727"}],"wp:term":[{"taxonomy":"product_brand","embeddable":true,"href":"https:\/\/didacta.com.uy\/sitio\/wp-json\/wp\/v2\/product_brand?post=205727"},{"taxonomy":"product_cat","embeddable":true,"href":"https:\/\/didacta.com.uy\/sitio\/wp-json\/wp\/v2\/product_cat?post=205727"},{"taxonomy":"product_tag","embeddable":true,"href":"https:\/\/didacta.com.uy\/sitio\/wp-json\/wp\/v2\/product_tag?post=205727"}],"curies":[{"name":"wp","href":"https:\/\/api.w.org\/{rel}","templated":true}]}}