{"id":205718,"date":"2018-10-03T18:11:41","date_gmt":"2018-10-03T18:11:41","guid":{"rendered":"http:\/\/didacta.com.uy\/sitio\/producto\/lotto-de-animales\/"},"modified":"2024-02-19T16:46:44","modified_gmt":"2024-02-19T16:46:44","slug":"lotto-de-animales","status":"publish","type":"product","link":"https:\/\/didacta.com.uy\/sitio\/producto\/lotto-de-animales\/","title":{"rendered":"LOTTO DE ANIMALES"},"content":{"rendered":"<p>El Lotto es un juego de observaci\u00f3n y atenci\u00f3n que favorece el desarrollo de vocabulario, mejora la memoria y fomenta las habilidades sociales.<br \/>\nNuestro Lotto de Animales, promueve en aprendizaje de los m\u00e1s peque\u00f1os de una manera m\u00e1s divertida.<br \/>\nEl juego es adecuado para ni\u00f1as y ni\u00f1os de muy poca edad, as\u00ed como en plena edad escolar.<\/p>\n<p><strong><span style=\"color: #ff0000;\">C\u00f3digo:<\/span><\/strong> 170\/04<br \/>\n<strong><span style=\"color: #ff0000;\">C\u00f3digo de barras:<\/span><\/strong> 7730549170041<br \/>\n<strong><span style=\"color: #ff0000;\">Edad:<\/span><\/strong> De 3 a 8 a\u00f1os<br \/>\n<strong><span style=\"color: #ff0000;\">Cantidad de jugadores:<\/span> <\/strong>2 a 4 jugadores<br \/>\n<strong><span style=\"color: #ff0000;\">Cantidad de piezas:<\/span><\/strong> 4 tableros y 24 fichas de madera<br \/>\n<strong><span style=\"color: #ff0000;\">Medidas:<\/span><\/strong> 20 x 22 x 3.5 cm<br \/>\n<strong><span style=\"color: #ff0000;\">Instrucciones:<\/span><\/strong> <a href=\"http:\/\/didacta.com.uy\/didacta\/images\/productos\/322_producto_instrucciones.pdf\" target=\"_blank\" rel=\"noopener\">Descargar<\/a><\/p>\n","protected":false},"excerpt":{"rendered":"<p>El Lotto es un juego de observaci\u00f3n y atenci\u00f3n que favorece el desarrollo de vocabulario, mejora la memoria y fomenta las habilidades sociales.<br \/>\nNuestro Lotto de Animales, promueve en aprendizaje de los m\u00e1s peque\u00f1os de una manera m\u00e1s divertida.<br \/>\nEl juego es adecuado para ni\u00f1as y ni\u00f1os de muy poca edad, as\u00ed como en plena edad escolar.<\/p>\n<p><strong><span style=\"color: #ff0000;\">C\u00f3digo:<\/span><\/strong> 170\/04<br \/>\n<strong><span style=\"color: #ff0000;\">C\u00f3digo de barras:<\/span><\/strong> 7730549170041<br \/>\n<strong><span style=\"color: #ff0000;\">Edad:<\/span><\/strong> De 3 a 8 a\u00f1os<br \/>\n<strong><span style=\"color: #ff0000;\">Cantidad de jugadores:<\/span> <\/strong>2 a 4 jugadores<br \/>\n<strong><span style=\"color: #ff0000;\">Cantidad de piezas:<\/span><\/strong> 4 tableros y 24 fichas de madera<br \/>\n<strong><span style=\"color: #ff0000;\">Medidas:<\/span><\/strong> 20 x 22 x 3.5 cm<br \/>\n<strong><span style=\"color: #ff0000;\">Instrucciones:<\/span><\/strong> <a href=\"http:\/\/didacta.com.uy\/didacta\/images\/productos\/322_producto_instrucciones.pdf\" target=\"_blank\" rel=\"noopener\">Descargar<\/a><\/p>\n","protected":false},"featured_media":206789,"comment_status":"closed","ping_status":"closed","template":"","meta":{"_et_pb_use_builder":"","_et_pb_old_content":"","_et_gb_content_width":"","_uf_show_specific_survey":0,"_uf_disable_surveys":false},"product_brand":[],"product_cat":[71,28],"product_tag":[],"class_list":{"0":"post-205718","1":"product","2":"type-product","3":"status-publish","4":"has-post-thumbnail","6":"product_cat-3-a-5-anos","7":"product_cat-preschool","9":"first","10":"instock","11":"purchasable","12":"product-type-simple"},"aioseo_notices":[],"yoast_head":"<!-- This site is optimized with the Yoast SEO plugin v24.8.1 - https:\/\/yoast.com\/wordpress\/plugins\/seo\/ -->\n<title>LOTTO DE ANIMALES - Didacta<\/title>\n<meta name=\"robots\" content=\"index, follow, max-snippet:-1, max-image-preview:large, max-video-preview:-1\" \/>\n<link rel=\"canonical\" href=\"https:\/\/didacta.com.uy\/sitio\/producto\/lotto-de-animales\/\" \/>\n<meta property=\"og:locale\" content=\"es_ES\" \/>\n<meta property=\"og:type\" content=\"article\" \/>\n<meta property=\"og:title\" content=\"LOTTO DE ANIMALES - Didacta\" \/>\n<meta property=\"og:description\" content=\"El Lotto es un juego de observaci\u00f3n y atenci\u00f3n que favorece el desarrollo de vocabulario, mejora la memoria y fomenta las habilidades sociales. Nuestro Lotto de Animales, promueve en aprendizaje de los m\u00e1s peque\u00f1os de una manera m\u00e1s divertida. El juego es adecuado para ni\u00f1as y ni\u00f1os de muy poca edad, as\u00ed como en plena edad escolar.  C\u00f3digo: 170\/04 C\u00f3digo de barras: 7730549170041 Edad: De 3 a 8 a\u00f1os Cantidad de jugadores: 2 a 4 jugadores Cantidad de piezas: 4 tableros y 24 fichas de madera Medidas: 20 x 22 x 3.5 cm Instrucciones: Descargar\" \/>\n<meta property=\"og:url\" content=\"https:\/\/didacta.com.uy\/sitio\/producto\/lotto-de-animales\/\" \/>\n<meta property=\"og:site_name\" content=\"Didacta\" \/>\n<meta property=\"article:modified_time\" content=\"2024-02-19T16:46:44+00:00\" \/>\n<meta property=\"og:image\" content=\"https:\/\/didacta.com.uy\/sitio\/wp-content\/uploads\/2018\/10\/5-6.jpg\" \/>\n\t<meta property=\"og:image:width\" content=\"800\" \/>\n\t<meta property=\"og:image:height\" content=\"600\" \/>\n\t<meta property=\"og:image:type\" content=\"image\/jpeg\" \/>\n<meta name=\"twitter:card\" content=\"summary_large_image\" \/>\n<meta name=\"twitter:label1\" content=\"Tiempo de lectura\" \/>\n\t<meta name=\"twitter:data1\" content=\"1 minuto\" \/>\n<script type=\"application\/ld+json\" class=\"yoast-schema-graph\">{\"@context\":\"https:\/\/schema.org\",\"@graph\":[{\"@type\":\"WebPage\",\"@id\":\"https:\/\/didacta.com.uy\/sitio\/producto\/lotto-de-animales\/\",\"url\":\"https:\/\/didacta.com.uy\/sitio\/producto\/lotto-de-animales\/\",\"name\":\"LOTTO DE ANIMALES - Didacta\",\"isPartOf\":{\"@id\":\"https:\/\/didacta.com.uy\/sitio\/#website\"},\"primaryImageOfPage\":{\"@id\":\"https:\/\/didacta.com.uy\/sitio\/producto\/lotto-de-animales\/#primaryimage\"},\"image\":{\"@id\":\"https:\/\/didacta.com.uy\/sitio\/producto\/lotto-de-animales\/#primaryimage\"},\"thumbnailUrl\":\"https:\/\/didacta.com.uy\/sitio\/wp-content\/uploads\/2018\/10\/5-6.jpg\",\"datePublished\":\"2018-10-03T18:11:41+00:00\",\"dateModified\":\"2024-02-19T16:46:44+00:00\",\"breadcrumb\":{\"@id\":\"https:\/\/didacta.com.uy\/sitio\/producto\/lotto-de-animales\/#breadcrumb\"},\"inLanguage\":\"es\",\"potentialAction\":[{\"@type\":\"ReadAction\",\"target\":[\"https:\/\/didacta.com.uy\/sitio\/producto\/lotto-de-animales\/\"]}]},{\"@type\":\"ImageObject\",\"inLanguage\":\"es\",\"@id\":\"https:\/\/didacta.com.uy\/sitio\/producto\/lotto-de-animales\/#primaryimage\",\"url\":\"https:\/\/didacta.com.uy\/sitio\/wp-content\/uploads\/2018\/10\/5-6.jpg\",\"contentUrl\":\"https:\/\/didacta.com.uy\/sitio\/wp-content\/uploads\/2018\/10\/5-6.jpg\",\"width\":800,\"height\":600},{\"@type\":\"BreadcrumbList\",\"@id\":\"https:\/\/didacta.com.uy\/sitio\/producto\/lotto-de-animales\/#breadcrumb\",\"itemListElement\":[{\"@type\":\"ListItem\",\"position\":1,\"name\":\"Portada\",\"item\":\"https:\/\/didacta.com.uy\/sitio\/\"},{\"@type\":\"ListItem\",\"position\":2,\"name\":\"Inicio\",\"item\":\"https:\/\/didacta.com.uy\/sitio\/\"},{\"@type\":\"ListItem\",\"position\":3,\"name\":\"LOTTO DE ANIMALES\"}]},{\"@type\":\"WebSite\",\"@id\":\"https:\/\/didacta.com.uy\/sitio\/#website\",\"url\":\"https:\/\/didacta.com.uy\/sitio\/\",\"name\":\"Didacta\",\"description\":\"Con m\u00e1s de 20 a\u00f1os de experiencia, DIDACTA es la marca l\u00edder en el mercado uruguayo de juegos de mesa.\",\"potentialAction\":[{\"@type\":\"SearchAction\",\"target\":{\"@type\":\"EntryPoint\",\"urlTemplate\":\"https:\/\/didacta.com.uy\/sitio\/?s={search_term_string}\"},\"query-input\":{\"@type\":\"PropertyValueSpecification\",\"valueRequired\":true,\"valueName\":\"search_term_string\"}}],\"inLanguage\":\"es\"}]}<\/script>\n<!-- \/ Yoast SEO plugin. -->","yoast_head_json":{"title":"LOTTO DE ANIMALES - Didacta","robots":{"index":"index","follow":"follow","max-snippet":"max-snippet:-1","max-image-preview":"max-image-preview:large","max-video-preview":"max-video-preview:-1"},"canonical":"https:\/\/didacta.com.uy\/sitio\/producto\/lotto-de-animales\/","og_locale":"es_ES","og_type":"article","og_title":"LOTTO DE ANIMALES - Didacta","og_description":"El Lotto es un juego de observaci\u00f3n y atenci\u00f3n que favorece el desarrollo de vocabulario, mejora la memoria y fomenta las habilidades sociales. Nuestro Lotto de Animales, promueve en aprendizaje de los m\u00e1s peque\u00f1os de una manera m\u00e1s divertida. El juego es adecuado para ni\u00f1as y ni\u00f1os de muy poca edad, as\u00ed como en plena edad escolar.  C\u00f3digo: 170\/04 C\u00f3digo de barras: 7730549170041 Edad: De 3 a 8 a\u00f1os Cantidad de jugadores: 2 a 4 jugadores Cantidad de piezas: 4 tableros y 24 fichas de madera Medidas: 20 x 22 x 3.5 cm Instrucciones: Descargar","og_url":"https:\/\/didacta.com.uy\/sitio\/producto\/lotto-de-animales\/","og_site_name":"Didacta","article_modified_time":"2024-02-19T16:46:44+00:00","og_image":[{"width":800,"height":600,"url":"https:\/\/didacta.com.uy\/sitio\/wp-content\/uploads\/2018\/10\/5-6.jpg","type":"image\/jpeg"}],"twitter_card":"summary_large_image","twitter_misc":{"Tiempo de lectura":"1 minuto"},"schema":{"@context":"https:\/\/schema.org","@graph":[{"@type":"WebPage","@id":"https:\/\/didacta.com.uy\/sitio\/producto\/lotto-de-animales\/","url":"https:\/\/didacta.com.uy\/sitio\/producto\/lotto-de-animales\/","name":"LOTTO DE ANIMALES - Didacta","isPartOf":{"@id":"https:\/\/didacta.com.uy\/sitio\/#website"},"primaryImageOfPage":{"@id":"https:\/\/didacta.com.uy\/sitio\/producto\/lotto-de-animales\/#primaryimage"},"image":{"@id":"https:\/\/didacta.com.uy\/sitio\/producto\/lotto-de-animales\/#primaryimage"},"thumbnailUrl":"https:\/\/didacta.com.uy\/sitio\/wp-content\/uploads\/2018\/10\/5-6.jpg","datePublished":"2018-10-03T18:11:41+00:00","dateModified":"2024-02-19T16:46:44+00:00","breadcrumb":{"@id":"https:\/\/didacta.com.uy\/sitio\/producto\/lotto-de-animales\/#breadcrumb"},"inLanguage":"es","potentialAction":[{"@type":"ReadAction","target":["https:\/\/didacta.com.uy\/sitio\/producto\/lotto-de-animales\/"]}]},{"@type":"ImageObject","inLanguage":"es","@id":"https:\/\/didacta.com.uy\/sitio\/producto\/lotto-de-animales\/#primaryimage","url":"https:\/\/didacta.com.uy\/sitio\/wp-content\/uploads\/2018\/10\/5-6.jpg","contentUrl":"https:\/\/didacta.com.uy\/sitio\/wp-content\/uploads\/2018\/10\/5-6.jpg","width":800,"height":600},{"@type":"BreadcrumbList","@id":"https:\/\/didacta.com.uy\/sitio\/producto\/lotto-de-animales\/#breadcrumb","itemListElement":[{"@type":"ListItem","position":1,"name":"Portada","item":"https:\/\/didacta.com.uy\/sitio\/"},{"@type":"ListItem","position":2,"name":"Inicio","item":"https:\/\/didacta.com.uy\/sitio\/"},{"@type":"ListItem","position":3,"name":"LOTTO DE ANIMALES"}]},{"@type":"WebSite","@id":"https:\/\/didacta.com.uy\/sitio\/#website","url":"https:\/\/didacta.com.uy\/sitio\/","name":"Didacta","description":"Con m\u00e1s de 20 a\u00f1os de experiencia, DIDACTA es la marca l\u00edder en el mercado uruguayo de juegos de mesa.","potentialAction":[{"@type":"SearchAction","target":{"@type":"EntryPoint","urlTemplate":"https:\/\/didacta.com.uy\/sitio\/?s={search_term_string}"},"query-input":{"@type":"PropertyValueSpecification","valueRequired":true,"valueName":"search_term_string"}}],"inLanguage":"es"}]}},"_links":{"self":[{"href":"https:\/\/didacta.com.uy\/sitio\/wp-json\/wp\/v2\/product\/205718","targetHints":{"allow":["GET"]}}],"collection":[{"href":"https:\/\/didacta.com.uy\/sitio\/wp-json\/wp\/v2\/product"}],"about":[{"href":"https:\/\/didacta.com.uy\/sitio\/wp-json\/wp\/v2\/types\/product"}],"replies":[{"embeddable":true,"href":"https:\/\/didacta.com.uy\/sitio\/wp-json\/wp\/v2\/comments?post=205718"}],"wp:featuredmedia":[{"embeddable":true,"href":"https:\/\/didacta.com.uy\/sitio\/wp-json\/wp\/v2\/media\/206789"}],"wp:attachment":[{"href":"https:\/\/didacta.com.uy\/sitio\/wp-json\/wp\/v2\/media?parent=205718"}],"wp:term":[{"taxonomy":"product_brand","embeddable":true,"href":"https:\/\/didacta.com.uy\/sitio\/wp-json\/wp\/v2\/product_brand?post=205718"},{"taxonomy":"product_cat","embeddable":true,"href":"https:\/\/didacta.com.uy\/sitio\/wp-json\/wp\/v2\/product_cat?post=205718"},{"taxonomy":"product_tag","embeddable":true,"href":"https:\/\/didacta.com.uy\/sitio\/wp-json\/wp\/v2\/product_tag?post=205718"}],"curies":[{"name":"wp","href":"https:\/\/api.w.org\/{rel}","templated":true}]}}