{"id":205710,"date":"2018-10-03T18:11:29","date_gmt":"2018-10-03T18:11:29","guid":{"rendered":"http:\/\/didacta.com.uy\/sitio\/producto\/domino-colorido\/"},"modified":"2024-06-24T17:54:33","modified_gmt":"2024-06-24T17:54:33","slug":"domino-colorido","status":"publish","type":"product","link":"https:\/\/didacta.com.uy\/sitio\/producto\/domino-colorido\/","title":{"rendered":"DOMIN\u00d3 COLORIDO"},"content":{"rendered":"<p>El domin\u00f3, conocido por su sencillo mecanismo de juego, estimula el aprendizaje de los ni\u00f1os.<br \/>\nEsta versi\u00f3n de madera y llena de colores est\u00e1 pensada para los m\u00e1s peque\u00f1os con el fin aprender de una forma m\u00e1s divertida.<\/p>\n<p><strong><span style=\"color: #ff0000;\">C\u00f3digo:\u00a0\u00a0<\/span><\/strong>193\/10<br \/>\n<strong><span style=\"color: #ff0000;\">C\u00f3digo de barras:<\/span><\/strong> 7730549193026<br \/>\n<strong><span style=\"color: #ff0000;\">Edad:<\/span> <\/strong>3 a\u00f1os en adelante.<br \/>\n<strong><span style=\"color: #ff0000;\">Cantidad de piezas:<\/span> <\/strong>28 piezas de madera<br \/>\n<strong><span style=\"color: #ff0000;\">Medidas:<\/span> <\/strong>23 x 17 x 3.5<br \/>\n<strong><span style=\"color: #ff0000;\">Instrucciones:<\/span><\/strong> <a href=\"http:\/\/didacta.com.uy\/didacta\/images\/productos\/296_producto_instrucciones.pdf\" target=\"_blank\" rel=\"noopener\">Descargar<\/a><\/p>\n<p>&nbsp;<\/p>\n","protected":false},"excerpt":{"rendered":"<p>El domin\u00f3, conocido por su sencillo mecanismo de juego, estimula el aprendizaje de los ni\u00f1os.<br \/>\nEsta versi\u00f3n de madera y llena de colores est\u00e1 pensada para los m\u00e1s peque\u00f1os con el fin aprender de una forma m\u00e1s divertida.<\/p>\n<p><strong><span style=\"color: #ff0000;\">C\u00f3digo:\u00a0\u00a0<\/span><\/strong>193\/10<br \/>\n<strong><span style=\"color: #ff0000;\">C\u00f3digo de barras:<\/span><\/strong> 7730549193026<br \/>\n<strong><span style=\"color: #ff0000;\">Edad:<\/span> <\/strong>3 a\u00f1os en adelante.<br \/>\n<strong><span style=\"color: #ff0000;\">Cantidad de piezas:<\/span> <\/strong>28 piezas de madera<br \/>\n<strong><span style=\"color: #ff0000;\">Medidas:<\/span> <\/strong>23 x 17 x 3.5<br \/>\n<strong><span style=\"color: #ff0000;\">Instrucciones:<\/span><\/strong> <a href=\"http:\/\/didacta.com.uy\/didacta\/images\/productos\/296_producto_instrucciones.pdf\" target=\"_blank\" rel=\"noopener\">Descargar<\/a><\/p>\n","protected":false},"featured_media":206800,"comment_status":"closed","ping_status":"closed","template":"","meta":{"_et_pb_use_builder":"","_et_pb_old_content":"","_et_gb_content_width":"","_uf_show_specific_survey":0,"_uf_disable_surveys":false},"product_brand":[],"product_cat":[71,77],"product_tag":[],"class_list":{"0":"post-205710","1":"product","2":"type-product","3":"status-publish","4":"has-post-thumbnail","6":"product_cat-3-a-5-anos","7":"product_cat-guden","9":"first","10":"instock","11":"purchasable","12":"product-type-simple"},"aioseo_notices":[],"yoast_head":"<!-- This site is optimized with the Yoast SEO plugin v24.8.1 - https:\/\/yoast.com\/wordpress\/plugins\/seo\/ -->\n<title>DOMIN\u00d3 COLORIDO - Didacta<\/title>\n<meta name=\"robots\" content=\"index, follow, max-snippet:-1, max-image-preview:large, max-video-preview:-1\" \/>\n<link rel=\"canonical\" href=\"https:\/\/didacta.com.uy\/sitio\/producto\/domino-colorido\/\" \/>\n<meta property=\"og:locale\" content=\"es_ES\" \/>\n<meta property=\"og:type\" content=\"article\" \/>\n<meta property=\"og:title\" content=\"DOMIN\u00d3 COLORIDO - Didacta\" \/>\n<meta property=\"og:description\" content=\"El domin\u00f3, conocido por su sencillo mecanismo de juego, estimula el aprendizaje de los ni\u00f1os. Esta versi\u00f3n de madera y llena de colores est\u00e1 pensada para los m\u00e1s peque\u00f1os con el fin aprender de una forma m\u00e1s divertida.  C\u00f3digo:\u00a0\u00a0193\/10 C\u00f3digo de barras: 7730549193026 Edad: 3 a\u00f1os en adelante. Cantidad de piezas: 28 piezas de madera Medidas: 23 x 17 x 3.5 Instrucciones: Descargar\" \/>\n<meta property=\"og:url\" content=\"https:\/\/didacta.com.uy\/sitio\/producto\/domino-colorido\/\" \/>\n<meta property=\"og:site_name\" content=\"Didacta\" \/>\n<meta property=\"article:modified_time\" content=\"2024-06-24T17:54:33+00:00\" \/>\n<meta property=\"og:image\" content=\"https:\/\/didacta.com.uy\/sitio\/wp-content\/uploads\/2018\/10\/14.jpg\" \/>\n\t<meta property=\"og:image:width\" content=\"800\" \/>\n\t<meta property=\"og:image:height\" content=\"600\" \/>\n\t<meta property=\"og:image:type\" content=\"image\/jpeg\" \/>\n<meta name=\"twitter:card\" content=\"summary_large_image\" \/>\n<meta name=\"twitter:label1\" content=\"Tiempo de lectura\" \/>\n\t<meta name=\"twitter:data1\" content=\"1 minuto\" \/>\n<script type=\"application\/ld+json\" class=\"yoast-schema-graph\">{\"@context\":\"https:\/\/schema.org\",\"@graph\":[{\"@type\":\"WebPage\",\"@id\":\"https:\/\/didacta.com.uy\/sitio\/producto\/domino-colorido\/\",\"url\":\"https:\/\/didacta.com.uy\/sitio\/producto\/domino-colorido\/\",\"name\":\"DOMIN\u00d3 COLORIDO - Didacta\",\"isPartOf\":{\"@id\":\"https:\/\/didacta.com.uy\/sitio\/#website\"},\"primaryImageOfPage\":{\"@id\":\"https:\/\/didacta.com.uy\/sitio\/producto\/domino-colorido\/#primaryimage\"},\"image\":{\"@id\":\"https:\/\/didacta.com.uy\/sitio\/producto\/domino-colorido\/#primaryimage\"},\"thumbnailUrl\":\"https:\/\/didacta.com.uy\/sitio\/wp-content\/uploads\/2018\/10\/14.jpg\",\"datePublished\":\"2018-10-03T18:11:29+00:00\",\"dateModified\":\"2024-06-24T17:54:33+00:00\",\"breadcrumb\":{\"@id\":\"https:\/\/didacta.com.uy\/sitio\/producto\/domino-colorido\/#breadcrumb\"},\"inLanguage\":\"es\",\"potentialAction\":[{\"@type\":\"ReadAction\",\"target\":[\"https:\/\/didacta.com.uy\/sitio\/producto\/domino-colorido\/\"]}]},{\"@type\":\"ImageObject\",\"inLanguage\":\"es\",\"@id\":\"https:\/\/didacta.com.uy\/sitio\/producto\/domino-colorido\/#primaryimage\",\"url\":\"https:\/\/didacta.com.uy\/sitio\/wp-content\/uploads\/2018\/10\/14.jpg\",\"contentUrl\":\"https:\/\/didacta.com.uy\/sitio\/wp-content\/uploads\/2018\/10\/14.jpg\",\"width\":800,\"height\":600},{\"@type\":\"BreadcrumbList\",\"@id\":\"https:\/\/didacta.com.uy\/sitio\/producto\/domino-colorido\/#breadcrumb\",\"itemListElement\":[{\"@type\":\"ListItem\",\"position\":1,\"name\":\"Portada\",\"item\":\"https:\/\/didacta.com.uy\/sitio\/\"},{\"@type\":\"ListItem\",\"position\":2,\"name\":\"Inicio\",\"item\":\"https:\/\/didacta.com.uy\/sitio\/\"},{\"@type\":\"ListItem\",\"position\":3,\"name\":\"DOMIN\u00d3 COLORIDO\"}]},{\"@type\":\"WebSite\",\"@id\":\"https:\/\/didacta.com.uy\/sitio\/#website\",\"url\":\"https:\/\/didacta.com.uy\/sitio\/\",\"name\":\"Didacta\",\"description\":\"Con m\u00e1s de 20 a\u00f1os de experiencia, DIDACTA es la marca l\u00edder en el mercado uruguayo de juegos de mesa.\",\"potentialAction\":[{\"@type\":\"SearchAction\",\"target\":{\"@type\":\"EntryPoint\",\"urlTemplate\":\"https:\/\/didacta.com.uy\/sitio\/?s={search_term_string}\"},\"query-input\":{\"@type\":\"PropertyValueSpecification\",\"valueRequired\":true,\"valueName\":\"search_term_string\"}}],\"inLanguage\":\"es\"}]}<\/script>\n<!-- \/ Yoast SEO plugin. -->","yoast_head_json":{"title":"DOMIN\u00d3 COLORIDO - Didacta","robots":{"index":"index","follow":"follow","max-snippet":"max-snippet:-1","max-image-preview":"max-image-preview:large","max-video-preview":"max-video-preview:-1"},"canonical":"https:\/\/didacta.com.uy\/sitio\/producto\/domino-colorido\/","og_locale":"es_ES","og_type":"article","og_title":"DOMIN\u00d3 COLORIDO - Didacta","og_description":"El domin\u00f3, conocido por su sencillo mecanismo de juego, estimula el aprendizaje de los ni\u00f1os. Esta versi\u00f3n de madera y llena de colores est\u00e1 pensada para los m\u00e1s peque\u00f1os con el fin aprender de una forma m\u00e1s divertida.  C\u00f3digo:\u00a0\u00a0193\/10 C\u00f3digo de barras: 7730549193026 Edad: 3 a\u00f1os en adelante. Cantidad de piezas: 28 piezas de madera Medidas: 23 x 17 x 3.5 Instrucciones: Descargar","og_url":"https:\/\/didacta.com.uy\/sitio\/producto\/domino-colorido\/","og_site_name":"Didacta","article_modified_time":"2024-06-24T17:54:33+00:00","og_image":[{"width":800,"height":600,"url":"https:\/\/didacta.com.uy\/sitio\/wp-content\/uploads\/2018\/10\/14.jpg","type":"image\/jpeg"}],"twitter_card":"summary_large_image","twitter_misc":{"Tiempo de lectura":"1 minuto"},"schema":{"@context":"https:\/\/schema.org","@graph":[{"@type":"WebPage","@id":"https:\/\/didacta.com.uy\/sitio\/producto\/domino-colorido\/","url":"https:\/\/didacta.com.uy\/sitio\/producto\/domino-colorido\/","name":"DOMIN\u00d3 COLORIDO - Didacta","isPartOf":{"@id":"https:\/\/didacta.com.uy\/sitio\/#website"},"primaryImageOfPage":{"@id":"https:\/\/didacta.com.uy\/sitio\/producto\/domino-colorido\/#primaryimage"},"image":{"@id":"https:\/\/didacta.com.uy\/sitio\/producto\/domino-colorido\/#primaryimage"},"thumbnailUrl":"https:\/\/didacta.com.uy\/sitio\/wp-content\/uploads\/2018\/10\/14.jpg","datePublished":"2018-10-03T18:11:29+00:00","dateModified":"2024-06-24T17:54:33+00:00","breadcrumb":{"@id":"https:\/\/didacta.com.uy\/sitio\/producto\/domino-colorido\/#breadcrumb"},"inLanguage":"es","potentialAction":[{"@type":"ReadAction","target":["https:\/\/didacta.com.uy\/sitio\/producto\/domino-colorido\/"]}]},{"@type":"ImageObject","inLanguage":"es","@id":"https:\/\/didacta.com.uy\/sitio\/producto\/domino-colorido\/#primaryimage","url":"https:\/\/didacta.com.uy\/sitio\/wp-content\/uploads\/2018\/10\/14.jpg","contentUrl":"https:\/\/didacta.com.uy\/sitio\/wp-content\/uploads\/2018\/10\/14.jpg","width":800,"height":600},{"@type":"BreadcrumbList","@id":"https:\/\/didacta.com.uy\/sitio\/producto\/domino-colorido\/#breadcrumb","itemListElement":[{"@type":"ListItem","position":1,"name":"Portada","item":"https:\/\/didacta.com.uy\/sitio\/"},{"@type":"ListItem","position":2,"name":"Inicio","item":"https:\/\/didacta.com.uy\/sitio\/"},{"@type":"ListItem","position":3,"name":"DOMIN\u00d3 COLORIDO"}]},{"@type":"WebSite","@id":"https:\/\/didacta.com.uy\/sitio\/#website","url":"https:\/\/didacta.com.uy\/sitio\/","name":"Didacta","description":"Con m\u00e1s de 20 a\u00f1os de experiencia, DIDACTA es la marca l\u00edder en el mercado uruguayo de juegos de mesa.","potentialAction":[{"@type":"SearchAction","target":{"@type":"EntryPoint","urlTemplate":"https:\/\/didacta.com.uy\/sitio\/?s={search_term_string}"},"query-input":{"@type":"PropertyValueSpecification","valueRequired":true,"valueName":"search_term_string"}}],"inLanguage":"es"}]}},"_links":{"self":[{"href":"https:\/\/didacta.com.uy\/sitio\/wp-json\/wp\/v2\/product\/205710","targetHints":{"allow":["GET"]}}],"collection":[{"href":"https:\/\/didacta.com.uy\/sitio\/wp-json\/wp\/v2\/product"}],"about":[{"href":"https:\/\/didacta.com.uy\/sitio\/wp-json\/wp\/v2\/types\/product"}],"replies":[{"embeddable":true,"href":"https:\/\/didacta.com.uy\/sitio\/wp-json\/wp\/v2\/comments?post=205710"}],"wp:featuredmedia":[{"embeddable":true,"href":"https:\/\/didacta.com.uy\/sitio\/wp-json\/wp\/v2\/media\/206800"}],"wp:attachment":[{"href":"https:\/\/didacta.com.uy\/sitio\/wp-json\/wp\/v2\/media?parent=205710"}],"wp:term":[{"taxonomy":"product_brand","embeddable":true,"href":"https:\/\/didacta.com.uy\/sitio\/wp-json\/wp\/v2\/product_brand?post=205710"},{"taxonomy":"product_cat","embeddable":true,"href":"https:\/\/didacta.com.uy\/sitio\/wp-json\/wp\/v2\/product_cat?post=205710"},{"taxonomy":"product_tag","embeddable":true,"href":"https:\/\/didacta.com.uy\/sitio\/wp-json\/wp\/v2\/product_tag?post=205710"}],"curies":[{"name":"wp","href":"https:\/\/api.w.org\/{rel}","templated":true}]}}