{"id":205709,"date":"2018-10-03T18:11:27","date_gmt":"2018-10-03T18:11:27","guid":{"rendered":"http:\/\/didacta.com.uy\/sitio\/producto\/los-opuestos\/"},"modified":"2024-02-19T13:54:22","modified_gmt":"2024-02-19T13:54:22","slug":"los-opuestos","status":"publish","type":"product","link":"https:\/\/didacta.com.uy\/sitio\/producto\/los-opuestos\/","title":{"rendered":"LOS OPUESTOS"},"content":{"rendered":"<p>Puzzles de dos piezas para el reconocimiento de los opuestos.<br \/>\nEstimula el razonamiento, la l\u00f3gica y el aprendizaje.<br \/>\nHecho en madera, pensado para los m\u00e1s chiquitos.<\/p>\n<p><strong><span style=\"color: #ff0000;\">C\u00f3digo:<\/span><\/strong> 193\/32<br \/>\n<strong><span style=\"color: #ff0000;\">C\u00f3digo de barras:<\/span><\/strong> 7730549002663<br \/>\n<strong><span style=\"color: #ff0000;\">Edad:<\/span> <\/strong>3 a\u00f1os en adelante<br \/>\n<strong><span style=\"color: #ff0000;\">Medidas:<\/span> <\/strong>23 x 17 x 3.5 cm<br \/>\n<strong><span style=\"color: #ff0000;\">Instrucciones:<\/span> <\/strong><a href=\"#\">Descargar<\/a><\/p>\n","protected":false},"excerpt":{"rendered":"<p>Puzzles de dos piezas para el reconocimiento de los opuestos.<br \/>\nEstimula el razonamiento, la l\u00f3gica y el aprendizaje.<br \/>\nHecho en madera, pensado para los m\u00e1s chiquitos.<\/p>\n<p><strong><span style=\"color: #ff0000;\">C\u00f3digo:<\/span><\/strong> 193\/32<br \/>\n<strong><span style=\"color: #ff0000;\">C\u00f3digo de barras:<\/span><\/strong> 7730549002663<br \/>\n<strong><span style=\"color: #ff0000;\">Edad:<\/span> <\/strong>3 a\u00f1os en adelante<br \/>\n<strong><span style=\"color: #ff0000;\">Medidas:<\/span> <\/strong>23 x 17 x 3.5 cm<br \/>\n<strong><span style=\"color: #ff0000;\">Instrucciones:<\/span> <\/strong><a href=\"#\">Descargar<\/a><\/p>\n","protected":false},"featured_media":213366,"comment_status":"closed","ping_status":"closed","template":"","meta":{"_et_pb_use_builder":"","_et_pb_old_content":"","_et_gb_content_width":"","_uf_show_specific_survey":0,"_uf_disable_surveys":false},"product_brand":[],"product_cat":[71,77],"product_tag":[],"class_list":{"0":"post-205709","1":"product","2":"type-product","3":"status-publish","4":"has-post-thumbnail","6":"product_cat-3-a-5-anos","7":"product_cat-guden","9":"first","10":"instock","11":"purchasable","12":"product-type-simple"},"aioseo_notices":[],"yoast_head":"<!-- This site is optimized with the Yoast SEO plugin v24.8.1 - https:\/\/yoast.com\/wordpress\/plugins\/seo\/ -->\n<title>LOS OPUESTOS - Didacta<\/title>\n<meta name=\"robots\" content=\"index, follow, max-snippet:-1, max-image-preview:large, max-video-preview:-1\" \/>\n<link rel=\"canonical\" href=\"https:\/\/didacta.com.uy\/sitio\/producto\/los-opuestos\/\" \/>\n<meta property=\"og:locale\" content=\"es_ES\" \/>\n<meta property=\"og:type\" content=\"article\" \/>\n<meta property=\"og:title\" content=\"LOS OPUESTOS - Didacta\" \/>\n<meta property=\"og:description\" content=\"Puzzles de dos piezas para el reconocimiento de los opuestos. Estimula el razonamiento, la l\u00f3gica y el aprendizaje. Hecho en madera, pensado para los m\u00e1s chiquitos.  C\u00f3digo: 193\/32 C\u00f3digo de barras: 7730549002663 Edad: 3 a\u00f1os en adelante Medidas: 23 x 17 x 3.5 cm Instrucciones: Descargar\" \/>\n<meta property=\"og:url\" content=\"https:\/\/didacta.com.uy\/sitio\/producto\/los-opuestos\/\" \/>\n<meta property=\"og:site_name\" content=\"Didacta\" \/>\n<meta property=\"article:modified_time\" content=\"2024-02-19T13:54:22+00:00\" \/>\n<meta property=\"og:image\" content=\"https:\/\/didacta.com.uy\/sitio\/wp-content\/uploads\/2018\/10\/193-32.jpg\" \/>\n\t<meta property=\"og:image:width\" content=\"729\" \/>\n\t<meta property=\"og:image:height\" content=\"891\" \/>\n\t<meta property=\"og:image:type\" content=\"image\/jpeg\" \/>\n<meta name=\"twitter:card\" content=\"summary_large_image\" \/>\n<meta name=\"twitter:label1\" content=\"Tiempo de lectura\" \/>\n\t<meta name=\"twitter:data1\" content=\"1 minuto\" \/>\n<script type=\"application\/ld+json\" class=\"yoast-schema-graph\">{\"@context\":\"https:\/\/schema.org\",\"@graph\":[{\"@type\":\"WebPage\",\"@id\":\"https:\/\/didacta.com.uy\/sitio\/producto\/los-opuestos\/\",\"url\":\"https:\/\/didacta.com.uy\/sitio\/producto\/los-opuestos\/\",\"name\":\"LOS OPUESTOS - Didacta\",\"isPartOf\":{\"@id\":\"https:\/\/didacta.com.uy\/sitio\/#website\"},\"primaryImageOfPage\":{\"@id\":\"https:\/\/didacta.com.uy\/sitio\/producto\/los-opuestos\/#primaryimage\"},\"image\":{\"@id\":\"https:\/\/didacta.com.uy\/sitio\/producto\/los-opuestos\/#primaryimage\"},\"thumbnailUrl\":\"https:\/\/didacta.com.uy\/sitio\/wp-content\/uploads\/2018\/10\/193-32.jpg\",\"datePublished\":\"2018-10-03T18:11:27+00:00\",\"dateModified\":\"2024-02-19T13:54:22+00:00\",\"breadcrumb\":{\"@id\":\"https:\/\/didacta.com.uy\/sitio\/producto\/los-opuestos\/#breadcrumb\"},\"inLanguage\":\"es\",\"potentialAction\":[{\"@type\":\"ReadAction\",\"target\":[\"https:\/\/didacta.com.uy\/sitio\/producto\/los-opuestos\/\"]}]},{\"@type\":\"ImageObject\",\"inLanguage\":\"es\",\"@id\":\"https:\/\/didacta.com.uy\/sitio\/producto\/los-opuestos\/#primaryimage\",\"url\":\"https:\/\/didacta.com.uy\/sitio\/wp-content\/uploads\/2018\/10\/193-32.jpg\",\"contentUrl\":\"https:\/\/didacta.com.uy\/sitio\/wp-content\/uploads\/2018\/10\/193-32.jpg\",\"width\":729,\"height\":891},{\"@type\":\"BreadcrumbList\",\"@id\":\"https:\/\/didacta.com.uy\/sitio\/producto\/los-opuestos\/#breadcrumb\",\"itemListElement\":[{\"@type\":\"ListItem\",\"position\":1,\"name\":\"Portada\",\"item\":\"https:\/\/didacta.com.uy\/sitio\/\"},{\"@type\":\"ListItem\",\"position\":2,\"name\":\"Inicio\",\"item\":\"https:\/\/didacta.com.uy\/sitio\/\"},{\"@type\":\"ListItem\",\"position\":3,\"name\":\"LOS OPUESTOS\"}]},{\"@type\":\"WebSite\",\"@id\":\"https:\/\/didacta.com.uy\/sitio\/#website\",\"url\":\"https:\/\/didacta.com.uy\/sitio\/\",\"name\":\"Didacta\",\"description\":\"Con m\u00e1s de 20 a\u00f1os de experiencia, DIDACTA es la marca l\u00edder en el mercado uruguayo de juegos de mesa.\",\"potentialAction\":[{\"@type\":\"SearchAction\",\"target\":{\"@type\":\"EntryPoint\",\"urlTemplate\":\"https:\/\/didacta.com.uy\/sitio\/?s={search_term_string}\"},\"query-input\":{\"@type\":\"PropertyValueSpecification\",\"valueRequired\":true,\"valueName\":\"search_term_string\"}}],\"inLanguage\":\"es\"}]}<\/script>\n<!-- \/ Yoast SEO plugin. -->","yoast_head_json":{"title":"LOS OPUESTOS - Didacta","robots":{"index":"index","follow":"follow","max-snippet":"max-snippet:-1","max-image-preview":"max-image-preview:large","max-video-preview":"max-video-preview:-1"},"canonical":"https:\/\/didacta.com.uy\/sitio\/producto\/los-opuestos\/","og_locale":"es_ES","og_type":"article","og_title":"LOS OPUESTOS - Didacta","og_description":"Puzzles de dos piezas para el reconocimiento de los opuestos. Estimula el razonamiento, la l\u00f3gica y el aprendizaje. Hecho en madera, pensado para los m\u00e1s chiquitos.  C\u00f3digo: 193\/32 C\u00f3digo de barras: 7730549002663 Edad: 3 a\u00f1os en adelante Medidas: 23 x 17 x 3.5 cm Instrucciones: Descargar","og_url":"https:\/\/didacta.com.uy\/sitio\/producto\/los-opuestos\/","og_site_name":"Didacta","article_modified_time":"2024-02-19T13:54:22+00:00","og_image":[{"width":729,"height":891,"url":"https:\/\/didacta.com.uy\/sitio\/wp-content\/uploads\/2018\/10\/193-32.jpg","type":"image\/jpeg"}],"twitter_card":"summary_large_image","twitter_misc":{"Tiempo de lectura":"1 minuto"},"schema":{"@context":"https:\/\/schema.org","@graph":[{"@type":"WebPage","@id":"https:\/\/didacta.com.uy\/sitio\/producto\/los-opuestos\/","url":"https:\/\/didacta.com.uy\/sitio\/producto\/los-opuestos\/","name":"LOS OPUESTOS - Didacta","isPartOf":{"@id":"https:\/\/didacta.com.uy\/sitio\/#website"},"primaryImageOfPage":{"@id":"https:\/\/didacta.com.uy\/sitio\/producto\/los-opuestos\/#primaryimage"},"image":{"@id":"https:\/\/didacta.com.uy\/sitio\/producto\/los-opuestos\/#primaryimage"},"thumbnailUrl":"https:\/\/didacta.com.uy\/sitio\/wp-content\/uploads\/2018\/10\/193-32.jpg","datePublished":"2018-10-03T18:11:27+00:00","dateModified":"2024-02-19T13:54:22+00:00","breadcrumb":{"@id":"https:\/\/didacta.com.uy\/sitio\/producto\/los-opuestos\/#breadcrumb"},"inLanguage":"es","potentialAction":[{"@type":"ReadAction","target":["https:\/\/didacta.com.uy\/sitio\/producto\/los-opuestos\/"]}]},{"@type":"ImageObject","inLanguage":"es","@id":"https:\/\/didacta.com.uy\/sitio\/producto\/los-opuestos\/#primaryimage","url":"https:\/\/didacta.com.uy\/sitio\/wp-content\/uploads\/2018\/10\/193-32.jpg","contentUrl":"https:\/\/didacta.com.uy\/sitio\/wp-content\/uploads\/2018\/10\/193-32.jpg","width":729,"height":891},{"@type":"BreadcrumbList","@id":"https:\/\/didacta.com.uy\/sitio\/producto\/los-opuestos\/#breadcrumb","itemListElement":[{"@type":"ListItem","position":1,"name":"Portada","item":"https:\/\/didacta.com.uy\/sitio\/"},{"@type":"ListItem","position":2,"name":"Inicio","item":"https:\/\/didacta.com.uy\/sitio\/"},{"@type":"ListItem","position":3,"name":"LOS OPUESTOS"}]},{"@type":"WebSite","@id":"https:\/\/didacta.com.uy\/sitio\/#website","url":"https:\/\/didacta.com.uy\/sitio\/","name":"Didacta","description":"Con m\u00e1s de 20 a\u00f1os de experiencia, DIDACTA es la marca l\u00edder en el mercado uruguayo de juegos de mesa.","potentialAction":[{"@type":"SearchAction","target":{"@type":"EntryPoint","urlTemplate":"https:\/\/didacta.com.uy\/sitio\/?s={search_term_string}"},"query-input":{"@type":"PropertyValueSpecification","valueRequired":true,"valueName":"search_term_string"}}],"inLanguage":"es"}]}},"_links":{"self":[{"href":"https:\/\/didacta.com.uy\/sitio\/wp-json\/wp\/v2\/product\/205709","targetHints":{"allow":["GET"]}}],"collection":[{"href":"https:\/\/didacta.com.uy\/sitio\/wp-json\/wp\/v2\/product"}],"about":[{"href":"https:\/\/didacta.com.uy\/sitio\/wp-json\/wp\/v2\/types\/product"}],"replies":[{"embeddable":true,"href":"https:\/\/didacta.com.uy\/sitio\/wp-json\/wp\/v2\/comments?post=205709"}],"wp:featuredmedia":[{"embeddable":true,"href":"https:\/\/didacta.com.uy\/sitio\/wp-json\/wp\/v2\/media\/213366"}],"wp:attachment":[{"href":"https:\/\/didacta.com.uy\/sitio\/wp-json\/wp\/v2\/media?parent=205709"}],"wp:term":[{"taxonomy":"product_brand","embeddable":true,"href":"https:\/\/didacta.com.uy\/sitio\/wp-json\/wp\/v2\/product_brand?post=205709"},{"taxonomy":"product_cat","embeddable":true,"href":"https:\/\/didacta.com.uy\/sitio\/wp-json\/wp\/v2\/product_cat?post=205709"},{"taxonomy":"product_tag","embeddable":true,"href":"https:\/\/didacta.com.uy\/sitio\/wp-json\/wp\/v2\/product_tag?post=205709"}],"curies":[{"name":"wp","href":"https:\/\/api.w.org\/{rel}","templated":true}]}}