{"id":49,"date":"2018-06-18T19:55:28","date_gmt":"2018-06-18T19:55:28","guid":{"rendered":"http:\/\/didacta.com.uy\/sitio\/?page_id=49"},"modified":"2023-08-09T02:00:18","modified_gmt":"2023-08-09T02:00:18","slug":"empresa","status":"publish","type":"page","link":"https:\/\/didacta.com.uy\/sitio\/empresa\/","title":{"rendered":"Empresa"},"content":{"rendered":"<p>[et_pb_section fb_built=\u00bb1&#8243; _builder_version=\u00bb4.16&#8243; global_colors_info=\u00bb{}\u00bb][et_pb_row _builder_version=\u00bb4.16&#8243; background_size=\u00bbinitial\u00bb background_position=\u00bbtop_left\u00bb background_repeat=\u00bbrepeat\u00bb custom_padding=\u00bb0|0px|0|0px|false|false\u00bb global_colors_info=\u00bb{}\u00bb][et_pb_column type=\u00bb4_4&#8243; _builder_version=\u00bb4.16&#8243; custom_padding=\u00bb|||\u00bb global_colors_info=\u00bb{}\u00bb custom_padding__hover=\u00bb|||\u00bb][et_pb_image src=\u00bbhttps:\/\/didacta.com.uy\/sitio\/wp-content\/uploads\/2019\/03\/block-1.jpg\u00bb align_tablet=\u00bbcenter\u00bb align_phone=\u00bbcenter\u00bb align_last_edited=\u00bbon|desktop\u00bb _builder_version=\u00bb4.16&#8243; global_colors_info=\u00bb{}\u00bb][\/et_pb_image][\/et_pb_column][\/et_pb_row][et_pb_row column_structure=\u00bb2_5,3_5&#8243; _builder_version=\u00bb4.16&#8243; background_size=\u00bbinitial\u00bb background_position=\u00bbtop_left\u00bb background_repeat=\u00bbrepeat\u00bb custom_padding=\u00bb0|0px|0|0px|false|false\u00bb global_colors_info=\u00bb{}\u00bb][et_pb_column type=\u00bb2_5&#8243; _builder_version=\u00bb4.16&#8243; custom_padding=\u00bb|||\u00bb global_colors_info=\u00bb{}\u00bb custom_padding__hover=\u00bb|||\u00bb][et_pb_image src=\u00bbhttps:\/\/didacta.com.uy\/sitio\/wp-content\/uploads\/2019\/11\/IMG_7543.jpg\u00bb align_tablet=\u00bbcenter\u00bb align_phone=\u00bbcenter\u00bb align_last_edited=\u00bbon|desktop\u00bb _builder_version=\u00bb4.16&#8243; global_colors_info=\u00bb{}\u00bb][\/et_pb_image][et_pb_image src=\u00bbhttps:\/\/didacta.com.uy\/sitio\/wp-content\/uploads\/2019\/11\/FB_IMG_1573478862815-1.jpg\u00bb align_tablet=\u00bbcenter\u00bb align_phone=\u00bbcenter\u00bb align_last_edited=\u00bbon|desktop\u00bb _builder_version=\u00bb4.16&#8243; global_colors_info=\u00bb{}\u00bb][\/et_pb_image][et_pb_image src=\u00bbhttps:\/\/didacta.com.uy\/sitio\/wp-content\/uploads\/2020\/02\/IMG_2552.jpg\u00bb align_tablet=\u00bbcenter\u00bb align_phone=\u00bbcenter\u00bb align_last_edited=\u00bbon|desktop\u00bb _builder_version=\u00bb4.16&#8243; global_colors_info=\u00bb{}\u00bb][\/et_pb_image][et_pb_image src=\u00bbhttps:\/\/didacta.com.uy\/sitio\/wp-content\/uploads\/2020\/02\/Opa-y-Didacta-en-hospitales.jpeg\u00bb align_tablet=\u00bbcenter\u00bb align_phone=\u00bbcenter\u00bb align_last_edited=\u00bbon|desktop\u00bb _builder_version=\u00bb4.16&#8243; global_colors_info=\u00bb{}\u00bb][\/et_pb_image][et_pb_image src=\u00bbhttps:\/\/didacta.com.uy\/sitio\/wp-content\/uploads\/2020\/02\/IMG_9372.jpg\u00bb align_tablet=\u00bbcenter\u00bb align_phone=\u00bbcenter\u00bb align_last_edited=\u00bbon|desktop\u00bb _builder_version=\u00bb4.16&#8243; global_colors_info=\u00bb{}\u00bb][\/et_pb_image][\/et_pb_column][et_pb_column type=\u00bb3_5&#8243; _builder_version=\u00bb4.16&#8243; custom_padding=\u00bb|||\u00bb global_colors_info=\u00bb{}\u00bb custom_padding__hover=\u00bb|||\u00bb][et_pb_text _builder_version=\u00bb4.16&#8243; global_colors_info=\u00bb{}\u00bb]<b>NUESTRA HISTORIA<\/b><\/p>\n<p>&nbsp;<\/p>\n<p><span style=\"font-weight: 400;\">DIDACTA\u00a0<\/span><span style=\"font-weight: 400;\">es una empresa familiar uruguaya dedicada desde hace m\u00e1s de 35 a\u00f1os al desarrollo de puzzles, juegos y juguetes educativos. La empresa nace en el a\u00f1o 1982 <\/span><span style=\"font-weight: 400;\">con Hugo y Cristina quienes comienzan con la fabricaci\u00f3n de juegos de mesa en la planta baja de su casa, viviendo ellos en el piso de arriba. Luego de algunos a\u00f1os de mucho esfuerzo, comienzan a representar marcas internacionales de juguetes y editoriales de libros, siendo algunas de las m\u00e1s destacadas Educa de Espa\u00f1a, Lego, Intex, Estrela de Brasil, llegando a ser el principal licenciatario Disney para Uruguay en las principales categor\u00edas de juguetes como; peluches, juegos de mesa, inflables, entre otras.\u00a0<\/span><\/p>\n<p><span style=\"font-weight: 400;\">Sobre finales de la d\u00e9cada de los 90, retornan a sus ra\u00edces apostando por la industria nacional en un proyecto relevante dejando de lado la representaci\u00f3n de marcas y comercializando solamente productos DIDACTA fabricados en Uruguay.<\/span><\/p>\n<p><span style=\"font-weight: 400;\">Consolidada en el mercado nacional como la marca referente de juegos educativos comienzan los planes de expansi\u00f3n internacional. Es en el 2007 que se concreta la primera exportaci\u00f3n, logrando desde ese a\u00f1o llegar a varios pa\u00edses de Latinoam\u00e9rica, exportando todos los a\u00f1os hasta el d\u00eda de hoy, cumpliendo con el objetivo trazado a\u00f1os atr\u00e1s de llevar productos desarrollados en Uruguay a todo Latinoam\u00e9rica.<\/span><\/p>\n<p><span style=\"font-weight: 400;\">En el a\u00f1o 2012 ampl\u00eda su gama de productos sumando una nueva l\u00ednea de primera infancia con el objetivo de acompa\u00f1ar el desarrollo de ni\u00f1os y ni\u00f1as a trav\u00e9s del juego desde los primeros meses de vida. A ra\u00edz del \u00e9xito de esta incursi\u00f3n, se siguieron sumando el desarrollo de nuevas l\u00edneas acorde a las \u00faltimas tendencias en materia educativa y que complementar\u00e1n la propuesta tradicional de DIDACTA para lo cual la empresa comienza a tercerizar parte de su producci\u00f3n en Asia.\u00a0\u00a0<\/span><\/p>\n<p><span style=\"font-weight: 400;\">En el a\u00f1o 2019, luego de un proceso que comenz\u00f3 a inicios de 2018, DIDACTA obtiene la certificaci\u00f3n ISO 9001:2015, dejando m\u00e1s claro a\u00fan el compromiso con la calidad de sus productos y la motivaci\u00f3n de mejorar constantemente para avanzar, atendiendo siempre las nuevas necesidades y tecnolog\u00edas, pero sin dejar atr\u00e1s la esencia de los buenos juegos y juguetes de siempre.<\/span><\/p>\n<p><b>NUESTRA MISI\u00d3N<\/b><\/p>\n<p><span style=\"font-weight: 400;\">Brindar a familias y educadores juguetes educativos, de buena calidad y con un dise\u00f1o a un precio que sea accesible para todos, cumpliendo con las normas de seguridad\u00a0 vigentes y colaborando con el desarrollo de los ni\u00f1os.\u00a0<\/span><\/p>\n<p><b>NUESTRA VISI\u00d3N<\/b><\/p>\n<p><span style=\"font-weight: 400;\">Ser la empresa referente en juguetes educativos para distintas edades, a un precio que desestacionalice el consumo de los mismos, logrando llegar todo el a\u00f1o a hogares y escuelas, sin dejar de lado la calidad y el dise\u00f1o de nuestros productos.<\/span><\/p>\n<p><b>NUESTRA POL\u00cdTICA DE CALIDAD<\/b><\/p>\n<p><span style=\"font-weight: 400;\">Lograr la satisfacci\u00f3n\u00a0 permanente de las necesidades y expectativas de las partes interesadas, con objetivos de competitividad, productividad y crecimiento, manteniendo una mejora continua. Para tal fin, se aseguran est\u00e1ndares de calidad.\u00a0<\/span><span style=\"font-weight: 400;\">Desde junio de 2019 nuestros procedimientos y procesos se encuentran avalados bajo la norma de calidad ISO 9001:2015.<\/span><\/p>\n<p><span style=\"font-weight: 400;\">Contamos con un departamento de atenci\u00f3n al cliente que invita a no desechar tu juego, comprometi\u00e9ndonos a remplazar las piezas p\u00e9rdidas o faltantes y a solucionar cualquier inconveniente que surja con el uso de los mismos\u00a0<\/span><\/p>\n<p><b>NUESTRAS RELACIONES\u00a0<\/b><\/p>\n<p><span style=\"font-weight: 400;\">Entendemos que no hay forma de lograr todos nuestros objetivos si no es trabajando en equipo, por esto desde el comienzo buscamos relaciones que se mantengan a lo largo del tiempo, tanto para con nuestros clientes como para con nuestros colaboradores, y proveedores. Valoramos mucho las relaciones personales y el compromiso entre todas las partes para lograr lo que nos proponemos.\u00a0<\/span><\/p>\n<p><span style=\"font-weight: 400;\">Estamos sumamente comprometidos con la sociedad, aportando, desde nuestro lugar y con lo que mejor sabemos hacer, en diversos proyectos de responsabilidad social: desde donaciones a los centros educativos\u00a0 as\u00ed como auspiciando y participando de actividades como Payasos de Hospital en conjunto con la compa\u00f1\u00eda de payasos OPA. Actualmente estamos trabajando en un proyecto que busca fomentar el aprender jugando a trav\u00e9s del plan \u201cuna Ludoteca en cada Escuela Rural\u201d, y que nos llevar\u00e1 a recorrer el pa\u00eds durante 3 a\u00f1os.<\/span><\/p>\n<p><b>NUESTRAS INSTALACIONES<\/b><\/p>\n<p><span style=\"font-weight: 400;\">Estamos ubicados en el centro geogr\u00e1fico de Montevideo, capital de Uruguay, en donde contamos con todas nuestras operaciones centralizadas, tanto administrativas, de ventas, de fabricaci\u00f3n as\u00ed como log\u00edsticas.\u00a0<\/span><br \/>\n[\/et_pb_text][\/et_pb_column][\/et_pb_row][et_pb_row _builder_version=\u00bb4.16&#8243; background_size=\u00bbinitial\u00bb background_position=\u00bbtop_left\u00bb background_repeat=\u00bbrepeat\u00bb custom_padding=\u00bb0|0px|0|0px|false|false\u00bb global_colors_info=\u00bb{}\u00bb][et_pb_column type=\u00bb4_4&#8243; _builder_version=\u00bb4.16&#8243; custom_padding=\u00bb|||\u00bb global_colors_info=\u00bb{}\u00bb custom_padding__hover=\u00bb|||\u00bb][et_pb_image src=\u00bbhttps:\/\/didacta.com.uy\/sitio\/wp-content\/uploads\/2019\/03\/abajoblock.png\u00bb align_tablet=\u00bbcenter\u00bb align_phone=\u00bbcenter\u00bb align_last_edited=\u00bbon|desktop\u00bb _builder_version=\u00bb4.16&#8243; global_colors_info=\u00bb{}\u00bb][\/et_pb_image][\/et_pb_column][\/et_pb_row][\/et_pb_section]<\/p>\n","protected":false},"excerpt":{"rendered":"<p>NUESTRA HISTORIA &nbsp; DIDACTA\u00a0es una empresa familiar uruguaya dedicada desde hace m\u00e1s de 35 a\u00f1os al desarrollo de puzzles, juegos y juguetes educativos. La empresa nace en el a\u00f1o 1982 con Hugo y Cristina quienes [&hellip;]<\/p>\n","protected":false},"author":1,"featured_media":0,"parent":0,"menu_order":0,"comment_status":"closed","ping_status":"closed","template":"","meta":{"_et_pb_use_builder":"on","_et_pb_old_content":"","_et_gb_content_width":"","_uf_show_specific_survey":0,"_uf_disable_surveys":false,"footnotes":""},"class_list":["post-49","page","type-page","status-publish","hentry"],"aioseo_notices":[],"yoast_head":"<!-- This site is optimized with the Yoast SEO plugin v24.8.1 - https:\/\/yoast.com\/wordpress\/plugins\/seo\/ -->\n<title>Empresa - Didacta<\/title>\n<meta name=\"robots\" content=\"index, follow, max-snippet:-1, max-image-preview:large, max-video-preview:-1\" \/>\n<link rel=\"canonical\" href=\"https:\/\/didacta.com.uy\/sitio\/empresa\/\" \/>\n<meta property=\"og:locale\" content=\"es_ES\" \/>\n<meta property=\"og:type\" content=\"article\" \/>\n<meta property=\"og:title\" content=\"Empresa - Didacta\" \/>\n<meta property=\"og:description\" content=\"NUESTRA HISTORIA &nbsp; DIDACTA\u00a0es una empresa familiar uruguaya dedicada desde hace m\u00e1s de 35 a\u00f1os al desarrollo de puzzles, juegos y juguetes educativos. La empresa nace en el a\u00f1o 1982 con Hugo y Cristina quienes [&hellip;]\" \/>\n<meta property=\"og:url\" content=\"https:\/\/didacta.com.uy\/sitio\/empresa\/\" \/>\n<meta property=\"og:site_name\" content=\"Didacta\" \/>\n<meta property=\"article:modified_time\" content=\"2023-08-09T02:00:18+00:00\" \/>\n<meta name=\"twitter:card\" content=\"summary_large_image\" \/>\n<meta name=\"twitter:label1\" content=\"Tiempo de lectura\" \/>\n\t<meta name=\"twitter:data1\" content=\"6 minutos\" \/>\n<script type=\"application\/ld+json\" class=\"yoast-schema-graph\">{\"@context\":\"https:\/\/schema.org\",\"@graph\":[{\"@type\":\"WebPage\",\"@id\":\"https:\/\/didacta.com.uy\/sitio\/empresa\/\",\"url\":\"https:\/\/didacta.com.uy\/sitio\/empresa\/\",\"name\":\"Empresa - Didacta\",\"isPartOf\":{\"@id\":\"https:\/\/didacta.com.uy\/sitio\/#website\"},\"datePublished\":\"2018-06-18T19:55:28+00:00\",\"dateModified\":\"2023-08-09T02:00:18+00:00\",\"breadcrumb\":{\"@id\":\"https:\/\/didacta.com.uy\/sitio\/empresa\/#breadcrumb\"},\"inLanguage\":\"es\",\"potentialAction\":[{\"@type\":\"ReadAction\",\"target\":[\"https:\/\/didacta.com.uy\/sitio\/empresa\/\"]}]},{\"@type\":\"BreadcrumbList\",\"@id\":\"https:\/\/didacta.com.uy\/sitio\/empresa\/#breadcrumb\",\"itemListElement\":[{\"@type\":\"ListItem\",\"position\":1,\"name\":\"Portada\",\"item\":\"https:\/\/didacta.com.uy\/sitio\/\"},{\"@type\":\"ListItem\",\"position\":2,\"name\":\"Empresa\"}]},{\"@type\":\"WebSite\",\"@id\":\"https:\/\/didacta.com.uy\/sitio\/#website\",\"url\":\"https:\/\/didacta.com.uy\/sitio\/\",\"name\":\"Didacta\",\"description\":\"Con m\u00e1s de 20 a\u00f1os de experiencia, DIDACTA es la marca l\u00edder en el mercado uruguayo de juegos de mesa.\",\"potentialAction\":[{\"@type\":\"SearchAction\",\"target\":{\"@type\":\"EntryPoint\",\"urlTemplate\":\"https:\/\/didacta.com.uy\/sitio\/?s={search_term_string}\"},\"query-input\":{\"@type\":\"PropertyValueSpecification\",\"valueRequired\":true,\"valueName\":\"search_term_string\"}}],\"inLanguage\":\"es\"}]}<\/script>\n<!-- \/ Yoast SEO plugin. -->","yoast_head_json":{"title":"Empresa - Didacta","robots":{"index":"index","follow":"follow","max-snippet":"max-snippet:-1","max-image-preview":"max-image-preview:large","max-video-preview":"max-video-preview:-1"},"canonical":"https:\/\/didacta.com.uy\/sitio\/empresa\/","og_locale":"es_ES","og_type":"article","og_title":"Empresa - Didacta","og_description":"NUESTRA HISTORIA &nbsp; DIDACTA\u00a0es una empresa familiar uruguaya dedicada desde hace m\u00e1s de 35 a\u00f1os al desarrollo de puzzles, juegos y juguetes educativos. La empresa nace en el a\u00f1o 1982 con Hugo y Cristina quienes [&hellip;]","og_url":"https:\/\/didacta.com.uy\/sitio\/empresa\/","og_site_name":"Didacta","article_modified_time":"2023-08-09T02:00:18+00:00","twitter_card":"summary_large_image","twitter_misc":{"Tiempo de lectura":"6 minutos"},"schema":{"@context":"https:\/\/schema.org","@graph":[{"@type":"WebPage","@id":"https:\/\/didacta.com.uy\/sitio\/empresa\/","url":"https:\/\/didacta.com.uy\/sitio\/empresa\/","name":"Empresa - Didacta","isPartOf":{"@id":"https:\/\/didacta.com.uy\/sitio\/#website"},"datePublished":"2018-06-18T19:55:28+00:00","dateModified":"2023-08-09T02:00:18+00:00","breadcrumb":{"@id":"https:\/\/didacta.com.uy\/sitio\/empresa\/#breadcrumb"},"inLanguage":"es","potentialAction":[{"@type":"ReadAction","target":["https:\/\/didacta.com.uy\/sitio\/empresa\/"]}]},{"@type":"BreadcrumbList","@id":"https:\/\/didacta.com.uy\/sitio\/empresa\/#breadcrumb","itemListElement":[{"@type":"ListItem","position":1,"name":"Portada","item":"https:\/\/didacta.com.uy\/sitio\/"},{"@type":"ListItem","position":2,"name":"Empresa"}]},{"@type":"WebSite","@id":"https:\/\/didacta.com.uy\/sitio\/#website","url":"https:\/\/didacta.com.uy\/sitio\/","name":"Didacta","description":"Con m\u00e1s de 20 a\u00f1os de experiencia, DIDACTA es la marca l\u00edder en el mercado uruguayo de juegos de mesa.","potentialAction":[{"@type":"SearchAction","target":{"@type":"EntryPoint","urlTemplate":"https:\/\/didacta.com.uy\/sitio\/?s={search_term_string}"},"query-input":{"@type":"PropertyValueSpecification","valueRequired":true,"valueName":"search_term_string"}}],"inLanguage":"es"}]}},"_links":{"self":[{"href":"https:\/\/didacta.com.uy\/sitio\/wp-json\/wp\/v2\/pages\/49","targetHints":{"allow":["GET"]}}],"collection":[{"href":"https:\/\/didacta.com.uy\/sitio\/wp-json\/wp\/v2\/pages"}],"about":[{"href":"https:\/\/didacta.com.uy\/sitio\/wp-json\/wp\/v2\/types\/page"}],"author":[{"embeddable":true,"href":"https:\/\/didacta.com.uy\/sitio\/wp-json\/wp\/v2\/users\/1"}],"replies":[{"embeddable":true,"href":"https:\/\/didacta.com.uy\/sitio\/wp-json\/wp\/v2\/comments?post=49"}],"version-history":[{"count":39,"href":"https:\/\/didacta.com.uy\/sitio\/wp-json\/wp\/v2\/pages\/49\/revisions"}],"predecessor-version":[{"id":212669,"href":"https:\/\/didacta.com.uy\/sitio\/wp-json\/wp\/v2\/pages\/49\/revisions\/212669"}],"wp:attachment":[{"href":"https:\/\/didacta.com.uy\/sitio\/wp-json\/wp\/v2\/media?parent=49"}],"curies":[{"name":"wp","href":"https:\/\/api.w.org\/{rel}","templated":true}]}}