{"id":205086,"date":"2018-09-03T17:35:36","date_gmt":"2018-09-03T17:35:36","guid":{"rendered":"http:\/\/didacta.com.uy\/sitio\/?page_id=205086"},"modified":"2022-11-29T19:52:15","modified_gmt":"2022-11-29T19:52:15","slug":"juego-de-memoria","status":"publish","type":"page","link":"https:\/\/didacta.com.uy\/sitio\/juego-de-memoria\/","title":{"rendered":"Memory"},"content":{"rendered":"<p>[et_pb_section fb_built=\u00bb1&#8243; _builder_version=\u00bb4.16&#8243; custom_padding=\u00bb54px|0px|0|0px|false|false\u00bb global_colors_info=\u00bb{}\u00bb][et_pb_row module_class=\u00bbtitle-container\u00bb _builder_version=\u00bb4.18.0&#8243; _module_preset=\u00bbdefault\u00bb global_colors_info=\u00bb{}\u00bb global_module=\u00bb210823&#8243; saved_tabs=\u00bball\u00bb][et_pb_column type=\u00bb4_4&#8243; _builder_version=\u00bb4.18.0&#8243; _module_preset=\u00bbdefault\u00bb global_colors_info=\u00bb{}\u00bb][et_pb_post_title _builder_version=\u00bb4.18.0&#8243; _module_preset=\u00bbdefault\u00bb meta=\u00bboff\u00bb featured_image=\u00bboff\u00bb title_text_align=\u00bbcenter\u00bb title_font_size_last_edited=\u00bbon|tablet\u00bb title_font_size=\u00bb40px\u00bb hover_enabled=\u00bb0&#8243; sticky_enabled=\u00bb0&#8243; border_radii=\u00bbon|34px|34px|34px|34px\u00bb border_width_all=\u00bb3px\u00bb border_color_all=\u00bb#E02B20&#8243; background_color=\u00bb#EDF000&#8243; width_last_edited=\u00bbon|desktop\u00bb width=\u00bb40%\u00bb module_alignment=\u00bbcenter\u00bb width_tablet=\u00bb60%\u00bb title_font_size_phone=\u00bb30px\u00bb title_font_size_tablet=\u00bb40px\u00bb width_phone=\u00bb60%\u00bb][\/et_pb_post_title][\/et_pb_column][\/et_pb_row][\/et_pb_section][et_pb_section fb_built=\u00bb1&#8243; _builder_version=\u00bb4.16&#8243; custom_padding=\u00bb33px|0px|54px|0px|false|false\u00bb global_colors_info=\u00bb{}\u00bb][et_pb_row use_custom_gutter=\u00bbon\u00bb gutter_width=\u00bb1&#8243; _builder_version=\u00bb4.16&#8243; width=\u00bb100%\u00bb max_width=\u00bb100%\u00bb custom_padding=\u00bb0|0px|27px|0px|false|false\u00bb use_custom_width=\u00bbon\u00bb width_unit=\u00bboff\u00bb custom_width_percent=\u00bb100%\u00bb global_colors_info=\u00bb{}\u00bb][et_pb_column type=\u00bb4_4&#8243; _builder_version=\u00bb4.16&#8243; custom_padding=\u00bb|||\u00bb global_colors_info=\u00bb{}\u00bb custom_padding__hover=\u00bb|||\u00bb][et_pb_code _builder_version=\u00bb4.18.0&#8243; global_colors_info=\u00bb{}\u00bb]<iframe name=\"nombre\" src=\"..\/..\/memoria\/\" style=\"width:100%;min-height:100vh;overflow-y:visible!important;\" frameborder=\"0\"><\/iframe>[\/et_pb_code][\/et_pb_column][\/et_pb_row][\/et_pb_section]<\/p>\n","protected":false},"excerpt":{"rendered":"","protected":false},"author":1,"featured_media":0,"parent":0,"menu_order":0,"comment_status":"closed","ping_status":"closed","template":"","meta":{"_et_pb_use_builder":"on","_et_pb_old_content":"<iframe name=\"nombre\" src=\"..\/memoria\/\" style=\"width:100%;min-height:150vh;overflow-y:visible!important;\" frameborder=\"0\"><\/iframe>","_et_gb_content_width":"","_uf_show_specific_survey":0,"_uf_disable_surveys":false,"footnotes":""},"class_list":["post-205086","page","type-page","status-publish","hentry"],"aioseo_notices":[],"yoast_head":"<!-- This site is optimized with the Yoast SEO plugin v24.8.1 - https:\/\/yoast.com\/wordpress\/plugins\/seo\/ -->\n<title>Memory - Didacta<\/title>\n<meta name=\"robots\" content=\"index, follow, max-snippet:-1, max-image-preview:large, max-video-preview:-1\" \/>\n<link rel=\"canonical\" href=\"https:\/\/didacta.com.uy\/sitio\/juego-de-memoria\/\" \/>\n<meta property=\"og:locale\" content=\"es_ES\" \/>\n<meta property=\"og:type\" content=\"article\" \/>\n<meta property=\"og:title\" content=\"Memory - Didacta\" \/>\n<meta property=\"og:url\" content=\"https:\/\/didacta.com.uy\/sitio\/juego-de-memoria\/\" \/>\n<meta property=\"og:site_name\" content=\"Didacta\" \/>\n<meta property=\"article:modified_time\" content=\"2022-11-29T19:52:15+00:00\" \/>\n<meta name=\"twitter:card\" content=\"summary_large_image\" \/>\n<meta name=\"twitter:label1\" content=\"Tiempo de lectura\" \/>\n\t<meta name=\"twitter:data1\" content=\"1 minuto\" \/>\n<script type=\"application\/ld+json\" class=\"yoast-schema-graph\">{\"@context\":\"https:\/\/schema.org\",\"@graph\":[{\"@type\":\"WebPage\",\"@id\":\"https:\/\/didacta.com.uy\/sitio\/juego-de-memoria\/\",\"url\":\"https:\/\/didacta.com.uy\/sitio\/juego-de-memoria\/\",\"name\":\"Memory - Didacta\",\"isPartOf\":{\"@id\":\"https:\/\/didacta.com.uy\/sitio\/#website\"},\"datePublished\":\"2018-09-03T17:35:36+00:00\",\"dateModified\":\"2022-11-29T19:52:15+00:00\",\"breadcrumb\":{\"@id\":\"https:\/\/didacta.com.uy\/sitio\/juego-de-memoria\/#breadcrumb\"},\"inLanguage\":\"es\",\"potentialAction\":[{\"@type\":\"ReadAction\",\"target\":[\"https:\/\/didacta.com.uy\/sitio\/juego-de-memoria\/\"]}]},{\"@type\":\"BreadcrumbList\",\"@id\":\"https:\/\/didacta.com.uy\/sitio\/juego-de-memoria\/#breadcrumb\",\"itemListElement\":[{\"@type\":\"ListItem\",\"position\":1,\"name\":\"Portada\",\"item\":\"https:\/\/didacta.com.uy\/sitio\/\"},{\"@type\":\"ListItem\",\"position\":2,\"name\":\"Memory\"}]},{\"@type\":\"WebSite\",\"@id\":\"https:\/\/didacta.com.uy\/sitio\/#website\",\"url\":\"https:\/\/didacta.com.uy\/sitio\/\",\"name\":\"Didacta\",\"description\":\"Con m\u00e1s de 20 a\u00f1os de experiencia, DIDACTA es la marca l\u00edder en el mercado uruguayo de juegos de mesa.\",\"potentialAction\":[{\"@type\":\"SearchAction\",\"target\":{\"@type\":\"EntryPoint\",\"urlTemplate\":\"https:\/\/didacta.com.uy\/sitio\/?s={search_term_string}\"},\"query-input\":{\"@type\":\"PropertyValueSpecification\",\"valueRequired\":true,\"valueName\":\"search_term_string\"}}],\"inLanguage\":\"es\"}]}<\/script>\n<!-- \/ Yoast SEO plugin. -->","yoast_head_json":{"title":"Memory - Didacta","robots":{"index":"index","follow":"follow","max-snippet":"max-snippet:-1","max-image-preview":"max-image-preview:large","max-video-preview":"max-video-preview:-1"},"canonical":"https:\/\/didacta.com.uy\/sitio\/juego-de-memoria\/","og_locale":"es_ES","og_type":"article","og_title":"Memory - Didacta","og_url":"https:\/\/didacta.com.uy\/sitio\/juego-de-memoria\/","og_site_name":"Didacta","article_modified_time":"2022-11-29T19:52:15+00:00","twitter_card":"summary_large_image","twitter_misc":{"Tiempo de lectura":"1 minuto"},"schema":{"@context":"https:\/\/schema.org","@graph":[{"@type":"WebPage","@id":"https:\/\/didacta.com.uy\/sitio\/juego-de-memoria\/","url":"https:\/\/didacta.com.uy\/sitio\/juego-de-memoria\/","name":"Memory - Didacta","isPartOf":{"@id":"https:\/\/didacta.com.uy\/sitio\/#website"},"datePublished":"2018-09-03T17:35:36+00:00","dateModified":"2022-11-29T19:52:15+00:00","breadcrumb":{"@id":"https:\/\/didacta.com.uy\/sitio\/juego-de-memoria\/#breadcrumb"},"inLanguage":"es","potentialAction":[{"@type":"ReadAction","target":["https:\/\/didacta.com.uy\/sitio\/juego-de-memoria\/"]}]},{"@type":"BreadcrumbList","@id":"https:\/\/didacta.com.uy\/sitio\/juego-de-memoria\/#breadcrumb","itemListElement":[{"@type":"ListItem","position":1,"name":"Portada","item":"https:\/\/didacta.com.uy\/sitio\/"},{"@type":"ListItem","position":2,"name":"Memory"}]},{"@type":"WebSite","@id":"https:\/\/didacta.com.uy\/sitio\/#website","url":"https:\/\/didacta.com.uy\/sitio\/","name":"Didacta","description":"Con m\u00e1s de 20 a\u00f1os de experiencia, DIDACTA es la marca l\u00edder en el mercado uruguayo de juegos de mesa.","potentialAction":[{"@type":"SearchAction","target":{"@type":"EntryPoint","urlTemplate":"https:\/\/didacta.com.uy\/sitio\/?s={search_term_string}"},"query-input":{"@type":"PropertyValueSpecification","valueRequired":true,"valueName":"search_term_string"}}],"inLanguage":"es"}]}},"_links":{"self":[{"href":"https:\/\/didacta.com.uy\/sitio\/wp-json\/wp\/v2\/pages\/205086","targetHints":{"allow":["GET"]}}],"collection":[{"href":"https:\/\/didacta.com.uy\/sitio\/wp-json\/wp\/v2\/pages"}],"about":[{"href":"https:\/\/didacta.com.uy\/sitio\/wp-json\/wp\/v2\/types\/page"}],"author":[{"embeddable":true,"href":"https:\/\/didacta.com.uy\/sitio\/wp-json\/wp\/v2\/users\/1"}],"replies":[{"embeddable":true,"href":"https:\/\/didacta.com.uy\/sitio\/wp-json\/wp\/v2\/comments?post=205086"}],"version-history":[{"count":31,"href":"https:\/\/didacta.com.uy\/sitio\/wp-json\/wp\/v2\/pages\/205086\/revisions"}],"predecessor-version":[{"id":210824,"href":"https:\/\/didacta.com.uy\/sitio\/wp-json\/wp\/v2\/pages\/205086\/revisions\/210824"}],"wp:attachment":[{"href":"https:\/\/didacta.com.uy\/sitio\/wp-json\/wp\/v2\/media?parent=205086"}],"curies":[{"name":"wp","href":"https:\/\/api.w.org\/{rel}","templated":true}]}}